{"id":1262,"date":"2019-08-20T10:21:51","date_gmt":"2019-08-20T10:21:51","guid":{"rendered":"https:\/\/www.hotelrotondo.com\/datenschutzerklarung\/"},"modified":"2019-08-20T10:21:51","modified_gmt":"2019-08-20T10:21:51","slug":"datenschutzerklarung","status":"publish","type":"page","link":"https:\/\/www.hotelrotondo.com\/de\/datenschutzerklarung\/","title":{"rendered":"Datenschutzerkl\u00e4rung"},"content":{"rendered":"\t\t<div data-elementor-type=\"wp-post\" data-elementor-id=\"1262\" class=\"elementor elementor-1262 elementor-3\" data-elementor-post-type=\"page\">\n\t\t\t\t\t\t<section class=\"elementor-section elementor-top-section elementor-element elementor-element-0a79725 elementor-section-boxed elementor-section-height-default elementor-section-height-default\" data-id=\"0a79725\" data-element_type=\"section\" data-e-type=\"section\">\n\t\t\t\t\t\t<div class=\"elementor-container elementor-column-gap-default\">\n\t\t\t\t\t<div class=\"elementor-column elementor-col-100 elementor-top-column elementor-element elementor-element-af4152b\" data-id=\"af4152b\" data-element_type=\"column\" data-e-type=\"column\">\n\t\t\t<div class=\"elementor-widget-wrap elementor-element-populated\">\n\t\t\t\t\t\t<div class=\"elementor-element elementor-element-89ed865 elementor-widget elementor-widget-text-editor\" data-id=\"89ed865\" data-element_type=\"widget\" data-e-type=\"widget\" data-widget_type=\"text-editor.default\">\n\t\t\t\t\t\t\t\t\t<p>Datenschutzerkl\u00e4rung<\/p>\n\t\t\t\t\t\t\t\t<\/div>\n\t\t\t\t\t<\/div>\n\t\t<\/div>\n\t\t\t\t\t<\/div>\n\t\t<\/section>\n\t\t\t\t<section class=\"elementor-section elementor-top-section elementor-element elementor-element-37c85e1 elementor-section-boxed elementor-section-height-default elementor-section-height-default\" data-id=\"37c85e1\" data-element_type=\"section\" data-e-type=\"section\">\n\t\t\t\t\t\t<div class=\"elementor-container elementor-column-gap-default\">\n\t\t\t\t\t<div class=\"elementor-column elementor-col-100 elementor-top-column elementor-element elementor-element-d796d26\" data-id=\"d796d26\" data-element_type=\"column\" data-e-type=\"column\">\n\t\t\t<div class=\"elementor-widget-wrap elementor-element-populated\">\n\t\t\t\t\t\t<div class=\"elementor-element elementor-element-645a990 elementor-widget elementor-widget-text-editor\" data-id=\"645a990\" data-element_type=\"widget\" data-e-type=\"widget\" data-widget_type=\"text-editor.default\">\n\t\t\t\t\t\t\t\t\t<p>Sehr geehrte G\u00e4ste, wir sind verpflichtet, Ihnen mitzuteilen, dass Sie gem\u00e4\u00df der Allgemeinen Datenschutzverordnung (DSGVO) bei der Buchung und Ankunft in unserer Unterkunft der Angabe Ihrer Identit\u00e4t oder pers\u00f6nlichen Daten (Vor- und Nachname, Art und Nummer des Ausweises, Geschlecht, Land) zustimmen. und Adresse des Wohnsitzes und der Geburt, Staatsb\u00fcrgerschaft und Geburtsdatum) zum Zwecke der Registrierung von Touristen im Informationssystem der Tourismusverb\u00e4nde der Republik Kroatien f\u00fcr die Registrierung und Abmeldung von Touristen &#8211; eVisitor (Aufenthaltssteuergesetz NN 152\/08).<\/p>\n<p>Der Inhalt Ihrer personenbezogenen Daten wird zum Zwecke der statistischen Datenverarbeitung erhoben und ist ausschlie\u00dflich f\u00fcr Tourismusverb\u00e4nde, \u00f6ffentliche Einrichtungen und Ministerien bestimmt, die an diesem Prozess beteiligt sind (Ministerium f\u00fcr Tourismus &#8211; Tourismusaufsichtsbeh\u00f6rde, Innenministerium und Finanzministerium &#8211; Zoll).<br \/>\nJede nicht autorisierte Verwendung, Ver\u00f6ffentlichung, Vervielf\u00e4ltigung, Verarbeitung, Wiedergabe, Anzeige, \u00dcbertragung, Verbreitung, Aufzeichnung oder jede andere Form der nicht autorisierten Verwendung Ihrer Informationen ist strengstens untersagt.<br \/>\nWenn Sie uns aus irgendeinem Grund keinen Zugang zu Ihren Daten gew\u00e4hren k\u00f6nnen oder wollen, sind wir berechtigt, Ihnen keinen Unterkunftsservice anzubieten.<br \/>\nVielen Dank f\u00fcr Ihr Verst\u00e4ndnis<br \/>\nHotel Rotondo.<\/p>\n\t\t\t\t\t\t\t\t<\/div>\n\t\t\t\t\t<\/div>\n\t\t<\/div>\n\t\t\t\t\t<\/div>\n\t\t<\/section>\n\t\t\t\t<\/div>\n\t\t","protected":false},"excerpt":{"rendered":"<p>Datenschutzerkl\u00e4rung Sehr geehrte G\u00e4ste, wir sind verpflichtet, Ihnen mitzuteilen, dass Sie gem\u00e4\u00df der Allgemeinen Datenschutzverordnung (DSGVO) bei der Buchung und Ankunft in unserer Unterkunft der Angabe Ihrer Identit\u00e4t oder pers\u00f6nlichen Daten (Vor- und Nachname, Art und Nummer des Ausweises, Geschlecht, Land) zustimmen. und Adresse des Wohnsitzes und der Geburt, Staatsb\u00fcrgerschaft und Geburtsdatum) zum Zwecke der [&hellip;]<\/p>\n","protected":false},"author":1,"featured_media":0,"parent":0,"menu_order":0,"comment_status":"closed","ping_status":"closed","template":"","meta":{"site-sidebar-layout":"no-sidebar","site-content-layout":"page-builder","ast-site-content-layout":"default","site-content-style":"default","site-sidebar-style":"default","ast-global-header-display":"","ast-banner-title-visibility":"","ast-main-header-display":"","ast-hfb-above-header-display":"","ast-hfb-below-header-display":"","ast-hfb-mobile-header-display":"","site-post-title":"disabled","ast-breadcrumbs-content":"","ast-featured-img":"disabled","footer-sml-layout":"","ast-disable-related-posts":"","theme-transparent-header-meta":"default","adv-header-id-meta":"","stick-header-meta":"","header-above-stick-meta":"","header-main-stick-meta":"","header-below-stick-meta":"","astra-migrate-meta-layouts":"default","ast-page-background-enabled":"default","ast-page-background-meta":{"desktop":{"background-color":"","background-image":"","background-repeat":"repeat","background-position":"center center","background-size":"auto","background-attachment":"scroll","background-type":"","background-media":"","overlay-type":"","overlay-color":"","overlay-opacity":"","overlay-gradient":""},"tablet":{"background-color":"","background-image":"","background-repeat":"repeat","background-position":"center center","background-size":"auto","background-attachment":"scroll","background-type":"","background-media":"","overlay-type":"","overlay-color":"","overlay-opacity":"","overlay-gradient":""},"mobile":{"background-color":"","background-image":"","background-repeat":"repeat","background-position":"center center","background-size":"auto","background-attachment":"scroll","background-type":"","background-media":"","overlay-type":"","overlay-color":"","overlay-opacity":"","overlay-gradient":""}},"ast-content-background-meta":{"desktop":{"background-color":"var(--ast-global-color-5)","background-image":"","background-repeat":"repeat","background-position":"center center","background-size":"auto","background-attachment":"scroll","background-type":"","background-media":"","overlay-type":"","overlay-color":"","overlay-opacity":"","overlay-gradient":""},"tablet":{"background-color":"var(--ast-global-color-5)","background-image":"","background-repeat":"repeat","background-position":"center center","background-size":"auto","background-attachment":"scroll","background-type":"","background-media":"","overlay-type":"","overlay-color":"","overlay-opacity":"","overlay-gradient":""},"mobile":{"background-color":"var(--ast-global-color-5)","background-image":"","background-repeat":"repeat","background-position":"center center","background-size":"auto","background-attachment":"scroll","background-type":"","background-media":"","overlay-type":"","overlay-color":"","overlay-opacity":"","overlay-gradient":""}},"footnotes":""},"class_list":["post-1262","page","type-page","status-publish","hentry"],"yoast_head":"<!-- This site is optimized with the Yoast SEO plugin v27.4 - https:\/\/yoast.com\/product\/yoast-seo-wordpress\/ -->\n<title>Datenschutzerkl\u00e4rung - Hotel Rotondo<\/title>\n<meta name=\"robots\" content=\"index, follow, max-snippet:-1, max-image-preview:large, max-video-preview:-1\" \/>\n<link rel=\"canonical\" href=\"https:\/\/www.hotelrotondo.com\/de\/datenschutzerklarung\/\" \/>\n<meta property=\"og:locale\" content=\"de_DE\" \/>\n<meta property=\"og:type\" content=\"article\" \/>\n<meta property=\"og:title\" content=\"Datenschutzerkl\u00e4rung - Hotel Rotondo\" \/>\n<meta property=\"og:description\" content=\"Datenschutzerkl\u00e4rung Sehr geehrte G\u00e4ste, wir sind verpflichtet, Ihnen mitzuteilen, dass Sie gem\u00e4\u00df der Allgemeinen Datenschutzverordnung (DSGVO) bei der Buchung und Ankunft in unserer Unterkunft der Angabe Ihrer Identit\u00e4t oder pers\u00f6nlichen Daten (Vor- und Nachname, Art und Nummer des Ausweises, Geschlecht, Land) zustimmen. und Adresse des Wohnsitzes und der Geburt, Staatsb\u00fcrgerschaft und Geburtsdatum) zum Zwecke der [&hellip;]\" \/>\n<meta property=\"og:url\" content=\"https:\/\/www.hotelrotondo.com\/de\/datenschutzerklarung\/\" \/>\n<meta property=\"og:site_name\" content=\"Hotel Rotondo\" \/>\n<meta name=\"twitter:card\" content=\"summary_large_image\" \/>\n<meta name=\"twitter:label1\" content=\"Gesch\u00e4tzte Lesezeit\" \/>\n\t<meta name=\"twitter:data1\" content=\"1\u00a0Minute\" \/>\n<script type=\"application\/ld+json\" class=\"yoast-schema-graph\">{\"@context\":\"https:\\\/\\\/schema.org\",\"@graph\":[{\"@type\":\"WebPage\",\"@id\":\"https:\\\/\\\/www.hotelrotondo.com\\\/de\\\/datenschutzerklarung\\\/\",\"url\":\"https:\\\/\\\/www.hotelrotondo.com\\\/de\\\/datenschutzerklarung\\\/\",\"name\":\"Datenschutzerkl\u00e4rung - Hotel Rotondo\",\"isPartOf\":{\"@id\":\"https:\\\/\\\/www.hotelrotondo.com\\\/de\\\/#website\"},\"datePublished\":\"2019-08-20T10:21:51+00:00\",\"breadcrumb\":{\"@id\":\"https:\\\/\\\/www.hotelrotondo.com\\\/de\\\/datenschutzerklarung\\\/#breadcrumb\"},\"inLanguage\":\"de\",\"potentialAction\":[{\"@type\":\"ReadAction\",\"target\":[\"https:\\\/\\\/www.hotelrotondo.com\\\/de\\\/datenschutzerklarung\\\/\"]}]},{\"@type\":\"BreadcrumbList\",\"@id\":\"https:\\\/\\\/www.hotelrotondo.com\\\/de\\\/datenschutzerklarung\\\/#breadcrumb\",\"itemListElement\":[{\"@type\":\"ListItem\",\"position\":1,\"name\":\"Po\u010detna stranica\",\"item\":\"https:\\\/\\\/www.hotelrotondo.com\\\/de\\\/\"},{\"@type\":\"ListItem\",\"position\":2,\"name\":\"Datenschutzerkl\u00e4rung\"}]},{\"@type\":\"WebSite\",\"@id\":\"https:\\\/\\\/www.hotelrotondo.com\\\/de\\\/#website\",\"url\":\"https:\\\/\\\/www.hotelrotondo.com\\\/de\\\/\",\"name\":\"Hotel Rotondo\",\"description\":\"Hotel Rotondo, Seget Trogir\",\"publisher\":{\"@id\":\"https:\\\/\\\/www.hotelrotondo.com\\\/de\\\/#organization\"},\"potentialAction\":[{\"@type\":\"SearchAction\",\"target\":{\"@type\":\"EntryPoint\",\"urlTemplate\":\"https:\\\/\\\/www.hotelrotondo.com\\\/de\\\/?s={search_term_string}\"},\"query-input\":{\"@type\":\"PropertyValueSpecification\",\"valueRequired\":true,\"valueName\":\"search_term_string\"}}],\"inLanguage\":\"de\"},{\"@type\":\"Organization\",\"@id\":\"https:\\\/\\\/www.hotelrotondo.com\\\/de\\\/#organization\",\"name\":\"Hotel Rotondo\",\"url\":\"https:\\\/\\\/www.hotelrotondo.com\\\/de\\\/\",\"logo\":{\"@type\":\"ImageObject\",\"inLanguage\":\"de\",\"@id\":\"https:\\\/\\\/www.hotelrotondo.com\\\/de\\\/#\\\/schema\\\/logo\\\/image\\\/\",\"url\":\"https:\\\/\\\/www.hotelrotondo.com\\\/wp-content\\\/uploads\\\/2019\\\/07\\\/logo-hotel.rotondo.png\",\"contentUrl\":\"https:\\\/\\\/www.hotelrotondo.com\\\/wp-content\\\/uploads\\\/2019\\\/07\\\/logo-hotel.rotondo.png\",\"width\":480,\"height\":84,\"caption\":\"Hotel Rotondo\"},\"image\":{\"@id\":\"https:\\\/\\\/www.hotelrotondo.com\\\/de\\\/#\\\/schema\\\/logo\\\/image\\\/\"}}]}<\/script>\n<!-- \/ Yoast SEO plugin. -->","yoast_head_json":{"title":"Datenschutzerkl\u00e4rung - Hotel Rotondo","robots":{"index":"index","follow":"follow","max-snippet":"max-snippet:-1","max-image-preview":"max-image-preview:large","max-video-preview":"max-video-preview:-1"},"canonical":"https:\/\/www.hotelrotondo.com\/de\/datenschutzerklarung\/","og_locale":"de_DE","og_type":"article","og_title":"Datenschutzerkl\u00e4rung - Hotel Rotondo","og_description":"Datenschutzerkl\u00e4rung Sehr geehrte G\u00e4ste, wir sind verpflichtet, Ihnen mitzuteilen, dass Sie gem\u00e4\u00df der Allgemeinen Datenschutzverordnung (DSGVO) bei der Buchung und Ankunft in unserer Unterkunft der Angabe Ihrer Identit\u00e4t oder pers\u00f6nlichen Daten (Vor- und Nachname, Art und Nummer des Ausweises, Geschlecht, Land) zustimmen. und Adresse des Wohnsitzes und der Geburt, Staatsb\u00fcrgerschaft und Geburtsdatum) zum Zwecke der [&hellip;]","og_url":"https:\/\/www.hotelrotondo.com\/de\/datenschutzerklarung\/","og_site_name":"Hotel Rotondo","twitter_card":"summary_large_image","twitter_misc":{"Gesch\u00e4tzte Lesezeit":"1\u00a0Minute"},"schema":{"@context":"https:\/\/schema.org","@graph":[{"@type":"WebPage","@id":"https:\/\/www.hotelrotondo.com\/de\/datenschutzerklarung\/","url":"https:\/\/www.hotelrotondo.com\/de\/datenschutzerklarung\/","name":"Datenschutzerkl\u00e4rung - Hotel Rotondo","isPartOf":{"@id":"https:\/\/www.hotelrotondo.com\/de\/#website"},"datePublished":"2019-08-20T10:21:51+00:00","breadcrumb":{"@id":"https:\/\/www.hotelrotondo.com\/de\/datenschutzerklarung\/#breadcrumb"},"inLanguage":"de","potentialAction":[{"@type":"ReadAction","target":["https:\/\/www.hotelrotondo.com\/de\/datenschutzerklarung\/"]}]},{"@type":"BreadcrumbList","@id":"https:\/\/www.hotelrotondo.com\/de\/datenschutzerklarung\/#breadcrumb","itemListElement":[{"@type":"ListItem","position":1,"name":"Po\u010detna stranica","item":"https:\/\/www.hotelrotondo.com\/de\/"},{"@type":"ListItem","position":2,"name":"Datenschutzerkl\u00e4rung"}]},{"@type":"WebSite","@id":"https:\/\/www.hotelrotondo.com\/de\/#website","url":"https:\/\/www.hotelrotondo.com\/de\/","name":"Hotel Rotondo","description":"Hotel Rotondo, Seget Trogir","publisher":{"@id":"https:\/\/www.hotelrotondo.com\/de\/#organization"},"potentialAction":[{"@type":"SearchAction","target":{"@type":"EntryPoint","urlTemplate":"https:\/\/www.hotelrotondo.com\/de\/?s={search_term_string}"},"query-input":{"@type":"PropertyValueSpecification","valueRequired":true,"valueName":"search_term_string"}}],"inLanguage":"de"},{"@type":"Organization","@id":"https:\/\/www.hotelrotondo.com\/de\/#organization","name":"Hotel Rotondo","url":"https:\/\/www.hotelrotondo.com\/de\/","logo":{"@type":"ImageObject","inLanguage":"de","@id":"https:\/\/www.hotelrotondo.com\/de\/#\/schema\/logo\/image\/","url":"https:\/\/www.hotelrotondo.com\/wp-content\/uploads\/2019\/07\/logo-hotel.rotondo.png","contentUrl":"https:\/\/www.hotelrotondo.com\/wp-content\/uploads\/2019\/07\/logo-hotel.rotondo.png","width":480,"height":84,"caption":"Hotel Rotondo"},"image":{"@id":"https:\/\/www.hotelrotondo.com\/de\/#\/schema\/logo\/image\/"}}]}},"_links":{"self":[{"href":"https:\/\/www.hotelrotondo.com\/de\/wp-json\/wp\/v2\/pages\/1262","targetHints":{"allow":["GET"]}}],"collection":[{"href":"https:\/\/www.hotelrotondo.com\/de\/wp-json\/wp\/v2\/pages"}],"about":[{"href":"https:\/\/www.hotelrotondo.com\/de\/wp-json\/wp\/v2\/types\/page"}],"author":[{"embeddable":true,"href":"https:\/\/www.hotelrotondo.com\/de\/wp-json\/wp\/v2\/users\/1"}],"replies":[{"embeddable":true,"href":"https:\/\/www.hotelrotondo.com\/de\/wp-json\/wp\/v2\/comments?post=1262"}],"version-history":[{"count":0,"href":"https:\/\/www.hotelrotondo.com\/de\/wp-json\/wp\/v2\/pages\/1262\/revisions"}],"wp:attachment":[{"href":"https:\/\/www.hotelrotondo.com\/de\/wp-json\/wp\/v2\/media?parent=1262"}],"curies":[{"name":"wp","href":"https:\/\/api.w.org\/{rel}","templated":true}]}}