{"id":1266,"date":"2019-08-20T10:25:28","date_gmt":"2019-08-20T10:25:28","guid":{"rendered":"https:\/\/www.hotelrotondo.com\/restaurant\/"},"modified":"2021-06-04T10:51:00","modified_gmt":"2021-06-04T10:51:00","slug":"restaurant","status":"publish","type":"page","link":"https:\/\/www.hotelrotondo.com\/de\/restaurant\/","title":{"rendered":"Restaurant"},"content":{"rendered":"\t\t<div data-elementor-type=\"wp-post\" data-elementor-id=\"1266\" class=\"elementor elementor-1266 elementor-41\" data-elementor-post-type=\"page\">\n\t\t\t\t\t\t<section class=\"elementor-section elementor-top-section elementor-element elementor-element-e5ee5e1 elementor-section-full_width elementor-section-height-default elementor-section-height-default\" data-id=\"e5ee5e1\" data-element_type=\"section\" data-e-type=\"section\" data-settings=\"{&quot;background_background&quot;:&quot;classic&quot;}\">\n\t\t\t\t\t\t<div class=\"elementor-container elementor-column-gap-no\">\n\t\t\t\t\t<div class=\"elementor-column elementor-col-100 elementor-top-column elementor-element elementor-element-004204c\" data-id=\"004204c\" data-element_type=\"column\" data-e-type=\"column\" data-settings=\"{&quot;background_background&quot;:&quot;classic&quot;}\">\n\t\t\t<div class=\"elementor-widget-wrap elementor-element-populated\">\n\t\t\t\t\t\t<div class=\"elementor-element elementor-element-4c12f55 elementor--h-position-center elementor--v-position-middle elementor-widget elementor-widget-slides\" data-id=\"4c12f55\" data-element_type=\"widget\" data-e-type=\"widget\" data-settings=\"{&quot;navigation&quot;:&quot;none&quot;,&quot;transition&quot;:&quot;slide&quot;,&quot;transition_speed&quot;:500}\" data-widget_type=\"slides.default\">\n\t\t\t\t\t\t\t\t\t\t<div class=\"elementor-slides-wrapper elementor-main-swiper swiper\" role=\"region\" aria-roledescription=\"carousel\" aria-label=\"Slider\" dir=\"ltr\" data-animation=\"fadeInUp\">\n\t\t\t\t<div class=\"swiper-wrapper elementor-slides\">\n\t\t\t\t\t\t\t\t\t\t<div class=\"elementor-repeater-item-9597cb4 swiper-slide\" role=\"group\" aria-roledescription=\"slide\"><div class=\"swiper-slide-bg\" role=\"img\" aria-label=\"3CL_9540_HOTEL_ROTONDO\"><\/div><div class=\"swiper-slide-inner\" ><div class=\"swiper-slide-contents\"><div class=\"elementor-slide-heading\">RESTAURANT<\/div><\/div><\/div><\/div>\t\t\t\t<\/div>\n\t\t\t\t\t\t\t<\/div>\n\t\t\t\t\t\t\t\t<\/div>\n\t\t\t\t\t<\/div>\n\t\t<\/div>\n\t\t\t\t\t<\/div>\n\t\t<\/section>\n\t\t\t\t<section class=\"elementor-section elementor-top-section elementor-element elementor-element-729ce0c6 elementor-section-boxed elementor-section-height-default elementor-section-height-default\" data-id=\"729ce0c6\" data-element_type=\"section\" data-e-type=\"section\">\n\t\t\t\t\t\t<div class=\"elementor-container elementor-column-gap-default\">\n\t\t\t\t\t<div class=\"elementor-column elementor-col-100 elementor-top-column elementor-element elementor-element-70667373\" data-id=\"70667373\" data-element_type=\"column\" data-e-type=\"column\">\n\t\t\t<div class=\"elementor-widget-wrap elementor-element-populated\">\n\t\t\t\t\t\t<div class=\"elementor-element elementor-element-2acbc120 elementor-widget elementor-widget-heading\" data-id=\"2acbc120\" data-element_type=\"widget\" data-e-type=\"widget\" data-widget_type=\"heading.default\">\n\t\t\t\t\t<h2 class=\"elementor-heading-title elementor-size-default\">Restaurant und Weinstube<\/h2>\t\t\t\t<\/div>\n\t\t\t\t<div class=\"elementor-element elementor-element-6010cfd2 elementor-widget elementor-widget-text-editor\" data-id=\"6010cfd2\" data-element_type=\"widget\" data-e-type=\"widget\" data-widget_type=\"text-editor.default\">\n\t\t\t\t\t\t\t\t\t<p>nsere Speisekarte besteht nur aus dalmatinischen Spezialit\u00e4ten, authentischen dalmatinischen Gerichten, die nach den Rezepten unserer besten und bekanntesten K\u00f6che zubereitet werden.<\/p>\n<p>Die Atmosph\u00e4re und Aromen bieten eine reiche kulinarische Tradition in Dalmatien.<\/p>\n<p>Das Restaurant bietet ein Weinbar mit erstklassigen kroatischen Weinen und ber\u00fchmtem dalmatinischen Oliven\u00f6l. Das freundliche Personal empfiehlt Ihnen gerne, welche Weine und \u00d6le am besten zu Ihrer ausgew\u00e4hlten Mahlzeit passen.<\/p>\n\t\t\t\t\t\t\t\t<\/div>\n\t\t\t\t<div class=\"elementor-element elementor-element-9b33395 elementor-widget elementor-widget-button\" data-id=\"9b33395\" data-element_type=\"widget\" data-e-type=\"widget\" data-widget_type=\"button.default\">\n\t\t\t\t\t\t\t\t\t\t<a class=\"elementor-button elementor-button-link elementor-size-sm\" href=\"tel:+385992110781\">\n\t\t\t\t\t\t<span class=\"elementor-button-content-wrapper\">\n\t\t\t\t\t\t<span class=\"elementor-button-icon\">\n\t\t\t\t<svg aria-hidden=\"true\" class=\"e-font-icon-svg e-fas-phone-alt\" viewBox=\"0 0 512 512\" xmlns=\"http:\/\/www.w3.org\/2000\/svg\"><path d=\"M497.39 361.8l-112-48a24 24 0 0 0-28 6.9l-49.6 60.6A370.66 370.66 0 0 1 130.6 204.11l60.6-49.6a23.94 23.94 0 0 0 6.9-28l-48-112A24.16 24.16 0 0 0 122.6.61l-104 24A24 24 0 0 0 0 48c0 256.5 207.9 464 464 464a24 24 0 0 0 23.4-18.6l24-104a24.29 24.29 0 0 0-14.01-27.6z\"><\/path><\/svg>\t\t\t<\/span>\n\t\t\t\t\t\t\t\t\t<span class=\"elementor-button-text\">An\u0111elko Duvan\u010di\u0107  - +385 99 2110 781 <\/span>\n\t\t\t\t\t<\/span>\n\t\t\t\t\t<\/a>\n\t\t\t\t\t\t\t\t<\/div>\n\t\t\t\t\t<\/div>\n\t\t<\/div>\n\t\t\t\t\t<\/div>\n\t\t<\/section>\n\t\t\t\t<section class=\"elementor-section elementor-top-section elementor-element elementor-element-5d5e4702 elementor-section-full_width elementor-section-height-default elementor-section-height-default\" data-id=\"5d5e4702\" data-element_type=\"section\" data-e-type=\"section\">\n\t\t\t\t\t\t<div class=\"elementor-container elementor-column-gap-default\">\n\t\t\t\t\t<div class=\"elementor-column elementor-col-100 elementor-top-column elementor-element elementor-element-7eec6eef\" data-id=\"7eec6eef\" data-element_type=\"column\" data-e-type=\"column\">\n\t\t\t<div class=\"elementor-widget-wrap elementor-element-populated\">\n\t\t\t\t\t\t<div class=\"elementor-element elementor-element-5031f2ee uael-ins-normal elementor-widget elementor-widget-uael-image-gallery\" data-id=\"5031f2ee\" data-element_type=\"widget\" data-e-type=\"widget\" data-settings=\"{&quot;justified_margin&quot;:{&quot;unit&quot;:&quot;px&quot;,&quot;size&quot;:3,&quot;sizes&quot;:[]},&quot;justified_margin_tablet&quot;:{&quot;unit&quot;:&quot;px&quot;,&quot;size&quot;:&quot;&quot;,&quot;sizes&quot;:[]},&quot;justified_margin_mobile&quot;:{&quot;unit&quot;:&quot;px&quot;,&quot;size&quot;:&quot;&quot;,&quot;sizes&quot;:[]}}\" data-widget_type=\"uael-image-gallery.default\">\n\t\t\t\t<div class=\"elementor-widget-container\">\n\t\t\t\t\t<div class=\"uael-gallery-parent uael-caption- \"><div class=\"uael-img-gallery-wrap uael-img-justified-wrap uael-img-grid-masonry-wrap uael-image-lightbox-wrap\" data-filter-default=\"All\" data-rowheight=\"120\" data-lastrow=\"justify\" data-lightbox_actions=\"[&quot;close&quot;]\" data-lightbox-gallery-loop=\"\"><div class=\"uael-grid-item \"><div class=\"uael-grid-item-content\"><a class=\"uael-grid-img uael-grid-gallery-img uael-ins-hover elementor-clickable\" data-fancybox=\"uael-gallery\" href=\"https:\/\/www.hotelrotondo.com\/wp-content\/uploads\/2019\/07\/3CL_9551_HOTEL_ROTONDO.jpg\" data-elementor-open-lightbox=\"no\"><div class=\"uael-grid-img-thumbnail uael-ins-target\"><img fetchpriority=\"high\" decoding=\"async\" width=\"800\" height=\"532\" src=\"https:\/\/www.hotelrotondo.com\/wp-content\/uploads\/2019\/07\/3CL_9551_HOTEL_ROTONDO.jpg\" class=\"attachment-full size-full wp-image-295\" alt=\"\" srcset=\"https:\/\/www.hotelrotondo.com\/wp-content\/uploads\/2019\/07\/3CL_9551_HOTEL_ROTONDO.jpg 800w, https:\/\/www.hotelrotondo.com\/wp-content\/uploads\/2019\/07\/3CL_9551_HOTEL_ROTONDO-300x200.jpg 300w, https:\/\/www.hotelrotondo.com\/wp-content\/uploads\/2019\/07\/3CL_9551_HOTEL_ROTONDO-768x511.jpg 768w\" sizes=\"(max-width: 800px) 100vw, 800px\" \/><\/div><div class=\"uael-grid-img-overlay\"><\/div><\/a><\/div><\/div><div class=\"uael-grid-item \"><div class=\"uael-grid-item-content\"><a class=\"uael-grid-img uael-grid-gallery-img uael-ins-hover elementor-clickable\" data-fancybox=\"uael-gallery\" href=\"https:\/\/www.hotelrotondo.com\/wp-content\/uploads\/2019\/07\/3CL_9556_HOTEL_ROTONDO.jpg\" data-elementor-open-lightbox=\"no\"><div class=\"uael-grid-img-thumbnail uael-ins-target\"><img decoding=\"async\" width=\"800\" height=\"532\" src=\"https:\/\/www.hotelrotondo.com\/wp-content\/uploads\/2019\/07\/3CL_9556_HOTEL_ROTONDO.jpg\" class=\"attachment-full size-full wp-image-296\" alt=\"\" srcset=\"https:\/\/www.hotelrotondo.com\/wp-content\/uploads\/2019\/07\/3CL_9556_HOTEL_ROTONDO.jpg 800w, https:\/\/www.hotelrotondo.com\/wp-content\/uploads\/2019\/07\/3CL_9556_HOTEL_ROTONDO-300x200.jpg 300w, https:\/\/www.hotelrotondo.com\/wp-content\/uploads\/2019\/07\/3CL_9556_HOTEL_ROTONDO-768x511.jpg 768w\" sizes=\"(max-width: 800px) 100vw, 800px\" \/><\/div><div class=\"uael-grid-img-overlay\"><\/div><\/a><\/div><\/div><div class=\"uael-grid-item \"><div class=\"uael-grid-item-content\"><a class=\"uael-grid-img uael-grid-gallery-img uael-ins-hover elementor-clickable\" data-fancybox=\"uael-gallery\" href=\"https:\/\/www.hotelrotondo.com\/wp-content\/uploads\/2019\/07\/3CL_9575_HOTEL_ROTONDO.jpg\" data-elementor-open-lightbox=\"no\"><div class=\"uael-grid-img-thumbnail uael-ins-target\"><img decoding=\"async\" width=\"800\" height=\"532\" src=\"https:\/\/www.hotelrotondo.com\/wp-content\/uploads\/2019\/07\/3CL_9575_HOTEL_ROTONDO.jpg\" class=\"attachment-full size-full wp-image-298\" alt=\"\" srcset=\"https:\/\/www.hotelrotondo.com\/wp-content\/uploads\/2019\/07\/3CL_9575_HOTEL_ROTONDO.jpg 800w, https:\/\/www.hotelrotondo.com\/wp-content\/uploads\/2019\/07\/3CL_9575_HOTEL_ROTONDO-300x200.jpg 300w, https:\/\/www.hotelrotondo.com\/wp-content\/uploads\/2019\/07\/3CL_9575_HOTEL_ROTONDO-768x511.jpg 768w\" sizes=\"(max-width: 800px) 100vw, 800px\" \/><\/div><div class=\"uael-grid-img-overlay\"><\/div><\/a><\/div><\/div><div class=\"uael-grid-item \"><div class=\"uael-grid-item-content\"><a class=\"uael-grid-img uael-grid-gallery-img uael-ins-hover elementor-clickable\" data-fancybox=\"uael-gallery\" href=\"https:\/\/www.hotelrotondo.com\/wp-content\/uploads\/2019\/07\/3CL_9540_HOTEL_ROTONDO.jpg\" data-elementor-open-lightbox=\"no\"><div class=\"uael-grid-img-thumbnail uael-ins-target\"><img loading=\"lazy\" decoding=\"async\" width=\"800\" height=\"428\" src=\"https:\/\/www.hotelrotondo.com\/wp-content\/uploads\/2019\/07\/3CL_9540_HOTEL_ROTONDO.jpg\" class=\"attachment-full size-full wp-image-294\" alt=\"\" srcset=\"https:\/\/www.hotelrotondo.com\/wp-content\/uploads\/2019\/07\/3CL_9540_HOTEL_ROTONDO.jpg 800w, https:\/\/www.hotelrotondo.com\/wp-content\/uploads\/2019\/07\/3CL_9540_HOTEL_ROTONDO-300x161.jpg 300w, https:\/\/www.hotelrotondo.com\/wp-content\/uploads\/2019\/07\/3CL_9540_HOTEL_ROTONDO-768x411.jpg 768w\" sizes=\"(max-width: 800px) 100vw, 800px\" \/><\/div><div class=\"uael-grid-img-overlay\"><\/div><\/a><\/div><\/div><\/div><\/div>\t\t\t\t<\/div>\n\t\t\t\t<\/div>\n\t\t\t\t\t<\/div>\n\t\t<\/div>\n\t\t\t\t\t<\/div>\n\t\t<\/section>\n\t\t\t\t<\/div>\n\t\t","protected":false},"excerpt":{"rendered":"<p>RESTAURANT Restaurant und Weinstube nsere Speisekarte besteht nur aus dalmatinischen Spezialit\u00e4ten, authentischen dalmatinischen Gerichten, die nach den Rezepten unserer besten und bekanntesten K\u00f6che zubereitet werden. Die Atmosph\u00e4re und Aromen bieten eine reiche kulinarische Tradition in Dalmatien. Das Restaurant bietet ein Weinbar mit erstklassigen kroatischen Weinen und ber\u00fchmtem dalmatinischen Oliven\u00f6l. Das freundliche Personal empfiehlt Ihnen gerne, [&hellip;]<\/p>\n","protected":false},"author":1,"featured_media":0,"parent":0,"menu_order":0,"comment_status":"closed","ping_status":"closed","template":"","meta":{"site-sidebar-layout":"no-sidebar","site-content-layout":"page-builder","ast-site-content-layout":"default","site-content-style":"default","site-sidebar-style":"default","ast-global-header-display":"","ast-banner-title-visibility":"","ast-main-header-display":"","ast-hfb-above-header-display":"","ast-hfb-below-header-display":"","ast-hfb-mobile-header-display":"","site-post-title":"disabled","ast-breadcrumbs-content":"","ast-featured-img":"disabled","footer-sml-layout":"","ast-disable-related-posts":"","theme-transparent-header-meta":"default","adv-header-id-meta":"","stick-header-meta":"","header-above-stick-meta":"","header-main-stick-meta":"","header-below-stick-meta":"","astra-migrate-meta-layouts":"default","ast-page-background-enabled":"default","ast-page-background-meta":{"desktop":{"background-color":"","background-image":"","background-repeat":"repeat","background-position":"center center","background-size":"auto","background-attachment":"scroll","background-type":"","background-media":"","overlay-type":"","overlay-color":"","overlay-opacity":"","overlay-gradient":""},"tablet":{"background-color":"","background-image":"","background-repeat":"repeat","background-position":"center center","background-size":"auto","background-attachment":"scroll","background-type":"","background-media":"","overlay-type":"","overlay-color":"","overlay-opacity":"","overlay-gradient":""},"mobile":{"background-color":"","background-image":"","background-repeat":"repeat","background-position":"center center","background-size":"auto","background-attachment":"scroll","background-type":"","background-media":"","overlay-type":"","overlay-color":"","overlay-opacity":"","overlay-gradient":""}},"ast-content-background-meta":{"desktop":{"background-color":"var(--ast-global-color-5)","background-image":"","background-repeat":"repeat","background-position":"center center","background-size":"auto","background-attachment":"scroll","background-type":"","background-media":"","overlay-type":"","overlay-color":"","overlay-opacity":"","overlay-gradient":""},"tablet":{"background-color":"var(--ast-global-color-5)","background-image":"","background-repeat":"repeat","background-position":"center center","background-size":"auto","background-attachment":"scroll","background-type":"","background-media":"","overlay-type":"","overlay-color":"","overlay-opacity":"","overlay-gradient":""},"mobile":{"background-color":"var(--ast-global-color-5)","background-image":"","background-repeat":"repeat","background-position":"center center","background-size":"auto","background-attachment":"scroll","background-type":"","background-media":"","overlay-type":"","overlay-color":"","overlay-opacity":"","overlay-gradient":""}},"footnotes":""},"class_list":["post-1266","page","type-page","status-publish","hentry"],"yoast_head":"<!-- This site is optimized with the Yoast SEO plugin v27.4 - https:\/\/yoast.com\/product\/yoast-seo-wordpress\/ -->\n<title>Restaurant - Hotel Rotondo<\/title>\n<meta name=\"robots\" content=\"index, follow, max-snippet:-1, max-image-preview:large, max-video-preview:-1\" \/>\n<link rel=\"canonical\" href=\"https:\/\/www.hotelrotondo.com\/de\/restaurant\/\" \/>\n<meta property=\"og:locale\" content=\"de_DE\" \/>\n<meta property=\"og:type\" content=\"article\" \/>\n<meta property=\"og:title\" content=\"Restaurant - Hotel Rotondo\" \/>\n<meta property=\"og:description\" content=\"RESTAURANT Restaurant und Weinstube nsere Speisekarte besteht nur aus dalmatinischen Spezialit\u00e4ten, authentischen dalmatinischen Gerichten, die nach den Rezepten unserer besten und bekanntesten K\u00f6che zubereitet werden. Die Atmosph\u00e4re und Aromen bieten eine reiche kulinarische Tradition in Dalmatien. Das Restaurant bietet ein Weinbar mit erstklassigen kroatischen Weinen und ber\u00fchmtem dalmatinischen Oliven\u00f6l. Das freundliche Personal empfiehlt Ihnen gerne, [&hellip;]\" \/>\n<meta property=\"og:url\" content=\"https:\/\/www.hotelrotondo.com\/de\/restaurant\/\" \/>\n<meta property=\"og:site_name\" content=\"Hotel Rotondo\" \/>\n<meta property=\"article:modified_time\" content=\"2021-06-04T10:51:00+00:00\" \/>\n<meta property=\"og:image\" content=\"https:\/\/www.hotelrotondo.com\/wp-content\/uploads\/2019\/07\/3CL_9551_HOTEL_ROTONDO.jpg\" \/>\n<meta name=\"twitter:card\" content=\"summary_large_image\" \/>\n<script type=\"application\/ld+json\" class=\"yoast-schema-graph\">{\"@context\":\"https:\\\/\\\/schema.org\",\"@graph\":[{\"@type\":\"WebPage\",\"@id\":\"https:\\\/\\\/www.hotelrotondo.com\\\/de\\\/restaurant\\\/\",\"url\":\"https:\\\/\\\/www.hotelrotondo.com\\\/de\\\/restaurant\\\/\",\"name\":\"Restaurant - Hotel Rotondo\",\"isPartOf\":{\"@id\":\"https:\\\/\\\/www.hotelrotondo.com\\\/de\\\/#website\"},\"primaryImageOfPage\":{\"@id\":\"https:\\\/\\\/www.hotelrotondo.com\\\/de\\\/restaurant\\\/#primaryimage\"},\"image\":{\"@id\":\"https:\\\/\\\/www.hotelrotondo.com\\\/de\\\/restaurant\\\/#primaryimage\"},\"thumbnailUrl\":\"https:\\\/\\\/www.hotelrotondo.com\\\/wp-content\\\/uploads\\\/2019\\\/07\\\/3CL_9551_HOTEL_ROTONDO.jpg\",\"datePublished\":\"2019-08-20T10:25:28+00:00\",\"dateModified\":\"2021-06-04T10:51:00+00:00\",\"breadcrumb\":{\"@id\":\"https:\\\/\\\/www.hotelrotondo.com\\\/de\\\/restaurant\\\/#breadcrumb\"},\"inLanguage\":\"de\",\"potentialAction\":[{\"@type\":\"ReadAction\",\"target\":[\"https:\\\/\\\/www.hotelrotondo.com\\\/de\\\/restaurant\\\/\"]}]},{\"@type\":\"ImageObject\",\"inLanguage\":\"de\",\"@id\":\"https:\\\/\\\/www.hotelrotondo.com\\\/de\\\/restaurant\\\/#primaryimage\",\"url\":\"https:\\\/\\\/www.hotelrotondo.com\\\/wp-content\\\/uploads\\\/2019\\\/07\\\/3CL_9551_HOTEL_ROTONDO.jpg\",\"contentUrl\":\"https:\\\/\\\/www.hotelrotondo.com\\\/wp-content\\\/uploads\\\/2019\\\/07\\\/3CL_9551_HOTEL_ROTONDO.jpg\"},{\"@type\":\"BreadcrumbList\",\"@id\":\"https:\\\/\\\/www.hotelrotondo.com\\\/de\\\/restaurant\\\/#breadcrumb\",\"itemListElement\":[{\"@type\":\"ListItem\",\"position\":1,\"name\":\"Po\u010detna stranica\",\"item\":\"https:\\\/\\\/www.hotelrotondo.com\\\/de\\\/\"},{\"@type\":\"ListItem\",\"position\":2,\"name\":\"Restaurant\"}]},{\"@type\":\"WebSite\",\"@id\":\"https:\\\/\\\/www.hotelrotondo.com\\\/de\\\/#website\",\"url\":\"https:\\\/\\\/www.hotelrotondo.com\\\/de\\\/\",\"name\":\"Hotel Rotondo\",\"description\":\"Hotel Rotondo, Seget Trogir\",\"publisher\":{\"@id\":\"https:\\\/\\\/www.hotelrotondo.com\\\/de\\\/#organization\"},\"potentialAction\":[{\"@type\":\"SearchAction\",\"target\":{\"@type\":\"EntryPoint\",\"urlTemplate\":\"https:\\\/\\\/www.hotelrotondo.com\\\/de\\\/?s={search_term_string}\"},\"query-input\":{\"@type\":\"PropertyValueSpecification\",\"valueRequired\":true,\"valueName\":\"search_term_string\"}}],\"inLanguage\":\"de\"},{\"@type\":\"Organization\",\"@id\":\"https:\\\/\\\/www.hotelrotondo.com\\\/de\\\/#organization\",\"name\":\"Hotel Rotondo\",\"url\":\"https:\\\/\\\/www.hotelrotondo.com\\\/de\\\/\",\"logo\":{\"@type\":\"ImageObject\",\"inLanguage\":\"de\",\"@id\":\"https:\\\/\\\/www.hotelrotondo.com\\\/de\\\/#\\\/schema\\\/logo\\\/image\\\/\",\"url\":\"https:\\\/\\\/www.hotelrotondo.com\\\/wp-content\\\/uploads\\\/2019\\\/07\\\/logo-hotel.rotondo.png\",\"contentUrl\":\"https:\\\/\\\/www.hotelrotondo.com\\\/wp-content\\\/uploads\\\/2019\\\/07\\\/logo-hotel.rotondo.png\",\"width\":480,\"height\":84,\"caption\":\"Hotel Rotondo\"},\"image\":{\"@id\":\"https:\\\/\\\/www.hotelrotondo.com\\\/de\\\/#\\\/schema\\\/logo\\\/image\\\/\"}}]}<\/script>\n<!-- \/ Yoast SEO plugin. -->","yoast_head_json":{"title":"Restaurant - Hotel Rotondo","robots":{"index":"index","follow":"follow","max-snippet":"max-snippet:-1","max-image-preview":"max-image-preview:large","max-video-preview":"max-video-preview:-1"},"canonical":"https:\/\/www.hotelrotondo.com\/de\/restaurant\/","og_locale":"de_DE","og_type":"article","og_title":"Restaurant - Hotel Rotondo","og_description":"RESTAURANT Restaurant und Weinstube nsere Speisekarte besteht nur aus dalmatinischen Spezialit\u00e4ten, authentischen dalmatinischen Gerichten, die nach den Rezepten unserer besten und bekanntesten K\u00f6che zubereitet werden. Die Atmosph\u00e4re und Aromen bieten eine reiche kulinarische Tradition in Dalmatien. Das Restaurant bietet ein Weinbar mit erstklassigen kroatischen Weinen und ber\u00fchmtem dalmatinischen Oliven\u00f6l. Das freundliche Personal empfiehlt Ihnen gerne, [&hellip;]","og_url":"https:\/\/www.hotelrotondo.com\/de\/restaurant\/","og_site_name":"Hotel Rotondo","article_modified_time":"2021-06-04T10:51:00+00:00","og_image":[{"url":"https:\/\/www.hotelrotondo.com\/wp-content\/uploads\/2019\/07\/3CL_9551_HOTEL_ROTONDO.jpg","type":"","width":"","height":""}],"twitter_card":"summary_large_image","schema":{"@context":"https:\/\/schema.org","@graph":[{"@type":"WebPage","@id":"https:\/\/www.hotelrotondo.com\/de\/restaurant\/","url":"https:\/\/www.hotelrotondo.com\/de\/restaurant\/","name":"Restaurant - Hotel Rotondo","isPartOf":{"@id":"https:\/\/www.hotelrotondo.com\/de\/#website"},"primaryImageOfPage":{"@id":"https:\/\/www.hotelrotondo.com\/de\/restaurant\/#primaryimage"},"image":{"@id":"https:\/\/www.hotelrotondo.com\/de\/restaurant\/#primaryimage"},"thumbnailUrl":"https:\/\/www.hotelrotondo.com\/wp-content\/uploads\/2019\/07\/3CL_9551_HOTEL_ROTONDO.jpg","datePublished":"2019-08-20T10:25:28+00:00","dateModified":"2021-06-04T10:51:00+00:00","breadcrumb":{"@id":"https:\/\/www.hotelrotondo.com\/de\/restaurant\/#breadcrumb"},"inLanguage":"de","potentialAction":[{"@type":"ReadAction","target":["https:\/\/www.hotelrotondo.com\/de\/restaurant\/"]}]},{"@type":"ImageObject","inLanguage":"de","@id":"https:\/\/www.hotelrotondo.com\/de\/restaurant\/#primaryimage","url":"https:\/\/www.hotelrotondo.com\/wp-content\/uploads\/2019\/07\/3CL_9551_HOTEL_ROTONDO.jpg","contentUrl":"https:\/\/www.hotelrotondo.com\/wp-content\/uploads\/2019\/07\/3CL_9551_HOTEL_ROTONDO.jpg"},{"@type":"BreadcrumbList","@id":"https:\/\/www.hotelrotondo.com\/de\/restaurant\/#breadcrumb","itemListElement":[{"@type":"ListItem","position":1,"name":"Po\u010detna stranica","item":"https:\/\/www.hotelrotondo.com\/de\/"},{"@type":"ListItem","position":2,"name":"Restaurant"}]},{"@type":"WebSite","@id":"https:\/\/www.hotelrotondo.com\/de\/#website","url":"https:\/\/www.hotelrotondo.com\/de\/","name":"Hotel Rotondo","description":"Hotel Rotondo, Seget Trogir","publisher":{"@id":"https:\/\/www.hotelrotondo.com\/de\/#organization"},"potentialAction":[{"@type":"SearchAction","target":{"@type":"EntryPoint","urlTemplate":"https:\/\/www.hotelrotondo.com\/de\/?s={search_term_string}"},"query-input":{"@type":"PropertyValueSpecification","valueRequired":true,"valueName":"search_term_string"}}],"inLanguage":"de"},{"@type":"Organization","@id":"https:\/\/www.hotelrotondo.com\/de\/#organization","name":"Hotel Rotondo","url":"https:\/\/www.hotelrotondo.com\/de\/","logo":{"@type":"ImageObject","inLanguage":"de","@id":"https:\/\/www.hotelrotondo.com\/de\/#\/schema\/logo\/image\/","url":"https:\/\/www.hotelrotondo.com\/wp-content\/uploads\/2019\/07\/logo-hotel.rotondo.png","contentUrl":"https:\/\/www.hotelrotondo.com\/wp-content\/uploads\/2019\/07\/logo-hotel.rotondo.png","width":480,"height":84,"caption":"Hotel Rotondo"},"image":{"@id":"https:\/\/www.hotelrotondo.com\/de\/#\/schema\/logo\/image\/"}}]}},"_links":{"self":[{"href":"https:\/\/www.hotelrotondo.com\/de\/wp-json\/wp\/v2\/pages\/1266","targetHints":{"allow":["GET"]}}],"collection":[{"href":"https:\/\/www.hotelrotondo.com\/de\/wp-json\/wp\/v2\/pages"}],"about":[{"href":"https:\/\/www.hotelrotondo.com\/de\/wp-json\/wp\/v2\/types\/page"}],"author":[{"embeddable":true,"href":"https:\/\/www.hotelrotondo.com\/de\/wp-json\/wp\/v2\/users\/1"}],"replies":[{"embeddable":true,"href":"https:\/\/www.hotelrotondo.com\/de\/wp-json\/wp\/v2\/comments?post=1266"}],"version-history":[{"count":0,"href":"https:\/\/www.hotelrotondo.com\/de\/wp-json\/wp\/v2\/pages\/1266\/revisions"}],"wp:attachment":[{"href":"https:\/\/www.hotelrotondo.com\/de\/wp-json\/wp\/v2\/media?parent=1266"}],"curies":[{"name":"wp","href":"https:\/\/api.w.org\/{rel}","templated":true}]}}