{"id":1298,"date":"2019-08-20T10:26:10","date_gmt":"2019-08-20T10:26:10","guid":{"rendered":"https:\/\/www.hotelrotondo.com\/tagungen-veranstaltungen\/"},"modified":"2021-06-04T10:56:22","modified_gmt":"2021-06-04T10:56:22","slug":"tagungen-veranstaltungen","status":"publish","type":"page","link":"https:\/\/www.hotelrotondo.com\/de\/tagungen-veranstaltungen\/","title":{"rendered":"Tagungen &#038; Veranstaltungen"},"content":{"rendered":"\t\t<div data-elementor-type=\"wp-post\" data-elementor-id=\"1298\" class=\"elementor elementor-1298 elementor-49\" data-elementor-post-type=\"page\">\n\t\t\t\t\t\t<section class=\"elementor-section elementor-top-section elementor-element elementor-element-c22db94 elementor-section-full_width elementor-section-height-default elementor-section-height-default\" data-id=\"c22db94\" data-element_type=\"section\" data-e-type=\"section\" data-settings=\"{&quot;background_background&quot;:&quot;classic&quot;}\">\n\t\t\t\t\t\t<div class=\"elementor-container elementor-column-gap-no\">\n\t\t\t\t\t<div class=\"elementor-column elementor-col-100 elementor-top-column elementor-element elementor-element-2038604\" data-id=\"2038604\" data-element_type=\"column\" data-e-type=\"column\" data-settings=\"{&quot;background_background&quot;:&quot;classic&quot;}\">\n\t\t\t<div class=\"elementor-widget-wrap elementor-element-populated\">\n\t\t\t\t\t\t<div class=\"elementor-element elementor-element-af0a749 elementor--h-position-center elementor--v-position-middle elementor-widget elementor-widget-slides\" data-id=\"af0a749\" data-element_type=\"widget\" data-e-type=\"widget\" data-settings=\"{&quot;navigation&quot;:&quot;none&quot;,&quot;transition&quot;:&quot;slide&quot;,&quot;transition_speed&quot;:500}\" data-widget_type=\"slides.default\">\n\t\t\t\t\t\t\t\t\t\t<div class=\"elementor-slides-wrapper elementor-main-swiper swiper\" role=\"region\" aria-roledescription=\"carousel\" aria-label=\"Slider\" dir=\"ltr\" data-animation=\"fadeInUp\">\n\t\t\t\t<div class=\"swiper-wrapper elementor-slides\">\n\t\t\t\t\t\t\t\t\t\t<div class=\"elementor-repeater-item-9597cb4 swiper-slide\" role=\"group\" aria-roledescription=\"slide\"><div class=\"swiper-slide-bg\" role=\"img\" aria-label=\"3CL_9603_HOTEL_ROTONDO\"><\/div><div class=\"swiper-slide-inner\" ><div class=\"swiper-slide-contents\"><div class=\"elementor-slide-heading\">SAAL<\/div><\/div><\/div><\/div>\t\t\t\t<\/div>\n\t\t\t\t\t\t\t<\/div>\n\t\t\t\t\t\t\t\t<\/div>\n\t\t\t\t\t<\/div>\n\t\t<\/div>\n\t\t\t\t\t<\/div>\n\t\t<\/section>\n\t\t\t\t<section class=\"elementor-section elementor-top-section elementor-element elementor-element-666bc828 elementor-section-boxed elementor-section-height-default elementor-section-height-default\" data-id=\"666bc828\" data-element_type=\"section\" data-e-type=\"section\">\n\t\t\t\t\t\t<div class=\"elementor-container elementor-column-gap-default\">\n\t\t\t\t\t<div class=\"elementor-column elementor-col-50 elementor-top-column elementor-element elementor-element-234f560e\" data-id=\"234f560e\" data-element_type=\"column\" data-e-type=\"column\">\n\t\t\t<div class=\"elementor-widget-wrap elementor-element-populated\">\n\t\t\t\t\t\t<div class=\"elementor-element elementor-element-2a5026c7 elementor-widget elementor-widget-heading\" data-id=\"2a5026c7\" data-element_type=\"widget\" data-e-type=\"widget\" data-widget_type=\"heading.default\">\n\t\t\t\t\t<h2 class=\"elementor-heading-title elementor-size-default\">Tagungen &amp; Veranstaltungen<\/h2>\t\t\t\t<\/div>\n\t\t\t\t<div class=\"elementor-element elementor-element-a69b844 elementor-widget elementor-widget-text-editor\" data-id=\"a69b844\" data-element_type=\"widget\" data-e-type=\"widget\" data-widget_type=\"text-editor.default\">\n\t\t\t\t\t\t\t\t\t<p>Das Rotondo Hotel bietet spezielle R\u00e4umlichkeiten f\u00fcr kleine private Tagungen und Veranstaltungen.<\/p>\n<p>Unser professionelles Personal ist sich der Wichtigkeit von Gesch\u00e4ftstreffen voll bewusst und unterst\u00fctzt Sie mit allen Details, um Ihr Meeting oder Ihre Veranstaltung zum Erfolg zu f\u00fchren.<\/p>\n<p>Wir bieten einen voll ausgestatteten Tagungsraum mit einer Kapazit\u00e4t von 20 bis 70 Personen.<\/p>\n<p>Unser Konferenzraum ist in drei Bereiche unterteilt: Konferenzraum, Tagungsraum und Ruheraum.<\/p>\n<p>\u2022 Unbegrenzter Internetzugang (WiFi);<br \/>\n\u2022 ein Flipchart mit Tags;<br \/>\n\u2022 Projektor und Leinwand;<br \/>\n\u2022 Extra Angebot beinhaltet: Kaffeepausen, Mittagessen etc.<\/p>\n\t\t\t\t\t\t\t\t<\/div>\n\t\t\t\t<div class=\"elementor-element elementor-element-abc9cce elementor-widget elementor-widget-button\" data-id=\"abc9cce\" data-element_type=\"widget\" data-e-type=\"widget\" data-widget_type=\"button.default\">\n\t\t\t\t\t\t\t\t\t\t<a class=\"elementor-button elementor-button-link elementor-size-sm\" href=\"tel:+385992110781\">\n\t\t\t\t\t\t<span class=\"elementor-button-content-wrapper\">\n\t\t\t\t\t\t<span class=\"elementor-button-icon\">\n\t\t\t\t<svg aria-hidden=\"true\" class=\"e-font-icon-svg e-fas-phone-alt\" viewBox=\"0 0 512 512\" xmlns=\"http:\/\/www.w3.org\/2000\/svg\"><path d=\"M497.39 361.8l-112-48a24 24 0 0 0-28 6.9l-49.6 60.6A370.66 370.66 0 0 1 130.6 204.11l60.6-49.6a23.94 23.94 0 0 0 6.9-28l-48-112A24.16 24.16 0 0 0 122.6.61l-104 24A24 24 0 0 0 0 48c0 256.5 207.9 464 464 464a24 24 0 0 0 23.4-18.6l24-104a24.29 24.29 0 0 0-14.01-27.6z\"><\/path><\/svg>\t\t\t<\/span>\n\t\t\t\t\t\t\t\t\t<span class=\"elementor-button-text\">An\u0111elko Duvan\u010di\u0107  - +385 99 2110 781 <\/span>\n\t\t\t\t\t<\/span>\n\t\t\t\t\t<\/a>\n\t\t\t\t\t\t\t\t<\/div>\n\t\t\t\t\t<\/div>\n\t\t<\/div>\n\t\t\t\t<div class=\"elementor-column elementor-col-50 elementor-top-column elementor-element elementor-element-70fbe4a4\" data-id=\"70fbe4a4\" data-element_type=\"column\" data-e-type=\"column\">\n\t\t\t<div class=\"elementor-widget-wrap elementor-element-populated\">\n\t\t\t\t\t\t<div class=\"elementor-element elementor-element-60a1b3cc elementor-widget elementor-widget-text-editor\" data-id=\"60a1b3cc\" data-element_type=\"widget\" data-e-type=\"widget\" data-widget_type=\"text-editor.default\">\n\t\t\t\t\t\t\t\t\t<p><img fetchpriority=\"high\" decoding=\"async\" class=\"alignnone wp-image-1299 size-full\" src=\"https:\/\/www.hotelrotondo.com\/wp-content\/uploads\/2019\/07\/3CL_9587_HOTEL_ROTONDO.jpg\" alt=\"\" width=\"800\" height=\"532\" srcset=\"https:\/\/www.hotelrotondo.com\/wp-content\/uploads\/2019\/07\/3CL_9587_HOTEL_ROTONDO.jpg 800w, https:\/\/www.hotelrotondo.com\/wp-content\/uploads\/2019\/07\/3CL_9587_HOTEL_ROTONDO-300x200.jpg 300w, https:\/\/www.hotelrotondo.com\/wp-content\/uploads\/2019\/07\/3CL_9587_HOTEL_ROTONDO-768x511.jpg 768w\" sizes=\"(max-width: 800px) 100vw, 800px\" \/><\/p>\n\t\t\t\t\t\t\t\t<\/div>\n\t\t\t\t\t<\/div>\n\t\t<\/div>\n\t\t\t\t\t<\/div>\n\t\t<\/section>\n\t\t\t\t<\/div>\n\t\t","protected":false},"excerpt":{"rendered":"<p>SAAL Tagungen &#038; Veranstaltungen Das Rotondo Hotel bietet spezielle R\u00e4umlichkeiten f\u00fcr kleine private Tagungen und Veranstaltungen. Unser professionelles Personal ist sich der Wichtigkeit von Gesch\u00e4ftstreffen voll bewusst und unterst\u00fctzt Sie mit allen Details, um Ihr Meeting oder Ihre Veranstaltung zum Erfolg zu f\u00fchren. Wir bieten einen voll ausgestatteten Tagungsraum mit einer Kapazit\u00e4t von 20 bis [&hellip;]<\/p>\n","protected":false},"author":1,"featured_media":0,"parent":0,"menu_order":0,"comment_status":"closed","ping_status":"closed","template":"","meta":{"site-sidebar-layout":"no-sidebar","site-content-layout":"page-builder","ast-site-content-layout":"default","site-content-style":"default","site-sidebar-style":"default","ast-global-header-display":"","ast-banner-title-visibility":"","ast-main-header-display":"","ast-hfb-above-header-display":"","ast-hfb-below-header-display":"","ast-hfb-mobile-header-display":"","site-post-title":"disabled","ast-breadcrumbs-content":"","ast-featured-img":"disabled","footer-sml-layout":"","ast-disable-related-posts":"","theme-transparent-header-meta":"default","adv-header-id-meta":"","stick-header-meta":"","header-above-stick-meta":"","header-main-stick-meta":"","header-below-stick-meta":"","astra-migrate-meta-layouts":"default","ast-page-background-enabled":"default","ast-page-background-meta":{"desktop":{"background-color":"","background-image":"","background-repeat":"repeat","background-position":"center center","background-size":"auto","background-attachment":"scroll","background-type":"","background-media":"","overlay-type":"","overlay-color":"","overlay-opacity":"","overlay-gradient":""},"tablet":{"background-color":"","background-image":"","background-repeat":"repeat","background-position":"center center","background-size":"auto","background-attachment":"scroll","background-type":"","background-media":"","overlay-type":"","overlay-color":"","overlay-opacity":"","overlay-gradient":""},"mobile":{"background-color":"","background-image":"","background-repeat":"repeat","background-position":"center center","background-size":"auto","background-attachment":"scroll","background-type":"","background-media":"","overlay-type":"","overlay-color":"","overlay-opacity":"","overlay-gradient":""}},"ast-content-background-meta":{"desktop":{"background-color":"var(--ast-global-color-5)","background-image":"","background-repeat":"repeat","background-position":"center center","background-size":"auto","background-attachment":"scroll","background-type":"","background-media":"","overlay-type":"","overlay-color":"","overlay-opacity":"","overlay-gradient":""},"tablet":{"background-color":"var(--ast-global-color-5)","background-image":"","background-repeat":"repeat","background-position":"center center","background-size":"auto","background-attachment":"scroll","background-type":"","background-media":"","overlay-type":"","overlay-color":"","overlay-opacity":"","overlay-gradient":""},"mobile":{"background-color":"var(--ast-global-color-5)","background-image":"","background-repeat":"repeat","background-position":"center center","background-size":"auto","background-attachment":"scroll","background-type":"","background-media":"","overlay-type":"","overlay-color":"","overlay-opacity":"","overlay-gradient":""}},"footnotes":""},"class_list":["post-1298","page","type-page","status-publish","hentry"],"yoast_head":"<!-- This site is optimized with the Yoast SEO plugin v27.4 - https:\/\/yoast.com\/product\/yoast-seo-wordpress\/ -->\n<title>Tagungen &amp; Veranstaltungen - Hotel Rotondo<\/title>\n<meta name=\"robots\" content=\"index, follow, max-snippet:-1, max-image-preview:large, max-video-preview:-1\" \/>\n<link rel=\"canonical\" href=\"https:\/\/www.hotelrotondo.com\/de\/tagungen-veranstaltungen\/\" \/>\n<meta property=\"og:locale\" content=\"de_DE\" \/>\n<meta property=\"og:type\" content=\"article\" \/>\n<meta property=\"og:title\" content=\"Tagungen &amp; Veranstaltungen - Hotel Rotondo\" \/>\n<meta property=\"og:description\" content=\"SAAL Tagungen &#038; Veranstaltungen Das Rotondo Hotel bietet spezielle R\u00e4umlichkeiten f\u00fcr kleine private Tagungen und Veranstaltungen. Unser professionelles Personal ist sich der Wichtigkeit von Gesch\u00e4ftstreffen voll bewusst und unterst\u00fctzt Sie mit allen Details, um Ihr Meeting oder Ihre Veranstaltung zum Erfolg zu f\u00fchren. Wir bieten einen voll ausgestatteten Tagungsraum mit einer Kapazit\u00e4t von 20 bis [&hellip;]\" \/>\n<meta property=\"og:url\" content=\"https:\/\/www.hotelrotondo.com\/de\/tagungen-veranstaltungen\/\" \/>\n<meta property=\"og:site_name\" content=\"Hotel Rotondo\" \/>\n<meta property=\"article:modified_time\" content=\"2021-06-04T10:56:22+00:00\" \/>\n<meta property=\"og:image\" content=\"https:\/\/www.hotelrotondo.com\/wp-content\/uploads\/2019\/07\/3CL_9587_HOTEL_ROTONDO.jpg\" \/>\n<meta name=\"twitter:card\" content=\"summary_large_image\" \/>\n<script type=\"application\/ld+json\" class=\"yoast-schema-graph\">{\"@context\":\"https:\\\/\\\/schema.org\",\"@graph\":[{\"@type\":\"WebPage\",\"@id\":\"https:\\\/\\\/www.hotelrotondo.com\\\/de\\\/tagungen-veranstaltungen\\\/\",\"url\":\"https:\\\/\\\/www.hotelrotondo.com\\\/de\\\/tagungen-veranstaltungen\\\/\",\"name\":\"Tagungen & Veranstaltungen - Hotel Rotondo\",\"isPartOf\":{\"@id\":\"https:\\\/\\\/www.hotelrotondo.com\\\/de\\\/#website\"},\"primaryImageOfPage\":{\"@id\":\"https:\\\/\\\/www.hotelrotondo.com\\\/de\\\/tagungen-veranstaltungen\\\/#primaryimage\"},\"image\":{\"@id\":\"https:\\\/\\\/www.hotelrotondo.com\\\/de\\\/tagungen-veranstaltungen\\\/#primaryimage\"},\"thumbnailUrl\":\"https:\\\/\\\/www.hotelrotondo.com\\\/wp-content\\\/uploads\\\/2019\\\/07\\\/3CL_9587_HOTEL_ROTONDO.jpg\",\"datePublished\":\"2019-08-20T10:26:10+00:00\",\"dateModified\":\"2021-06-04T10:56:22+00:00\",\"breadcrumb\":{\"@id\":\"https:\\\/\\\/www.hotelrotondo.com\\\/de\\\/tagungen-veranstaltungen\\\/#breadcrumb\"},\"inLanguage\":\"de\",\"potentialAction\":[{\"@type\":\"ReadAction\",\"target\":[\"https:\\\/\\\/www.hotelrotondo.com\\\/de\\\/tagungen-veranstaltungen\\\/\"]}]},{\"@type\":\"ImageObject\",\"inLanguage\":\"de\",\"@id\":\"https:\\\/\\\/www.hotelrotondo.com\\\/de\\\/tagungen-veranstaltungen\\\/#primaryimage\",\"url\":\"https:\\\/\\\/www.hotelrotondo.com\\\/wp-content\\\/uploads\\\/2019\\\/07\\\/3CL_9587_HOTEL_ROTONDO.jpg\",\"contentUrl\":\"https:\\\/\\\/www.hotelrotondo.com\\\/wp-content\\\/uploads\\\/2019\\\/07\\\/3CL_9587_HOTEL_ROTONDO.jpg\"},{\"@type\":\"BreadcrumbList\",\"@id\":\"https:\\\/\\\/www.hotelrotondo.com\\\/de\\\/tagungen-veranstaltungen\\\/#breadcrumb\",\"itemListElement\":[{\"@type\":\"ListItem\",\"position\":1,\"name\":\"Po\u010detna stranica\",\"item\":\"https:\\\/\\\/www.hotelrotondo.com\\\/de\\\/\"},{\"@type\":\"ListItem\",\"position\":2,\"name\":\"Tagungen &#038; Veranstaltungen\"}]},{\"@type\":\"WebSite\",\"@id\":\"https:\\\/\\\/www.hotelrotondo.com\\\/de\\\/#website\",\"url\":\"https:\\\/\\\/www.hotelrotondo.com\\\/de\\\/\",\"name\":\"Hotel Rotondo\",\"description\":\"Hotel Rotondo, Seget Trogir\",\"publisher\":{\"@id\":\"https:\\\/\\\/www.hotelrotondo.com\\\/de\\\/#organization\"},\"potentialAction\":[{\"@type\":\"SearchAction\",\"target\":{\"@type\":\"EntryPoint\",\"urlTemplate\":\"https:\\\/\\\/www.hotelrotondo.com\\\/de\\\/?s={search_term_string}\"},\"query-input\":{\"@type\":\"PropertyValueSpecification\",\"valueRequired\":true,\"valueName\":\"search_term_string\"}}],\"inLanguage\":\"de\"},{\"@type\":\"Organization\",\"@id\":\"https:\\\/\\\/www.hotelrotondo.com\\\/de\\\/#organization\",\"name\":\"Hotel Rotondo\",\"url\":\"https:\\\/\\\/www.hotelrotondo.com\\\/de\\\/\",\"logo\":{\"@type\":\"ImageObject\",\"inLanguage\":\"de\",\"@id\":\"https:\\\/\\\/www.hotelrotondo.com\\\/de\\\/#\\\/schema\\\/logo\\\/image\\\/\",\"url\":\"https:\\\/\\\/www.hotelrotondo.com\\\/wp-content\\\/uploads\\\/2019\\\/07\\\/logo-hotel.rotondo.png\",\"contentUrl\":\"https:\\\/\\\/www.hotelrotondo.com\\\/wp-content\\\/uploads\\\/2019\\\/07\\\/logo-hotel.rotondo.png\",\"width\":480,\"height\":84,\"caption\":\"Hotel Rotondo\"},\"image\":{\"@id\":\"https:\\\/\\\/www.hotelrotondo.com\\\/de\\\/#\\\/schema\\\/logo\\\/image\\\/\"}}]}<\/script>\n<!-- \/ Yoast SEO plugin. -->","yoast_head_json":{"title":"Tagungen & Veranstaltungen - Hotel Rotondo","robots":{"index":"index","follow":"follow","max-snippet":"max-snippet:-1","max-image-preview":"max-image-preview:large","max-video-preview":"max-video-preview:-1"},"canonical":"https:\/\/www.hotelrotondo.com\/de\/tagungen-veranstaltungen\/","og_locale":"de_DE","og_type":"article","og_title":"Tagungen & Veranstaltungen - Hotel Rotondo","og_description":"SAAL Tagungen &#038; Veranstaltungen Das Rotondo Hotel bietet spezielle R\u00e4umlichkeiten f\u00fcr kleine private Tagungen und Veranstaltungen. Unser professionelles Personal ist sich der Wichtigkeit von Gesch\u00e4ftstreffen voll bewusst und unterst\u00fctzt Sie mit allen Details, um Ihr Meeting oder Ihre Veranstaltung zum Erfolg zu f\u00fchren. Wir bieten einen voll ausgestatteten Tagungsraum mit einer Kapazit\u00e4t von 20 bis [&hellip;]","og_url":"https:\/\/www.hotelrotondo.com\/de\/tagungen-veranstaltungen\/","og_site_name":"Hotel Rotondo","article_modified_time":"2021-06-04T10:56:22+00:00","og_image":[{"url":"https:\/\/www.hotelrotondo.com\/wp-content\/uploads\/2019\/07\/3CL_9587_HOTEL_ROTONDO.jpg","type":"","width":"","height":""}],"twitter_card":"summary_large_image","schema":{"@context":"https:\/\/schema.org","@graph":[{"@type":"WebPage","@id":"https:\/\/www.hotelrotondo.com\/de\/tagungen-veranstaltungen\/","url":"https:\/\/www.hotelrotondo.com\/de\/tagungen-veranstaltungen\/","name":"Tagungen & Veranstaltungen - Hotel Rotondo","isPartOf":{"@id":"https:\/\/www.hotelrotondo.com\/de\/#website"},"primaryImageOfPage":{"@id":"https:\/\/www.hotelrotondo.com\/de\/tagungen-veranstaltungen\/#primaryimage"},"image":{"@id":"https:\/\/www.hotelrotondo.com\/de\/tagungen-veranstaltungen\/#primaryimage"},"thumbnailUrl":"https:\/\/www.hotelrotondo.com\/wp-content\/uploads\/2019\/07\/3CL_9587_HOTEL_ROTONDO.jpg","datePublished":"2019-08-20T10:26:10+00:00","dateModified":"2021-06-04T10:56:22+00:00","breadcrumb":{"@id":"https:\/\/www.hotelrotondo.com\/de\/tagungen-veranstaltungen\/#breadcrumb"},"inLanguage":"de","potentialAction":[{"@type":"ReadAction","target":["https:\/\/www.hotelrotondo.com\/de\/tagungen-veranstaltungen\/"]}]},{"@type":"ImageObject","inLanguage":"de","@id":"https:\/\/www.hotelrotondo.com\/de\/tagungen-veranstaltungen\/#primaryimage","url":"https:\/\/www.hotelrotondo.com\/wp-content\/uploads\/2019\/07\/3CL_9587_HOTEL_ROTONDO.jpg","contentUrl":"https:\/\/www.hotelrotondo.com\/wp-content\/uploads\/2019\/07\/3CL_9587_HOTEL_ROTONDO.jpg"},{"@type":"BreadcrumbList","@id":"https:\/\/www.hotelrotondo.com\/de\/tagungen-veranstaltungen\/#breadcrumb","itemListElement":[{"@type":"ListItem","position":1,"name":"Po\u010detna stranica","item":"https:\/\/www.hotelrotondo.com\/de\/"},{"@type":"ListItem","position":2,"name":"Tagungen &#038; Veranstaltungen"}]},{"@type":"WebSite","@id":"https:\/\/www.hotelrotondo.com\/de\/#website","url":"https:\/\/www.hotelrotondo.com\/de\/","name":"Hotel Rotondo","description":"Hotel Rotondo, Seget Trogir","publisher":{"@id":"https:\/\/www.hotelrotondo.com\/de\/#organization"},"potentialAction":[{"@type":"SearchAction","target":{"@type":"EntryPoint","urlTemplate":"https:\/\/www.hotelrotondo.com\/de\/?s={search_term_string}"},"query-input":{"@type":"PropertyValueSpecification","valueRequired":true,"valueName":"search_term_string"}}],"inLanguage":"de"},{"@type":"Organization","@id":"https:\/\/www.hotelrotondo.com\/de\/#organization","name":"Hotel Rotondo","url":"https:\/\/www.hotelrotondo.com\/de\/","logo":{"@type":"ImageObject","inLanguage":"de","@id":"https:\/\/www.hotelrotondo.com\/de\/#\/schema\/logo\/image\/","url":"https:\/\/www.hotelrotondo.com\/wp-content\/uploads\/2019\/07\/logo-hotel.rotondo.png","contentUrl":"https:\/\/www.hotelrotondo.com\/wp-content\/uploads\/2019\/07\/logo-hotel.rotondo.png","width":480,"height":84,"caption":"Hotel Rotondo"},"image":{"@id":"https:\/\/www.hotelrotondo.com\/de\/#\/schema\/logo\/image\/"}}]}},"_links":{"self":[{"href":"https:\/\/www.hotelrotondo.com\/de\/wp-json\/wp\/v2\/pages\/1298","targetHints":{"allow":["GET"]}}],"collection":[{"href":"https:\/\/www.hotelrotondo.com\/de\/wp-json\/wp\/v2\/pages"}],"about":[{"href":"https:\/\/www.hotelrotondo.com\/de\/wp-json\/wp\/v2\/types\/page"}],"author":[{"embeddable":true,"href":"https:\/\/www.hotelrotondo.com\/de\/wp-json\/wp\/v2\/users\/1"}],"replies":[{"embeddable":true,"href":"https:\/\/www.hotelrotondo.com\/de\/wp-json\/wp\/v2\/comments?post=1298"}],"version-history":[{"count":0,"href":"https:\/\/www.hotelrotondo.com\/de\/wp-json\/wp\/v2\/pages\/1298\/revisions"}],"wp:attachment":[{"href":"https:\/\/www.hotelrotondo.com\/de\/wp-json\/wp\/v2\/media?parent=1298"}],"curies":[{"name":"wp","href":"https:\/\/api.w.org\/{rel}","templated":true}]}}