{"id":1470,"date":"2019-08-20T10:33:08","date_gmt":"2019-08-20T10:33:08","guid":{"rendered":"https:\/\/www.hotelrotondo.com\/geschaftsbedingungen\/"},"modified":"2023-06-10T10:32:08","modified_gmt":"2023-06-10T10:32:08","slug":"geschaftsbedingungen","status":"publish","type":"page","link":"https:\/\/www.hotelrotondo.com\/de\/geschaftsbedingungen\/","title":{"rendered":"Gesch\u00e4ftsbedingungen"},"content":{"rendered":"\t\t<div data-elementor-type=\"wp-post\" data-elementor-id=\"1470\" class=\"elementor elementor-1470 elementor-135\" data-elementor-post-type=\"page\">\n\t\t\t\t\t\t<section class=\"elementor-section elementor-top-section elementor-element elementor-element-79821ab5 elementor-section-boxed elementor-section-height-default elementor-section-height-default\" data-id=\"79821ab5\" data-element_type=\"section\" data-e-type=\"section\">\n\t\t\t\t\t\t<div class=\"elementor-container elementor-column-gap-default\">\n\t\t\t\t\t<div class=\"elementor-column elementor-col-100 elementor-top-column elementor-element elementor-element-1d140f0f\" data-id=\"1d140f0f\" data-element_type=\"column\" data-e-type=\"column\">\n\t\t\t<div class=\"elementor-widget-wrap elementor-element-populated\">\n\t\t\t\t\t\t<div class=\"elementor-element elementor-element-7ab3ec19 elementor-widget elementor-widget-heading\" data-id=\"7ab3ec19\" data-element_type=\"widget\" data-e-type=\"widget\" data-widget_type=\"heading.default\">\n\t\t\t\t\t<h2 class=\"elementor-heading-title elementor-size-default\">Gesch\u00e4ftsbedingungen<\/h2>\t\t\t\t<\/div>\n\t\t\t\t<div class=\"elementor-element elementor-element-6e3c3013 elementor-widget elementor-widget-text-editor\" data-id=\"6e3c3013\" data-element_type=\"widget\" data-e-type=\"widget\" data-widget_type=\"text-editor.default\">\n\t\t\t\t\t\t\t\t\t<p>Der Text der Gesch\u00e4ftsbedingungen der Einrichtung<br \/>Vielen Dank f\u00fcr Ihre Reservierung und beachten Sie bitte die folgenden Gesch\u00e4ftsbedingungen der Unterkunft:<\/p><p>Eine g\u00fcltige Kreditkarte ist erforderlich, um Ihre Reservierung zu garantieren.<\/p><p>Immobilienpreise beinhalten die Kurtaxe und Buchungsgeb\u00fchren.<\/p><p>Der Check-in ist am Anreisetag ab 14:00 Uhr m\u00f6glich.<br \/>Der Check-out muss am Abreisetag bis 11:00 Uhr erfolgen.<\/p><p>Die Unterkunft beh\u00e4lt sich das Recht vor, zus\u00e4tzliche Kosten f\u00fcr einen sp\u00e4ten Check-out zu berechnen.<\/p><p>Bitte beachten Sie, dass Kinder ab 13 Jahren als Erwachsene gelten und den vollen Preis zahlen. Bei der Buchung einer Unterkunft sind Sie verpflichtet, Kinder, die \u00e4lter als die oben genannten sind, zu Erwachsenen hinzuzuf\u00fcgen.<\/p><p>Die endg\u00fcltige Abrechnung der Leistungen erfolgt vor der Abreise an der Rezeption der Unterkunft.<\/p><p>Die angegebenen Preise sind informativ.<\/p><p>Wenn Sie Ihre Reservierung \u00e4ndern oder stornieren m\u00f6chten, wenden Sie sich bitte an unseren Reservierungsservice.<\/p><p>F\u00fcr weitere Informationen kontaktieren Sie bitte unseren Reservierungsservice per E-Mail unter info@hotelrotondo.com<\/p><p>Die Unterkunft beh\u00e4lt sich das Recht vor, eine Reservierung abzulehnen, zu stornieren oder zu \u00e4ndern, wenn das Reservierungssystem missbr\u00e4uchlich verwendet oder vom Benutzer offensichtlich vorgenommen wurde.<br \/>Zahlungsart &#8211; Bargeld, Karten, \u00dcberweisung<\/p>\t\t\t\t\t\t\t\t<\/div>\n\t\t\t\t\t<\/div>\n\t\t<\/div>\n\t\t\t\t\t<\/div>\n\t\t<\/section>\n\t\t\t\t<\/div>\n\t\t","protected":false},"excerpt":{"rendered":"<p>Gesch\u00e4ftsbedingungen Der Text der Gesch\u00e4ftsbedingungen der EinrichtungVielen Dank f\u00fcr Ihre Reservierung und beachten Sie bitte die folgenden Gesch\u00e4ftsbedingungen der Unterkunft: Eine g\u00fcltige Kreditkarte ist erforderlich, um Ihre Reservierung zu garantieren. Immobilienpreise beinhalten die Kurtaxe und Buchungsgeb\u00fchren. Der Check-in ist am Anreisetag ab 14:00 Uhr m\u00f6glich.Der Check-out muss am Abreisetag bis 11:00 Uhr erfolgen. Die Unterkunft [&hellip;]<\/p>\n","protected":false},"author":1,"featured_media":0,"parent":0,"menu_order":0,"comment_status":"closed","ping_status":"closed","template":"","meta":{"site-sidebar-layout":"no-sidebar","site-content-layout":"page-builder","ast-site-content-layout":"default","site-content-style":"default","site-sidebar-style":"default","ast-global-header-display":"","ast-banner-title-visibility":"","ast-main-header-display":"","ast-hfb-above-header-display":"","ast-hfb-below-header-display":"","ast-hfb-mobile-header-display":"","site-post-title":"disabled","ast-breadcrumbs-content":"","ast-featured-img":"disabled","footer-sml-layout":"","ast-disable-related-posts":"","theme-transparent-header-meta":"default","adv-header-id-meta":"","stick-header-meta":"","header-above-stick-meta":"","header-main-stick-meta":"","header-below-stick-meta":"","astra-migrate-meta-layouts":"default","ast-page-background-enabled":"default","ast-page-background-meta":{"desktop":{"background-color":"","background-image":"","background-repeat":"repeat","background-position":"center center","background-size":"auto","background-attachment":"scroll","background-type":"","background-media":"","overlay-type":"","overlay-color":"","overlay-opacity":"","overlay-gradient":""},"tablet":{"background-color":"","background-image":"","background-repeat":"repeat","background-position":"center center","background-size":"auto","background-attachment":"scroll","background-type":"","background-media":"","overlay-type":"","overlay-color":"","overlay-opacity":"","overlay-gradient":""},"mobile":{"background-color":"","background-image":"","background-repeat":"repeat","background-position":"center center","background-size":"auto","background-attachment":"scroll","background-type":"","background-media":"","overlay-type":"","overlay-color":"","overlay-opacity":"","overlay-gradient":""}},"ast-content-background-meta":{"desktop":{"background-color":"var(--ast-global-color-5)","background-image":"","background-repeat":"repeat","background-position":"center center","background-size":"auto","background-attachment":"scroll","background-type":"","background-media":"","overlay-type":"","overlay-color":"","overlay-opacity":"","overlay-gradient":""},"tablet":{"background-color":"var(--ast-global-color-5)","background-image":"","background-repeat":"repeat","background-position":"center center","background-size":"auto","background-attachment":"scroll","background-type":"","background-media":"","overlay-type":"","overlay-color":"","overlay-opacity":"","overlay-gradient":""},"mobile":{"background-color":"var(--ast-global-color-5)","background-image":"","background-repeat":"repeat","background-position":"center center","background-size":"auto","background-attachment":"scroll","background-type":"","background-media":"","overlay-type":"","overlay-color":"","overlay-opacity":"","overlay-gradient":""}},"footnotes":""},"class_list":["post-1470","page","type-page","status-publish","hentry"],"yoast_head":"<!-- This site is optimized with the Yoast SEO plugin v27.4 - https:\/\/yoast.com\/product\/yoast-seo-wordpress\/ -->\n<title>Gesch\u00e4ftsbedingungen - Hotel Rotondo<\/title>\n<meta name=\"robots\" content=\"index, follow, max-snippet:-1, max-image-preview:large, max-video-preview:-1\" \/>\n<link rel=\"canonical\" href=\"https:\/\/www.hotelrotondo.com\/de\/geschaftsbedingungen\/\" \/>\n<meta property=\"og:locale\" content=\"de_DE\" \/>\n<meta property=\"og:type\" content=\"article\" \/>\n<meta property=\"og:title\" content=\"Gesch\u00e4ftsbedingungen - Hotel Rotondo\" \/>\n<meta property=\"og:description\" content=\"Gesch\u00e4ftsbedingungen Der Text der Gesch\u00e4ftsbedingungen der EinrichtungVielen Dank f\u00fcr Ihre Reservierung und beachten Sie bitte die folgenden Gesch\u00e4ftsbedingungen der Unterkunft: Eine g\u00fcltige Kreditkarte ist erforderlich, um Ihre Reservierung zu garantieren. Immobilienpreise beinhalten die Kurtaxe und Buchungsgeb\u00fchren. Der Check-in ist am Anreisetag ab 14:00 Uhr m\u00f6glich.Der Check-out muss am Abreisetag bis 11:00 Uhr erfolgen. Die Unterkunft [&hellip;]\" \/>\n<meta property=\"og:url\" content=\"https:\/\/www.hotelrotondo.com\/de\/geschaftsbedingungen\/\" \/>\n<meta property=\"og:site_name\" content=\"Hotel Rotondo\" \/>\n<meta property=\"article:modified_time\" content=\"2023-06-10T10:32:08+00:00\" \/>\n<meta name=\"twitter:card\" content=\"summary_large_image\" \/>\n<meta name=\"twitter:label1\" content=\"Gesch\u00e4tzte Lesezeit\" \/>\n\t<meta name=\"twitter:data1\" content=\"2\u00a0Minuten\" \/>\n<script type=\"application\/ld+json\" class=\"yoast-schema-graph\">{\"@context\":\"https:\\\/\\\/schema.org\",\"@graph\":[{\"@type\":\"WebPage\",\"@id\":\"https:\\\/\\\/www.hotelrotondo.com\\\/de\\\/geschaftsbedingungen\\\/\",\"url\":\"https:\\\/\\\/www.hotelrotondo.com\\\/de\\\/geschaftsbedingungen\\\/\",\"name\":\"Gesch\u00e4ftsbedingungen - Hotel Rotondo\",\"isPartOf\":{\"@id\":\"https:\\\/\\\/www.hotelrotondo.com\\\/de\\\/#website\"},\"datePublished\":\"2019-08-20T10:33:08+00:00\",\"dateModified\":\"2023-06-10T10:32:08+00:00\",\"breadcrumb\":{\"@id\":\"https:\\\/\\\/www.hotelrotondo.com\\\/de\\\/geschaftsbedingungen\\\/#breadcrumb\"},\"inLanguage\":\"de\",\"potentialAction\":[{\"@type\":\"ReadAction\",\"target\":[\"https:\\\/\\\/www.hotelrotondo.com\\\/de\\\/geschaftsbedingungen\\\/\"]}]},{\"@type\":\"BreadcrumbList\",\"@id\":\"https:\\\/\\\/www.hotelrotondo.com\\\/de\\\/geschaftsbedingungen\\\/#breadcrumb\",\"itemListElement\":[{\"@type\":\"ListItem\",\"position\":1,\"name\":\"Po\u010detna stranica\",\"item\":\"https:\\\/\\\/www.hotelrotondo.com\\\/de\\\/\"},{\"@type\":\"ListItem\",\"position\":2,\"name\":\"Gesch\u00e4ftsbedingungen\"}]},{\"@type\":\"WebSite\",\"@id\":\"https:\\\/\\\/www.hotelrotondo.com\\\/de\\\/#website\",\"url\":\"https:\\\/\\\/www.hotelrotondo.com\\\/de\\\/\",\"name\":\"Hotel Rotondo\",\"description\":\"Hotel Rotondo, Seget Trogir\",\"publisher\":{\"@id\":\"https:\\\/\\\/www.hotelrotondo.com\\\/de\\\/#organization\"},\"potentialAction\":[{\"@type\":\"SearchAction\",\"target\":{\"@type\":\"EntryPoint\",\"urlTemplate\":\"https:\\\/\\\/www.hotelrotondo.com\\\/de\\\/?s={search_term_string}\"},\"query-input\":{\"@type\":\"PropertyValueSpecification\",\"valueRequired\":true,\"valueName\":\"search_term_string\"}}],\"inLanguage\":\"de\"},{\"@type\":\"Organization\",\"@id\":\"https:\\\/\\\/www.hotelrotondo.com\\\/de\\\/#organization\",\"name\":\"Hotel Rotondo\",\"url\":\"https:\\\/\\\/www.hotelrotondo.com\\\/de\\\/\",\"logo\":{\"@type\":\"ImageObject\",\"inLanguage\":\"de\",\"@id\":\"https:\\\/\\\/www.hotelrotondo.com\\\/de\\\/#\\\/schema\\\/logo\\\/image\\\/\",\"url\":\"https:\\\/\\\/www.hotelrotondo.com\\\/wp-content\\\/uploads\\\/2019\\\/07\\\/logo-hotel.rotondo.png\",\"contentUrl\":\"https:\\\/\\\/www.hotelrotondo.com\\\/wp-content\\\/uploads\\\/2019\\\/07\\\/logo-hotel.rotondo.png\",\"width\":480,\"height\":84,\"caption\":\"Hotel Rotondo\"},\"image\":{\"@id\":\"https:\\\/\\\/www.hotelrotondo.com\\\/de\\\/#\\\/schema\\\/logo\\\/image\\\/\"}}]}<\/script>\n<!-- \/ Yoast SEO plugin. -->","yoast_head_json":{"title":"Gesch\u00e4ftsbedingungen - Hotel Rotondo","robots":{"index":"index","follow":"follow","max-snippet":"max-snippet:-1","max-image-preview":"max-image-preview:large","max-video-preview":"max-video-preview:-1"},"canonical":"https:\/\/www.hotelrotondo.com\/de\/geschaftsbedingungen\/","og_locale":"de_DE","og_type":"article","og_title":"Gesch\u00e4ftsbedingungen - Hotel Rotondo","og_description":"Gesch\u00e4ftsbedingungen Der Text der Gesch\u00e4ftsbedingungen der EinrichtungVielen Dank f\u00fcr Ihre Reservierung und beachten Sie bitte die folgenden Gesch\u00e4ftsbedingungen der Unterkunft: Eine g\u00fcltige Kreditkarte ist erforderlich, um Ihre Reservierung zu garantieren. Immobilienpreise beinhalten die Kurtaxe und Buchungsgeb\u00fchren. Der Check-in ist am Anreisetag ab 14:00 Uhr m\u00f6glich.Der Check-out muss am Abreisetag bis 11:00 Uhr erfolgen. Die Unterkunft [&hellip;]","og_url":"https:\/\/www.hotelrotondo.com\/de\/geschaftsbedingungen\/","og_site_name":"Hotel Rotondo","article_modified_time":"2023-06-10T10:32:08+00:00","twitter_card":"summary_large_image","twitter_misc":{"Gesch\u00e4tzte Lesezeit":"2\u00a0Minuten"},"schema":{"@context":"https:\/\/schema.org","@graph":[{"@type":"WebPage","@id":"https:\/\/www.hotelrotondo.com\/de\/geschaftsbedingungen\/","url":"https:\/\/www.hotelrotondo.com\/de\/geschaftsbedingungen\/","name":"Gesch\u00e4ftsbedingungen - Hotel Rotondo","isPartOf":{"@id":"https:\/\/www.hotelrotondo.com\/de\/#website"},"datePublished":"2019-08-20T10:33:08+00:00","dateModified":"2023-06-10T10:32:08+00:00","breadcrumb":{"@id":"https:\/\/www.hotelrotondo.com\/de\/geschaftsbedingungen\/#breadcrumb"},"inLanguage":"de","potentialAction":[{"@type":"ReadAction","target":["https:\/\/www.hotelrotondo.com\/de\/geschaftsbedingungen\/"]}]},{"@type":"BreadcrumbList","@id":"https:\/\/www.hotelrotondo.com\/de\/geschaftsbedingungen\/#breadcrumb","itemListElement":[{"@type":"ListItem","position":1,"name":"Po\u010detna stranica","item":"https:\/\/www.hotelrotondo.com\/de\/"},{"@type":"ListItem","position":2,"name":"Gesch\u00e4ftsbedingungen"}]},{"@type":"WebSite","@id":"https:\/\/www.hotelrotondo.com\/de\/#website","url":"https:\/\/www.hotelrotondo.com\/de\/","name":"Hotel Rotondo","description":"Hotel Rotondo, Seget Trogir","publisher":{"@id":"https:\/\/www.hotelrotondo.com\/de\/#organization"},"potentialAction":[{"@type":"SearchAction","target":{"@type":"EntryPoint","urlTemplate":"https:\/\/www.hotelrotondo.com\/de\/?s={search_term_string}"},"query-input":{"@type":"PropertyValueSpecification","valueRequired":true,"valueName":"search_term_string"}}],"inLanguage":"de"},{"@type":"Organization","@id":"https:\/\/www.hotelrotondo.com\/de\/#organization","name":"Hotel Rotondo","url":"https:\/\/www.hotelrotondo.com\/de\/","logo":{"@type":"ImageObject","inLanguage":"de","@id":"https:\/\/www.hotelrotondo.com\/de\/#\/schema\/logo\/image\/","url":"https:\/\/www.hotelrotondo.com\/wp-content\/uploads\/2019\/07\/logo-hotel.rotondo.png","contentUrl":"https:\/\/www.hotelrotondo.com\/wp-content\/uploads\/2019\/07\/logo-hotel.rotondo.png","width":480,"height":84,"caption":"Hotel Rotondo"},"image":{"@id":"https:\/\/www.hotelrotondo.com\/de\/#\/schema\/logo\/image\/"}}]}},"_links":{"self":[{"href":"https:\/\/www.hotelrotondo.com\/de\/wp-json\/wp\/v2\/pages\/1470","targetHints":{"allow":["GET"]}}],"collection":[{"href":"https:\/\/www.hotelrotondo.com\/de\/wp-json\/wp\/v2\/pages"}],"about":[{"href":"https:\/\/www.hotelrotondo.com\/de\/wp-json\/wp\/v2\/types\/page"}],"author":[{"embeddable":true,"href":"https:\/\/www.hotelrotondo.com\/de\/wp-json\/wp\/v2\/users\/1"}],"replies":[{"embeddable":true,"href":"https:\/\/www.hotelrotondo.com\/de\/wp-json\/wp\/v2\/comments?post=1470"}],"version-history":[{"count":3,"href":"https:\/\/www.hotelrotondo.com\/de\/wp-json\/wp\/v2\/pages\/1470\/revisions"}],"predecessor-version":[{"id":3006,"href":"https:\/\/www.hotelrotondo.com\/de\/wp-json\/wp\/v2\/pages\/1470\/revisions\/3006"}],"wp:attachment":[{"href":"https:\/\/www.hotelrotondo.com\/de\/wp-json\/wp\/v2\/media?parent=1470"}],"curies":[{"name":"wp","href":"https:\/\/api.w.org\/{rel}","templated":true}]}}