{"id":1803,"date":"2019-08-23T14:18:24","date_gmt":"2019-08-23T14:18:24","guid":{"rendered":"https:\/\/www.hotelrotondo.com\/hotel\/"},"modified":"2025-06-26T11:33:44","modified_gmt":"2025-06-26T11:33:44","slug":"hotel","status":"publish","type":"page","link":"https:\/\/www.hotelrotondo.com\/es\/hotel\/","title":{"rendered":"Hotel"},"content":{"rendered":"\t\t<div data-elementor-type=\"wp-post\" data-elementor-id=\"1803\" class=\"elementor elementor-1803 elementor-130\" data-elementor-post-type=\"page\">\n\t\t\t\t\t\t<section class=\"elementor-section elementor-top-section elementor-element elementor-element-3a232a5 elementor-section-full_width elementor-section-height-default elementor-section-height-default\" data-id=\"3a232a5\" data-element_type=\"section\" data-e-type=\"section\" data-settings=\"{&quot;background_background&quot;:&quot;classic&quot;}\">\n\t\t\t\t\t\t<div class=\"elementor-container elementor-column-gap-no\">\n\t\t\t\t\t<div class=\"elementor-column elementor-col-100 elementor-top-column elementor-element elementor-element-fb5bc18\" data-id=\"fb5bc18\" data-element_type=\"column\" data-e-type=\"column\" data-settings=\"{&quot;background_background&quot;:&quot;classic&quot;}\">\n\t\t\t<div class=\"elementor-widget-wrap elementor-element-populated\">\n\t\t\t\t\t\t<div class=\"elementor-element elementor-element-54d1f71 elementor--h-position-center elementor--v-position-middle elementor-widget elementor-widget-slides\" data-id=\"54d1f71\" data-element_type=\"widget\" data-e-type=\"widget\" data-settings=\"{&quot;navigation&quot;:&quot;none&quot;,&quot;transition&quot;:&quot;slide&quot;,&quot;transition_speed&quot;:500}\" data-widget_type=\"slides.default\">\n\t\t\t\t\t\t\t\t\t\t<div class=\"elementor-slides-wrapper elementor-main-swiper swiper\" role=\"region\" aria-roledescription=\"carousel\" aria-label=\"Slides\" dir=\"ltr\" data-animation=\"fadeInUp\">\n\t\t\t\t<div class=\"swiper-wrapper elementor-slides\">\n\t\t\t\t\t\t\t\t\t\t<div class=\"elementor-repeater-item-9597cb4 swiper-slide\" role=\"group\" aria-roledescription=\"slide\"><div class=\"swiper-slide-bg\" role=\"img\" aria-label=\"hotel-rotondo01\"><\/div><div class=\"swiper-slide-inner\" ><div class=\"swiper-slide-contents\"><div class=\"elementor-slide-heading\">M\u00e1s sobre el hotel<\/div><\/div><\/div><\/div>\t\t\t\t<\/div>\n\t\t\t\t\t\t\t<\/div>\n\t\t\t\t\t\t\t\t<\/div>\n\t\t\t\t\t<\/div>\n\t\t<\/div>\n\t\t\t\t\t<\/div>\n\t\t<\/section>\n\t\t\t\t<section class=\"elementor-section elementor-top-section elementor-element elementor-element-337be12 elementor-section-boxed elementor-section-height-default elementor-section-height-default\" data-id=\"337be12\" data-element_type=\"section\" data-e-type=\"section\">\n\t\t\t\t\t\t<div class=\"elementor-container elementor-column-gap-default\">\n\t\t\t\t\t<div class=\"elementor-column elementor-col-50 elementor-top-column elementor-element elementor-element-593d22c\" data-id=\"593d22c\" data-element_type=\"column\" data-e-type=\"column\">\n\t\t\t<div class=\"elementor-widget-wrap elementor-element-populated\">\n\t\t\t\t\t\t<div class=\"elementor-element elementor-element-0b9e90c elementor-widget elementor-widget-heading\" data-id=\"0b9e90c\" data-element_type=\"widget\" data-e-type=\"widget\" data-widget_type=\"heading.default\">\n\t\t\t\t\t<h2 class=\"elementor-heading-title elementor-size-default\">Hotel Rotondo<\/h2>\t\t\t\t<\/div>\n\t\t\t\t<div class=\"elementor-element elementor-element-71beac9 elementor-widget elementor-widget-text-editor\" data-id=\"71beac9\" data-element_type=\"widget\" data-e-type=\"widget\" data-widget_type=\"text-editor.default\">\n\t\t\t\t\t\t\t\t\tPara todos los que desean descansar bien, el Hotel Rotondo ubicado cerca de la ciudad de Trogir, en Seget Donji, a solos 6 km del aeropuerto de Split, puede ser la opci\u00f3n perfecta. Este simp\u00e1tico hotel familiar de 4 * cuenta con 50 c\u00f3modas habitaciones ubicadas en dos edificios. El Hotel Rotondo lleva el nombre de Jacob Rotondo, un noble de Trogir que construy\u00f3 la torre Seget alrededor de la cual se form\u00f3 el asentamiento.<br><br>Ya sea en vacaciones o en viaje de negocios, el Hotel Rotondo, ubicado a lo largo de la cristalina costa del Adri\u00e1tico, con 2700 horas de sol al a\u00f1o y rodeado de un rico patrimonio cultural, es el lugar perfecto.<br><br><strong>UBICACI\u00d3N SUPERIOR<\/strong><br><br>Aeropuerto de Split: a solos 6 km de distancia del Hotel Rotondo<br>Trogir una hermosa ciudad museo protegida por la UNESCO, a 15 minutos a pie del Hotel Rotondo<br>Split &#8211; la segunda ciudad croata m\u00e1s grande, tambi\u00e9n bajo protecci\u00f3n de la UNESCO a 30 km de distancia del hotel<br>Parque Nacional Krka &#8211; a 60 km<br>Playa: la playa m\u00e1s cercana a solo 300 metros \/ varias instalaciones deportivas y recreativas<br>Club n\u00e1utico Seget &#8211; 50 metros del hotel<br>Restaurantes, supermercados, oficina de correos, farmacia y m\u00e9dico: a menos de 300 metros del hotel<br>Distancia de la autopista &#8211; 18 km<br><br><strong>CARACTER\u00cdSTICAS<\/strong><br><br>Un total de 50 habitaciones en dos edificios.<br>restaurante y bar<br>una sala equipada para reuniones y seminarios<br>estacionamiento gratuito para los hu\u00e9spedes del hotel<br>uso gratuito del spa y del centro de bienestar<br>ascensor en ambos edificios\t\t\t\t\t\t\t\t<\/div>\n\t\t\t\t\t<\/div>\n\t\t<\/div>\n\t\t\t\t<div class=\"elementor-column elementor-col-50 elementor-top-column elementor-element elementor-element-5b6b90e\" data-id=\"5b6b90e\" data-element_type=\"column\" data-e-type=\"column\">\n\t\t\t<div class=\"elementor-widget-wrap elementor-element-populated\">\n\t\t\t\t\t\t<div class=\"elementor-element elementor-element-6442549 elementor-widget elementor-widget-text-editor\" data-id=\"6442549\" data-element_type=\"widget\" data-e-type=\"widget\" data-widget_type=\"text-editor.default\">\n\t\t\t\t\t\t\t\t\t<p><strong>EQUIPOS Y SERVICIOS<\/strong><\/p>\n<p>Restaurante, Bar, Recepci\u00f3n 24 horas, Prensa, Habitaciones para no fumadores, Instalaciones para personas de movilidad reducida, Ascensor, Caja fuerte, Calefacci\u00f3n, Hotel de dise\u00f1o, Guarda equipajes, Aire acondicionado, Sauna, Gimnasio, Spa y Centro de bienestar, Masajes, Ba\u00f1era de hidromasaje, Ba\u00f1o turco, Piscina cubierta.<\/p>\n<p><strong>SERVICIOS<\/strong><br \/>Servicio de habitaciones, Salas de reuniones \/ banquetes, Servicio de traslado, Servicio de lavander\u00eda, Servicio de limpieza en seco, Desayuno en la habitaci\u00f3n, Servicio de planchado, Limpiabotas, Paquetes de almuerzo, Fax \/ fotocopiadora, Cajero autom\u00e1tico.<\/p>\n<p><strong>INTERNET<\/strong><br \/>Gratis! La conexi\u00f3n WiFi est\u00e1 disponible en todo el hotel y es gratuita.<\/p>\n<p><strong>APARCAMIENTO<\/strong><br \/>Gratis! El establecimiento dispone de aparcamiento privado gratuito. (No se requiere reserva).<\/p>\n<p>Estaci\u00f3n de carga de veh\u00edculos el\u00e9ctricos, gratuita para los hu\u00e9spedes del hotel.<\/p>\n<p>Entrada desde 14:00 hasta 00:00, Salida de 07:00 hasta 12:00<br \/>Pago con tarjeta de cr\u00e9dito: American Express, Visa, Euro \/ Mastercard, Diners Club, Maestro. El hotel se reserva el derecho de hacer la previa autorizaci\u00f3n de su tarjeta de cr\u00e9dito antes de su llegada.<\/p>\n<p>Gracias por su inter\u00e9s en nuestros servicios, el Hotel Rotondo te est\u00e1 esperando con alegr\u00eda.<\/p>\n\t\t\t\t\t\t\t\t<\/div>\n\t\t\t\t<div class=\"elementor-element elementor-element-4ad1b68 elementor-widget elementor-widget-button\" data-id=\"4ad1b68\" data-element_type=\"widget\" data-e-type=\"widget\" data-widget_type=\"button.default\">\n\t\t\t\t\t\t\t\t\t\t<a class=\"elementor-button elementor-button-link elementor-size-sm\" href=\"https:\/\/www.hotelrotondo.com\/wp-content\/uploads\/2022\/06\/01_Politika-upravljanja-okolisa-SPANJOLSKI.pdf\">\n\t\t\t\t\t\t<span class=\"elementor-button-content-wrapper\">\n\t\t\t\t\t\t\t\t\t<span class=\"elementor-button-text\">POLITICA DE GESTION DE MEDIOAMBIENTE <\/span>\n\t\t\t\t\t<\/span>\n\t\t\t\t\t<\/a>\n\t\t\t\t\t\t\t\t<\/div>\n\t\t\t\t\t<\/div>\n\t\t<\/div>\n\t\t\t\t\t<\/div>\n\t\t<\/section>\n\t\t\t\t<\/div>\n\t\t","protected":false},"excerpt":{"rendered":"<p>M\u00e1s sobre el hotel Hotel Rotondo Para todos los que desean descansar bien, el Hotel Rotondo ubicado cerca de la ciudad de Trogir, en Seget Donji, a solos 6 km del aeropuerto de Split, puede ser la opci\u00f3n perfecta. Este simp\u00e1tico hotel familiar de 4 * cuenta con 50 c\u00f3modas habitaciones ubicadas en dos edificios. [&hellip;]<\/p>\n","protected":false},"author":1,"featured_media":0,"parent":0,"menu_order":0,"comment_status":"closed","ping_status":"closed","template":"","meta":{"site-sidebar-layout":"no-sidebar","site-content-layout":"page-builder","ast-site-content-layout":"default","site-content-style":"default","site-sidebar-style":"default","ast-global-header-display":"","ast-banner-title-visibility":"","ast-main-header-display":"","ast-hfb-above-header-display":"","ast-hfb-below-header-display":"","ast-hfb-mobile-header-display":"","site-post-title":"disabled","ast-breadcrumbs-content":"","ast-featured-img":"disabled","footer-sml-layout":"","ast-disable-related-posts":"","theme-transparent-header-meta":"default","adv-header-id-meta":"","stick-header-meta":"","header-above-stick-meta":"","header-main-stick-meta":"","header-below-stick-meta":"","astra-migrate-meta-layouts":"default","ast-page-background-enabled":"default","ast-page-background-meta":{"desktop":{"background-color":"","background-image":"","background-repeat":"repeat","background-position":"center center","background-size":"auto","background-attachment":"scroll","background-type":"","background-media":"","overlay-type":"","overlay-color":"","overlay-opacity":"","overlay-gradient":""},"tablet":{"background-color":"","background-image":"","background-repeat":"repeat","background-position":"center center","background-size":"auto","background-attachment":"scroll","background-type":"","background-media":"","overlay-type":"","overlay-color":"","overlay-opacity":"","overlay-gradient":""},"mobile":{"background-color":"","background-image":"","background-repeat":"repeat","background-position":"center center","background-size":"auto","background-attachment":"scroll","background-type":"","background-media":"","overlay-type":"","overlay-color":"","overlay-opacity":"","overlay-gradient":""}},"ast-content-background-meta":{"desktop":{"background-color":"var(--ast-global-color-5)","background-image":"","background-repeat":"repeat","background-position":"center center","background-size":"auto","background-attachment":"scroll","background-type":"","background-media":"","overlay-type":"","overlay-color":"","overlay-opacity":"","overlay-gradient":""},"tablet":{"background-color":"var(--ast-global-color-5)","background-image":"","background-repeat":"repeat","background-position":"center center","background-size":"auto","background-attachment":"scroll","background-type":"","background-media":"","overlay-type":"","overlay-color":"","overlay-opacity":"","overlay-gradient":""},"mobile":{"background-color":"var(--ast-global-color-5)","background-image":"","background-repeat":"repeat","background-position":"center center","background-size":"auto","background-attachment":"scroll","background-type":"","background-media":"","overlay-type":"","overlay-color":"","overlay-opacity":"","overlay-gradient":""}},"footnotes":""},"class_list":["post-1803","page","type-page","status-publish","hentry"],"yoast_head":"<!-- This site is optimized with the Yoast SEO plugin v27.6 - https:\/\/yoast.com\/product\/yoast-seo-wordpress\/ -->\n<title>Hotel - Hotel Rotondo<\/title>\n<meta name=\"robots\" content=\"index, follow, max-snippet:-1, max-image-preview:large, max-video-preview:-1\" \/>\n<link rel=\"canonical\" href=\"https:\/\/www.hotelrotondo.com\/es\/hotel\/\" \/>\n<meta property=\"og:locale\" content=\"es_ES\" \/>\n<meta property=\"og:type\" content=\"article\" \/>\n<meta property=\"og:title\" content=\"Hotel - Hotel Rotondo\" \/>\n<meta property=\"og:description\" content=\"M\u00e1s sobre el hotel Hotel Rotondo Para todos los que desean descansar bien, el Hotel Rotondo ubicado cerca de la ciudad de Trogir, en Seget Donji, a solos 6 km del aeropuerto de Split, puede ser la opci\u00f3n perfecta. Este simp\u00e1tico hotel familiar de 4 * cuenta con 50 c\u00f3modas habitaciones ubicadas en dos edificios. [&hellip;]\" \/>\n<meta property=\"og:url\" content=\"https:\/\/www.hotelrotondo.com\/es\/hotel\/\" \/>\n<meta property=\"og:site_name\" content=\"Hotel Rotondo\" \/>\n<meta property=\"article:modified_time\" content=\"2025-06-26T11:33:44+00:00\" \/>\n<meta name=\"twitter:card\" content=\"summary_large_image\" \/>\n<meta name=\"twitter:label1\" content=\"Tiempo de lectura\" \/>\n\t<meta name=\"twitter:data1\" content=\"2 minutos\" \/>\n<script type=\"application\/ld+json\" class=\"yoast-schema-graph\">{\"@context\":\"https:\\\/\\\/schema.org\",\"@graph\":[{\"@type\":\"WebPage\",\"@id\":\"https:\\\/\\\/www.hotelrotondo.com\\\/es\\\/hotel\\\/\",\"url\":\"https:\\\/\\\/www.hotelrotondo.com\\\/es\\\/hotel\\\/\",\"name\":\"Hotel - Hotel Rotondo\",\"isPartOf\":{\"@id\":\"https:\\\/\\\/www.hotelrotondo.com\\\/es\\\/#website\"},\"datePublished\":\"2019-08-23T14:18:24+00:00\",\"dateModified\":\"2025-06-26T11:33:44+00:00\",\"breadcrumb\":{\"@id\":\"https:\\\/\\\/www.hotelrotondo.com\\\/es\\\/hotel\\\/#breadcrumb\"},\"inLanguage\":\"es\",\"potentialAction\":[{\"@type\":\"ReadAction\",\"target\":[\"https:\\\/\\\/www.hotelrotondo.com\\\/es\\\/hotel\\\/\"]}]},{\"@type\":\"BreadcrumbList\",\"@id\":\"https:\\\/\\\/www.hotelrotondo.com\\\/es\\\/hotel\\\/#breadcrumb\",\"itemListElement\":[{\"@type\":\"ListItem\",\"position\":1,\"name\":\"Po\u010detna stranica\",\"item\":\"https:\\\/\\\/www.hotelrotondo.com\\\/es\\\/\"},{\"@type\":\"ListItem\",\"position\":2,\"name\":\"Hotel\"}]},{\"@type\":\"WebSite\",\"@id\":\"https:\\\/\\\/www.hotelrotondo.com\\\/es\\\/#website\",\"url\":\"https:\\\/\\\/www.hotelrotondo.com\\\/es\\\/\",\"name\":\"Hotel Rotondo\",\"description\":\"Hotel Rotondo, Seget Trogir\",\"publisher\":{\"@id\":\"https:\\\/\\\/www.hotelrotondo.com\\\/es\\\/#organization\"},\"potentialAction\":[{\"@type\":\"SearchAction\",\"target\":{\"@type\":\"EntryPoint\",\"urlTemplate\":\"https:\\\/\\\/www.hotelrotondo.com\\\/es\\\/?s={search_term_string}\"},\"query-input\":{\"@type\":\"PropertyValueSpecification\",\"valueRequired\":true,\"valueName\":\"search_term_string\"}}],\"inLanguage\":\"es\"},{\"@type\":\"Organization\",\"@id\":\"https:\\\/\\\/www.hotelrotondo.com\\\/es\\\/#organization\",\"name\":\"Hotel Rotondo\",\"url\":\"https:\\\/\\\/www.hotelrotondo.com\\\/es\\\/\",\"logo\":{\"@type\":\"ImageObject\",\"inLanguage\":\"es\",\"@id\":\"https:\\\/\\\/www.hotelrotondo.com\\\/es\\\/#\\\/schema\\\/logo\\\/image\\\/\",\"url\":\"https:\\\/\\\/www.hotelrotondo.com\\\/wp-content\\\/uploads\\\/2019\\\/07\\\/logo-hotel.rotondo.png\",\"contentUrl\":\"https:\\\/\\\/www.hotelrotondo.com\\\/wp-content\\\/uploads\\\/2019\\\/07\\\/logo-hotel.rotondo.png\",\"width\":480,\"height\":84,\"caption\":\"Hotel Rotondo\"},\"image\":{\"@id\":\"https:\\\/\\\/www.hotelrotondo.com\\\/es\\\/#\\\/schema\\\/logo\\\/image\\\/\"}}]}<\/script>\n<!-- \/ Yoast SEO plugin. -->","yoast_head_json":{"title":"Hotel - Hotel Rotondo","robots":{"index":"index","follow":"follow","max-snippet":"max-snippet:-1","max-image-preview":"max-image-preview:large","max-video-preview":"max-video-preview:-1"},"canonical":"https:\/\/www.hotelrotondo.com\/es\/hotel\/","og_locale":"es_ES","og_type":"article","og_title":"Hotel - Hotel Rotondo","og_description":"M\u00e1s sobre el hotel Hotel Rotondo Para todos los que desean descansar bien, el Hotel Rotondo ubicado cerca de la ciudad de Trogir, en Seget Donji, a solos 6 km del aeropuerto de Split, puede ser la opci\u00f3n perfecta. Este simp\u00e1tico hotel familiar de 4 * cuenta con 50 c\u00f3modas habitaciones ubicadas en dos edificios. [&hellip;]","og_url":"https:\/\/www.hotelrotondo.com\/es\/hotel\/","og_site_name":"Hotel Rotondo","article_modified_time":"2025-06-26T11:33:44+00:00","twitter_card":"summary_large_image","twitter_misc":{"Tiempo de lectura":"2 minutos"},"schema":{"@context":"https:\/\/schema.org","@graph":[{"@type":"WebPage","@id":"https:\/\/www.hotelrotondo.com\/es\/hotel\/","url":"https:\/\/www.hotelrotondo.com\/es\/hotel\/","name":"Hotel - Hotel Rotondo","isPartOf":{"@id":"https:\/\/www.hotelrotondo.com\/es\/#website"},"datePublished":"2019-08-23T14:18:24+00:00","dateModified":"2025-06-26T11:33:44+00:00","breadcrumb":{"@id":"https:\/\/www.hotelrotondo.com\/es\/hotel\/#breadcrumb"},"inLanguage":"es","potentialAction":[{"@type":"ReadAction","target":["https:\/\/www.hotelrotondo.com\/es\/hotel\/"]}]},{"@type":"BreadcrumbList","@id":"https:\/\/www.hotelrotondo.com\/es\/hotel\/#breadcrumb","itemListElement":[{"@type":"ListItem","position":1,"name":"Po\u010detna stranica","item":"https:\/\/www.hotelrotondo.com\/es\/"},{"@type":"ListItem","position":2,"name":"Hotel"}]},{"@type":"WebSite","@id":"https:\/\/www.hotelrotondo.com\/es\/#website","url":"https:\/\/www.hotelrotondo.com\/es\/","name":"Hotel Rotondo","description":"Hotel Rotondo, Seget Trogir","publisher":{"@id":"https:\/\/www.hotelrotondo.com\/es\/#organization"},"potentialAction":[{"@type":"SearchAction","target":{"@type":"EntryPoint","urlTemplate":"https:\/\/www.hotelrotondo.com\/es\/?s={search_term_string}"},"query-input":{"@type":"PropertyValueSpecification","valueRequired":true,"valueName":"search_term_string"}}],"inLanguage":"es"},{"@type":"Organization","@id":"https:\/\/www.hotelrotondo.com\/es\/#organization","name":"Hotel Rotondo","url":"https:\/\/www.hotelrotondo.com\/es\/","logo":{"@type":"ImageObject","inLanguage":"es","@id":"https:\/\/www.hotelrotondo.com\/es\/#\/schema\/logo\/image\/","url":"https:\/\/www.hotelrotondo.com\/wp-content\/uploads\/2019\/07\/logo-hotel.rotondo.png","contentUrl":"https:\/\/www.hotelrotondo.com\/wp-content\/uploads\/2019\/07\/logo-hotel.rotondo.png","width":480,"height":84,"caption":"Hotel Rotondo"},"image":{"@id":"https:\/\/www.hotelrotondo.com\/es\/#\/schema\/logo\/image\/"}}]}},"_links":{"self":[{"href":"https:\/\/www.hotelrotondo.com\/es\/wp-json\/wp\/v2\/pages\/1803","targetHints":{"allow":["GET"]}}],"collection":[{"href":"https:\/\/www.hotelrotondo.com\/es\/wp-json\/wp\/v2\/pages"}],"about":[{"href":"https:\/\/www.hotelrotondo.com\/es\/wp-json\/wp\/v2\/types\/page"}],"author":[{"embeddable":true,"href":"https:\/\/www.hotelrotondo.com\/es\/wp-json\/wp\/v2\/users\/1"}],"replies":[{"embeddable":true,"href":"https:\/\/www.hotelrotondo.com\/es\/wp-json\/wp\/v2\/comments?post=1803"}],"version-history":[{"count":4,"href":"https:\/\/www.hotelrotondo.com\/es\/wp-json\/wp\/v2\/pages\/1803\/revisions"}],"predecessor-version":[{"id":3142,"href":"https:\/\/www.hotelrotondo.com\/es\/wp-json\/wp\/v2\/pages\/1803\/revisions\/3142"}],"wp:attachment":[{"href":"https:\/\/www.hotelrotondo.com\/es\/wp-json\/wp\/v2\/media?parent=1803"}],"curies":[{"name":"wp","href":"https:\/\/api.w.org\/{rel}","templated":true}]}}