{"id":1807,"date":"2019-08-23T14:19:56","date_gmt":"2019-08-23T14:19:56","guid":{"rendered":"https:\/\/www.hotelrotondo.com\/politica-de-privacidad\/"},"modified":"2019-08-23T14:19:57","modified_gmt":"2019-08-23T14:19:57","slug":"politica-de-privacidad","status":"publish","type":"page","link":"https:\/\/www.hotelrotondo.com\/es\/politica-de-privacidad\/","title":{"rendered":"Pol\u00edtica de privacidad"},"content":{"rendered":"\t\t<div data-elementor-type=\"wp-post\" data-elementor-id=\"1807\" class=\"elementor elementor-1807 elementor-3\" data-elementor-post-type=\"page\">\n\t\t\t\t\t\t<section class=\"elementor-section elementor-top-section elementor-element elementor-element-0a79725 elementor-section-boxed elementor-section-height-default elementor-section-height-default\" data-id=\"0a79725\" data-element_type=\"section\" data-e-type=\"section\">\n\t\t\t\t\t\t<div class=\"elementor-container elementor-column-gap-default\">\n\t\t\t\t\t<div class=\"elementor-column elementor-col-100 elementor-top-column elementor-element elementor-element-af4152b\" data-id=\"af4152b\" data-element_type=\"column\" data-e-type=\"column\">\n\t\t\t<div class=\"elementor-widget-wrap elementor-element-populated\">\n\t\t\t\t\t\t<div class=\"elementor-element elementor-element-89ed865 elementor-widget elementor-widget-text-editor\" data-id=\"89ed865\" data-element_type=\"widget\" data-e-type=\"widget\" data-widget_type=\"text-editor.default\">\n\t\t\t\t\t\t\t\t\t<p>Pol\u00edtica de privacidad<\/p>\n\t\t\t\t\t\t\t\t<\/div>\n\t\t\t\t\t<\/div>\n\t\t<\/div>\n\t\t\t\t\t<\/div>\n\t\t<\/section>\n\t\t\t\t<section class=\"elementor-section elementor-top-section elementor-element elementor-element-37c85e1 elementor-section-boxed elementor-section-height-default elementor-section-height-default\" data-id=\"37c85e1\" data-element_type=\"section\" data-e-type=\"section\">\n\t\t\t\t\t\t<div class=\"elementor-container elementor-column-gap-default\">\n\t\t\t\t\t<div class=\"elementor-column elementor-col-100 elementor-top-column elementor-element elementor-element-d796d26\" data-id=\"d796d26\" data-element_type=\"column\" data-e-type=\"column\">\n\t\t\t<div class=\"elementor-widget-wrap elementor-element-populated\">\n\t\t\t\t\t\t<div class=\"elementor-element elementor-element-645a990 elementor-widget elementor-widget-text-editor\" data-id=\"645a990\" data-element_type=\"widget\" data-e-type=\"widget\" data-widget_type=\"text-editor.default\">\n\t\t\t\t\t\t\t\t\t<p>Estimados hu\u00e9spedes, estamos obligados a informarle que de acuerdo con el Reglamento General de Protecci\u00f3n de Datos &#8211; GDPR, al reservar y llegar a nuestro alojamiento, usted acepta proporcionar su identidad o informaci\u00f3n personal (nombre y apellido, tipo y n\u00famero de documento de identificaci\u00f3n, g\u00e9nero, pa\u00eds) y direcci\u00f3n de residencia y nacimiento, ciudadan\u00eda y fecha de nacimiento) con el fin de registrar a los turistas en el sistema de informaci\u00f3n de las juntas de turismo de la Rep\u00fablica de Croacia para el registro y la baja de los turistas &#8211; eVisitor (Ley del impuesto de residencia NN 152\/08).<\/p>\n<p>El contenido de sus datos personales se recopila para el procesamiento de datos estad\u00edsticos y est\u00e1 destinado exclusivamente a las juntas de turismo, instituciones p\u00fablicas y ministerios que participan en este proceso (Ministerio de Turismo &#8211; Inspecci\u00f3n de Turismo, Ministerio del Interior y Ministerio de Finanzas &#8211; Aduanas).<br \/>\nCualquier uso no autorizado, publicaci\u00f3n, reproducci\u00f3n, procesamiento, reproducci\u00f3n, visualizaci\u00f3n, transmisi\u00f3n, distribuci\u00f3n, grabaci\u00f3n o cualquier otra forma de uso no autorizado de su informaci\u00f3n est\u00e1 estrictamente prohibido.<br \/>\nSi por alguna raz\u00f3n no puede o no quiere darnos acceso a su informaci\u00f3n, estamos autorizados a no brindarle el servicio de alojamiento.<br \/>\nGracias por su comprensi\u00f3n<br \/>\nHotel Rotondo.<\/p>\n\t\t\t\t\t\t\t\t<\/div>\n\t\t\t\t\t<\/div>\n\t\t<\/div>\n\t\t\t\t\t<\/div>\n\t\t<\/section>\n\t\t\t\t<\/div>\n\t\t","protected":false},"excerpt":{"rendered":"<p>Pol\u00edtica de privacidad Estimados hu\u00e9spedes, estamos obligados a informarle que de acuerdo con el Reglamento General de Protecci\u00f3n de Datos &#8211; GDPR, al reservar y llegar a nuestro alojamiento, usted acepta proporcionar su identidad o informaci\u00f3n personal (nombre y apellido, tipo y n\u00famero de documento de identificaci\u00f3n, g\u00e9nero, pa\u00eds) y direcci\u00f3n de residencia y nacimiento, [&hellip;]<\/p>\n","protected":false},"author":1,"featured_media":0,"parent":0,"menu_order":0,"comment_status":"closed","ping_status":"closed","template":"","meta":{"site-sidebar-layout":"no-sidebar","site-content-layout":"page-builder","ast-site-content-layout":"default","site-content-style":"default","site-sidebar-style":"default","ast-global-header-display":"","ast-banner-title-visibility":"","ast-main-header-display":"","ast-hfb-above-header-display":"","ast-hfb-below-header-display":"","ast-hfb-mobile-header-display":"","site-post-title":"disabled","ast-breadcrumbs-content":"","ast-featured-img":"disabled","footer-sml-layout":"","ast-disable-related-posts":"","theme-transparent-header-meta":"default","adv-header-id-meta":"","stick-header-meta":"","header-above-stick-meta":"","header-main-stick-meta":"","header-below-stick-meta":"","astra-migrate-meta-layouts":"default","ast-page-background-enabled":"default","ast-page-background-meta":{"desktop":{"background-color":"","background-image":"","background-repeat":"repeat","background-position":"center center","background-size":"auto","background-attachment":"scroll","background-type":"","background-media":"","overlay-type":"","overlay-color":"","overlay-opacity":"","overlay-gradient":""},"tablet":{"background-color":"","background-image":"","background-repeat":"repeat","background-position":"center center","background-size":"auto","background-attachment":"scroll","background-type":"","background-media":"","overlay-type":"","overlay-color":"","overlay-opacity":"","overlay-gradient":""},"mobile":{"background-color":"","background-image":"","background-repeat":"repeat","background-position":"center center","background-size":"auto","background-attachment":"scroll","background-type":"","background-media":"","overlay-type":"","overlay-color":"","overlay-opacity":"","overlay-gradient":""}},"ast-content-background-meta":{"desktop":{"background-color":"var(--ast-global-color-5)","background-image":"","background-repeat":"repeat","background-position":"center center","background-size":"auto","background-attachment":"scroll","background-type":"","background-media":"","overlay-type":"","overlay-color":"","overlay-opacity":"","overlay-gradient":""},"tablet":{"background-color":"var(--ast-global-color-5)","background-image":"","background-repeat":"repeat","background-position":"center center","background-size":"auto","background-attachment":"scroll","background-type":"","background-media":"","overlay-type":"","overlay-color":"","overlay-opacity":"","overlay-gradient":""},"mobile":{"background-color":"var(--ast-global-color-5)","background-image":"","background-repeat":"repeat","background-position":"center center","background-size":"auto","background-attachment":"scroll","background-type":"","background-media":"","overlay-type":"","overlay-color":"","overlay-opacity":"","overlay-gradient":""}},"footnotes":""},"class_list":["post-1807","page","type-page","status-publish","hentry"],"yoast_head":"<!-- This site is optimized with the Yoast SEO plugin v27.4 - https:\/\/yoast.com\/product\/yoast-seo-wordpress\/ -->\n<title>Pol\u00edtica de privacidad - Hotel Rotondo<\/title>\n<meta name=\"robots\" content=\"index, follow, max-snippet:-1, max-image-preview:large, max-video-preview:-1\" \/>\n<link rel=\"canonical\" href=\"https:\/\/www.hotelrotondo.com\/es\/politica-de-privacidad\/\" \/>\n<meta property=\"og:locale\" content=\"es_ES\" \/>\n<meta property=\"og:type\" content=\"article\" \/>\n<meta property=\"og:title\" content=\"Pol\u00edtica de privacidad - Hotel Rotondo\" \/>\n<meta property=\"og:description\" content=\"Pol\u00edtica de privacidad Estimados hu\u00e9spedes, estamos obligados a informarle que de acuerdo con el Reglamento General de Protecci\u00f3n de Datos &#8211; GDPR, al reservar y llegar a nuestro alojamiento, usted acepta proporcionar su identidad o informaci\u00f3n personal (nombre y apellido, tipo y n\u00famero de documento de identificaci\u00f3n, g\u00e9nero, pa\u00eds) y direcci\u00f3n de residencia y nacimiento, [&hellip;]\" \/>\n<meta property=\"og:url\" content=\"https:\/\/www.hotelrotondo.com\/es\/politica-de-privacidad\/\" \/>\n<meta property=\"og:site_name\" content=\"Hotel Rotondo\" \/>\n<meta property=\"article:modified_time\" content=\"2019-08-23T14:19:57+00:00\" \/>\n<meta name=\"twitter:card\" content=\"summary_large_image\" \/>\n<meta name=\"twitter:label1\" content=\"Tiempo de lectura\" \/>\n\t<meta name=\"twitter:data1\" content=\"1 minuto\" \/>\n<script type=\"application\/ld+json\" class=\"yoast-schema-graph\">{\"@context\":\"https:\\\/\\\/schema.org\",\"@graph\":[{\"@type\":\"WebPage\",\"@id\":\"https:\\\/\\\/www.hotelrotondo.com\\\/es\\\/politica-de-privacidad\\\/\",\"url\":\"https:\\\/\\\/www.hotelrotondo.com\\\/es\\\/politica-de-privacidad\\\/\",\"name\":\"Pol\u00edtica de privacidad - Hotel Rotondo\",\"isPartOf\":{\"@id\":\"https:\\\/\\\/www.hotelrotondo.com\\\/es\\\/#website\"},\"datePublished\":\"2019-08-23T14:19:56+00:00\",\"dateModified\":\"2019-08-23T14:19:57+00:00\",\"breadcrumb\":{\"@id\":\"https:\\\/\\\/www.hotelrotondo.com\\\/es\\\/politica-de-privacidad\\\/#breadcrumb\"},\"inLanguage\":\"es\",\"potentialAction\":[{\"@type\":\"ReadAction\",\"target\":[\"https:\\\/\\\/www.hotelrotondo.com\\\/es\\\/politica-de-privacidad\\\/\"]}]},{\"@type\":\"BreadcrumbList\",\"@id\":\"https:\\\/\\\/www.hotelrotondo.com\\\/es\\\/politica-de-privacidad\\\/#breadcrumb\",\"itemListElement\":[{\"@type\":\"ListItem\",\"position\":1,\"name\":\"Po\u010detna stranica\",\"item\":\"https:\\\/\\\/www.hotelrotondo.com\\\/es\\\/\"},{\"@type\":\"ListItem\",\"position\":2,\"name\":\"Pol\u00edtica de privacidad\"}]},{\"@type\":\"WebSite\",\"@id\":\"https:\\\/\\\/www.hotelrotondo.com\\\/es\\\/#website\",\"url\":\"https:\\\/\\\/www.hotelrotondo.com\\\/es\\\/\",\"name\":\"Hotel Rotondo\",\"description\":\"Hotel Rotondo, Seget Trogir\",\"publisher\":{\"@id\":\"https:\\\/\\\/www.hotelrotondo.com\\\/es\\\/#organization\"},\"potentialAction\":[{\"@type\":\"SearchAction\",\"target\":{\"@type\":\"EntryPoint\",\"urlTemplate\":\"https:\\\/\\\/www.hotelrotondo.com\\\/es\\\/?s={search_term_string}\"},\"query-input\":{\"@type\":\"PropertyValueSpecification\",\"valueRequired\":true,\"valueName\":\"search_term_string\"}}],\"inLanguage\":\"es\"},{\"@type\":\"Organization\",\"@id\":\"https:\\\/\\\/www.hotelrotondo.com\\\/es\\\/#organization\",\"name\":\"Hotel Rotondo\",\"url\":\"https:\\\/\\\/www.hotelrotondo.com\\\/es\\\/\",\"logo\":{\"@type\":\"ImageObject\",\"inLanguage\":\"es\",\"@id\":\"https:\\\/\\\/www.hotelrotondo.com\\\/es\\\/#\\\/schema\\\/logo\\\/image\\\/\",\"url\":\"https:\\\/\\\/www.hotelrotondo.com\\\/wp-content\\\/uploads\\\/2019\\\/07\\\/logo-hotel.rotondo.png\",\"contentUrl\":\"https:\\\/\\\/www.hotelrotondo.com\\\/wp-content\\\/uploads\\\/2019\\\/07\\\/logo-hotel.rotondo.png\",\"width\":480,\"height\":84,\"caption\":\"Hotel Rotondo\"},\"image\":{\"@id\":\"https:\\\/\\\/www.hotelrotondo.com\\\/es\\\/#\\\/schema\\\/logo\\\/image\\\/\"}}]}<\/script>\n<!-- \/ Yoast SEO plugin. -->","yoast_head_json":{"title":"Pol\u00edtica de privacidad - Hotel Rotondo","robots":{"index":"index","follow":"follow","max-snippet":"max-snippet:-1","max-image-preview":"max-image-preview:large","max-video-preview":"max-video-preview:-1"},"canonical":"https:\/\/www.hotelrotondo.com\/es\/politica-de-privacidad\/","og_locale":"es_ES","og_type":"article","og_title":"Pol\u00edtica de privacidad - Hotel Rotondo","og_description":"Pol\u00edtica de privacidad Estimados hu\u00e9spedes, estamos obligados a informarle que de acuerdo con el Reglamento General de Protecci\u00f3n de Datos &#8211; GDPR, al reservar y llegar a nuestro alojamiento, usted acepta proporcionar su identidad o informaci\u00f3n personal (nombre y apellido, tipo y n\u00famero de documento de identificaci\u00f3n, g\u00e9nero, pa\u00eds) y direcci\u00f3n de residencia y nacimiento, [&hellip;]","og_url":"https:\/\/www.hotelrotondo.com\/es\/politica-de-privacidad\/","og_site_name":"Hotel Rotondo","article_modified_time":"2019-08-23T14:19:57+00:00","twitter_card":"summary_large_image","twitter_misc":{"Tiempo de lectura":"1 minuto"},"schema":{"@context":"https:\/\/schema.org","@graph":[{"@type":"WebPage","@id":"https:\/\/www.hotelrotondo.com\/es\/politica-de-privacidad\/","url":"https:\/\/www.hotelrotondo.com\/es\/politica-de-privacidad\/","name":"Pol\u00edtica de privacidad - Hotel Rotondo","isPartOf":{"@id":"https:\/\/www.hotelrotondo.com\/es\/#website"},"datePublished":"2019-08-23T14:19:56+00:00","dateModified":"2019-08-23T14:19:57+00:00","breadcrumb":{"@id":"https:\/\/www.hotelrotondo.com\/es\/politica-de-privacidad\/#breadcrumb"},"inLanguage":"es","potentialAction":[{"@type":"ReadAction","target":["https:\/\/www.hotelrotondo.com\/es\/politica-de-privacidad\/"]}]},{"@type":"BreadcrumbList","@id":"https:\/\/www.hotelrotondo.com\/es\/politica-de-privacidad\/#breadcrumb","itemListElement":[{"@type":"ListItem","position":1,"name":"Po\u010detna stranica","item":"https:\/\/www.hotelrotondo.com\/es\/"},{"@type":"ListItem","position":2,"name":"Pol\u00edtica de privacidad"}]},{"@type":"WebSite","@id":"https:\/\/www.hotelrotondo.com\/es\/#website","url":"https:\/\/www.hotelrotondo.com\/es\/","name":"Hotel Rotondo","description":"Hotel Rotondo, Seget Trogir","publisher":{"@id":"https:\/\/www.hotelrotondo.com\/es\/#organization"},"potentialAction":[{"@type":"SearchAction","target":{"@type":"EntryPoint","urlTemplate":"https:\/\/www.hotelrotondo.com\/es\/?s={search_term_string}"},"query-input":{"@type":"PropertyValueSpecification","valueRequired":true,"valueName":"search_term_string"}}],"inLanguage":"es"},{"@type":"Organization","@id":"https:\/\/www.hotelrotondo.com\/es\/#organization","name":"Hotel Rotondo","url":"https:\/\/www.hotelrotondo.com\/es\/","logo":{"@type":"ImageObject","inLanguage":"es","@id":"https:\/\/www.hotelrotondo.com\/es\/#\/schema\/logo\/image\/","url":"https:\/\/www.hotelrotondo.com\/wp-content\/uploads\/2019\/07\/logo-hotel.rotondo.png","contentUrl":"https:\/\/www.hotelrotondo.com\/wp-content\/uploads\/2019\/07\/logo-hotel.rotondo.png","width":480,"height":84,"caption":"Hotel Rotondo"},"image":{"@id":"https:\/\/www.hotelrotondo.com\/es\/#\/schema\/logo\/image\/"}}]}},"_links":{"self":[{"href":"https:\/\/www.hotelrotondo.com\/es\/wp-json\/wp\/v2\/pages\/1807","targetHints":{"allow":["GET"]}}],"collection":[{"href":"https:\/\/www.hotelrotondo.com\/es\/wp-json\/wp\/v2\/pages"}],"about":[{"href":"https:\/\/www.hotelrotondo.com\/es\/wp-json\/wp\/v2\/types\/page"}],"author":[{"embeddable":true,"href":"https:\/\/www.hotelrotondo.com\/es\/wp-json\/wp\/v2\/users\/1"}],"replies":[{"embeddable":true,"href":"https:\/\/www.hotelrotondo.com\/es\/wp-json\/wp\/v2\/comments?post=1807"}],"version-history":[{"count":0,"href":"https:\/\/www.hotelrotondo.com\/es\/wp-json\/wp\/v2\/pages\/1807\/revisions"}],"wp:attachment":[{"href":"https:\/\/www.hotelrotondo.com\/es\/wp-json\/wp\/v2\/media?parent=1807"}],"curies":[{"name":"wp","href":"https:\/\/api.w.org\/{rel}","templated":true}]}}