{"id":1979,"date":"2019-08-23T14:27:32","date_gmt":"2019-08-23T14:27:32","guid":{"rendered":"https:\/\/www.hotelrotondo.com\/spa-y-bienestar\/"},"modified":"2021-06-04T11:02:28","modified_gmt":"2021-06-04T11:02:28","slug":"spa-y-bienestar","status":"publish","type":"page","link":"https:\/\/www.hotelrotondo.com\/es\/spa-y-bienestar\/","title":{"rendered":"SPA y Bienestar"},"content":{"rendered":"\t\t<div data-elementor-type=\"wp-post\" data-elementor-id=\"1979\" class=\"elementor elementor-1979 elementor-47\" data-elementor-post-type=\"page\">\n\t\t\t\t\t\t<section class=\"elementor-section elementor-top-section elementor-element elementor-element-c270d43 elementor-section-full_width elementor-section-height-default elementor-section-height-default\" data-id=\"c270d43\" data-element_type=\"section\" data-e-type=\"section\" data-settings=\"{&quot;background_background&quot;:&quot;classic&quot;}\">\n\t\t\t\t\t\t<div class=\"elementor-container elementor-column-gap-no\">\n\t\t\t\t\t<div class=\"elementor-column elementor-col-100 elementor-top-column elementor-element elementor-element-3b99d84\" data-id=\"3b99d84\" data-element_type=\"column\" data-e-type=\"column\" data-settings=\"{&quot;background_background&quot;:&quot;classic&quot;}\">\n\t\t\t<div class=\"elementor-widget-wrap elementor-element-populated\">\n\t\t\t\t\t\t<div class=\"elementor-element elementor-element-5fbaed4 elementor--h-position-center elementor--v-position-middle elementor-widget elementor-widget-slides\" data-id=\"5fbaed4\" data-element_type=\"widget\" data-e-type=\"widget\" data-settings=\"{&quot;navigation&quot;:&quot;none&quot;,&quot;transition&quot;:&quot;slide&quot;,&quot;transition_speed&quot;:500}\" data-widget_type=\"slides.default\">\n\t\t\t\t\t\t\t\t\t\t<div class=\"elementor-slides-wrapper elementor-main-swiper swiper\" role=\"region\" aria-roledescription=\"carousel\" aria-label=\"Diapositivas\" dir=\"ltr\" data-animation=\"fadeInUp\">\n\t\t\t\t<div class=\"swiper-wrapper elementor-slides\">\n\t\t\t\t\t\t\t\t\t\t<div class=\"elementor-repeater-item-9597cb4 swiper-slide\" role=\"group\" aria-roledescription=\"slide\"><div class=\"swiper-slide-bg\" role=\"img\" aria-label=\"3CL_9342_HOTEL_ROTONDO_x\"><\/div><div class=\"swiper-slide-inner\" ><div class=\"swiper-slide-contents\"><div class=\"elementor-slide-heading\">SPA Y BIENESTAR<\/div><\/div><\/div><\/div>\t\t\t\t<\/div>\n\t\t\t\t\t\t\t<\/div>\n\t\t\t\t\t\t\t\t<\/div>\n\t\t\t\t\t<\/div>\n\t\t<\/div>\n\t\t\t\t\t<\/div>\n\t\t<\/section>\n\t\t\t\t<section class=\"elementor-section elementor-top-section elementor-element elementor-element-231e9da5 elementor-section-boxed elementor-section-height-default elementor-section-height-default\" data-id=\"231e9da5\" data-element_type=\"section\" data-e-type=\"section\">\n\t\t\t\t\t\t<div class=\"elementor-container elementor-column-gap-default\">\n\t\t\t\t\t<div class=\"elementor-column elementor-col-100 elementor-top-column elementor-element elementor-element-34c30f28\" data-id=\"34c30f28\" data-element_type=\"column\" data-e-type=\"column\">\n\t\t\t<div class=\"elementor-widget-wrap elementor-element-populated\">\n\t\t\t\t\t\t<div class=\"elementor-element elementor-element-473ae46a elementor-widget elementor-widget-heading\" data-id=\"473ae46a\" data-element_type=\"widget\" data-e-type=\"widget\" data-widget_type=\"heading.default\">\n\t\t\t\t\t<h2 class=\"elementor-heading-title elementor-size-default\">Hotel Rotondo<\/h2>\t\t\t\t<\/div>\n\t\t\t\t<div class=\"elementor-element elementor-element-6a4f8503 elementor-widget elementor-widget-text-editor\" data-id=\"6a4f8503\" data-element_type=\"widget\" data-e-type=\"widget\" data-widget_type=\"text-editor.default\">\n\t\t\t\t\t\t\t\t\t<p>El Hotel Rotondo ofrece uso gratuito del centro de spa y bienestar para que sus hu\u00e9spedes puedan tener una estancia a\u00fan m\u00e1s confortable. Los tratamientos de spa especialmente dise\u00f1ados se complementan con los aceites esenciales naturales de la regi\u00f3n D\u00e1lmata, siempre con el objetivo de reducir el estr\u00e9s.<\/p>\n<p>Adaptamos nuestra oferta a sus deseos.<\/p>\n<p>En la oferta de bienestar pod\u00e9is disfrutar de los diversos servicios que ofrecemos:<\/p>\n<p>\u2022 piscina cubierta 8m x 3m<br \/>\n\u2022 gimnasio<br \/>\n\u2022 sauna finlandesa<br \/>\n\u2022 ba\u00f1o turco<br \/>\n\u2022 masaje &#8211; Cargos adicionales<br \/>\n\u2022 diversos tratamientos de relajaci\u00f3n<\/p>\n\t\t\t\t\t\t\t\t<\/div>\n\t\t\t\t<div class=\"elementor-element elementor-element-463cdbe elementor-widget elementor-widget-button\" data-id=\"463cdbe\" data-element_type=\"widget\" data-e-type=\"widget\" data-widget_type=\"button.default\">\n\t\t\t\t\t\t\t\t\t\t<a class=\"elementor-button elementor-button-link elementor-size-sm\" href=\"tel:+385992110781\">\n\t\t\t\t\t\t<span class=\"elementor-button-content-wrapper\">\n\t\t\t\t\t\t\t\t\t<span class=\"elementor-button-text\">An\u0111elko Duvan\u010di\u0107  - +385 99 2110 781 <\/span>\n\t\t\t\t\t<\/span>\n\t\t\t\t\t<\/a>\n\t\t\t\t\t\t\t\t<\/div>\n\t\t\t\t\t<\/div>\n\t\t<\/div>\n\t\t\t\t\t<\/div>\n\t\t<\/section>\n\t\t\t\t<section class=\"elementor-section elementor-top-section elementor-element elementor-element-288edaba elementor-section-full_width elementor-section-height-default elementor-section-height-default\" data-id=\"288edaba\" data-element_type=\"section\" data-e-type=\"section\">\n\t\t\t\t\t\t<div class=\"elementor-container elementor-column-gap-default\">\n\t\t\t\t\t<div class=\"elementor-column elementor-col-100 elementor-top-column elementor-element elementor-element-1a34ef59\" data-id=\"1a34ef59\" data-element_type=\"column\" data-e-type=\"column\">\n\t\t\t<div class=\"elementor-widget-wrap elementor-element-populated\">\n\t\t\t\t\t\t<div class=\"elementor-element elementor-element-27cb1d9f uael-ins-normal elementor-widget elementor-widget-uael-image-gallery\" data-id=\"27cb1d9f\" data-element_type=\"widget\" data-e-type=\"widget\" data-settings=\"{&quot;justified_margin&quot;:{&quot;unit&quot;:&quot;px&quot;,&quot;size&quot;:3,&quot;sizes&quot;:[]},&quot;justified_margin_tablet&quot;:{&quot;unit&quot;:&quot;px&quot;,&quot;size&quot;:&quot;&quot;,&quot;sizes&quot;:[]},&quot;justified_margin_mobile&quot;:{&quot;unit&quot;:&quot;px&quot;,&quot;size&quot;:&quot;&quot;,&quot;sizes&quot;:[]}}\" data-widget_type=\"uael-image-gallery.default\">\n\t\t\t\t<div class=\"elementor-widget-container\">\n\t\t\t\t\t<div class=\"uael-gallery-parent uael-caption- \"><div class=\"uael-img-gallery-wrap uael-img-justified-wrap uael-img-grid-masonry-wrap uael-image-lightbox-wrap\" data-filter-default=\"All\" data-rowheight=\"120\" data-lastrow=\"justify\" data-lightbox_actions=\"[&quot;close&quot;]\" data-lightbox-gallery-loop=\"\"><div class=\"uael-grid-item \"><div class=\"uael-grid-item-content\"><a class=\"uael-grid-img uael-grid-gallery-img uael-ins-hover elementor-clickable\" data-fancybox=\"uael-gallery\" href=\"https:\/\/www.hotelrotondo.com\/wp-content\/uploads\/2019\/07\/3CL_9346_HOTEL_ROTONDO_x.jpg\" data-elementor-open-lightbox=\"no\"><div class=\"uael-grid-img-thumbnail uael-ins-target\"><img fetchpriority=\"high\" decoding=\"async\" width=\"800\" height=\"532\" src=\"https:\/\/www.hotelrotondo.com\/wp-content\/uploads\/2019\/07\/3CL_9346_HOTEL_ROTONDO_x.jpg\" class=\"attachment-full size-full wp-image-279\" alt=\"\" srcset=\"https:\/\/www.hotelrotondo.com\/wp-content\/uploads\/2019\/07\/3CL_9346_HOTEL_ROTONDO_x.jpg 800w, https:\/\/www.hotelrotondo.com\/wp-content\/uploads\/2019\/07\/3CL_9346_HOTEL_ROTONDO_x-300x200.jpg 300w, https:\/\/www.hotelrotondo.com\/wp-content\/uploads\/2019\/07\/3CL_9346_HOTEL_ROTONDO_x-768x511.jpg 768w\" sizes=\"(max-width: 800px) 100vw, 800px\" \/><\/div><div class=\"uael-grid-img-overlay\"><\/div><\/a><\/div><\/div><div class=\"uael-grid-item \"><div class=\"uael-grid-item-content\"><a class=\"uael-grid-img uael-grid-gallery-img uael-ins-hover elementor-clickable\" data-fancybox=\"uael-gallery\" href=\"https:\/\/www.hotelrotondo.com\/wp-content\/uploads\/2019\/07\/3CL_9341_HOTEL_ROTONDO_x.jpg\" data-elementor-open-lightbox=\"no\"><div class=\"uael-grid-img-thumbnail uael-ins-target\"><img decoding=\"async\" width=\"800\" height=\"532\" src=\"https:\/\/www.hotelrotondo.com\/wp-content\/uploads\/2019\/07\/3CL_9341_HOTEL_ROTONDO_x.jpg\" class=\"attachment-full size-full wp-image-277\" alt=\"\" srcset=\"https:\/\/www.hotelrotondo.com\/wp-content\/uploads\/2019\/07\/3CL_9341_HOTEL_ROTONDO_x.jpg 800w, https:\/\/www.hotelrotondo.com\/wp-content\/uploads\/2019\/07\/3CL_9341_HOTEL_ROTONDO_x-300x200.jpg 300w, https:\/\/www.hotelrotondo.com\/wp-content\/uploads\/2019\/07\/3CL_9341_HOTEL_ROTONDO_x-768x511.jpg 768w\" sizes=\"(max-width: 800px) 100vw, 800px\" \/><\/div><div class=\"uael-grid-img-overlay\"><\/div><\/a><\/div><\/div><div class=\"uael-grid-item \"><div class=\"uael-grid-item-content\"><a class=\"uael-grid-img uael-grid-gallery-img uael-ins-hover elementor-clickable\" data-fancybox=\"uael-gallery\" href=\"https:\/\/www.hotelrotondo.com\/wp-content\/uploads\/2019\/07\/3CL_9355_HOTEL_ROTONDO_x.jpg\" data-elementor-open-lightbox=\"no\"><div class=\"uael-grid-img-thumbnail uael-ins-target\"><img decoding=\"async\" width=\"800\" height=\"622\" src=\"https:\/\/www.hotelrotondo.com\/wp-content\/uploads\/2019\/07\/3CL_9355_HOTEL_ROTONDO_x.jpg\" class=\"attachment-full size-full wp-image-276\" alt=\"\" srcset=\"https:\/\/www.hotelrotondo.com\/wp-content\/uploads\/2019\/07\/3CL_9355_HOTEL_ROTONDO_x.jpg 800w, https:\/\/www.hotelrotondo.com\/wp-content\/uploads\/2019\/07\/3CL_9355_HOTEL_ROTONDO_x-300x233.jpg 300w, https:\/\/www.hotelrotondo.com\/wp-content\/uploads\/2019\/07\/3CL_9355_HOTEL_ROTONDO_x-768x597.jpg 768w\" sizes=\"(max-width: 800px) 100vw, 800px\" \/><\/div><div class=\"uael-grid-img-overlay\"><\/div><\/a><\/div><\/div><div class=\"uael-grid-item \"><div class=\"uael-grid-item-content\"><a class=\"uael-grid-img uael-grid-gallery-img uael-ins-hover elementor-clickable\" data-fancybox=\"uael-gallery\" href=\"https:\/\/www.hotelrotondo.com\/wp-content\/uploads\/2019\/07\/3CL_9365_HOTEL_ROTONDO_x.jpg\" data-elementor-open-lightbox=\"no\"><div class=\"uael-grid-img-thumbnail uael-ins-target\"><img loading=\"lazy\" decoding=\"async\" width=\"800\" height=\"532\" src=\"https:\/\/www.hotelrotondo.com\/wp-content\/uploads\/2019\/07\/3CL_9365_HOTEL_ROTONDO_x.jpg\" class=\"attachment-full size-full wp-image-282\" alt=\"\" srcset=\"https:\/\/www.hotelrotondo.com\/wp-content\/uploads\/2019\/07\/3CL_9365_HOTEL_ROTONDO_x.jpg 800w, https:\/\/www.hotelrotondo.com\/wp-content\/uploads\/2019\/07\/3CL_9365_HOTEL_ROTONDO_x-300x200.jpg 300w, https:\/\/www.hotelrotondo.com\/wp-content\/uploads\/2019\/07\/3CL_9365_HOTEL_ROTONDO_x-768x511.jpg 768w\" sizes=\"(max-width: 800px) 100vw, 800px\" \/><\/div><div class=\"uael-grid-img-overlay\"><\/div><\/a><\/div><\/div><div class=\"uael-grid-item \"><div class=\"uael-grid-item-content\"><a class=\"uael-grid-img uael-grid-gallery-img uael-ins-hover elementor-clickable\" data-fancybox=\"uael-gallery\" href=\"https:\/\/www.hotelrotondo.com\/wp-content\/uploads\/2019\/07\/3CL_9375_HOTEL_ROTONDO_x.jpg\" data-elementor-open-lightbox=\"no\"><div class=\"uael-grid-img-thumbnail uael-ins-target\"><img loading=\"lazy\" decoding=\"async\" width=\"800\" height=\"532\" src=\"https:\/\/www.hotelrotondo.com\/wp-content\/uploads\/2019\/07\/3CL_9375_HOTEL_ROTONDO_x.jpg\" class=\"attachment-full size-full wp-image-283\" alt=\"\" srcset=\"https:\/\/www.hotelrotondo.com\/wp-content\/uploads\/2019\/07\/3CL_9375_HOTEL_ROTONDO_x.jpg 800w, https:\/\/www.hotelrotondo.com\/wp-content\/uploads\/2019\/07\/3CL_9375_HOTEL_ROTONDO_x-300x200.jpg 300w, https:\/\/www.hotelrotondo.com\/wp-content\/uploads\/2019\/07\/3CL_9375_HOTEL_ROTONDO_x-768x511.jpg 768w\" sizes=\"(max-width: 800px) 100vw, 800px\" \/><\/div><div class=\"uael-grid-img-overlay\"><\/div><\/a><\/div><\/div><\/div><\/div>\t\t\t\t<\/div>\n\t\t\t\t<\/div>\n\t\t\t\t\t<\/div>\n\t\t<\/div>\n\t\t\t\t\t<\/div>\n\t\t<\/section>\n\t\t\t\t<\/div>\n\t\t","protected":false},"excerpt":{"rendered":"<p>SPA Y BIENESTAR Hotel Rotondo El Hotel Rotondo ofrece uso gratuito del centro de spa y bienestar para que sus hu\u00e9spedes puedan tener una estancia a\u00fan m\u00e1s confortable. Los tratamientos de spa especialmente dise\u00f1ados se complementan con los aceites esenciales naturales de la regi\u00f3n D\u00e1lmata, siempre con el objetivo de reducir el estr\u00e9s. Adaptamos nuestra [&hellip;]<\/p>\n","protected":false},"author":1,"featured_media":0,"parent":0,"menu_order":0,"comment_status":"closed","ping_status":"closed","template":"","meta":{"site-sidebar-layout":"no-sidebar","site-content-layout":"page-builder","ast-site-content-layout":"default","site-content-style":"default","site-sidebar-style":"default","ast-global-header-display":"","ast-banner-title-visibility":"","ast-main-header-display":"","ast-hfb-above-header-display":"","ast-hfb-below-header-display":"","ast-hfb-mobile-header-display":"","site-post-title":"disabled","ast-breadcrumbs-content":"","ast-featured-img":"disabled","footer-sml-layout":"","ast-disable-related-posts":"","theme-transparent-header-meta":"default","adv-header-id-meta":"","stick-header-meta":"","header-above-stick-meta":"","header-main-stick-meta":"","header-below-stick-meta":"","astra-migrate-meta-layouts":"default","ast-page-background-enabled":"default","ast-page-background-meta":{"desktop":{"background-color":"","background-image":"","background-repeat":"repeat","background-position":"center center","background-size":"auto","background-attachment":"scroll","background-type":"","background-media":"","overlay-type":"","overlay-color":"","overlay-opacity":"","overlay-gradient":""},"tablet":{"background-color":"","background-image":"","background-repeat":"repeat","background-position":"center center","background-size":"auto","background-attachment":"scroll","background-type":"","background-media":"","overlay-type":"","overlay-color":"","overlay-opacity":"","overlay-gradient":""},"mobile":{"background-color":"","background-image":"","background-repeat":"repeat","background-position":"center center","background-size":"auto","background-attachment":"scroll","background-type":"","background-media":"","overlay-type":"","overlay-color":"","overlay-opacity":"","overlay-gradient":""}},"ast-content-background-meta":{"desktop":{"background-color":"var(--ast-global-color-5)","background-image":"","background-repeat":"repeat","background-position":"center center","background-size":"auto","background-attachment":"scroll","background-type":"","background-media":"","overlay-type":"","overlay-color":"","overlay-opacity":"","overlay-gradient":""},"tablet":{"background-color":"var(--ast-global-color-5)","background-image":"","background-repeat":"repeat","background-position":"center center","background-size":"auto","background-attachment":"scroll","background-type":"","background-media":"","overlay-type":"","overlay-color":"","overlay-opacity":"","overlay-gradient":""},"mobile":{"background-color":"var(--ast-global-color-5)","background-image":"","background-repeat":"repeat","background-position":"center center","background-size":"auto","background-attachment":"scroll","background-type":"","background-media":"","overlay-type":"","overlay-color":"","overlay-opacity":"","overlay-gradient":""}},"footnotes":""},"class_list":["post-1979","page","type-page","status-publish","hentry"],"yoast_head":"<!-- This site is optimized with the Yoast SEO plugin v27.4 - https:\/\/yoast.com\/product\/yoast-seo-wordpress\/ -->\n<title>SPA y Bienestar - Hotel Rotondo<\/title>\n<meta name=\"robots\" content=\"index, follow, max-snippet:-1, max-image-preview:large, max-video-preview:-1\" \/>\n<link rel=\"canonical\" href=\"https:\/\/www.hotelrotondo.com\/es\/spa-y-bienestar\/\" \/>\n<meta property=\"og:locale\" content=\"es_ES\" \/>\n<meta property=\"og:type\" content=\"article\" \/>\n<meta property=\"og:title\" content=\"SPA y Bienestar - Hotel Rotondo\" \/>\n<meta property=\"og:description\" content=\"SPA Y BIENESTAR Hotel Rotondo El Hotel Rotondo ofrece uso gratuito del centro de spa y bienestar para que sus hu\u00e9spedes puedan tener una estancia a\u00fan m\u00e1s confortable. Los tratamientos de spa especialmente dise\u00f1ados se complementan con los aceites esenciales naturales de la regi\u00f3n D\u00e1lmata, siempre con el objetivo de reducir el estr\u00e9s. Adaptamos nuestra [&hellip;]\" \/>\n<meta property=\"og:url\" content=\"https:\/\/www.hotelrotondo.com\/es\/spa-y-bienestar\/\" \/>\n<meta property=\"og:site_name\" content=\"Hotel Rotondo\" \/>\n<meta property=\"article:modified_time\" content=\"2021-06-04T11:02:28+00:00\" \/>\n<meta property=\"og:image\" content=\"https:\/\/www.hotelrotondo.com\/wp-content\/uploads\/2019\/07\/3CL_9346_HOTEL_ROTONDO_x.jpg\" \/>\n<meta name=\"twitter:card\" content=\"summary_large_image\" \/>\n<meta name=\"twitter:label1\" content=\"Tiempo de lectura\" \/>\n\t<meta name=\"twitter:data1\" content=\"1 minuto\" \/>\n<script type=\"application\/ld+json\" class=\"yoast-schema-graph\">{\"@context\":\"https:\\\/\\\/schema.org\",\"@graph\":[{\"@type\":\"WebPage\",\"@id\":\"https:\\\/\\\/www.hotelrotondo.com\\\/es\\\/spa-y-bienestar\\\/\",\"url\":\"https:\\\/\\\/www.hotelrotondo.com\\\/es\\\/spa-y-bienestar\\\/\",\"name\":\"SPA y Bienestar - Hotel Rotondo\",\"isPartOf\":{\"@id\":\"https:\\\/\\\/www.hotelrotondo.com\\\/es\\\/#website\"},\"primaryImageOfPage\":{\"@id\":\"https:\\\/\\\/www.hotelrotondo.com\\\/es\\\/spa-y-bienestar\\\/#primaryimage\"},\"image\":{\"@id\":\"https:\\\/\\\/www.hotelrotondo.com\\\/es\\\/spa-y-bienestar\\\/#primaryimage\"},\"thumbnailUrl\":\"https:\\\/\\\/www.hotelrotondo.com\\\/wp-content\\\/uploads\\\/2019\\\/07\\\/3CL_9346_HOTEL_ROTONDO_x.jpg\",\"datePublished\":\"2019-08-23T14:27:32+00:00\",\"dateModified\":\"2021-06-04T11:02:28+00:00\",\"breadcrumb\":{\"@id\":\"https:\\\/\\\/www.hotelrotondo.com\\\/es\\\/spa-y-bienestar\\\/#breadcrumb\"},\"inLanguage\":\"es\",\"potentialAction\":[{\"@type\":\"ReadAction\",\"target\":[\"https:\\\/\\\/www.hotelrotondo.com\\\/es\\\/spa-y-bienestar\\\/\"]}]},{\"@type\":\"ImageObject\",\"inLanguage\":\"es\",\"@id\":\"https:\\\/\\\/www.hotelrotondo.com\\\/es\\\/spa-y-bienestar\\\/#primaryimage\",\"url\":\"https:\\\/\\\/www.hotelrotondo.com\\\/wp-content\\\/uploads\\\/2019\\\/07\\\/3CL_9346_HOTEL_ROTONDO_x.jpg\",\"contentUrl\":\"https:\\\/\\\/www.hotelrotondo.com\\\/wp-content\\\/uploads\\\/2019\\\/07\\\/3CL_9346_HOTEL_ROTONDO_x.jpg\"},{\"@type\":\"BreadcrumbList\",\"@id\":\"https:\\\/\\\/www.hotelrotondo.com\\\/es\\\/spa-y-bienestar\\\/#breadcrumb\",\"itemListElement\":[{\"@type\":\"ListItem\",\"position\":1,\"name\":\"Po\u010detna stranica\",\"item\":\"https:\\\/\\\/www.hotelrotondo.com\\\/es\\\/\"},{\"@type\":\"ListItem\",\"position\":2,\"name\":\"SPA y Bienestar\"}]},{\"@type\":\"WebSite\",\"@id\":\"https:\\\/\\\/www.hotelrotondo.com\\\/es\\\/#website\",\"url\":\"https:\\\/\\\/www.hotelrotondo.com\\\/es\\\/\",\"name\":\"Hotel Rotondo\",\"description\":\"Hotel Rotondo, Seget Trogir\",\"publisher\":{\"@id\":\"https:\\\/\\\/www.hotelrotondo.com\\\/es\\\/#organization\"},\"potentialAction\":[{\"@type\":\"SearchAction\",\"target\":{\"@type\":\"EntryPoint\",\"urlTemplate\":\"https:\\\/\\\/www.hotelrotondo.com\\\/es\\\/?s={search_term_string}\"},\"query-input\":{\"@type\":\"PropertyValueSpecification\",\"valueRequired\":true,\"valueName\":\"search_term_string\"}}],\"inLanguage\":\"es\"},{\"@type\":\"Organization\",\"@id\":\"https:\\\/\\\/www.hotelrotondo.com\\\/es\\\/#organization\",\"name\":\"Hotel Rotondo\",\"url\":\"https:\\\/\\\/www.hotelrotondo.com\\\/es\\\/\",\"logo\":{\"@type\":\"ImageObject\",\"inLanguage\":\"es\",\"@id\":\"https:\\\/\\\/www.hotelrotondo.com\\\/es\\\/#\\\/schema\\\/logo\\\/image\\\/\",\"url\":\"https:\\\/\\\/www.hotelrotondo.com\\\/wp-content\\\/uploads\\\/2019\\\/07\\\/logo-hotel.rotondo.png\",\"contentUrl\":\"https:\\\/\\\/www.hotelrotondo.com\\\/wp-content\\\/uploads\\\/2019\\\/07\\\/logo-hotel.rotondo.png\",\"width\":480,\"height\":84,\"caption\":\"Hotel Rotondo\"},\"image\":{\"@id\":\"https:\\\/\\\/www.hotelrotondo.com\\\/es\\\/#\\\/schema\\\/logo\\\/image\\\/\"}}]}<\/script>\n<!-- \/ Yoast SEO plugin. -->","yoast_head_json":{"title":"SPA y Bienestar - Hotel Rotondo","robots":{"index":"index","follow":"follow","max-snippet":"max-snippet:-1","max-image-preview":"max-image-preview:large","max-video-preview":"max-video-preview:-1"},"canonical":"https:\/\/www.hotelrotondo.com\/es\/spa-y-bienestar\/","og_locale":"es_ES","og_type":"article","og_title":"SPA y Bienestar - Hotel Rotondo","og_description":"SPA Y BIENESTAR Hotel Rotondo El Hotel Rotondo ofrece uso gratuito del centro de spa y bienestar para que sus hu\u00e9spedes puedan tener una estancia a\u00fan m\u00e1s confortable. Los tratamientos de spa especialmente dise\u00f1ados se complementan con los aceites esenciales naturales de la regi\u00f3n D\u00e1lmata, siempre con el objetivo de reducir el estr\u00e9s. Adaptamos nuestra [&hellip;]","og_url":"https:\/\/www.hotelrotondo.com\/es\/spa-y-bienestar\/","og_site_name":"Hotel Rotondo","article_modified_time":"2021-06-04T11:02:28+00:00","og_image":[{"url":"https:\/\/www.hotelrotondo.com\/wp-content\/uploads\/2019\/07\/3CL_9346_HOTEL_ROTONDO_x.jpg","type":"","width":"","height":""}],"twitter_card":"summary_large_image","twitter_misc":{"Tiempo de lectura":"1 minuto"},"schema":{"@context":"https:\/\/schema.org","@graph":[{"@type":"WebPage","@id":"https:\/\/www.hotelrotondo.com\/es\/spa-y-bienestar\/","url":"https:\/\/www.hotelrotondo.com\/es\/spa-y-bienestar\/","name":"SPA y Bienestar - Hotel Rotondo","isPartOf":{"@id":"https:\/\/www.hotelrotondo.com\/es\/#website"},"primaryImageOfPage":{"@id":"https:\/\/www.hotelrotondo.com\/es\/spa-y-bienestar\/#primaryimage"},"image":{"@id":"https:\/\/www.hotelrotondo.com\/es\/spa-y-bienestar\/#primaryimage"},"thumbnailUrl":"https:\/\/www.hotelrotondo.com\/wp-content\/uploads\/2019\/07\/3CL_9346_HOTEL_ROTONDO_x.jpg","datePublished":"2019-08-23T14:27:32+00:00","dateModified":"2021-06-04T11:02:28+00:00","breadcrumb":{"@id":"https:\/\/www.hotelrotondo.com\/es\/spa-y-bienestar\/#breadcrumb"},"inLanguage":"es","potentialAction":[{"@type":"ReadAction","target":["https:\/\/www.hotelrotondo.com\/es\/spa-y-bienestar\/"]}]},{"@type":"ImageObject","inLanguage":"es","@id":"https:\/\/www.hotelrotondo.com\/es\/spa-y-bienestar\/#primaryimage","url":"https:\/\/www.hotelrotondo.com\/wp-content\/uploads\/2019\/07\/3CL_9346_HOTEL_ROTONDO_x.jpg","contentUrl":"https:\/\/www.hotelrotondo.com\/wp-content\/uploads\/2019\/07\/3CL_9346_HOTEL_ROTONDO_x.jpg"},{"@type":"BreadcrumbList","@id":"https:\/\/www.hotelrotondo.com\/es\/spa-y-bienestar\/#breadcrumb","itemListElement":[{"@type":"ListItem","position":1,"name":"Po\u010detna stranica","item":"https:\/\/www.hotelrotondo.com\/es\/"},{"@type":"ListItem","position":2,"name":"SPA y Bienestar"}]},{"@type":"WebSite","@id":"https:\/\/www.hotelrotondo.com\/es\/#website","url":"https:\/\/www.hotelrotondo.com\/es\/","name":"Hotel Rotondo","description":"Hotel Rotondo, Seget Trogir","publisher":{"@id":"https:\/\/www.hotelrotondo.com\/es\/#organization"},"potentialAction":[{"@type":"SearchAction","target":{"@type":"EntryPoint","urlTemplate":"https:\/\/www.hotelrotondo.com\/es\/?s={search_term_string}"},"query-input":{"@type":"PropertyValueSpecification","valueRequired":true,"valueName":"search_term_string"}}],"inLanguage":"es"},{"@type":"Organization","@id":"https:\/\/www.hotelrotondo.com\/es\/#organization","name":"Hotel Rotondo","url":"https:\/\/www.hotelrotondo.com\/es\/","logo":{"@type":"ImageObject","inLanguage":"es","@id":"https:\/\/www.hotelrotondo.com\/es\/#\/schema\/logo\/image\/","url":"https:\/\/www.hotelrotondo.com\/wp-content\/uploads\/2019\/07\/logo-hotel.rotondo.png","contentUrl":"https:\/\/www.hotelrotondo.com\/wp-content\/uploads\/2019\/07\/logo-hotel.rotondo.png","width":480,"height":84,"caption":"Hotel Rotondo"},"image":{"@id":"https:\/\/www.hotelrotondo.com\/es\/#\/schema\/logo\/image\/"}}]}},"_links":{"self":[{"href":"https:\/\/www.hotelrotondo.com\/es\/wp-json\/wp\/v2\/pages\/1979","targetHints":{"allow":["GET"]}}],"collection":[{"href":"https:\/\/www.hotelrotondo.com\/es\/wp-json\/wp\/v2\/pages"}],"about":[{"href":"https:\/\/www.hotelrotondo.com\/es\/wp-json\/wp\/v2\/types\/page"}],"author":[{"embeddable":true,"href":"https:\/\/www.hotelrotondo.com\/es\/wp-json\/wp\/v2\/users\/1"}],"replies":[{"embeddable":true,"href":"https:\/\/www.hotelrotondo.com\/es\/wp-json\/wp\/v2\/comments?post=1979"}],"version-history":[{"count":0,"href":"https:\/\/www.hotelrotondo.com\/es\/wp-json\/wp\/v2\/pages\/1979\/revisions"}],"wp:attachment":[{"href":"https:\/\/www.hotelrotondo.com\/es\/wp-json\/wp\/v2\/media?parent=1979"}],"curies":[{"name":"wp","href":"https:\/\/api.w.org\/{rel}","templated":true}]}}