{"id":1187,"date":"2019-08-20T06:08:49","date_gmt":"2019-08-20T06:08:49","guid":{"rendered":"https:\/\/www.hotelrotondo.com\/conditions-dexercice\/"},"modified":"2023-06-10T10:30:53","modified_gmt":"2023-06-10T10:30:53","slug":"conditions-dexercice","status":"publish","type":"page","link":"https:\/\/www.hotelrotondo.com\/fr\/conditions-dexercice\/","title":{"rendered":"Conditions d\u2019exercice"},"content":{"rendered":"\t\t<div data-elementor-type=\"wp-post\" data-elementor-id=\"1187\" class=\"elementor elementor-1187 elementor-135\" data-elementor-post-type=\"page\">\n\t\t\t\t\t\t<section class=\"elementor-section elementor-top-section elementor-element elementor-element-79821ab5 elementor-section-boxed elementor-section-height-default elementor-section-height-default\" data-id=\"79821ab5\" data-element_type=\"section\" data-e-type=\"section\">\n\t\t\t\t\t\t<div class=\"elementor-container elementor-column-gap-default\">\n\t\t\t\t\t<div class=\"elementor-column elementor-col-100 elementor-top-column elementor-element elementor-element-1d140f0f\" data-id=\"1d140f0f\" data-element_type=\"column\" data-e-type=\"column\">\n\t\t\t<div class=\"elementor-widget-wrap elementor-element-populated\">\n\t\t\t\t\t\t<div class=\"elementor-element elementor-element-7ab3ec19 elementor-widget elementor-widget-heading\" data-id=\"7ab3ec19\" data-element_type=\"widget\" data-e-type=\"widget\" data-widget_type=\"heading.default\">\n\t\t\t\t\t<h2 class=\"elementor-heading-title elementor-size-default\">Conditions d\u2019exercice<\/h2>\t\t\t\t<\/div>\n\t\t\t\t<div class=\"elementor-element elementor-element-6e3c3013 elementor-widget elementor-widget-text-editor\" data-id=\"6e3c3013\" data-element_type=\"widget\" data-e-type=\"widget\" data-widget_type=\"text-editor.default\">\n\t\t\t\t\t\t\t\t\t<p>Le texte des conditions d\u2019exercice de l\u2019\u00e9tablissement<br \/>Nous vous remercions de votre r\u00e9servation et s&rsquo;il Vous pla\u00eet notez les termes et les conditions suivantes\u00a0:<\/p><p>Une carte de cr\u00e9dit valide est n\u00e9cessaire pour garantir Votre r\u00e9servation.<\/p><p>Les prix de l\u2019\u00e9tablissement comprennent les taxes de s\u00e9jour et les co\u00fbts de la r\u00e9servation.<\/p><p>L\u2019enregistrement \u00e0 l\u2019arriv\u00e9e est possible apr\u00e8s 14:00h, le jour de l&rsquo; arriv\u00e9e.<br \/>L\u2019enregistrement au d\u00e9part doit \u00eatre effectu\u00e9 jusqu&rsquo;\u00e0 11:00h, le jour du d\u00e9part.<\/p><p>L\u2019\u00e9tablissement se r\u00e9serve le droit de facturer des frais suppl\u00e9mentaires pour les annulations tardives.<\/p><p>S&rsquo;il vous pla\u00eet tenez compte que les enfants de 13 ans et plus sont consid\u00e9r\u00e9s comme des adultes, et ils seront factur\u00e9s plein tarif. Lors de la r\u00e9servation d&rsquo;h\u00e9bergement, vous devez compter tels enfants comme les adultes.<\/p><p>Le calcul final des services se fait \u00e0 la r\u00e9ception avant le d\u00e9part.<\/p><p>Les prix indiqu\u00e9s sont fournis \u00e0 titre d&rsquo; information.<\/p><p>Si vous voulez modifier ou annuler la r\u00e9servation faite, s&rsquo;il vous pla\u00eet contactez notre service de r\u00e9servation.<\/p><p>Pour plus d&rsquo; informations contactez s&rsquo;il Vous pla\u00eet notre service de r\u00e9servation par e-mail \u00e0 l&rsquo;adresse suivante: info@hotelrotondo.com<\/p><p>L\u2019\u00e9tablissement se r\u00e9serve le droit de refuser, annuler ou modifier la r\u00e9servation s&rsquo;il y a eu des abus du syst\u00e8me de r\u00e9servation ou s\u2019il s\u2019agit d\u2019une erreur \u00e9vidente de la part de l\u2019utilisateur.<br \/>Modes de paiement &#8211; esp\u00e8ces, cartes de cr\u00e9dit, virement bancaire<\/p>\t\t\t\t\t\t\t\t<\/div>\n\t\t\t\t\t<\/div>\n\t\t<\/div>\n\t\t\t\t\t<\/div>\n\t\t<\/section>\n\t\t\t\t<\/div>\n\t\t","protected":false},"excerpt":{"rendered":"<p>Conditions d\u2019exercice Le texte des conditions d\u2019exercice de l\u2019\u00e9tablissementNous vous remercions de votre r\u00e9servation et s&rsquo;il Vous pla\u00eet notez les termes et les conditions suivantes\u00a0: Une carte de cr\u00e9dit valide est n\u00e9cessaire pour garantir Votre r\u00e9servation. Les prix de l\u2019\u00e9tablissement comprennent les taxes de s\u00e9jour et les co\u00fbts de la r\u00e9servation. L\u2019enregistrement \u00e0 l\u2019arriv\u00e9e est [&hellip;]<\/p>\n","protected":false},"author":1,"featured_media":0,"parent":0,"menu_order":0,"comment_status":"closed","ping_status":"closed","template":"","meta":{"site-sidebar-layout":"no-sidebar","site-content-layout":"page-builder","ast-site-content-layout":"default","site-content-style":"default","site-sidebar-style":"default","ast-global-header-display":"","ast-banner-title-visibility":"","ast-main-header-display":"","ast-hfb-above-header-display":"","ast-hfb-below-header-display":"","ast-hfb-mobile-header-display":"","site-post-title":"disabled","ast-breadcrumbs-content":"","ast-featured-img":"disabled","footer-sml-layout":"","ast-disable-related-posts":"","theme-transparent-header-meta":"default","adv-header-id-meta":"","stick-header-meta":"","header-above-stick-meta":"","header-main-stick-meta":"","header-below-stick-meta":"","astra-migrate-meta-layouts":"default","ast-page-background-enabled":"default","ast-page-background-meta":{"desktop":{"background-color":"","background-image":"","background-repeat":"repeat","background-position":"center center","background-size":"auto","background-attachment":"scroll","background-type":"","background-media":"","overlay-type":"","overlay-color":"","overlay-opacity":"","overlay-gradient":""},"tablet":{"background-color":"","background-image":"","background-repeat":"repeat","background-position":"center center","background-size":"auto","background-attachment":"scroll","background-type":"","background-media":"","overlay-type":"","overlay-color":"","overlay-opacity":"","overlay-gradient":""},"mobile":{"background-color":"","background-image":"","background-repeat":"repeat","background-position":"center center","background-size":"auto","background-attachment":"scroll","background-type":"","background-media":"","overlay-type":"","overlay-color":"","overlay-opacity":"","overlay-gradient":""}},"ast-content-background-meta":{"desktop":{"background-color":"var(--ast-global-color-5)","background-image":"","background-repeat":"repeat","background-position":"center center","background-size":"auto","background-attachment":"scroll","background-type":"","background-media":"","overlay-type":"","overlay-color":"","overlay-opacity":"","overlay-gradient":""},"tablet":{"background-color":"var(--ast-global-color-5)","background-image":"","background-repeat":"repeat","background-position":"center center","background-size":"auto","background-attachment":"scroll","background-type":"","background-media":"","overlay-type":"","overlay-color":"","overlay-opacity":"","overlay-gradient":""},"mobile":{"background-color":"var(--ast-global-color-5)","background-image":"","background-repeat":"repeat","background-position":"center center","background-size":"auto","background-attachment":"scroll","background-type":"","background-media":"","overlay-type":"","overlay-color":"","overlay-opacity":"","overlay-gradient":""}},"footnotes":""},"class_list":["post-1187","page","type-page","status-publish","hentry"],"yoast_head":"<!-- This site is optimized with the Yoast SEO plugin v27.4 - https:\/\/yoast.com\/product\/yoast-seo-wordpress\/ -->\n<title>Conditions d\u2019exercice - Hotel Rotondo<\/title>\n<meta name=\"robots\" content=\"index, follow, max-snippet:-1, max-image-preview:large, max-video-preview:-1\" \/>\n<link rel=\"canonical\" href=\"https:\/\/www.hotelrotondo.com\/fr\/conditions-dexercice\/\" \/>\n<meta property=\"og:locale\" content=\"fr_FR\" \/>\n<meta property=\"og:type\" content=\"article\" \/>\n<meta property=\"og:title\" content=\"Conditions d\u2019exercice - Hotel Rotondo\" \/>\n<meta property=\"og:description\" content=\"Conditions d\u2019exercice Le texte des conditions d\u2019exercice de l\u2019\u00e9tablissementNous vous remercions de votre r\u00e9servation et s&rsquo;il Vous pla\u00eet notez les termes et les conditions suivantes\u00a0: Une carte de cr\u00e9dit valide est n\u00e9cessaire pour garantir Votre r\u00e9servation. Les prix de l\u2019\u00e9tablissement comprennent les taxes de s\u00e9jour et les co\u00fbts de la r\u00e9servation. L\u2019enregistrement \u00e0 l\u2019arriv\u00e9e est [&hellip;]\" \/>\n<meta property=\"og:url\" content=\"https:\/\/www.hotelrotondo.com\/fr\/conditions-dexercice\/\" \/>\n<meta property=\"og:site_name\" content=\"Hotel Rotondo\" \/>\n<meta property=\"article:modified_time\" content=\"2023-06-10T10:30:53+00:00\" \/>\n<meta name=\"twitter:card\" content=\"summary_large_image\" \/>\n<meta name=\"twitter:label1\" content=\"Dur\u00e9e de lecture estim\u00e9e\" \/>\n\t<meta name=\"twitter:data1\" content=\"2 minutes\" \/>\n<script type=\"application\/ld+json\" class=\"yoast-schema-graph\">{\"@context\":\"https:\\\/\\\/schema.org\",\"@graph\":[{\"@type\":\"WebPage\",\"@id\":\"https:\\\/\\\/www.hotelrotondo.com\\\/fr\\\/conditions-dexercice\\\/\",\"url\":\"https:\\\/\\\/www.hotelrotondo.com\\\/fr\\\/conditions-dexercice\\\/\",\"name\":\"Conditions d\u2019exercice - Hotel Rotondo\",\"isPartOf\":{\"@id\":\"https:\\\/\\\/www.hotelrotondo.com\\\/fr\\\/#website\"},\"datePublished\":\"2019-08-20T06:08:49+00:00\",\"dateModified\":\"2023-06-10T10:30:53+00:00\",\"breadcrumb\":{\"@id\":\"https:\\\/\\\/www.hotelrotondo.com\\\/fr\\\/conditions-dexercice\\\/#breadcrumb\"},\"inLanguage\":\"fr-FR\",\"potentialAction\":[{\"@type\":\"ReadAction\",\"target\":[\"https:\\\/\\\/www.hotelrotondo.com\\\/fr\\\/conditions-dexercice\\\/\"]}]},{\"@type\":\"BreadcrumbList\",\"@id\":\"https:\\\/\\\/www.hotelrotondo.com\\\/fr\\\/conditions-dexercice\\\/#breadcrumb\",\"itemListElement\":[{\"@type\":\"ListItem\",\"position\":1,\"name\":\"Po\u010detna stranica\",\"item\":\"https:\\\/\\\/www.hotelrotondo.com\\\/fr\\\/\"},{\"@type\":\"ListItem\",\"position\":2,\"name\":\"Conditions d\u2019exercice\"}]},{\"@type\":\"WebSite\",\"@id\":\"https:\\\/\\\/www.hotelrotondo.com\\\/fr\\\/#website\",\"url\":\"https:\\\/\\\/www.hotelrotondo.com\\\/fr\\\/\",\"name\":\"Hotel Rotondo\",\"description\":\"Hotel Rotondo, Seget Trogir\",\"publisher\":{\"@id\":\"https:\\\/\\\/www.hotelrotondo.com\\\/fr\\\/#organization\"},\"potentialAction\":[{\"@type\":\"SearchAction\",\"target\":{\"@type\":\"EntryPoint\",\"urlTemplate\":\"https:\\\/\\\/www.hotelrotondo.com\\\/fr\\\/?s={search_term_string}\"},\"query-input\":{\"@type\":\"PropertyValueSpecification\",\"valueRequired\":true,\"valueName\":\"search_term_string\"}}],\"inLanguage\":\"fr-FR\"},{\"@type\":\"Organization\",\"@id\":\"https:\\\/\\\/www.hotelrotondo.com\\\/fr\\\/#organization\",\"name\":\"Hotel Rotondo\",\"url\":\"https:\\\/\\\/www.hotelrotondo.com\\\/fr\\\/\",\"logo\":{\"@type\":\"ImageObject\",\"inLanguage\":\"fr-FR\",\"@id\":\"https:\\\/\\\/www.hotelrotondo.com\\\/fr\\\/#\\\/schema\\\/logo\\\/image\\\/\",\"url\":\"https:\\\/\\\/www.hotelrotondo.com\\\/wp-content\\\/uploads\\\/2019\\\/07\\\/logo-hotel.rotondo.png\",\"contentUrl\":\"https:\\\/\\\/www.hotelrotondo.com\\\/wp-content\\\/uploads\\\/2019\\\/07\\\/logo-hotel.rotondo.png\",\"width\":480,\"height\":84,\"caption\":\"Hotel Rotondo\"},\"image\":{\"@id\":\"https:\\\/\\\/www.hotelrotondo.com\\\/fr\\\/#\\\/schema\\\/logo\\\/image\\\/\"}}]}<\/script>\n<!-- \/ Yoast SEO plugin. -->","yoast_head_json":{"title":"Conditions d\u2019exercice - Hotel Rotondo","robots":{"index":"index","follow":"follow","max-snippet":"max-snippet:-1","max-image-preview":"max-image-preview:large","max-video-preview":"max-video-preview:-1"},"canonical":"https:\/\/www.hotelrotondo.com\/fr\/conditions-dexercice\/","og_locale":"fr_FR","og_type":"article","og_title":"Conditions d\u2019exercice - Hotel Rotondo","og_description":"Conditions d\u2019exercice Le texte des conditions d\u2019exercice de l\u2019\u00e9tablissementNous vous remercions de votre r\u00e9servation et s&rsquo;il Vous pla\u00eet notez les termes et les conditions suivantes\u00a0: Une carte de cr\u00e9dit valide est n\u00e9cessaire pour garantir Votre r\u00e9servation. Les prix de l\u2019\u00e9tablissement comprennent les taxes de s\u00e9jour et les co\u00fbts de la r\u00e9servation. L\u2019enregistrement \u00e0 l\u2019arriv\u00e9e est [&hellip;]","og_url":"https:\/\/www.hotelrotondo.com\/fr\/conditions-dexercice\/","og_site_name":"Hotel Rotondo","article_modified_time":"2023-06-10T10:30:53+00:00","twitter_card":"summary_large_image","twitter_misc":{"Dur\u00e9e de lecture estim\u00e9e":"2 minutes"},"schema":{"@context":"https:\/\/schema.org","@graph":[{"@type":"WebPage","@id":"https:\/\/www.hotelrotondo.com\/fr\/conditions-dexercice\/","url":"https:\/\/www.hotelrotondo.com\/fr\/conditions-dexercice\/","name":"Conditions d\u2019exercice - Hotel Rotondo","isPartOf":{"@id":"https:\/\/www.hotelrotondo.com\/fr\/#website"},"datePublished":"2019-08-20T06:08:49+00:00","dateModified":"2023-06-10T10:30:53+00:00","breadcrumb":{"@id":"https:\/\/www.hotelrotondo.com\/fr\/conditions-dexercice\/#breadcrumb"},"inLanguage":"fr-FR","potentialAction":[{"@type":"ReadAction","target":["https:\/\/www.hotelrotondo.com\/fr\/conditions-dexercice\/"]}]},{"@type":"BreadcrumbList","@id":"https:\/\/www.hotelrotondo.com\/fr\/conditions-dexercice\/#breadcrumb","itemListElement":[{"@type":"ListItem","position":1,"name":"Po\u010detna stranica","item":"https:\/\/www.hotelrotondo.com\/fr\/"},{"@type":"ListItem","position":2,"name":"Conditions d\u2019exercice"}]},{"@type":"WebSite","@id":"https:\/\/www.hotelrotondo.com\/fr\/#website","url":"https:\/\/www.hotelrotondo.com\/fr\/","name":"Hotel Rotondo","description":"Hotel Rotondo, Seget Trogir","publisher":{"@id":"https:\/\/www.hotelrotondo.com\/fr\/#organization"},"potentialAction":[{"@type":"SearchAction","target":{"@type":"EntryPoint","urlTemplate":"https:\/\/www.hotelrotondo.com\/fr\/?s={search_term_string}"},"query-input":{"@type":"PropertyValueSpecification","valueRequired":true,"valueName":"search_term_string"}}],"inLanguage":"fr-FR"},{"@type":"Organization","@id":"https:\/\/www.hotelrotondo.com\/fr\/#organization","name":"Hotel Rotondo","url":"https:\/\/www.hotelrotondo.com\/fr\/","logo":{"@type":"ImageObject","inLanguage":"fr-FR","@id":"https:\/\/www.hotelrotondo.com\/fr\/#\/schema\/logo\/image\/","url":"https:\/\/www.hotelrotondo.com\/wp-content\/uploads\/2019\/07\/logo-hotel.rotondo.png","contentUrl":"https:\/\/www.hotelrotondo.com\/wp-content\/uploads\/2019\/07\/logo-hotel.rotondo.png","width":480,"height":84,"caption":"Hotel Rotondo"},"image":{"@id":"https:\/\/www.hotelrotondo.com\/fr\/#\/schema\/logo\/image\/"}}]}},"_links":{"self":[{"href":"https:\/\/www.hotelrotondo.com\/fr\/wp-json\/wp\/v2\/pages\/1187","targetHints":{"allow":["GET"]}}],"collection":[{"href":"https:\/\/www.hotelrotondo.com\/fr\/wp-json\/wp\/v2\/pages"}],"about":[{"href":"https:\/\/www.hotelrotondo.com\/fr\/wp-json\/wp\/v2\/types\/page"}],"author":[{"embeddable":true,"href":"https:\/\/www.hotelrotondo.com\/fr\/wp-json\/wp\/v2\/users\/1"}],"replies":[{"embeddable":true,"href":"https:\/\/www.hotelrotondo.com\/fr\/wp-json\/wp\/v2\/comments?post=1187"}],"version-history":[{"count":3,"href":"https:\/\/www.hotelrotondo.com\/fr\/wp-json\/wp\/v2\/pages\/1187\/revisions"}],"predecessor-version":[{"id":3003,"href":"https:\/\/www.hotelrotondo.com\/fr\/wp-json\/wp\/v2\/pages\/1187\/revisions\/3003"}],"wp:attachment":[{"href":"https:\/\/www.hotelrotondo.com\/fr\/wp-json\/wp\/v2\/media?parent=1187"}],"curies":[{"name":"wp","href":"https:\/\/api.w.org\/{rel}","templated":true}]}}