{"id":2148,"date":"2019-12-09T14:33:44","date_gmt":"2019-12-09T14:33:44","guid":{"rendered":"https:\/\/www.hotelrotondo.com\/chambres-et-appartements\/standard-soba-2\/"},"modified":"2023-02-16T15:39:40","modified_gmt":"2023-02-16T15:39:40","slug":"standard-soba-2","status":"publish","type":"page","link":"https:\/\/www.hotelrotondo.com\/fr\/chambres-et-appartements\/standard-soba-2\/","title":{"rendered":"Standard soba 2"},"content":{"rendered":"\t\t<div data-elementor-type=\"wp-post\" data-elementor-id=\"2148\" class=\"elementor elementor-2148 elementor-2058\" data-elementor-post-type=\"page\">\n\t\t\t\t\t\t<section class=\"elementor-section elementor-top-section elementor-element elementor-element-14ea065b elementor-section-full_width elementor-section-height-default elementor-section-height-default\" data-id=\"14ea065b\" data-element_type=\"section\" data-e-type=\"section\" data-settings=\"{&quot;background_background&quot;:&quot;classic&quot;}\">\n\t\t\t\t\t\t<div class=\"elementor-container elementor-column-gap-no\">\n\t\t\t\t\t<div class=\"elementor-column elementor-col-100 elementor-top-column elementor-element elementor-element-1cd78589\" data-id=\"1cd78589\" data-element_type=\"column\" data-e-type=\"column\" data-settings=\"{&quot;background_background&quot;:&quot;classic&quot;}\">\n\t\t\t<div class=\"elementor-widget-wrap elementor-element-populated\">\n\t\t\t\t\t\t<div class=\"elementor-element elementor-element-6fa43fad elementor--h-position-center elementor--v-position-middle elementor-widget elementor-widget-slides\" data-id=\"6fa43fad\" data-element_type=\"widget\" data-e-type=\"widget\" data-settings=\"{&quot;navigation&quot;:&quot;none&quot;,&quot;transition&quot;:&quot;slide&quot;,&quot;transition_speed&quot;:500}\" data-widget_type=\"slides.default\">\n\t\t\t\t\t\t\t\t\t\t<div class=\"elementor-slides-wrapper elementor-main-swiper swiper\" role=\"region\" aria-roledescription=\"carousel\" aria-label=\"Diapositives\" dir=\"ltr\" data-animation=\"fadeInUp\">\n\t\t\t\t<div class=\"swiper-wrapper elementor-slides\">\n\t\t\t\t\t\t\t\t\t\t<div class=\"elementor-repeater-item-6a4bd93 swiper-slide\" role=\"group\" aria-roledescription=\"slide\"><div class=\"swiper-slide-bg\" role=\"img\" aria-label=\"3_IMG_5661\"><\/div><a class=\"swiper-slide-inner\" href=\"https:\/\/secure.phobs.net\/booking.php?company_id=a1953f657d45a4370eadd8983bc107b3&#038;hotel=154a0bc87a2f6053dba83b2c2f184f01&#038;lang=hr\" target=\"_blank\"><div class=\"swiper-slide-contents\"><div class=\"elementor-slide-heading\">Standard soba 2<\/div><div class=\"elementor-slide-description\"><p>cijena od 100 eur \/ no\u0107<\/p>\n<\/div><div  class=\"elementor-button elementor-slide-button elementor-size-sm\">Rezerviraj<\/div><\/div><\/a><\/div>\t\t\t\t<\/div>\n\t\t\t\t\t\t\t<\/div>\n\t\t\t\t\t\t\t\t<\/div>\n\t\t\t\t\t<\/div>\n\t\t<\/div>\n\t\t\t\t\t<\/div>\n\t\t<\/section>\n\t\t\t\t<section class=\"elementor-section elementor-top-section elementor-element elementor-element-6d5f92 elementor-section-boxed elementor-section-height-default elementor-section-height-default\" data-id=\"6d5f92\" data-element_type=\"section\" data-e-type=\"section\">\n\t\t\t\t\t\t<div class=\"elementor-container elementor-column-gap-default\">\n\t\t\t\t\t<div class=\"elementor-column elementor-col-50 elementor-top-column elementor-element elementor-element-5550bf8a\" data-id=\"5550bf8a\" data-element_type=\"column\" data-e-type=\"column\">\n\t\t\t<div class=\"elementor-widget-wrap elementor-element-populated\">\n\t\t\t\t\t\t<div class=\"elementor-element elementor-element-ee0013e elementor-widget elementor-widget-text-editor\" data-id=\"ee0013e\" data-element_type=\"widget\" data-e-type=\"widget\" data-widget_type=\"text-editor.default\">\n\t\t\t\t\t\t\t\t\t<p>Description du logement : climatisation, s\u00e8che-cheveux, t\u00e9l\u00e9phone, t\u00e9l\u00e9vision, connexion Internet, minibar, coffre-fort, salle de bains moderne avec une toilette, une baignoire et des autres \u00e9quipements n\u00e9cessaires.<br \/>\nLe lit double peut \u00eatre divis\u00e9 en deux lits simples.<\/p>\n\t\t\t\t\t\t\t\t<\/div>\n\t\t\t\t\t<\/div>\n\t\t<\/div>\n\t\t\t\t<div class=\"elementor-column elementor-col-50 elementor-top-column elementor-element elementor-element-223fd878\" data-id=\"223fd878\" data-element_type=\"column\" data-e-type=\"column\">\n\t\t\t<div class=\"elementor-widget-wrap elementor-element-populated\">\n\t\t\t\t\t\t<div class=\"elementor-element elementor-element-610826a1 elementor-button-warning elementor-align-center elementor-widget elementor-widget-button\" data-id=\"610826a1\" data-element_type=\"widget\" data-e-type=\"widget\" data-widget_type=\"button.default\">\n\t\t\t\t\t\t\t\t\t\t<a class=\"elementor-button elementor-button-link elementor-size-lg\" href=\"https:\/\/secure.phobs.net\/booking.php?company_id=a1953f657d45a4370eadd8983bc107b3&#038;hotel=154a0bc87a2f6053dba83b2c2f184f01&#038;lang=hr\">\n\t\t\t\t\t\t<span class=\"elementor-button-content-wrapper\">\n\t\t\t\t\t\t\t\t\t<span class=\"elementor-button-text\">Rezerviraj<\/span>\n\t\t\t\t\t<\/span>\n\t\t\t\t\t<\/a>\n\t\t\t\t\t\t\t\t<\/div>\n\t\t\t\t\t<\/div>\n\t\t<\/div>\n\t\t\t\t\t<\/div>\n\t\t<\/section>\n\t\t\t\t<section class=\"elementor-section elementor-top-section elementor-element elementor-element-47311ffb elementor-section-full_width elementor-section-height-default elementor-section-height-default\" data-id=\"47311ffb\" data-element_type=\"section\" data-e-type=\"section\">\n\t\t\t\t\t\t<div class=\"elementor-container elementor-column-gap-default\">\n\t\t\t\t\t<div class=\"elementor-column elementor-col-100 elementor-top-column elementor-element elementor-element-26af10bd\" data-id=\"26af10bd\" data-element_type=\"column\" data-e-type=\"column\">\n\t\t\t<div class=\"elementor-widget-wrap elementor-element-populated\">\n\t\t\t\t\t\t<div class=\"elementor-element elementor-element-5fd5435d uael-ins-normal elementor-widget elementor-widget-uael-image-gallery\" data-id=\"5fd5435d\" data-element_type=\"widget\" data-e-type=\"widget\" data-settings=\"{&quot;justified_margin&quot;:{&quot;unit&quot;:&quot;px&quot;,&quot;size&quot;:3,&quot;sizes&quot;:[]},&quot;justified_margin_tablet&quot;:{&quot;unit&quot;:&quot;px&quot;,&quot;size&quot;:&quot;&quot;,&quot;sizes&quot;:[]},&quot;justified_margin_mobile&quot;:{&quot;unit&quot;:&quot;px&quot;,&quot;size&quot;:&quot;&quot;,&quot;sizes&quot;:[]}}\" data-widget_type=\"uael-image-gallery.default\">\n\t\t\t\t<div class=\"elementor-widget-container\">\n\t\t\t\t\t<div class=\"uael-gallery-parent uael-caption- \"><div class=\"uael-img-gallery-wrap uael-img-justified-wrap uael-img-grid-masonry-wrap uael-image-lightbox-wrap\" data-filter-default=\"All\" data-rowheight=\"120\" data-lastrow=\"justify\" data-lightbox_actions=\"[&quot;close&quot;]\" data-lightbox-gallery-loop=\"\"><div class=\"uael-grid-item \"><div class=\"uael-grid-item-content\"><a class=\"uael-grid-img uael-grid-gallery-img uael-ins-hover elementor-clickable\" data-fancybox=\"uael-gallery\" href=\"https:\/\/www.hotelrotondo.com\/wp-content\/uploads\/2019\/12\/10-1_IMG_4769.jpg\" data-elementor-open-lightbox=\"no\"><div class=\"uael-grid-img-thumbnail uael-ins-target\"><img fetchpriority=\"high\" decoding=\"async\" width=\"1024\" height=\"682\" src=\"https:\/\/www.hotelrotondo.com\/wp-content\/uploads\/2019\/12\/10-1_IMG_4769.jpg\" class=\"attachment-full size-full wp-image-2079\" alt=\"\" srcset=\"https:\/\/www.hotelrotondo.com\/wp-content\/uploads\/2019\/12\/10-1_IMG_4769.jpg 1024w, https:\/\/www.hotelrotondo.com\/wp-content\/uploads\/2019\/12\/10-1_IMG_4769-300x200.jpg 300w, https:\/\/www.hotelrotondo.com\/wp-content\/uploads\/2019\/12\/10-1_IMG_4769-768x512.jpg 768w\" sizes=\"(max-width: 1024px) 100vw, 1024px\" \/><\/div><div class=\"uael-grid-img-overlay\"><\/div><\/a><\/div><\/div><div class=\"uael-grid-item \"><div class=\"uael-grid-item-content\"><a class=\"uael-grid-img uael-grid-gallery-img uael-ins-hover elementor-clickable\" data-fancybox=\"uael-gallery\" href=\"https:\/\/www.hotelrotondo.com\/wp-content\/uploads\/2019\/12\/9-1_IMG_5035.jpg\" data-elementor-open-lightbox=\"no\"><div class=\"uael-grid-img-thumbnail uael-ins-target\"><img decoding=\"async\" width=\"1024\" height=\"682\" src=\"https:\/\/www.hotelrotondo.com\/wp-content\/uploads\/2019\/12\/9-1_IMG_5035.jpg\" class=\"attachment-full size-full wp-image-2085\" alt=\"\" srcset=\"https:\/\/www.hotelrotondo.com\/wp-content\/uploads\/2019\/12\/9-1_IMG_5035.jpg 1024w, https:\/\/www.hotelrotondo.com\/wp-content\/uploads\/2019\/12\/9-1_IMG_5035-300x200.jpg 300w, https:\/\/www.hotelrotondo.com\/wp-content\/uploads\/2019\/12\/9-1_IMG_5035-768x512.jpg 768w\" sizes=\"(max-width: 1024px) 100vw, 1024px\" \/><\/div><div class=\"uael-grid-img-overlay\"><\/div><\/a><\/div><\/div><div class=\"uael-grid-item \"><div class=\"uael-grid-item-content\"><a class=\"uael-grid-img uael-grid-gallery-img uael-ins-hover elementor-clickable\" data-fancybox=\"uael-gallery\" href=\"https:\/\/www.hotelrotondo.com\/wp-content\/uploads\/2019\/12\/5-3_IMG_5546.jpg\" data-elementor-open-lightbox=\"no\"><div class=\"uael-grid-img-thumbnail uael-ins-target\"><img decoding=\"async\" width=\"1024\" height=\"682\" src=\"https:\/\/www.hotelrotondo.com\/wp-content\/uploads\/2019\/12\/5-3_IMG_5546.jpg\" class=\"attachment-full size-full wp-image-2091\" alt=\"\" srcset=\"https:\/\/www.hotelrotondo.com\/wp-content\/uploads\/2019\/12\/5-3_IMG_5546.jpg 1024w, https:\/\/www.hotelrotondo.com\/wp-content\/uploads\/2019\/12\/5-3_IMG_5546-300x200.jpg 300w, https:\/\/www.hotelrotondo.com\/wp-content\/uploads\/2019\/12\/5-3_IMG_5546-768x512.jpg 768w\" sizes=\"(max-width: 1024px) 100vw, 1024px\" \/><\/div><div class=\"uael-grid-img-overlay\"><\/div><\/a><\/div><\/div><div class=\"uael-grid-item \"><div class=\"uael-grid-item-content\"><a class=\"uael-grid-img uael-grid-gallery-img uael-ins-hover elementor-clickable\" data-fancybox=\"uael-gallery\" href=\"https:\/\/www.hotelrotondo.com\/wp-content\/uploads\/2019\/12\/3_IMG_5661-1.jpg\" data-elementor-open-lightbox=\"no\"><div class=\"uael-grid-img-thumbnail uael-ins-target\"><img loading=\"lazy\" decoding=\"async\" width=\"1024\" height=\"682\" src=\"https:\/\/www.hotelrotondo.com\/wp-content\/uploads\/2019\/12\/3_IMG_5661-1.jpg\" class=\"attachment-full size-full wp-image-2097\" alt=\"\" srcset=\"https:\/\/www.hotelrotondo.com\/wp-content\/uploads\/2019\/12\/3_IMG_5661-1.jpg 1024w, https:\/\/www.hotelrotondo.com\/wp-content\/uploads\/2019\/12\/3_IMG_5661-1-300x200.jpg 300w, https:\/\/www.hotelrotondo.com\/wp-content\/uploads\/2019\/12\/3_IMG_5661-1-768x512.jpg 768w\" sizes=\"(max-width: 1024px) 100vw, 1024px\" \/><\/div><div class=\"uael-grid-img-overlay\"><\/div><\/a><\/div><\/div><div class=\"uael-grid-item \"><div class=\"uael-grid-item-content\"><a class=\"uael-grid-img uael-grid-gallery-img uael-ins-hover elementor-clickable\" data-fancybox=\"uael-gallery\" href=\"https:\/\/www.hotelrotondo.com\/wp-content\/uploads\/2019\/12\/1_IMG_5029.jpg\" data-elementor-open-lightbox=\"no\"><div class=\"uael-grid-img-thumbnail uael-ins-target\"><img loading=\"lazy\" decoding=\"async\" width=\"1024\" height=\"682\" src=\"https:\/\/www.hotelrotondo.com\/wp-content\/uploads\/2019\/12\/1_IMG_5029.jpg\" class=\"attachment-full size-full wp-image-2103\" alt=\"\" srcset=\"https:\/\/www.hotelrotondo.com\/wp-content\/uploads\/2019\/12\/1_IMG_5029.jpg 1024w, https:\/\/www.hotelrotondo.com\/wp-content\/uploads\/2019\/12\/1_IMG_5029-300x200.jpg 300w, https:\/\/www.hotelrotondo.com\/wp-content\/uploads\/2019\/12\/1_IMG_5029-768x512.jpg 768w\" sizes=\"(max-width: 1024px) 100vw, 1024px\" \/><\/div><div class=\"uael-grid-img-overlay\"><\/div><\/a><\/div><\/div><\/div><\/div>\t\t\t\t<\/div>\n\t\t\t\t<\/div>\n\t\t\t\t\t<\/div>\n\t\t<\/div>\n\t\t\t\t\t<\/div>\n\t\t<\/section>\n\t\t\t\t<\/div>\n\t\t","protected":false},"excerpt":{"rendered":"<p>Standard soba 2 cijena od 100 eur \/ no\u0107 Rezerviraj Description du logement : climatisation, s\u00e8che-cheveux, t\u00e9l\u00e9phone, t\u00e9l\u00e9vision, connexion Internet, minibar, coffre-fort, salle de bains moderne avec une toilette, une baignoire et des autres \u00e9quipements n\u00e9cessaires. Le lit double peut \u00eatre divis\u00e9 en deux lits simples. Rezerviraj<\/p>\n","protected":false},"author":1,"featured_media":0,"parent":999,"menu_order":0,"comment_status":"closed","ping_status":"closed","template":"","meta":{"site-sidebar-layout":"no-sidebar","site-content-layout":"page-builder","ast-site-content-layout":"default","site-content-style":"default","site-sidebar-style":"default","ast-global-header-display":"","ast-banner-title-visibility":"","ast-main-header-display":"","ast-hfb-above-header-display":"","ast-hfb-below-header-display":"","ast-hfb-mobile-header-display":"","site-post-title":"disabled","ast-breadcrumbs-content":"","ast-featured-img":"disabled","footer-sml-layout":"","ast-disable-related-posts":"","theme-transparent-header-meta":"default","adv-header-id-meta":"","stick-header-meta":"","header-above-stick-meta":"","header-main-stick-meta":"","header-below-stick-meta":"","astra-migrate-meta-layouts":"default","ast-page-background-enabled":"default","ast-page-background-meta":{"desktop":{"background-color":"","background-image":"","background-repeat":"repeat","background-position":"center center","background-size":"auto","background-attachment":"scroll","background-type":"","background-media":"","overlay-type":"","overlay-color":"","overlay-opacity":"","overlay-gradient":""},"tablet":{"background-color":"","background-image":"","background-repeat":"repeat","background-position":"center center","background-size":"auto","background-attachment":"scroll","background-type":"","background-media":"","overlay-type":"","overlay-color":"","overlay-opacity":"","overlay-gradient":""},"mobile":{"background-color":"","background-image":"","background-repeat":"repeat","background-position":"center center","background-size":"auto","background-attachment":"scroll","background-type":"","background-media":"","overlay-type":"","overlay-color":"","overlay-opacity":"","overlay-gradient":""}},"ast-content-background-meta":{"desktop":{"background-color":"var(--ast-global-color-5)","background-image":"","background-repeat":"repeat","background-position":"center center","background-size":"auto","background-attachment":"scroll","background-type":"","background-media":"","overlay-type":"","overlay-color":"","overlay-opacity":"","overlay-gradient":""},"tablet":{"background-color":"var(--ast-global-color-5)","background-image":"","background-repeat":"repeat","background-position":"center center","background-size":"auto","background-attachment":"scroll","background-type":"","background-media":"","overlay-type":"","overlay-color":"","overlay-opacity":"","overlay-gradient":""},"mobile":{"background-color":"var(--ast-global-color-5)","background-image":"","background-repeat":"repeat","background-position":"center center","background-size":"auto","background-attachment":"scroll","background-type":"","background-media":"","overlay-type":"","overlay-color":"","overlay-opacity":"","overlay-gradient":""}},"footnotes":""},"class_list":["post-2148","page","type-page","status-publish","hentry"],"yoast_head":"<!-- This site is optimized with the Yoast SEO plugin v27.4 - https:\/\/yoast.com\/product\/yoast-seo-wordpress\/ -->\n<title>Standard soba 2 - Hotel Rotondo<\/title>\n<meta name=\"robots\" content=\"index, follow, max-snippet:-1, max-image-preview:large, max-video-preview:-1\" \/>\n<link rel=\"canonical\" href=\"https:\/\/www.hotelrotondo.com\/fr\/chambres-et-appartements\/standard-soba-2\/\" \/>\n<meta property=\"og:locale\" content=\"fr_FR\" \/>\n<meta property=\"og:type\" content=\"article\" \/>\n<meta property=\"og:title\" content=\"Standard soba 2 - Hotel Rotondo\" \/>\n<meta property=\"og:description\" content=\"Standard soba 2 cijena od 100 eur \/ no\u0107 Rezerviraj Description du logement : climatisation, s\u00e8che-cheveux, t\u00e9l\u00e9phone, t\u00e9l\u00e9vision, connexion Internet, minibar, coffre-fort, salle de bains moderne avec une toilette, une baignoire et des autres \u00e9quipements n\u00e9cessaires. Le lit double peut \u00eatre divis\u00e9 en deux lits simples. Rezerviraj\" \/>\n<meta property=\"og:url\" content=\"https:\/\/www.hotelrotondo.com\/fr\/chambres-et-appartements\/standard-soba-2\/\" \/>\n<meta property=\"og:site_name\" content=\"Hotel Rotondo\" \/>\n<meta property=\"article:modified_time\" content=\"2023-02-16T15:39:40+00:00\" \/>\n<meta property=\"og:image\" content=\"https:\/\/www.hotelrotondo.com\/wp-content\/uploads\/2019\/12\/10-1_IMG_4769.jpg\" \/>\n<meta name=\"twitter:card\" content=\"summary_large_image\" \/>\n<script type=\"application\/ld+json\" class=\"yoast-schema-graph\">{\"@context\":\"https:\\\/\\\/schema.org\",\"@graph\":[{\"@type\":\"WebPage\",\"@id\":\"https:\\\/\\\/www.hotelrotondo.com\\\/fr\\\/chambres-et-appartements\\\/standard-soba-2\\\/\",\"url\":\"https:\\\/\\\/www.hotelrotondo.com\\\/fr\\\/chambres-et-appartements\\\/standard-soba-2\\\/\",\"name\":\"Standard soba 2 - Hotel Rotondo\",\"isPartOf\":{\"@id\":\"https:\\\/\\\/www.hotelrotondo.com\\\/fr\\\/#website\"},\"primaryImageOfPage\":{\"@id\":\"https:\\\/\\\/www.hotelrotondo.com\\\/fr\\\/chambres-et-appartements\\\/standard-soba-2\\\/#primaryimage\"},\"image\":{\"@id\":\"https:\\\/\\\/www.hotelrotondo.com\\\/fr\\\/chambres-et-appartements\\\/standard-soba-2\\\/#primaryimage\"},\"thumbnailUrl\":\"https:\\\/\\\/www.hotelrotondo.com\\\/wp-content\\\/uploads\\\/2019\\\/12\\\/10-1_IMG_4769.jpg\",\"datePublished\":\"2019-12-09T14:33:44+00:00\",\"dateModified\":\"2023-02-16T15:39:40+00:00\",\"breadcrumb\":{\"@id\":\"https:\\\/\\\/www.hotelrotondo.com\\\/fr\\\/chambres-et-appartements\\\/standard-soba-2\\\/#breadcrumb\"},\"inLanguage\":\"fr-FR\",\"potentialAction\":[{\"@type\":\"ReadAction\",\"target\":[\"https:\\\/\\\/www.hotelrotondo.com\\\/fr\\\/chambres-et-appartements\\\/standard-soba-2\\\/\"]}]},{\"@type\":\"ImageObject\",\"inLanguage\":\"fr-FR\",\"@id\":\"https:\\\/\\\/www.hotelrotondo.com\\\/fr\\\/chambres-et-appartements\\\/standard-soba-2\\\/#primaryimage\",\"url\":\"https:\\\/\\\/www.hotelrotondo.com\\\/wp-content\\\/uploads\\\/2019\\\/12\\\/10-1_IMG_4769.jpg\",\"contentUrl\":\"https:\\\/\\\/www.hotelrotondo.com\\\/wp-content\\\/uploads\\\/2019\\\/12\\\/10-1_IMG_4769.jpg\"},{\"@type\":\"BreadcrumbList\",\"@id\":\"https:\\\/\\\/www.hotelrotondo.com\\\/fr\\\/chambres-et-appartements\\\/standard-soba-2\\\/#breadcrumb\",\"itemListElement\":[{\"@type\":\"ListItem\",\"position\":1,\"name\":\"Po\u010detna stranica\",\"item\":\"https:\\\/\\\/www.hotelrotondo.com\\\/fr\\\/\"},{\"@type\":\"ListItem\",\"position\":2,\"name\":\"Chambres et appartements\",\"item\":\"https:\\\/\\\/www.hotelrotondo.com\\\/fr\\\/chambres-et-appartements\\\/\"},{\"@type\":\"ListItem\",\"position\":3,\"name\":\"Standard soba 2\"}]},{\"@type\":\"WebSite\",\"@id\":\"https:\\\/\\\/www.hotelrotondo.com\\\/fr\\\/#website\",\"url\":\"https:\\\/\\\/www.hotelrotondo.com\\\/fr\\\/\",\"name\":\"Hotel Rotondo\",\"description\":\"Hotel Rotondo, Seget Trogir\",\"publisher\":{\"@id\":\"https:\\\/\\\/www.hotelrotondo.com\\\/fr\\\/#organization\"},\"potentialAction\":[{\"@type\":\"SearchAction\",\"target\":{\"@type\":\"EntryPoint\",\"urlTemplate\":\"https:\\\/\\\/www.hotelrotondo.com\\\/fr\\\/?s={search_term_string}\"},\"query-input\":{\"@type\":\"PropertyValueSpecification\",\"valueRequired\":true,\"valueName\":\"search_term_string\"}}],\"inLanguage\":\"fr-FR\"},{\"@type\":\"Organization\",\"@id\":\"https:\\\/\\\/www.hotelrotondo.com\\\/fr\\\/#organization\",\"name\":\"Hotel Rotondo\",\"url\":\"https:\\\/\\\/www.hotelrotondo.com\\\/fr\\\/\",\"logo\":{\"@type\":\"ImageObject\",\"inLanguage\":\"fr-FR\",\"@id\":\"https:\\\/\\\/www.hotelrotondo.com\\\/fr\\\/#\\\/schema\\\/logo\\\/image\\\/\",\"url\":\"https:\\\/\\\/www.hotelrotondo.com\\\/wp-content\\\/uploads\\\/2019\\\/07\\\/logo-hotel.rotondo.png\",\"contentUrl\":\"https:\\\/\\\/www.hotelrotondo.com\\\/wp-content\\\/uploads\\\/2019\\\/07\\\/logo-hotel.rotondo.png\",\"width\":480,\"height\":84,\"caption\":\"Hotel Rotondo\"},\"image\":{\"@id\":\"https:\\\/\\\/www.hotelrotondo.com\\\/fr\\\/#\\\/schema\\\/logo\\\/image\\\/\"}}]}<\/script>\n<!-- \/ Yoast SEO plugin. -->","yoast_head_json":{"title":"Standard soba 2 - Hotel Rotondo","robots":{"index":"index","follow":"follow","max-snippet":"max-snippet:-1","max-image-preview":"max-image-preview:large","max-video-preview":"max-video-preview:-1"},"canonical":"https:\/\/www.hotelrotondo.com\/fr\/chambres-et-appartements\/standard-soba-2\/","og_locale":"fr_FR","og_type":"article","og_title":"Standard soba 2 - Hotel Rotondo","og_description":"Standard soba 2 cijena od 100 eur \/ no\u0107 Rezerviraj Description du logement : climatisation, s\u00e8che-cheveux, t\u00e9l\u00e9phone, t\u00e9l\u00e9vision, connexion Internet, minibar, coffre-fort, salle de bains moderne avec une toilette, une baignoire et des autres \u00e9quipements n\u00e9cessaires. Le lit double peut \u00eatre divis\u00e9 en deux lits simples. Rezerviraj","og_url":"https:\/\/www.hotelrotondo.com\/fr\/chambres-et-appartements\/standard-soba-2\/","og_site_name":"Hotel Rotondo","article_modified_time":"2023-02-16T15:39:40+00:00","og_image":[{"url":"https:\/\/www.hotelrotondo.com\/wp-content\/uploads\/2019\/12\/10-1_IMG_4769.jpg","type":"","width":"","height":""}],"twitter_card":"summary_large_image","schema":{"@context":"https:\/\/schema.org","@graph":[{"@type":"WebPage","@id":"https:\/\/www.hotelrotondo.com\/fr\/chambres-et-appartements\/standard-soba-2\/","url":"https:\/\/www.hotelrotondo.com\/fr\/chambres-et-appartements\/standard-soba-2\/","name":"Standard soba 2 - Hotel Rotondo","isPartOf":{"@id":"https:\/\/www.hotelrotondo.com\/fr\/#website"},"primaryImageOfPage":{"@id":"https:\/\/www.hotelrotondo.com\/fr\/chambres-et-appartements\/standard-soba-2\/#primaryimage"},"image":{"@id":"https:\/\/www.hotelrotondo.com\/fr\/chambres-et-appartements\/standard-soba-2\/#primaryimage"},"thumbnailUrl":"https:\/\/www.hotelrotondo.com\/wp-content\/uploads\/2019\/12\/10-1_IMG_4769.jpg","datePublished":"2019-12-09T14:33:44+00:00","dateModified":"2023-02-16T15:39:40+00:00","breadcrumb":{"@id":"https:\/\/www.hotelrotondo.com\/fr\/chambres-et-appartements\/standard-soba-2\/#breadcrumb"},"inLanguage":"fr-FR","potentialAction":[{"@type":"ReadAction","target":["https:\/\/www.hotelrotondo.com\/fr\/chambres-et-appartements\/standard-soba-2\/"]}]},{"@type":"ImageObject","inLanguage":"fr-FR","@id":"https:\/\/www.hotelrotondo.com\/fr\/chambres-et-appartements\/standard-soba-2\/#primaryimage","url":"https:\/\/www.hotelrotondo.com\/wp-content\/uploads\/2019\/12\/10-1_IMG_4769.jpg","contentUrl":"https:\/\/www.hotelrotondo.com\/wp-content\/uploads\/2019\/12\/10-1_IMG_4769.jpg"},{"@type":"BreadcrumbList","@id":"https:\/\/www.hotelrotondo.com\/fr\/chambres-et-appartements\/standard-soba-2\/#breadcrumb","itemListElement":[{"@type":"ListItem","position":1,"name":"Po\u010detna stranica","item":"https:\/\/www.hotelrotondo.com\/fr\/"},{"@type":"ListItem","position":2,"name":"Chambres et appartements","item":"https:\/\/www.hotelrotondo.com\/fr\/chambres-et-appartements\/"},{"@type":"ListItem","position":3,"name":"Standard soba 2"}]},{"@type":"WebSite","@id":"https:\/\/www.hotelrotondo.com\/fr\/#website","url":"https:\/\/www.hotelrotondo.com\/fr\/","name":"Hotel Rotondo","description":"Hotel Rotondo, Seget Trogir","publisher":{"@id":"https:\/\/www.hotelrotondo.com\/fr\/#organization"},"potentialAction":[{"@type":"SearchAction","target":{"@type":"EntryPoint","urlTemplate":"https:\/\/www.hotelrotondo.com\/fr\/?s={search_term_string}"},"query-input":{"@type":"PropertyValueSpecification","valueRequired":true,"valueName":"search_term_string"}}],"inLanguage":"fr-FR"},{"@type":"Organization","@id":"https:\/\/www.hotelrotondo.com\/fr\/#organization","name":"Hotel Rotondo","url":"https:\/\/www.hotelrotondo.com\/fr\/","logo":{"@type":"ImageObject","inLanguage":"fr-FR","@id":"https:\/\/www.hotelrotondo.com\/fr\/#\/schema\/logo\/image\/","url":"https:\/\/www.hotelrotondo.com\/wp-content\/uploads\/2019\/07\/logo-hotel.rotondo.png","contentUrl":"https:\/\/www.hotelrotondo.com\/wp-content\/uploads\/2019\/07\/logo-hotel.rotondo.png","width":480,"height":84,"caption":"Hotel Rotondo"},"image":{"@id":"https:\/\/www.hotelrotondo.com\/fr\/#\/schema\/logo\/image\/"}}]}},"_links":{"self":[{"href":"https:\/\/www.hotelrotondo.com\/fr\/wp-json\/wp\/v2\/pages\/2148","targetHints":{"allow":["GET"]}}],"collection":[{"href":"https:\/\/www.hotelrotondo.com\/fr\/wp-json\/wp\/v2\/pages"}],"about":[{"href":"https:\/\/www.hotelrotondo.com\/fr\/wp-json\/wp\/v2\/types\/page"}],"author":[{"embeddable":true,"href":"https:\/\/www.hotelrotondo.com\/fr\/wp-json\/wp\/v2\/users\/1"}],"replies":[{"embeddable":true,"href":"https:\/\/www.hotelrotondo.com\/fr\/wp-json\/wp\/v2\/comments?post=2148"}],"version-history":[{"count":0,"href":"https:\/\/www.hotelrotondo.com\/fr\/wp-json\/wp\/v2\/pages\/2148\/revisions"}],"up":[{"embeddable":true,"href":"https:\/\/www.hotelrotondo.com\/fr\/wp-json\/wp\/v2\/pages\/999"}],"wp:attachment":[{"href":"https:\/\/www.hotelrotondo.com\/fr\/wp-json\/wp\/v2\/media?parent=2148"}],"curies":[{"name":"wp","href":"https:\/\/api.w.org\/{rel}","templated":true}]}}