{"id":900,"date":"2019-08-20T05:52:09","date_gmt":"2019-08-20T05:52:09","guid":{"rendered":"https:\/\/www.hotelrotondo.com\/lhotel\/"},"modified":"2025-06-26T11:34:53","modified_gmt":"2025-06-26T11:34:53","slug":"lhotel","status":"publish","type":"page","link":"https:\/\/www.hotelrotondo.com\/fr\/lhotel\/","title":{"rendered":"L\u2019H\u00d4TEL"},"content":{"rendered":"\t\t<div data-elementor-type=\"wp-post\" data-elementor-id=\"900\" class=\"elementor elementor-900 elementor-130\" data-elementor-post-type=\"page\">\n\t\t\t\t\t\t<section class=\"elementor-section elementor-top-section elementor-element elementor-element-3a232a5 elementor-section-full_width elementor-section-height-default elementor-section-height-default\" data-id=\"3a232a5\" data-element_type=\"section\" data-e-type=\"section\" data-settings=\"{&quot;background_background&quot;:&quot;classic&quot;}\">\n\t\t\t\t\t\t<div class=\"elementor-container elementor-column-gap-no\">\n\t\t\t\t\t<div class=\"elementor-column elementor-col-100 elementor-top-column elementor-element elementor-element-fb5bc18\" data-id=\"fb5bc18\" data-element_type=\"column\" data-e-type=\"column\" data-settings=\"{&quot;background_background&quot;:&quot;classic&quot;}\">\n\t\t\t<div class=\"elementor-widget-wrap elementor-element-populated\">\n\t\t\t\t\t\t<div class=\"elementor-element elementor-element-54d1f71 elementor--h-position-center elementor--v-position-middle elementor-widget elementor-widget-slides\" data-id=\"54d1f71\" data-element_type=\"widget\" data-e-type=\"widget\" data-settings=\"{&quot;navigation&quot;:&quot;none&quot;,&quot;transition&quot;:&quot;slide&quot;,&quot;transition_speed&quot;:500}\" data-widget_type=\"slides.default\">\n\t\t\t\t\t\t\t\t\t\t<div class=\"elementor-slides-wrapper elementor-main-swiper swiper\" role=\"region\" aria-roledescription=\"carousel\" aria-label=\"Slides\" dir=\"ltr\" data-animation=\"fadeInUp\">\n\t\t\t\t<div class=\"swiper-wrapper elementor-slides\">\n\t\t\t\t\t\t\t\t\t\t<div class=\"elementor-repeater-item-9597cb4 swiper-slide\" role=\"group\" aria-roledescription=\"slide\"><div class=\"swiper-slide-bg\" role=\"img\" aria-label=\"hotel-rotondo01\"><\/div><div class=\"swiper-slide-inner\" ><div class=\"swiper-slide-contents\"><div class=\"elementor-slide-heading\">L\u2019H\u00d4TEL<\/div><\/div><\/div><\/div>\t\t\t\t<\/div>\n\t\t\t\t\t\t\t<\/div>\n\t\t\t\t\t\t\t\t<\/div>\n\t\t\t\t\t<\/div>\n\t\t<\/div>\n\t\t\t\t\t<\/div>\n\t\t<\/section>\n\t\t\t\t<section class=\"elementor-section elementor-top-section elementor-element elementor-element-337be12 elementor-section-boxed elementor-section-height-default elementor-section-height-default\" data-id=\"337be12\" data-element_type=\"section\" data-e-type=\"section\">\n\t\t\t\t\t\t<div class=\"elementor-container elementor-column-gap-default\">\n\t\t\t\t\t<div class=\"elementor-column elementor-col-50 elementor-top-column elementor-element elementor-element-593d22c\" data-id=\"593d22c\" data-element_type=\"column\" data-e-type=\"column\">\n\t\t\t<div class=\"elementor-widget-wrap elementor-element-populated\">\n\t\t\t\t\t\t<div class=\"elementor-element elementor-element-0b9e90c elementor-widget elementor-widget-heading\" data-id=\"0b9e90c\" data-element_type=\"widget\" data-e-type=\"widget\" data-widget_type=\"heading.default\">\n\t\t\t\t\t<h2 class=\"elementor-heading-title elementor-size-default\">L\u2019h\u00f4tel Rotondo<\/h2>\t\t\t\t<\/div>\n\t\t\t\t<div class=\"elementor-element elementor-element-71beac9 elementor-widget elementor-widget-text-editor\" data-id=\"71beac9\" data-element_type=\"widget\" data-e-type=\"widget\" data-widget_type=\"text-editor.default\">\n\t\t\t\t\t\t\t\t\tPour tous ceux qui veulent vraiment se d\u00e9tendre, l&rsquo;h\u00f4tel Rotondo, situ\u00e9 \u00e0 Seget Donji, tout pr\u00e8s deTrogir et \u00e0 seulement six kilom\u00e8tres de l&rsquo;a\u00e9roport, est le bon choix.<br>Ce charmant h\u00f4tel familial 4 \u00e9toiles met \u00e0 votre disposition 50 chambres confortables situ\u00e9es dans deux b\u00e2timents.<br>L&rsquo;h\u00f4tel Rotonda est nomm\u00e9 d&rsquo;apr\u00e8s Jakov Rotondo, un noble deTrogir qui a construit la tour de Seget autour de laquelle la cit\u00e9 sera form\u00e9e avec le temps.<br>Qu\u2019il s\u2019agisse de vacances ou d\u2019un voyage d&rsquo;affaires, l\u2019h\u00f4tel Rotondo, situ\u00e9 le long de la c\u00f4te Adriatique cristalline, avec 2700 heures de soleil par an et entour\u00e9 d&rsquo;un riche patrimoine culturel, est un endroit id\u00e9al pour Vous.<br><br><strong>UNE POSITION ID\u00c9ALE<\/strong><br><ul>\r\n \t<li>L\u2019a\u00e9roport de Split \u2013 \u00e0 seulement 6 km de l\u2019h\u00f4tel Rotondo<\/li>\r\n \t<li>Trogir \u2013 une belle ville, class\u00e9e au patrimoine mondial de L\u2019UNESCO, \u00e0 seulement 15 minutes \u00e0 pied de l\u2019h\u00f4tel Rotondo<\/li>\r\n \t<li>Split \u2013 la deuxi\u00e8me plus grande ville croate aussi class\u00e9e au patrimoine mondial de L\u2019UNESCO, \u00e0 30 km de l\u2019h\u00f4tel Rotondo<\/li>\r\n \t<li>Le parc national de Krka \u2013 \u00e0 60 km<\/li>\r\n \t<li>La plage \u2013 la plage la plus proche \u00e0 seulement 300 m \/ les activit\u00e9s sportives et r\u00e9cr\u00e9atives<\/li>\r\n \t<li>Yacht club de Seget \u2013 \u00e0 50m de l\u2019h\u00f4tel<\/li>\r\n \t<li>Restaurants, supermarch\u00e9s, la poste, la pharmacie et le docteur &#8211; \u00e0 300m de l\u2019h\u00f4tel<\/li>\r\n \t<li>L\u2019autoroute \u2013 \u00e0 18 km<\/li>\r\n<\/ul><br><strong>CARACT\u00c9RISTIQUES<\/strong><br><ul>\r\n \t<li>50 chambres situ\u00e9es dans deux b\u00e2timents<\/li>\r\n \t<li>restaurant et bar<\/li>\r\n \t<li>salle de conf\u00e9rence<\/li>\r\n \t<li>parking gratuit pour les clients de l\u2019h\u00f4tel<\/li>\r\n \t<li>utilisation gratuite de spa et wellness<\/li>\r\n \t<li>un ascenseur dans les deux b\u00e2timents<\/li>\r\n<\/ul>\t\t\t\t\t\t\t\t<\/div>\n\t\t\t\t\t<\/div>\n\t\t<\/div>\n\t\t\t\t<div class=\"elementor-column elementor-col-50 elementor-top-column elementor-element elementor-element-5b6b90e\" data-id=\"5b6b90e\" data-element_type=\"column\" data-e-type=\"column\">\n\t\t\t<div class=\"elementor-widget-wrap elementor-element-populated\">\n\t\t\t\t\t\t<div class=\"elementor-element elementor-element-6442549 elementor-widget elementor-widget-text-editor\" data-id=\"6442549\" data-element_type=\"widget\" data-e-type=\"widget\" data-widget_type=\"text-editor.default\">\n\t\t\t\t\t\t\t\t\t<p><strong>EQUIPEMENTS ET SERVICES<\/strong><\/p>\n<p>Restaurant et bar, la r\u00e9ception ouverte 24h\/24, des journaux, les chambres non-fumeurs, un logement adapt\u00e9 aux handicap\u00e9s, l\u2019ascenseur, un coffre-fort, la chauffage, un h\u00f4tel design, la bagagerie, D\u00e9fense de fumer, la climatisation, la sauna, un centre de fitness, spa et un centre de wellness, massage, la baignoire hydraulique, la bain de vapeur et une piscine int\u00e9rieure.<\/p>\n<p><strong>SERVICES<\/strong><br \/>Service d\u2019\u00e9tage, les salles de conf\u00e9rence et de banquet, service de transport, la blanchisserie, la teinturerie, le petit-d\u00e9jeuner en chambre, service de repassage, service de nettoyage des chaussures, des paquets de d\u00e9jeuner, fax\/photocopies, un distributeur de billets sur place.<\/p>\n<p><strong>INTERNET<\/strong><br \/>Gratuit! Une connexion Wi-Fi est disponible gratuitement dans tout l\u2019\u00e9tablissement.<\/p>\n<p><strong>PARKING<\/strong><br \/>Gratuit! Un parking priv\u00e9 gratuit est disponible aux clients de l\u2019h\u00f4tel. (Sans r\u00e9servation).<\/p>\n<p>Borne de recharge pour voiture \u00e9lectrique, gratuite pour les clients de l&rsquo;h\u00f4tel.<\/p>\n<p>Arriv\u00e9e 14h00 \u2013 00h00, D\u00e9part 07h00 \u2013 12h00<br \/>Cartes accept\u00e9es\u00a0: American Express, Visa, Euro\/Mastercard, Diners Club, Maestro.<br \/>L\u2019h\u00f4tel se r\u00e9serve le droit d\u2019effectuer une pr\u00e9autorisation sur votre carte avant votre arriv\u00e9e.<\/p>\n<p>Merci de votre int\u00e9r\u00eat pour notre service. Nous nous r\u00e9jouissons de votre arriv\u00e9e \u00e0 notre h\u00f4tel.<\/p>\n\t\t\t\t\t\t\t\t<\/div>\n\t\t\t\t<div class=\"elementor-element elementor-element-4ad1b68 elementor-widget elementor-widget-button\" data-id=\"4ad1b68\" data-element_type=\"widget\" data-e-type=\"widget\" data-widget_type=\"button.default\">\n\t\t\t\t\t\t\t\t\t\t<a class=\"elementor-button elementor-button-link elementor-size-sm\" href=\"https:\/\/www.hotelrotondo.com\/wp-content\/uploads\/2022\/06\/01_Politika-upravljanja-okolisa-FRANCUSKI.pdf\">\n\t\t\t\t\t\t<span class=\"elementor-button-content-wrapper\">\n\t\t\t\t\t\t\t\t\t<span class=\"elementor-button-text\">LA POLITIQUE DE GESTION ENVIRONNEMENTALE suivante <\/span>\n\t\t\t\t\t<\/span>\n\t\t\t\t\t<\/a>\n\t\t\t\t\t\t\t\t<\/div>\n\t\t\t\t\t<\/div>\n\t\t<\/div>\n\t\t\t\t\t<\/div>\n\t\t<\/section>\n\t\t\t\t<\/div>\n\t\t","protected":false},"excerpt":{"rendered":"<p>L\u2019H\u00d4TEL L\u2019h\u00f4tel Rotondo Pour tous ceux qui veulent vraiment se d\u00e9tendre, l&rsquo;h\u00f4tel Rotondo, situ\u00e9 \u00e0 Seget Donji, tout pr\u00e8s deTrogir et \u00e0 seulement six kilom\u00e8tres de l&rsquo;a\u00e9roport, est le bon choix.Ce charmant h\u00f4tel familial 4 \u00e9toiles met \u00e0 votre disposition 50 chambres confortables situ\u00e9es dans deux b\u00e2timents.L&rsquo;h\u00f4tel Rotonda est nomm\u00e9 d&rsquo;apr\u00e8s Jakov Rotondo, un noble [&hellip;]<\/p>\n","protected":false},"author":1,"featured_media":0,"parent":0,"menu_order":0,"comment_status":"closed","ping_status":"closed","template":"","meta":{"site-sidebar-layout":"no-sidebar","site-content-layout":"page-builder","ast-site-content-layout":"default","site-content-style":"default","site-sidebar-style":"default","ast-global-header-display":"","ast-banner-title-visibility":"","ast-main-header-display":"","ast-hfb-above-header-display":"","ast-hfb-below-header-display":"","ast-hfb-mobile-header-display":"","site-post-title":"disabled","ast-breadcrumbs-content":"","ast-featured-img":"disabled","footer-sml-layout":"","ast-disable-related-posts":"","theme-transparent-header-meta":"default","adv-header-id-meta":"","stick-header-meta":"","header-above-stick-meta":"","header-main-stick-meta":"","header-below-stick-meta":"","astra-migrate-meta-layouts":"default","ast-page-background-enabled":"default","ast-page-background-meta":{"desktop":{"background-color":"","background-image":"","background-repeat":"repeat","background-position":"center center","background-size":"auto","background-attachment":"scroll","background-type":"","background-media":"","overlay-type":"","overlay-color":"","overlay-opacity":"","overlay-gradient":""},"tablet":{"background-color":"","background-image":"","background-repeat":"repeat","background-position":"center center","background-size":"auto","background-attachment":"scroll","background-type":"","background-media":"","overlay-type":"","overlay-color":"","overlay-opacity":"","overlay-gradient":""},"mobile":{"background-color":"","background-image":"","background-repeat":"repeat","background-position":"center center","background-size":"auto","background-attachment":"scroll","background-type":"","background-media":"","overlay-type":"","overlay-color":"","overlay-opacity":"","overlay-gradient":""}},"ast-content-background-meta":{"desktop":{"background-color":"var(--ast-global-color-5)","background-image":"","background-repeat":"repeat","background-position":"center center","background-size":"auto","background-attachment":"scroll","background-type":"","background-media":"","overlay-type":"","overlay-color":"","overlay-opacity":"","overlay-gradient":""},"tablet":{"background-color":"var(--ast-global-color-5)","background-image":"","background-repeat":"repeat","background-position":"center center","background-size":"auto","background-attachment":"scroll","background-type":"","background-media":"","overlay-type":"","overlay-color":"","overlay-opacity":"","overlay-gradient":""},"mobile":{"background-color":"var(--ast-global-color-5)","background-image":"","background-repeat":"repeat","background-position":"center center","background-size":"auto","background-attachment":"scroll","background-type":"","background-media":"","overlay-type":"","overlay-color":"","overlay-opacity":"","overlay-gradient":""}},"footnotes":""},"class_list":["post-900","page","type-page","status-publish","hentry"],"yoast_head":"<!-- This site is optimized with the Yoast SEO plugin v27.4 - https:\/\/yoast.com\/product\/yoast-seo-wordpress\/ -->\n<title>L\u2019H\u00d4TEL - Hotel Rotondo<\/title>\n<meta name=\"robots\" content=\"index, follow, max-snippet:-1, max-image-preview:large, max-video-preview:-1\" \/>\n<link rel=\"canonical\" href=\"https:\/\/www.hotelrotondo.com\/fr\/lhotel\/\" \/>\n<meta property=\"og:locale\" content=\"fr_FR\" \/>\n<meta property=\"og:type\" content=\"article\" \/>\n<meta property=\"og:title\" content=\"L\u2019H\u00d4TEL - Hotel Rotondo\" \/>\n<meta property=\"og:description\" content=\"L\u2019H\u00d4TEL L\u2019h\u00f4tel Rotondo Pour tous ceux qui veulent vraiment se d\u00e9tendre, l&rsquo;h\u00f4tel Rotondo, situ\u00e9 \u00e0 Seget Donji, tout pr\u00e8s deTrogir et \u00e0 seulement six kilom\u00e8tres de l&rsquo;a\u00e9roport, est le bon choix.Ce charmant h\u00f4tel familial 4 \u00e9toiles met \u00e0 votre disposition 50 chambres confortables situ\u00e9es dans deux b\u00e2timents.L&rsquo;h\u00f4tel Rotonda est nomm\u00e9 d&rsquo;apr\u00e8s Jakov Rotondo, un noble [&hellip;]\" \/>\n<meta property=\"og:url\" content=\"https:\/\/www.hotelrotondo.com\/fr\/lhotel\/\" \/>\n<meta property=\"og:site_name\" content=\"Hotel Rotondo\" \/>\n<meta property=\"article:modified_time\" content=\"2025-06-26T11:34:53+00:00\" \/>\n<meta name=\"twitter:card\" content=\"summary_large_image\" \/>\n<meta name=\"twitter:label1\" content=\"Dur\u00e9e de lecture estim\u00e9e\" \/>\n\t<meta name=\"twitter:data1\" content=\"3 minutes\" \/>\n<script type=\"application\/ld+json\" class=\"yoast-schema-graph\">{\"@context\":\"https:\\\/\\\/schema.org\",\"@graph\":[{\"@type\":\"WebPage\",\"@id\":\"https:\\\/\\\/www.hotelrotondo.com\\\/fr\\\/lhotel\\\/\",\"url\":\"https:\\\/\\\/www.hotelrotondo.com\\\/fr\\\/lhotel\\\/\",\"name\":\"L\u2019H\u00d4TEL - Hotel Rotondo\",\"isPartOf\":{\"@id\":\"https:\\\/\\\/www.hotelrotondo.com\\\/fr\\\/#website\"},\"datePublished\":\"2019-08-20T05:52:09+00:00\",\"dateModified\":\"2025-06-26T11:34:53+00:00\",\"breadcrumb\":{\"@id\":\"https:\\\/\\\/www.hotelrotondo.com\\\/fr\\\/lhotel\\\/#breadcrumb\"},\"inLanguage\":\"fr-FR\",\"potentialAction\":[{\"@type\":\"ReadAction\",\"target\":[\"https:\\\/\\\/www.hotelrotondo.com\\\/fr\\\/lhotel\\\/\"]}]},{\"@type\":\"BreadcrumbList\",\"@id\":\"https:\\\/\\\/www.hotelrotondo.com\\\/fr\\\/lhotel\\\/#breadcrumb\",\"itemListElement\":[{\"@type\":\"ListItem\",\"position\":1,\"name\":\"Po\u010detna stranica\",\"item\":\"https:\\\/\\\/www.hotelrotondo.com\\\/fr\\\/\"},{\"@type\":\"ListItem\",\"position\":2,\"name\":\"L\u2019H\u00d4TEL\"}]},{\"@type\":\"WebSite\",\"@id\":\"https:\\\/\\\/www.hotelrotondo.com\\\/fr\\\/#website\",\"url\":\"https:\\\/\\\/www.hotelrotondo.com\\\/fr\\\/\",\"name\":\"Hotel Rotondo\",\"description\":\"Hotel Rotondo, Seget Trogir\",\"publisher\":{\"@id\":\"https:\\\/\\\/www.hotelrotondo.com\\\/fr\\\/#organization\"},\"potentialAction\":[{\"@type\":\"SearchAction\",\"target\":{\"@type\":\"EntryPoint\",\"urlTemplate\":\"https:\\\/\\\/www.hotelrotondo.com\\\/fr\\\/?s={search_term_string}\"},\"query-input\":{\"@type\":\"PropertyValueSpecification\",\"valueRequired\":true,\"valueName\":\"search_term_string\"}}],\"inLanguage\":\"fr-FR\"},{\"@type\":\"Organization\",\"@id\":\"https:\\\/\\\/www.hotelrotondo.com\\\/fr\\\/#organization\",\"name\":\"Hotel Rotondo\",\"url\":\"https:\\\/\\\/www.hotelrotondo.com\\\/fr\\\/\",\"logo\":{\"@type\":\"ImageObject\",\"inLanguage\":\"fr-FR\",\"@id\":\"https:\\\/\\\/www.hotelrotondo.com\\\/fr\\\/#\\\/schema\\\/logo\\\/image\\\/\",\"url\":\"https:\\\/\\\/www.hotelrotondo.com\\\/wp-content\\\/uploads\\\/2019\\\/07\\\/logo-hotel.rotondo.png\",\"contentUrl\":\"https:\\\/\\\/www.hotelrotondo.com\\\/wp-content\\\/uploads\\\/2019\\\/07\\\/logo-hotel.rotondo.png\",\"width\":480,\"height\":84,\"caption\":\"Hotel Rotondo\"},\"image\":{\"@id\":\"https:\\\/\\\/www.hotelrotondo.com\\\/fr\\\/#\\\/schema\\\/logo\\\/image\\\/\"}}]}<\/script>\n<!-- \/ Yoast SEO plugin. -->","yoast_head_json":{"title":"L\u2019H\u00d4TEL - Hotel Rotondo","robots":{"index":"index","follow":"follow","max-snippet":"max-snippet:-1","max-image-preview":"max-image-preview:large","max-video-preview":"max-video-preview:-1"},"canonical":"https:\/\/www.hotelrotondo.com\/fr\/lhotel\/","og_locale":"fr_FR","og_type":"article","og_title":"L\u2019H\u00d4TEL - Hotel Rotondo","og_description":"L\u2019H\u00d4TEL L\u2019h\u00f4tel Rotondo Pour tous ceux qui veulent vraiment se d\u00e9tendre, l&rsquo;h\u00f4tel Rotondo, situ\u00e9 \u00e0 Seget Donji, tout pr\u00e8s deTrogir et \u00e0 seulement six kilom\u00e8tres de l&rsquo;a\u00e9roport, est le bon choix.Ce charmant h\u00f4tel familial 4 \u00e9toiles met \u00e0 votre disposition 50 chambres confortables situ\u00e9es dans deux b\u00e2timents.L&rsquo;h\u00f4tel Rotonda est nomm\u00e9 d&rsquo;apr\u00e8s Jakov Rotondo, un noble [&hellip;]","og_url":"https:\/\/www.hotelrotondo.com\/fr\/lhotel\/","og_site_name":"Hotel Rotondo","article_modified_time":"2025-06-26T11:34:53+00:00","twitter_card":"summary_large_image","twitter_misc":{"Dur\u00e9e de lecture estim\u00e9e":"3 minutes"},"schema":{"@context":"https:\/\/schema.org","@graph":[{"@type":"WebPage","@id":"https:\/\/www.hotelrotondo.com\/fr\/lhotel\/","url":"https:\/\/www.hotelrotondo.com\/fr\/lhotel\/","name":"L\u2019H\u00d4TEL - Hotel Rotondo","isPartOf":{"@id":"https:\/\/www.hotelrotondo.com\/fr\/#website"},"datePublished":"2019-08-20T05:52:09+00:00","dateModified":"2025-06-26T11:34:53+00:00","breadcrumb":{"@id":"https:\/\/www.hotelrotondo.com\/fr\/lhotel\/#breadcrumb"},"inLanguage":"fr-FR","potentialAction":[{"@type":"ReadAction","target":["https:\/\/www.hotelrotondo.com\/fr\/lhotel\/"]}]},{"@type":"BreadcrumbList","@id":"https:\/\/www.hotelrotondo.com\/fr\/lhotel\/#breadcrumb","itemListElement":[{"@type":"ListItem","position":1,"name":"Po\u010detna stranica","item":"https:\/\/www.hotelrotondo.com\/fr\/"},{"@type":"ListItem","position":2,"name":"L\u2019H\u00d4TEL"}]},{"@type":"WebSite","@id":"https:\/\/www.hotelrotondo.com\/fr\/#website","url":"https:\/\/www.hotelrotondo.com\/fr\/","name":"Hotel Rotondo","description":"Hotel Rotondo, Seget Trogir","publisher":{"@id":"https:\/\/www.hotelrotondo.com\/fr\/#organization"},"potentialAction":[{"@type":"SearchAction","target":{"@type":"EntryPoint","urlTemplate":"https:\/\/www.hotelrotondo.com\/fr\/?s={search_term_string}"},"query-input":{"@type":"PropertyValueSpecification","valueRequired":true,"valueName":"search_term_string"}}],"inLanguage":"fr-FR"},{"@type":"Organization","@id":"https:\/\/www.hotelrotondo.com\/fr\/#organization","name":"Hotel Rotondo","url":"https:\/\/www.hotelrotondo.com\/fr\/","logo":{"@type":"ImageObject","inLanguage":"fr-FR","@id":"https:\/\/www.hotelrotondo.com\/fr\/#\/schema\/logo\/image\/","url":"https:\/\/www.hotelrotondo.com\/wp-content\/uploads\/2019\/07\/logo-hotel.rotondo.png","contentUrl":"https:\/\/www.hotelrotondo.com\/wp-content\/uploads\/2019\/07\/logo-hotel.rotondo.png","width":480,"height":84,"caption":"Hotel Rotondo"},"image":{"@id":"https:\/\/www.hotelrotondo.com\/fr\/#\/schema\/logo\/image\/"}}]}},"_links":{"self":[{"href":"https:\/\/www.hotelrotondo.com\/fr\/wp-json\/wp\/v2\/pages\/900","targetHints":{"allow":["GET"]}}],"collection":[{"href":"https:\/\/www.hotelrotondo.com\/fr\/wp-json\/wp\/v2\/pages"}],"about":[{"href":"https:\/\/www.hotelrotondo.com\/fr\/wp-json\/wp\/v2\/types\/page"}],"author":[{"embeddable":true,"href":"https:\/\/www.hotelrotondo.com\/fr\/wp-json\/wp\/v2\/users\/1"}],"replies":[{"embeddable":true,"href":"https:\/\/www.hotelrotondo.com\/fr\/wp-json\/wp\/v2\/comments?post=900"}],"version-history":[{"count":4,"href":"https:\/\/www.hotelrotondo.com\/fr\/wp-json\/wp\/v2\/pages\/900\/revisions"}],"predecessor-version":[{"id":3145,"href":"https:\/\/www.hotelrotondo.com\/fr\/wp-json\/wp\/v2\/pages\/900\/revisions\/3145"}],"wp:attachment":[{"href":"https:\/\/www.hotelrotondo.com\/fr\/wp-json\/wp\/v2\/media?parent=900"}],"curies":[{"name":"wp","href":"https:\/\/api.w.org\/{rel}","templated":true}]}}