{"id":984,"date":"2019-08-20T06:01:38","date_gmt":"2019-08-20T06:01:38","guid":{"rendered":"https:\/\/www.hotelrotondo.com\/reunions-et-evenements\/"},"modified":"2021-06-04T10:56:04","modified_gmt":"2021-06-04T10:56:04","slug":"reunions-et-evenements","status":"publish","type":"page","link":"https:\/\/www.hotelrotondo.com\/fr\/reunions-et-evenements\/","title":{"rendered":"R\u00e9unions et \u00e9v\u00e9nements"},"content":{"rendered":"\t\t<div data-elementor-type=\"wp-post\" data-elementor-id=\"984\" class=\"elementor elementor-984 elementor-49\" data-elementor-post-type=\"page\">\n\t\t\t\t\t\t<section class=\"elementor-section elementor-top-section elementor-element elementor-element-c22db94 elementor-section-full_width elementor-section-height-default elementor-section-height-default\" data-id=\"c22db94\" data-element_type=\"section\" data-e-type=\"section\" data-settings=\"{&quot;background_background&quot;:&quot;classic&quot;}\">\n\t\t\t\t\t\t<div class=\"elementor-container elementor-column-gap-no\">\n\t\t\t\t\t<div class=\"elementor-column elementor-col-100 elementor-top-column elementor-element elementor-element-2038604\" data-id=\"2038604\" data-element_type=\"column\" data-e-type=\"column\" data-settings=\"{&quot;background_background&quot;:&quot;classic&quot;}\">\n\t\t\t<div class=\"elementor-widget-wrap elementor-element-populated\">\n\t\t\t\t\t\t<div class=\"elementor-element elementor-element-af0a749 elementor--h-position-center elementor--v-position-middle elementor-widget elementor-widget-slides\" data-id=\"af0a749\" data-element_type=\"widget\" data-e-type=\"widget\" data-settings=\"{&quot;navigation&quot;:&quot;none&quot;,&quot;transition&quot;:&quot;slide&quot;,&quot;transition_speed&quot;:500}\" data-widget_type=\"slides.default\">\n\t\t\t\t\t\t\t\t\t\t<div class=\"elementor-slides-wrapper elementor-main-swiper swiper\" role=\"region\" aria-roledescription=\"carousel\" aria-label=\"Diapositives\" dir=\"ltr\" data-animation=\"fadeInUp\">\n\t\t\t\t<div class=\"swiper-wrapper elementor-slides\">\n\t\t\t\t\t\t\t\t\t\t<div class=\"elementor-repeater-item-9597cb4 swiper-slide\" role=\"group\" aria-roledescription=\"slide\"><div class=\"swiper-slide-bg\" role=\"img\" aria-label=\"3CL_9603_HOTEL_ROTONDO\"><\/div><div class=\"swiper-slide-inner\" ><div class=\"swiper-slide-contents\"><div class=\"elementor-slide-heading\">SALLE<\/div><\/div><\/div><\/div>\t\t\t\t<\/div>\n\t\t\t\t\t\t\t<\/div>\n\t\t\t\t\t\t\t\t<\/div>\n\t\t\t\t\t<\/div>\n\t\t<\/div>\n\t\t\t\t\t<\/div>\n\t\t<\/section>\n\t\t\t\t<section class=\"elementor-section elementor-top-section elementor-element elementor-element-666bc828 elementor-section-boxed elementor-section-height-default elementor-section-height-default\" data-id=\"666bc828\" data-element_type=\"section\" data-e-type=\"section\">\n\t\t\t\t\t\t<div class=\"elementor-container elementor-column-gap-default\">\n\t\t\t\t\t<div class=\"elementor-column elementor-col-50 elementor-top-column elementor-element elementor-element-234f560e\" data-id=\"234f560e\" data-element_type=\"column\" data-e-type=\"column\">\n\t\t\t<div class=\"elementor-widget-wrap elementor-element-populated\">\n\t\t\t\t\t\t<div class=\"elementor-element elementor-element-2a5026c7 elementor-widget elementor-widget-heading\" data-id=\"2a5026c7\" data-element_type=\"widget\" data-e-type=\"widget\" data-widget_type=\"heading.default\">\n\t\t\t\t\t<h2 class=\"elementor-heading-title elementor-size-default\">R\u00e9unions et \u00e9v\u00e9nements<\/h2>\t\t\t\t<\/div>\n\t\t\t\t<div class=\"elementor-element elementor-element-a69b844 elementor-widget elementor-widget-text-editor\" data-id=\"a69b844\" data-element_type=\"widget\" data-e-type=\"widget\" data-widget_type=\"text-editor.default\">\n\t\t\t\t\t\t\t\t\t<p>L\u2019h\u00f4tel Rotondo met \u00e0 disposition les espaces sp\u00e9ciaux pour les r\u00e9unions et les \u00e9v\u00e9nements priv\u00e9s. Tout \u00e0 fait conscient de l\u2019importance des rencontres personnelles, notre personnel professionnel vous offrira son aide avec tous les d\u00e9tails pour que votre r\u00e9union ou \u00e9v\u00e9nement ait du succ\u00e8s.<br \/>\nNous disposons d\u2019une salle de r\u00e9union compl\u00e8tement \u00e9quip\u00e9e pouvant accueillir de 20 \u00e0 70 personnes.<\/p>\n\t\t\t\t\t\t\t\t<\/div>\n\t\t\t\t<div class=\"elementor-element elementor-element-abc9cce elementor-widget elementor-widget-button\" data-id=\"abc9cce\" data-element_type=\"widget\" data-e-type=\"widget\" data-widget_type=\"button.default\">\n\t\t\t\t\t\t\t\t\t\t<a class=\"elementor-button elementor-button-link elementor-size-sm\" href=\"tel:+385992110781\">\n\t\t\t\t\t\t<span class=\"elementor-button-content-wrapper\">\n\t\t\t\t\t\t<span class=\"elementor-button-icon\">\n\t\t\t\t<svg aria-hidden=\"true\" class=\"e-font-icon-svg e-fas-phone-alt\" viewBox=\"0 0 512 512\" xmlns=\"http:\/\/www.w3.org\/2000\/svg\"><path d=\"M497.39 361.8l-112-48a24 24 0 0 0-28 6.9l-49.6 60.6A370.66 370.66 0 0 1 130.6 204.11l60.6-49.6a23.94 23.94 0 0 0 6.9-28l-48-112A24.16 24.16 0 0 0 122.6.61l-104 24A24 24 0 0 0 0 48c0 256.5 207.9 464 464 464a24 24 0 0 0 23.4-18.6l24-104a24.29 24.29 0 0 0-14.01-27.6z\"><\/path><\/svg>\t\t\t<\/span>\n\t\t\t\t\t\t\t\t\t<span class=\"elementor-button-text\">An\u0111elko Duvan\u010di\u0107  - +385 99 2110 781 <\/span>\n\t\t\t\t\t<\/span>\n\t\t\t\t\t<\/a>\n\t\t\t\t\t\t\t\t<\/div>\n\t\t\t\t\t<\/div>\n\t\t<\/div>\n\t\t\t\t<div class=\"elementor-column elementor-col-50 elementor-top-column elementor-element elementor-element-70fbe4a4\" data-id=\"70fbe4a4\" data-element_type=\"column\" data-e-type=\"column\">\n\t\t\t<div class=\"elementor-widget-wrap elementor-element-populated\">\n\t\t\t\t\t\t<div class=\"elementor-element elementor-element-60a1b3cc elementor-widget elementor-widget-text-editor\" data-id=\"60a1b3cc\" data-element_type=\"widget\" data-e-type=\"widget\" data-widget_type=\"text-editor.default\">\n\t\t\t\t\t\t\t\t\t<p><img fetchpriority=\"high\" decoding=\"async\" class=\"alignnone wp-image-299 size-full\" src=\"https:\/\/www.hotelrotondo.com\/wp-content\/uploads\/2019\/07\/3CL_9587_HOTEL_ROTONDO.jpg\" alt=\"\" width=\"800\" height=\"532\" srcset=\"https:\/\/www.hotelrotondo.com\/wp-content\/uploads\/2019\/07\/3CL_9587_HOTEL_ROTONDO.jpg 800w, https:\/\/www.hotelrotondo.com\/wp-content\/uploads\/2019\/07\/3CL_9587_HOTEL_ROTONDO-300x200.jpg 300w, https:\/\/www.hotelrotondo.com\/wp-content\/uploads\/2019\/07\/3CL_9587_HOTEL_ROTONDO-768x511.jpg 768w\" sizes=\"(max-width: 800px) 100vw, 800px\" \/><\/p>\n\t\t\t\t\t\t\t\t<\/div>\n\t\t\t\t\t<\/div>\n\t\t<\/div>\n\t\t\t\t\t<\/div>\n\t\t<\/section>\n\t\t\t\t<\/div>\n\t\t","protected":false},"excerpt":{"rendered":"<p>SALLE R\u00e9unions et \u00e9v\u00e9nements L\u2019h\u00f4tel Rotondo met \u00e0 disposition les espaces sp\u00e9ciaux pour les r\u00e9unions et les \u00e9v\u00e9nements priv\u00e9s. Tout \u00e0 fait conscient de l\u2019importance des rencontres personnelles, notre personnel professionnel vous offrira son aide avec tous les d\u00e9tails pour que votre r\u00e9union ou \u00e9v\u00e9nement ait du succ\u00e8s. Nous disposons d\u2019une salle de r\u00e9union compl\u00e8tement [&hellip;]<\/p>\n","protected":false},"author":1,"featured_media":0,"parent":0,"menu_order":0,"comment_status":"closed","ping_status":"closed","template":"","meta":{"site-sidebar-layout":"no-sidebar","site-content-layout":"page-builder","ast-site-content-layout":"default","site-content-style":"default","site-sidebar-style":"default","ast-global-header-display":"","ast-banner-title-visibility":"","ast-main-header-display":"","ast-hfb-above-header-display":"","ast-hfb-below-header-display":"","ast-hfb-mobile-header-display":"","site-post-title":"disabled","ast-breadcrumbs-content":"","ast-featured-img":"disabled","footer-sml-layout":"","ast-disable-related-posts":"","theme-transparent-header-meta":"default","adv-header-id-meta":"","stick-header-meta":"","header-above-stick-meta":"","header-main-stick-meta":"","header-below-stick-meta":"","astra-migrate-meta-layouts":"default","ast-page-background-enabled":"default","ast-page-background-meta":{"desktop":{"background-color":"","background-image":"","background-repeat":"repeat","background-position":"center center","background-size":"auto","background-attachment":"scroll","background-type":"","background-media":"","overlay-type":"","overlay-color":"","overlay-opacity":"","overlay-gradient":""},"tablet":{"background-color":"","background-image":"","background-repeat":"repeat","background-position":"center center","background-size":"auto","background-attachment":"scroll","background-type":"","background-media":"","overlay-type":"","overlay-color":"","overlay-opacity":"","overlay-gradient":""},"mobile":{"background-color":"","background-image":"","background-repeat":"repeat","background-position":"center center","background-size":"auto","background-attachment":"scroll","background-type":"","background-media":"","overlay-type":"","overlay-color":"","overlay-opacity":"","overlay-gradient":""}},"ast-content-background-meta":{"desktop":{"background-color":"var(--ast-global-color-5)","background-image":"","background-repeat":"repeat","background-position":"center center","background-size":"auto","background-attachment":"scroll","background-type":"","background-media":"","overlay-type":"","overlay-color":"","overlay-opacity":"","overlay-gradient":""},"tablet":{"background-color":"var(--ast-global-color-5)","background-image":"","background-repeat":"repeat","background-position":"center center","background-size":"auto","background-attachment":"scroll","background-type":"","background-media":"","overlay-type":"","overlay-color":"","overlay-opacity":"","overlay-gradient":""},"mobile":{"background-color":"var(--ast-global-color-5)","background-image":"","background-repeat":"repeat","background-position":"center center","background-size":"auto","background-attachment":"scroll","background-type":"","background-media":"","overlay-type":"","overlay-color":"","overlay-opacity":"","overlay-gradient":""}},"footnotes":""},"class_list":["post-984","page","type-page","status-publish","hentry"],"yoast_head":"<!-- This site is optimized with the Yoast SEO plugin v27.4 - https:\/\/yoast.com\/product\/yoast-seo-wordpress\/ -->\n<title>R\u00e9unions et \u00e9v\u00e9nements - Hotel Rotondo<\/title>\n<meta name=\"robots\" content=\"index, follow, max-snippet:-1, max-image-preview:large, max-video-preview:-1\" \/>\n<link rel=\"canonical\" href=\"https:\/\/www.hotelrotondo.com\/fr\/reunions-et-evenements\/\" \/>\n<meta property=\"og:locale\" content=\"fr_FR\" \/>\n<meta property=\"og:type\" content=\"article\" \/>\n<meta property=\"og:title\" content=\"R\u00e9unions et \u00e9v\u00e9nements - Hotel Rotondo\" \/>\n<meta property=\"og:description\" content=\"SALLE R\u00e9unions et \u00e9v\u00e9nements L\u2019h\u00f4tel Rotondo met \u00e0 disposition les espaces sp\u00e9ciaux pour les r\u00e9unions et les \u00e9v\u00e9nements priv\u00e9s. Tout \u00e0 fait conscient de l\u2019importance des rencontres personnelles, notre personnel professionnel vous offrira son aide avec tous les d\u00e9tails pour que votre r\u00e9union ou \u00e9v\u00e9nement ait du succ\u00e8s. Nous disposons d\u2019une salle de r\u00e9union compl\u00e8tement [&hellip;]\" \/>\n<meta property=\"og:url\" content=\"https:\/\/www.hotelrotondo.com\/fr\/reunions-et-evenements\/\" \/>\n<meta property=\"og:site_name\" content=\"Hotel Rotondo\" \/>\n<meta property=\"article:modified_time\" content=\"2021-06-04T10:56:04+00:00\" \/>\n<meta property=\"og:image\" content=\"https:\/\/www.hotelrotondo.com\/wp-content\/uploads\/2019\/07\/3CL_9587_HOTEL_ROTONDO.jpg\" \/>\n<meta name=\"twitter:card\" content=\"summary_large_image\" \/>\n<script type=\"application\/ld+json\" class=\"yoast-schema-graph\">{\"@context\":\"https:\\\/\\\/schema.org\",\"@graph\":[{\"@type\":\"WebPage\",\"@id\":\"https:\\\/\\\/www.hotelrotondo.com\\\/fr\\\/reunions-et-evenements\\\/\",\"url\":\"https:\\\/\\\/www.hotelrotondo.com\\\/fr\\\/reunions-et-evenements\\\/\",\"name\":\"R\u00e9unions et \u00e9v\u00e9nements - Hotel Rotondo\",\"isPartOf\":{\"@id\":\"https:\\\/\\\/www.hotelrotondo.com\\\/fr\\\/#website\"},\"primaryImageOfPage\":{\"@id\":\"https:\\\/\\\/www.hotelrotondo.com\\\/fr\\\/reunions-et-evenements\\\/#primaryimage\"},\"image\":{\"@id\":\"https:\\\/\\\/www.hotelrotondo.com\\\/fr\\\/reunions-et-evenements\\\/#primaryimage\"},\"thumbnailUrl\":\"https:\\\/\\\/www.hotelrotondo.com\\\/wp-content\\\/uploads\\\/2019\\\/07\\\/3CL_9587_HOTEL_ROTONDO.jpg\",\"datePublished\":\"2019-08-20T06:01:38+00:00\",\"dateModified\":\"2021-06-04T10:56:04+00:00\",\"breadcrumb\":{\"@id\":\"https:\\\/\\\/www.hotelrotondo.com\\\/fr\\\/reunions-et-evenements\\\/#breadcrumb\"},\"inLanguage\":\"fr-FR\",\"potentialAction\":[{\"@type\":\"ReadAction\",\"target\":[\"https:\\\/\\\/www.hotelrotondo.com\\\/fr\\\/reunions-et-evenements\\\/\"]}]},{\"@type\":\"ImageObject\",\"inLanguage\":\"fr-FR\",\"@id\":\"https:\\\/\\\/www.hotelrotondo.com\\\/fr\\\/reunions-et-evenements\\\/#primaryimage\",\"url\":\"https:\\\/\\\/www.hotelrotondo.com\\\/wp-content\\\/uploads\\\/2019\\\/07\\\/3CL_9587_HOTEL_ROTONDO.jpg\",\"contentUrl\":\"https:\\\/\\\/www.hotelrotondo.com\\\/wp-content\\\/uploads\\\/2019\\\/07\\\/3CL_9587_HOTEL_ROTONDO.jpg\"},{\"@type\":\"BreadcrumbList\",\"@id\":\"https:\\\/\\\/www.hotelrotondo.com\\\/fr\\\/reunions-et-evenements\\\/#breadcrumb\",\"itemListElement\":[{\"@type\":\"ListItem\",\"position\":1,\"name\":\"Po\u010detna stranica\",\"item\":\"https:\\\/\\\/www.hotelrotondo.com\\\/fr\\\/\"},{\"@type\":\"ListItem\",\"position\":2,\"name\":\"R\u00e9unions et \u00e9v\u00e9nements\"}]},{\"@type\":\"WebSite\",\"@id\":\"https:\\\/\\\/www.hotelrotondo.com\\\/fr\\\/#website\",\"url\":\"https:\\\/\\\/www.hotelrotondo.com\\\/fr\\\/\",\"name\":\"Hotel Rotondo\",\"description\":\"Hotel Rotondo, Seget Trogir\",\"publisher\":{\"@id\":\"https:\\\/\\\/www.hotelrotondo.com\\\/fr\\\/#organization\"},\"potentialAction\":[{\"@type\":\"SearchAction\",\"target\":{\"@type\":\"EntryPoint\",\"urlTemplate\":\"https:\\\/\\\/www.hotelrotondo.com\\\/fr\\\/?s={search_term_string}\"},\"query-input\":{\"@type\":\"PropertyValueSpecification\",\"valueRequired\":true,\"valueName\":\"search_term_string\"}}],\"inLanguage\":\"fr-FR\"},{\"@type\":\"Organization\",\"@id\":\"https:\\\/\\\/www.hotelrotondo.com\\\/fr\\\/#organization\",\"name\":\"Hotel Rotondo\",\"url\":\"https:\\\/\\\/www.hotelrotondo.com\\\/fr\\\/\",\"logo\":{\"@type\":\"ImageObject\",\"inLanguage\":\"fr-FR\",\"@id\":\"https:\\\/\\\/www.hotelrotondo.com\\\/fr\\\/#\\\/schema\\\/logo\\\/image\\\/\",\"url\":\"https:\\\/\\\/www.hotelrotondo.com\\\/wp-content\\\/uploads\\\/2019\\\/07\\\/logo-hotel.rotondo.png\",\"contentUrl\":\"https:\\\/\\\/www.hotelrotondo.com\\\/wp-content\\\/uploads\\\/2019\\\/07\\\/logo-hotel.rotondo.png\",\"width\":480,\"height\":84,\"caption\":\"Hotel Rotondo\"},\"image\":{\"@id\":\"https:\\\/\\\/www.hotelrotondo.com\\\/fr\\\/#\\\/schema\\\/logo\\\/image\\\/\"}}]}<\/script>\n<!-- \/ Yoast SEO plugin. -->","yoast_head_json":{"title":"R\u00e9unions et \u00e9v\u00e9nements - Hotel Rotondo","robots":{"index":"index","follow":"follow","max-snippet":"max-snippet:-1","max-image-preview":"max-image-preview:large","max-video-preview":"max-video-preview:-1"},"canonical":"https:\/\/www.hotelrotondo.com\/fr\/reunions-et-evenements\/","og_locale":"fr_FR","og_type":"article","og_title":"R\u00e9unions et \u00e9v\u00e9nements - Hotel Rotondo","og_description":"SALLE R\u00e9unions et \u00e9v\u00e9nements L\u2019h\u00f4tel Rotondo met \u00e0 disposition les espaces sp\u00e9ciaux pour les r\u00e9unions et les \u00e9v\u00e9nements priv\u00e9s. Tout \u00e0 fait conscient de l\u2019importance des rencontres personnelles, notre personnel professionnel vous offrira son aide avec tous les d\u00e9tails pour que votre r\u00e9union ou \u00e9v\u00e9nement ait du succ\u00e8s. Nous disposons d\u2019une salle de r\u00e9union compl\u00e8tement [&hellip;]","og_url":"https:\/\/www.hotelrotondo.com\/fr\/reunions-et-evenements\/","og_site_name":"Hotel Rotondo","article_modified_time":"2021-06-04T10:56:04+00:00","og_image":[{"url":"https:\/\/www.hotelrotondo.com\/wp-content\/uploads\/2019\/07\/3CL_9587_HOTEL_ROTONDO.jpg","type":"","width":"","height":""}],"twitter_card":"summary_large_image","schema":{"@context":"https:\/\/schema.org","@graph":[{"@type":"WebPage","@id":"https:\/\/www.hotelrotondo.com\/fr\/reunions-et-evenements\/","url":"https:\/\/www.hotelrotondo.com\/fr\/reunions-et-evenements\/","name":"R\u00e9unions et \u00e9v\u00e9nements - Hotel Rotondo","isPartOf":{"@id":"https:\/\/www.hotelrotondo.com\/fr\/#website"},"primaryImageOfPage":{"@id":"https:\/\/www.hotelrotondo.com\/fr\/reunions-et-evenements\/#primaryimage"},"image":{"@id":"https:\/\/www.hotelrotondo.com\/fr\/reunions-et-evenements\/#primaryimage"},"thumbnailUrl":"https:\/\/www.hotelrotondo.com\/wp-content\/uploads\/2019\/07\/3CL_9587_HOTEL_ROTONDO.jpg","datePublished":"2019-08-20T06:01:38+00:00","dateModified":"2021-06-04T10:56:04+00:00","breadcrumb":{"@id":"https:\/\/www.hotelrotondo.com\/fr\/reunions-et-evenements\/#breadcrumb"},"inLanguage":"fr-FR","potentialAction":[{"@type":"ReadAction","target":["https:\/\/www.hotelrotondo.com\/fr\/reunions-et-evenements\/"]}]},{"@type":"ImageObject","inLanguage":"fr-FR","@id":"https:\/\/www.hotelrotondo.com\/fr\/reunions-et-evenements\/#primaryimage","url":"https:\/\/www.hotelrotondo.com\/wp-content\/uploads\/2019\/07\/3CL_9587_HOTEL_ROTONDO.jpg","contentUrl":"https:\/\/www.hotelrotondo.com\/wp-content\/uploads\/2019\/07\/3CL_9587_HOTEL_ROTONDO.jpg"},{"@type":"BreadcrumbList","@id":"https:\/\/www.hotelrotondo.com\/fr\/reunions-et-evenements\/#breadcrumb","itemListElement":[{"@type":"ListItem","position":1,"name":"Po\u010detna stranica","item":"https:\/\/www.hotelrotondo.com\/fr\/"},{"@type":"ListItem","position":2,"name":"R\u00e9unions et \u00e9v\u00e9nements"}]},{"@type":"WebSite","@id":"https:\/\/www.hotelrotondo.com\/fr\/#website","url":"https:\/\/www.hotelrotondo.com\/fr\/","name":"Hotel Rotondo","description":"Hotel Rotondo, Seget Trogir","publisher":{"@id":"https:\/\/www.hotelrotondo.com\/fr\/#organization"},"potentialAction":[{"@type":"SearchAction","target":{"@type":"EntryPoint","urlTemplate":"https:\/\/www.hotelrotondo.com\/fr\/?s={search_term_string}"},"query-input":{"@type":"PropertyValueSpecification","valueRequired":true,"valueName":"search_term_string"}}],"inLanguage":"fr-FR"},{"@type":"Organization","@id":"https:\/\/www.hotelrotondo.com\/fr\/#organization","name":"Hotel Rotondo","url":"https:\/\/www.hotelrotondo.com\/fr\/","logo":{"@type":"ImageObject","inLanguage":"fr-FR","@id":"https:\/\/www.hotelrotondo.com\/fr\/#\/schema\/logo\/image\/","url":"https:\/\/www.hotelrotondo.com\/wp-content\/uploads\/2019\/07\/logo-hotel.rotondo.png","contentUrl":"https:\/\/www.hotelrotondo.com\/wp-content\/uploads\/2019\/07\/logo-hotel.rotondo.png","width":480,"height":84,"caption":"Hotel Rotondo"},"image":{"@id":"https:\/\/www.hotelrotondo.com\/fr\/#\/schema\/logo\/image\/"}}]}},"_links":{"self":[{"href":"https:\/\/www.hotelrotondo.com\/fr\/wp-json\/wp\/v2\/pages\/984","targetHints":{"allow":["GET"]}}],"collection":[{"href":"https:\/\/www.hotelrotondo.com\/fr\/wp-json\/wp\/v2\/pages"}],"about":[{"href":"https:\/\/www.hotelrotondo.com\/fr\/wp-json\/wp\/v2\/types\/page"}],"author":[{"embeddable":true,"href":"https:\/\/www.hotelrotondo.com\/fr\/wp-json\/wp\/v2\/users\/1"}],"replies":[{"embeddable":true,"href":"https:\/\/www.hotelrotondo.com\/fr\/wp-json\/wp\/v2\/comments?post=984"}],"version-history":[{"count":0,"href":"https:\/\/www.hotelrotondo.com\/fr\/wp-json\/wp\/v2\/pages\/984\/revisions"}],"wp:attachment":[{"href":"https:\/\/www.hotelrotondo.com\/fr\/wp-json\/wp\/v2\/media?parent=984"}],"curies":[{"name":"wp","href":"https:\/\/api.w.org\/{rel}","templated":true}]}}