{"id":127,"date":"2019-07-15T09:35:42","date_gmt":"2019-07-15T09:35:42","guid":{"rendered":"https:\/\/upgradecms.com\/hotelrotondo\/?page_id=127"},"modified":"2019-07-22T10:24:53","modified_gmt":"2019-07-22T10:24:53","slug":"lokacija","status":"publish","type":"page","link":"https:\/\/www.hotelrotondo.com\/hr\/lokacija\/","title":{"rendered":"Lokacija"},"content":{"rendered":"\t\t<div data-elementor-type=\"wp-post\" data-elementor-id=\"127\" class=\"elementor elementor-127\" data-elementor-post-type=\"page\">\n\t\t\t\t\t\t<section class=\"elementor-section elementor-top-section elementor-element elementor-element-9e92801 elementor-section-full_width elementor-section-height-default elementor-section-height-default\" data-id=\"9e92801\" data-element_type=\"section\" data-e-type=\"section\" data-settings=\"{&quot;background_background&quot;:&quot;classic&quot;}\">\n\t\t\t\t\t\t<div class=\"elementor-container elementor-column-gap-no\">\n\t\t\t\t\t<div class=\"elementor-column elementor-col-100 elementor-top-column elementor-element elementor-element-27cc74b\" data-id=\"27cc74b\" data-element_type=\"column\" data-e-type=\"column\" data-settings=\"{&quot;background_background&quot;:&quot;classic&quot;}\">\n\t\t\t<div class=\"elementor-widget-wrap elementor-element-populated\">\n\t\t\t\t\t\t<div class=\"elementor-element elementor-element-fccd9e8 elementor--h-position-center elementor--v-position-middle elementor-widget elementor-widget-slides\" data-id=\"fccd9e8\" data-element_type=\"widget\" data-e-type=\"widget\" data-settings=\"{&quot;navigation&quot;:&quot;none&quot;,&quot;transition&quot;:&quot;slide&quot;,&quot;transition_speed&quot;:500}\" data-widget_type=\"slides.default\">\n\t\t\t\t\t\t\t\t\t\t<div class=\"elementor-slides-wrapper elementor-main-swiper swiper\" role=\"region\" aria-roledescription=\"carousel\" aria-label=\"Slides\" dir=\"ltr\" data-animation=\"fadeInUp\">\n\t\t\t\t<div class=\"swiper-wrapper elementor-slides\">\n\t\t\t\t\t\t\t\t\t\t<div class=\"elementor-repeater-item-9597cb4 swiper-slide\" role=\"group\" aria-roledescription=\"slide\"><div class=\"swiper-slide-bg\" role=\"img\" aria-label=\"trogir-hotel.rotondo\"><\/div><div class=\"swiper-slide-inner\" ><div class=\"swiper-slide-contents\"><div class=\"elementor-slide-heading\">TROGIR<\/div><\/div><\/div><\/div>\t\t\t\t<\/div>\n\t\t\t\t\t\t\t<\/div>\n\t\t\t\t\t\t\t\t<\/div>\n\t\t\t\t\t<\/div>\n\t\t<\/div>\n\t\t\t\t\t<\/div>\n\t\t<\/section>\n\t\t\t\t<section class=\"elementor-section elementor-top-section elementor-element elementor-element-38c74e40 elementor-section-boxed elementor-section-height-default elementor-section-height-default\" data-id=\"38c74e40\" data-element_type=\"section\" data-e-type=\"section\">\n\t\t\t\t\t\t<div class=\"elementor-container elementor-column-gap-default\">\n\t\t\t\t\t<div class=\"elementor-column elementor-col-50 elementor-top-column elementor-element elementor-element-1caacd8c\" data-id=\"1caacd8c\" data-element_type=\"column\" data-e-type=\"column\">\n\t\t\t<div class=\"elementor-widget-wrap elementor-element-populated\">\n\t\t\t\t\t\t<div class=\"elementor-element elementor-element-599f28d4 elementor-widget elementor-widget-heading\" data-id=\"599f28d4\" data-element_type=\"widget\" data-e-type=\"widget\" data-widget_type=\"heading.default\">\n\t\t\t\t\t<h2 class=\"elementor-heading-title elementor-size-default\">Hotel u Trogiru<\/h2>\t\t\t\t<\/div>\n\t\t\t\t<div class=\"elementor-element elementor-element-31d1641f elementor-widget elementor-widget-text-editor\" data-id=\"31d1641f\" data-element_type=\"widget\" data-e-type=\"widget\" data-widget_type=\"text-editor.default\">\n\t\t\t\t\t\t\t\t\t<p>Adresa: Ulica Hrvatskih \u017ertava 47A, 21218 Seget Donji, Hrvatska<br \/>GPS: 43\u00b031\u201907.1\u2033N 16\u00b013\u201959.0\u2033E<\/p><p>TROGIR, lijepo romanti\u010dno mjesto pod za\u0161titom UNESCO-a, nudi vam \u010dari mediteranske ljepote i nezaboravne ve\u010deri. Split, tako\u0111er pod za\u0161titom UNESCO-a je 30 km udaljen i Nacionalni park Krka je 60 km daleko. Udaljenost od Hotela do pla\u017ee je samo 500 metara, s mnogim sportsko-rekreativnim sadr\u017eajem (jet ski, tube, banana, tobogans, tenis, rent-a-boat &#8230;), tako da gosti koji \u017eele aktivan odmor tako\u0111er mogu u\u017eivati. Dugo \u0161etali\u0161te uz more, dobro za \u0161etnju i jogging, spaja staro ribarsko mjesto Seget Donji do hotela Rotondo. Na dugoj pla\u017ei mo\u017eete prona\u0107i skrivene stijene i male \u0161ljun\u010dane pla\u017ee.<br \/>Svaki dan organiziramo izlete brodom do susjednih otoka.<\/p><p>\u00a0<\/p>\t\t\t\t\t\t\t\t<\/div>\n\t\t\t\t\t<\/div>\n\t\t<\/div>\n\t\t\t\t<div class=\"elementor-column elementor-col-50 elementor-top-column elementor-element elementor-element-6216542\" data-id=\"6216542\" data-element_type=\"column\" data-e-type=\"column\">\n\t\t\t<div class=\"elementor-widget-wrap\">\n\t\t\t\t\t\t\t<\/div>\n\t\t<\/div>\n\t\t\t\t\t<\/div>\n\t\t<\/section>\n\t\t\t\t<section class=\"elementor-section elementor-top-section elementor-element elementor-element-bb36559 elementor-section-full_width elementor-section-height-default elementor-section-height-default\" data-id=\"bb36559\" data-element_type=\"section\" data-e-type=\"section\">\n\t\t\t\t\t\t<div class=\"elementor-container elementor-column-gap-default\">\n\t\t\t\t\t<div class=\"elementor-column elementor-col-100 elementor-top-column elementor-element elementor-element-0c73474\" data-id=\"0c73474\" data-element_type=\"column\" data-e-type=\"column\">\n\t\t\t<div class=\"elementor-widget-wrap elementor-element-populated\">\n\t\t\t\t\t\t<div class=\"elementor-element elementor-element-8af8147 elementor-widget elementor-widget-google_maps\" data-id=\"8af8147\" data-element_type=\"widget\" data-e-type=\"widget\" data-widget_type=\"google_maps.default\">\n\t\t\t\t\t\t\t<div class=\"elementor-custom-embed\">\n\t\t\t<iframe loading=\"lazy\"\n\t\t\t\t\tsrc=\"https:\/\/maps.google.com\/maps?q=Hotel%20Rotondo&#038;t=m&#038;z=10&#038;output=embed&#038;iwloc=near\"\n\t\t\t\t\ttitle=\"Hotel Rotondo\"\n\t\t\t\t\taria-label=\"Hotel Rotondo\"\n\t\t\t><\/iframe>\n\t\t<\/div>\n\t\t\t\t\t\t<\/div>\n\t\t\t\t\t<\/div>\n\t\t<\/div>\n\t\t\t\t\t<\/div>\n\t\t<\/section>\n\t\t\t\t<\/div>\n\t\t","protected":false},"excerpt":{"rendered":"<p>TROGIR Hotel u Trogiru Adresa: Ulica Hrvatskih \u017ertava 47A, 21218 Seget Donji, HrvatskaGPS: 43\u00b031\u201907.1\u2033N 16\u00b013\u201959.0\u2033E TROGIR, lijepo romanti\u010dno mjesto pod za\u0161titom UNESCO-a, nudi vam \u010dari mediteranske ljepote i nezaboravne ve\u010deri. Split, tako\u0111er pod za\u0161titom UNESCO-a je 30 km udaljen i Nacionalni park Krka je 60 km daleko. Udaljenost od Hotela do pla\u017ee je samo 500 [&hellip;]<\/p>\n","protected":false},"author":1,"featured_media":0,"parent":0,"menu_order":0,"comment_status":"closed","ping_status":"closed","template":"","meta":{"site-sidebar-layout":"no-sidebar","site-content-layout":"page-builder","ast-site-content-layout":"default","site-content-style":"default","site-sidebar-style":"default","ast-global-header-display":"","ast-banner-title-visibility":"","ast-main-header-display":"","ast-hfb-above-header-display":"","ast-hfb-below-header-display":"","ast-hfb-mobile-header-display":"","site-post-title":"disabled","ast-breadcrumbs-content":"","ast-featured-img":"disabled","footer-sml-layout":"","ast-disable-related-posts":"","theme-transparent-header-meta":"default","adv-header-id-meta":"","stick-header-meta":"","header-above-stick-meta":"","header-main-stick-meta":"","header-below-stick-meta":"","astra-migrate-meta-layouts":"default","ast-page-background-enabled":"default","ast-page-background-meta":{"desktop":{"background-color":"","background-image":"","background-repeat":"repeat","background-position":"center center","background-size":"auto","background-attachment":"scroll","background-type":"","background-media":"","overlay-type":"","overlay-color":"","overlay-opacity":"","overlay-gradient":""},"tablet":{"background-color":"","background-image":"","background-repeat":"repeat","background-position":"center center","background-size":"auto","background-attachment":"scroll","background-type":"","background-media":"","overlay-type":"","overlay-color":"","overlay-opacity":"","overlay-gradient":""},"mobile":{"background-color":"","background-image":"","background-repeat":"repeat","background-position":"center center","background-size":"auto","background-attachment":"scroll","background-type":"","background-media":"","overlay-type":"","overlay-color":"","overlay-opacity":"","overlay-gradient":""}},"ast-content-background-meta":{"desktop":{"background-color":"var(--ast-global-color-5)","background-image":"","background-repeat":"repeat","background-position":"center center","background-size":"auto","background-attachment":"scroll","background-type":"","background-media":"","overlay-type":"","overlay-color":"","overlay-opacity":"","overlay-gradient":""},"tablet":{"background-color":"var(--ast-global-color-5)","background-image":"","background-repeat":"repeat","background-position":"center center","background-size":"auto","background-attachment":"scroll","background-type":"","background-media":"","overlay-type":"","overlay-color":"","overlay-opacity":"","overlay-gradient":""},"mobile":{"background-color":"var(--ast-global-color-5)","background-image":"","background-repeat":"repeat","background-position":"center center","background-size":"auto","background-attachment":"scroll","background-type":"","background-media":"","overlay-type":"","overlay-color":"","overlay-opacity":"","overlay-gradient":""}},"footnotes":""},"class_list":["post-127","page","type-page","status-publish","hentry"],"yoast_head":"<!-- This site is optimized with the Yoast SEO plugin v27.5 - https:\/\/yoast.com\/product\/yoast-seo-wordpress\/ -->\n<title>Lokacija - Hotel Rotondo<\/title>\n<meta name=\"robots\" content=\"index, follow, max-snippet:-1, max-image-preview:large, max-video-preview:-1\" \/>\n<link rel=\"canonical\" href=\"https:\/\/www.hotelrotondo.com\/hr\/lokacija\/\" \/>\n<meta property=\"og:locale\" content=\"hr_HR\" \/>\n<meta property=\"og:type\" content=\"article\" \/>\n<meta property=\"og:title\" content=\"Lokacija - Hotel Rotondo\" \/>\n<meta property=\"og:description\" content=\"TROGIR Hotel u Trogiru Adresa: Ulica Hrvatskih \u017ertava 47A, 21218 Seget Donji, HrvatskaGPS: 43\u00b031\u201907.1\u2033N 16\u00b013\u201959.0\u2033E TROGIR, lijepo romanti\u010dno mjesto pod za\u0161titom UNESCO-a, nudi vam \u010dari mediteranske ljepote i nezaboravne ve\u010deri. Split, tako\u0111er pod za\u0161titom UNESCO-a je 30 km udaljen i Nacionalni park Krka je 60 km daleko. Udaljenost od Hotela do pla\u017ee je samo 500 [&hellip;]\" \/>\n<meta property=\"og:url\" content=\"https:\/\/www.hotelrotondo.com\/hr\/lokacija\/\" \/>\n<meta property=\"og:site_name\" content=\"Hotel Rotondo\" \/>\n<meta property=\"article:modified_time\" content=\"2019-07-22T10:24:53+00:00\" \/>\n<meta name=\"twitter:card\" content=\"summary_large_image\" \/>\n<meta name=\"twitter:label1\" content=\"Procijenjeno vrijeme \u010ditanja\" \/>\n\t<meta name=\"twitter:data1\" content=\"1 minuta\" \/>\n<script type=\"application\/ld+json\" class=\"yoast-schema-graph\">{\"@context\":\"https:\\\/\\\/schema.org\",\"@graph\":[{\"@type\":\"WebPage\",\"@id\":\"https:\\\/\\\/www.hotelrotondo.com\\\/hr\\\/lokacija\\\/\",\"url\":\"https:\\\/\\\/www.hotelrotondo.com\\\/hr\\\/lokacija\\\/\",\"name\":\"Lokacija - Hotel Rotondo\",\"isPartOf\":{\"@id\":\"https:\\\/\\\/www.hotelrotondo.com\\\/hr\\\/#website\"},\"datePublished\":\"2019-07-15T09:35:42+00:00\",\"dateModified\":\"2019-07-22T10:24:53+00:00\",\"breadcrumb\":{\"@id\":\"https:\\\/\\\/www.hotelrotondo.com\\\/hr\\\/lokacija\\\/#breadcrumb\"},\"inLanguage\":\"hr\",\"potentialAction\":[{\"@type\":\"ReadAction\",\"target\":[\"https:\\\/\\\/www.hotelrotondo.com\\\/hr\\\/lokacija\\\/\"]}]},{\"@type\":\"BreadcrumbList\",\"@id\":\"https:\\\/\\\/www.hotelrotondo.com\\\/hr\\\/lokacija\\\/#breadcrumb\",\"itemListElement\":[{\"@type\":\"ListItem\",\"position\":1,\"name\":\"Po\u010detna stranica\",\"item\":\"https:\\\/\\\/www.hotelrotondo.com\\\/hr\\\/\"},{\"@type\":\"ListItem\",\"position\":2,\"name\":\"Lokacija\"}]},{\"@type\":\"WebSite\",\"@id\":\"https:\\\/\\\/www.hotelrotondo.com\\\/hr\\\/#website\",\"url\":\"https:\\\/\\\/www.hotelrotondo.com\\\/hr\\\/\",\"name\":\"Hotel Rotondo\",\"description\":\"Hotel Rotondo, Seget Trogir\",\"publisher\":{\"@id\":\"https:\\\/\\\/www.hotelrotondo.com\\\/hr\\\/#organization\"},\"potentialAction\":[{\"@type\":\"SearchAction\",\"target\":{\"@type\":\"EntryPoint\",\"urlTemplate\":\"https:\\\/\\\/www.hotelrotondo.com\\\/hr\\\/?s={search_term_string}\"},\"query-input\":{\"@type\":\"PropertyValueSpecification\",\"valueRequired\":true,\"valueName\":\"search_term_string\"}}],\"inLanguage\":\"hr\"},{\"@type\":\"Organization\",\"@id\":\"https:\\\/\\\/www.hotelrotondo.com\\\/hr\\\/#organization\",\"name\":\"Hotel Rotondo\",\"url\":\"https:\\\/\\\/www.hotelrotondo.com\\\/hr\\\/\",\"logo\":{\"@type\":\"ImageObject\",\"inLanguage\":\"hr\",\"@id\":\"https:\\\/\\\/www.hotelrotondo.com\\\/hr\\\/#\\\/schema\\\/logo\\\/image\\\/\",\"url\":\"https:\\\/\\\/www.hotelrotondo.com\\\/wp-content\\\/uploads\\\/2019\\\/07\\\/logo-hotel.rotondo.png\",\"contentUrl\":\"https:\\\/\\\/www.hotelrotondo.com\\\/wp-content\\\/uploads\\\/2019\\\/07\\\/logo-hotel.rotondo.png\",\"width\":480,\"height\":84,\"caption\":\"Hotel Rotondo\"},\"image\":{\"@id\":\"https:\\\/\\\/www.hotelrotondo.com\\\/hr\\\/#\\\/schema\\\/logo\\\/image\\\/\"}}]}<\/script>\n<!-- \/ Yoast SEO plugin. -->","yoast_head_json":{"title":"Lokacija - Hotel Rotondo","robots":{"index":"index","follow":"follow","max-snippet":"max-snippet:-1","max-image-preview":"max-image-preview:large","max-video-preview":"max-video-preview:-1"},"canonical":"https:\/\/www.hotelrotondo.com\/hr\/lokacija\/","og_locale":"hr_HR","og_type":"article","og_title":"Lokacija - Hotel Rotondo","og_description":"TROGIR Hotel u Trogiru Adresa: Ulica Hrvatskih \u017ertava 47A, 21218 Seget Donji, HrvatskaGPS: 43\u00b031\u201907.1\u2033N 16\u00b013\u201959.0\u2033E TROGIR, lijepo romanti\u010dno mjesto pod za\u0161titom UNESCO-a, nudi vam \u010dari mediteranske ljepote i nezaboravne ve\u010deri. Split, tako\u0111er pod za\u0161titom UNESCO-a je 30 km udaljen i Nacionalni park Krka je 60 km daleko. Udaljenost od Hotela do pla\u017ee je samo 500 [&hellip;]","og_url":"https:\/\/www.hotelrotondo.com\/hr\/lokacija\/","og_site_name":"Hotel Rotondo","article_modified_time":"2019-07-22T10:24:53+00:00","twitter_card":"summary_large_image","twitter_misc":{"Procijenjeno vrijeme \u010ditanja":"1 minuta"},"schema":{"@context":"https:\/\/schema.org","@graph":[{"@type":"WebPage","@id":"https:\/\/www.hotelrotondo.com\/hr\/lokacija\/","url":"https:\/\/www.hotelrotondo.com\/hr\/lokacija\/","name":"Lokacija - Hotel Rotondo","isPartOf":{"@id":"https:\/\/www.hotelrotondo.com\/hr\/#website"},"datePublished":"2019-07-15T09:35:42+00:00","dateModified":"2019-07-22T10:24:53+00:00","breadcrumb":{"@id":"https:\/\/www.hotelrotondo.com\/hr\/lokacija\/#breadcrumb"},"inLanguage":"hr","potentialAction":[{"@type":"ReadAction","target":["https:\/\/www.hotelrotondo.com\/hr\/lokacija\/"]}]},{"@type":"BreadcrumbList","@id":"https:\/\/www.hotelrotondo.com\/hr\/lokacija\/#breadcrumb","itemListElement":[{"@type":"ListItem","position":1,"name":"Po\u010detna stranica","item":"https:\/\/www.hotelrotondo.com\/hr\/"},{"@type":"ListItem","position":2,"name":"Lokacija"}]},{"@type":"WebSite","@id":"https:\/\/www.hotelrotondo.com\/hr\/#website","url":"https:\/\/www.hotelrotondo.com\/hr\/","name":"Hotel Rotondo","description":"Hotel Rotondo, Seget Trogir","publisher":{"@id":"https:\/\/www.hotelrotondo.com\/hr\/#organization"},"potentialAction":[{"@type":"SearchAction","target":{"@type":"EntryPoint","urlTemplate":"https:\/\/www.hotelrotondo.com\/hr\/?s={search_term_string}"},"query-input":{"@type":"PropertyValueSpecification","valueRequired":true,"valueName":"search_term_string"}}],"inLanguage":"hr"},{"@type":"Organization","@id":"https:\/\/www.hotelrotondo.com\/hr\/#organization","name":"Hotel Rotondo","url":"https:\/\/www.hotelrotondo.com\/hr\/","logo":{"@type":"ImageObject","inLanguage":"hr","@id":"https:\/\/www.hotelrotondo.com\/hr\/#\/schema\/logo\/image\/","url":"https:\/\/www.hotelrotondo.com\/wp-content\/uploads\/2019\/07\/logo-hotel.rotondo.png","contentUrl":"https:\/\/www.hotelrotondo.com\/wp-content\/uploads\/2019\/07\/logo-hotel.rotondo.png","width":480,"height":84,"caption":"Hotel Rotondo"},"image":{"@id":"https:\/\/www.hotelrotondo.com\/hr\/#\/schema\/logo\/image\/"}}]}},"_links":{"self":[{"href":"https:\/\/www.hotelrotondo.com\/hr\/wp-json\/wp\/v2\/pages\/127","targetHints":{"allow":["GET"]}}],"collection":[{"href":"https:\/\/www.hotelrotondo.com\/hr\/wp-json\/wp\/v2\/pages"}],"about":[{"href":"https:\/\/www.hotelrotondo.com\/hr\/wp-json\/wp\/v2\/types\/page"}],"author":[{"embeddable":true,"href":"https:\/\/www.hotelrotondo.com\/hr\/wp-json\/wp\/v2\/users\/1"}],"replies":[{"embeddable":true,"href":"https:\/\/www.hotelrotondo.com\/hr\/wp-json\/wp\/v2\/comments?post=127"}],"version-history":[{"count":0,"href":"https:\/\/www.hotelrotondo.com\/hr\/wp-json\/wp\/v2\/pages\/127\/revisions"}],"wp:attachment":[{"href":"https:\/\/www.hotelrotondo.com\/hr\/wp-json\/wp\/v2\/media?parent=127"}],"curies":[{"name":"wp","href":"https:\/\/api.w.org\/{rel}","templated":true}]}}