{"id":135,"date":"2019-07-15T09:38:25","date_gmt":"2019-07-15T09:38:25","guid":{"rendered":"https:\/\/upgradecms.com\/hotelrotondo\/?page_id=135"},"modified":"2023-06-10T10:26:50","modified_gmt":"2023-06-10T10:26:50","slug":"uvjeti-poslovanja","status":"publish","type":"page","link":"https:\/\/www.hotelrotondo.com\/hr\/uvjeti-poslovanja\/","title":{"rendered":"Uvjeti poslovanja"},"content":{"rendered":"\t\t<div data-elementor-type=\"wp-post\" data-elementor-id=\"135\" class=\"elementor elementor-135\" data-elementor-post-type=\"page\">\n\t\t\t\t\t\t<section class=\"elementor-section elementor-top-section elementor-element elementor-element-79821ab5 elementor-section-boxed elementor-section-height-default elementor-section-height-default\" data-id=\"79821ab5\" data-element_type=\"section\" data-e-type=\"section\">\n\t\t\t\t\t\t<div class=\"elementor-container elementor-column-gap-default\">\n\t\t\t\t\t<div class=\"elementor-column elementor-col-100 elementor-top-column elementor-element elementor-element-1d140f0f\" data-id=\"1d140f0f\" data-element_type=\"column\" data-e-type=\"column\">\n\t\t\t<div class=\"elementor-widget-wrap elementor-element-populated\">\n\t\t\t\t\t\t<div class=\"elementor-element elementor-element-7ab3ec19 elementor-widget elementor-widget-heading\" data-id=\"7ab3ec19\" data-element_type=\"widget\" data-e-type=\"widget\" data-widget_type=\"heading.default\">\n\t\t\t\t\t<h2 class=\"elementor-heading-title elementor-size-default\">Uvjeti poslovanja<\/h2>\t\t\t\t<\/div>\n\t\t\t\t<div class=\"elementor-element elementor-element-6e3c3013 elementor-widget elementor-widget-text-editor\" data-id=\"6e3c3013\" data-element_type=\"widget\" data-e-type=\"widget\" data-widget_type=\"text-editor.default\">\n\t\t\t\t\t\t\t\t\t<p>Tekst uvjeta poslovanja objekta <br>Zahvaljujemo na rezervaciji i molimo Vas da obratite pa\u017enju na sljede\u0107e uvjete poslovanja objekta:<\/p>\n<p>Va\u017ee\u0107a kreditna kartica je potrebna kao garancija Va\u0161e rezervacije.<\/p>\n<p>Cijene objekta uklju\u010duju boravi\u0161nu pristojbu i tro\u0161kove rezerviranja.<\/p>\n<p>Prijava u objekt, mogu\u0107a je nakon 14:00h, na dan dolaska. <br>Odjava iz objekta mora se obaviti do 11:00h, na dan odlaska.<\/p>\n<p>Objekt pridr\u017eava pravo naplatiti dodatne tro\u0161kove za zaka\u0161njele odjave.<\/p>\n<p>Molimo uzmite u obzir da se djeca starosti 13 i vi\u0161e godina smatraju odraslima te im se napla\u0107uje puna cijena. Prilikom rezerviranja smje\u0161taja, obvezni ste djecu stariju od navedenog pribrojiti odraslim osobama.<\/p>\n<p>Kona\u010dni obra\u010dun usluga vr\u0161i se na recepciji objekta prije odlaska.<\/p>\n<p>Nazna\u010dene cijene su informativne.<\/p>\n<p>\u017delite li promijeniti ili otkazati napravljenu rezervaciju, molimo kontaktirajte na\u0161u rezervacijsku slu\u017ebu.<\/p>\n<p>Za sve dodatne informacije molimo kontaktirajte na\u0161u slu\u017ebu rezervacija preko e-mail s adrese: info@hotelrotondo.com<\/p>\n<p>Objekt pridr\u017eava pravo odbiti, otkazati ili izmijeniti rezervaciju ukoliko je do\u0161lo do zlouporabe rezervacijskog sustava ili je ista napravljena o\u010diglednom gre\u0161kom korisnika.<br>Na\u010din pla\u0107anja \u2013 gotovina, kartice, bankovni transfer<\/p>\t\t\t\t\t\t\t\t<\/div>\n\t\t\t\t\t<\/div>\n\t\t<\/div>\n\t\t\t\t\t<\/div>\n\t\t<\/section>\n\t\t\t\t<\/div>\n\t\t","protected":false},"excerpt":{"rendered":"<p>Uvjeti poslovanja Tekst uvjeta poslovanja objekta Zahvaljujemo na rezervaciji i molimo Vas da obratite pa\u017enju na sljede\u0107e uvjete poslovanja objekta: Va\u017ee\u0107a kreditna kartica je potrebna kao garancija Va\u0161e rezervacije. Cijene objekta uklju\u010duju boravi\u0161nu pristojbu i tro\u0161kove rezerviranja. Prijava u objekt, mogu\u0107a je nakon 14:00h, na dan dolaska. Odjava iz objekta mora se obaviti do 11:00h, [&hellip;]<\/p>\n","protected":false},"author":1,"featured_media":0,"parent":0,"menu_order":0,"comment_status":"closed","ping_status":"closed","template":"","meta":{"site-sidebar-layout":"no-sidebar","site-content-layout":"page-builder","ast-site-content-layout":"default","site-content-style":"default","site-sidebar-style":"default","ast-global-header-display":"","ast-banner-title-visibility":"","ast-main-header-display":"","ast-hfb-above-header-display":"","ast-hfb-below-header-display":"","ast-hfb-mobile-header-display":"","site-post-title":"disabled","ast-breadcrumbs-content":"","ast-featured-img":"disabled","footer-sml-layout":"","ast-disable-related-posts":"","theme-transparent-header-meta":"default","adv-header-id-meta":"","stick-header-meta":"","header-above-stick-meta":"","header-main-stick-meta":"","header-below-stick-meta":"","astra-migrate-meta-layouts":"default","ast-page-background-enabled":"default","ast-page-background-meta":{"desktop":{"background-color":"","background-image":"","background-repeat":"repeat","background-position":"center center","background-size":"auto","background-attachment":"scroll","background-type":"","background-media":"","overlay-type":"","overlay-color":"","overlay-opacity":"","overlay-gradient":""},"tablet":{"background-color":"","background-image":"","background-repeat":"repeat","background-position":"center center","background-size":"auto","background-attachment":"scroll","background-type":"","background-media":"","overlay-type":"","overlay-color":"","overlay-opacity":"","overlay-gradient":""},"mobile":{"background-color":"","background-image":"","background-repeat":"repeat","background-position":"center center","background-size":"auto","background-attachment":"scroll","background-type":"","background-media":"","overlay-type":"","overlay-color":"","overlay-opacity":"","overlay-gradient":""}},"ast-content-background-meta":{"desktop":{"background-color":"var(--ast-global-color-5)","background-image":"","background-repeat":"repeat","background-position":"center center","background-size":"auto","background-attachment":"scroll","background-type":"","background-media":"","overlay-type":"","overlay-color":"","overlay-opacity":"","overlay-gradient":""},"tablet":{"background-color":"var(--ast-global-color-5)","background-image":"","background-repeat":"repeat","background-position":"center center","background-size":"auto","background-attachment":"scroll","background-type":"","background-media":"","overlay-type":"","overlay-color":"","overlay-opacity":"","overlay-gradient":""},"mobile":{"background-color":"var(--ast-global-color-5)","background-image":"","background-repeat":"repeat","background-position":"center center","background-size":"auto","background-attachment":"scroll","background-type":"","background-media":"","overlay-type":"","overlay-color":"","overlay-opacity":"","overlay-gradient":""}},"footnotes":""},"class_list":["post-135","page","type-page","status-publish","hentry"],"yoast_head":"<!-- This site is optimized with the Yoast SEO plugin v27.4 - https:\/\/yoast.com\/product\/yoast-seo-wordpress\/ -->\n<title>Uvjeti poslovanja - Hotel Rotondo<\/title>\n<meta name=\"robots\" content=\"index, follow, max-snippet:-1, max-image-preview:large, max-video-preview:-1\" \/>\n<link rel=\"canonical\" href=\"https:\/\/www.hotelrotondo.com\/hr\/uvjeti-poslovanja\/\" \/>\n<meta property=\"og:locale\" content=\"hr_HR\" \/>\n<meta property=\"og:type\" content=\"article\" \/>\n<meta property=\"og:title\" content=\"Uvjeti poslovanja - Hotel Rotondo\" \/>\n<meta property=\"og:description\" content=\"Uvjeti poslovanja Tekst uvjeta poslovanja objekta Zahvaljujemo na rezervaciji i molimo Vas da obratite pa\u017enju na sljede\u0107e uvjete poslovanja objekta: Va\u017ee\u0107a kreditna kartica je potrebna kao garancija Va\u0161e rezervacije. Cijene objekta uklju\u010duju boravi\u0161nu pristojbu i tro\u0161kove rezerviranja. Prijava u objekt, mogu\u0107a je nakon 14:00h, na dan dolaska. Odjava iz objekta mora se obaviti do 11:00h, [&hellip;]\" \/>\n<meta property=\"og:url\" content=\"https:\/\/www.hotelrotondo.com\/hr\/uvjeti-poslovanja\/\" \/>\n<meta property=\"og:site_name\" content=\"Hotel Rotondo\" \/>\n<meta property=\"article:modified_time\" content=\"2023-06-10T10:26:50+00:00\" \/>\n<meta name=\"twitter:card\" content=\"summary_large_image\" \/>\n<meta name=\"twitter:label1\" content=\"Procijenjeno vrijeme \u010ditanja\" \/>\n\t<meta name=\"twitter:data1\" content=\"1 minuta\" \/>\n<script type=\"application\/ld+json\" class=\"yoast-schema-graph\">{\"@context\":\"https:\\\/\\\/schema.org\",\"@graph\":[{\"@type\":\"WebPage\",\"@id\":\"https:\\\/\\\/www.hotelrotondo.com\\\/hr\\\/uvjeti-poslovanja\\\/\",\"url\":\"https:\\\/\\\/www.hotelrotondo.com\\\/hr\\\/uvjeti-poslovanja\\\/\",\"name\":\"Uvjeti poslovanja - Hotel Rotondo\",\"isPartOf\":{\"@id\":\"https:\\\/\\\/www.hotelrotondo.com\\\/hr\\\/#website\"},\"datePublished\":\"2019-07-15T09:38:25+00:00\",\"dateModified\":\"2023-06-10T10:26:50+00:00\",\"breadcrumb\":{\"@id\":\"https:\\\/\\\/www.hotelrotondo.com\\\/hr\\\/uvjeti-poslovanja\\\/#breadcrumb\"},\"inLanguage\":\"hr\",\"potentialAction\":[{\"@type\":\"ReadAction\",\"target\":[\"https:\\\/\\\/www.hotelrotondo.com\\\/hr\\\/uvjeti-poslovanja\\\/\"]}]},{\"@type\":\"BreadcrumbList\",\"@id\":\"https:\\\/\\\/www.hotelrotondo.com\\\/hr\\\/uvjeti-poslovanja\\\/#breadcrumb\",\"itemListElement\":[{\"@type\":\"ListItem\",\"position\":1,\"name\":\"Po\u010detna stranica\",\"item\":\"https:\\\/\\\/www.hotelrotondo.com\\\/hr\\\/\"},{\"@type\":\"ListItem\",\"position\":2,\"name\":\"Uvjeti poslovanja\"}]},{\"@type\":\"WebSite\",\"@id\":\"https:\\\/\\\/www.hotelrotondo.com\\\/hr\\\/#website\",\"url\":\"https:\\\/\\\/www.hotelrotondo.com\\\/hr\\\/\",\"name\":\"Hotel Rotondo\",\"description\":\"Hotel Rotondo, Seget Trogir\",\"publisher\":{\"@id\":\"https:\\\/\\\/www.hotelrotondo.com\\\/hr\\\/#organization\"},\"potentialAction\":[{\"@type\":\"SearchAction\",\"target\":{\"@type\":\"EntryPoint\",\"urlTemplate\":\"https:\\\/\\\/www.hotelrotondo.com\\\/hr\\\/?s={search_term_string}\"},\"query-input\":{\"@type\":\"PropertyValueSpecification\",\"valueRequired\":true,\"valueName\":\"search_term_string\"}}],\"inLanguage\":\"hr\"},{\"@type\":\"Organization\",\"@id\":\"https:\\\/\\\/www.hotelrotondo.com\\\/hr\\\/#organization\",\"name\":\"Hotel Rotondo\",\"url\":\"https:\\\/\\\/www.hotelrotondo.com\\\/hr\\\/\",\"logo\":{\"@type\":\"ImageObject\",\"inLanguage\":\"hr\",\"@id\":\"https:\\\/\\\/www.hotelrotondo.com\\\/hr\\\/#\\\/schema\\\/logo\\\/image\\\/\",\"url\":\"https:\\\/\\\/www.hotelrotondo.com\\\/wp-content\\\/uploads\\\/2019\\\/07\\\/logo-hotel.rotondo.png\",\"contentUrl\":\"https:\\\/\\\/www.hotelrotondo.com\\\/wp-content\\\/uploads\\\/2019\\\/07\\\/logo-hotel.rotondo.png\",\"width\":480,\"height\":84,\"caption\":\"Hotel Rotondo\"},\"image\":{\"@id\":\"https:\\\/\\\/www.hotelrotondo.com\\\/hr\\\/#\\\/schema\\\/logo\\\/image\\\/\"}}]}<\/script>\n<!-- \/ Yoast SEO plugin. -->","yoast_head_json":{"title":"Uvjeti poslovanja - Hotel Rotondo","robots":{"index":"index","follow":"follow","max-snippet":"max-snippet:-1","max-image-preview":"max-image-preview:large","max-video-preview":"max-video-preview:-1"},"canonical":"https:\/\/www.hotelrotondo.com\/hr\/uvjeti-poslovanja\/","og_locale":"hr_HR","og_type":"article","og_title":"Uvjeti poslovanja - Hotel Rotondo","og_description":"Uvjeti poslovanja Tekst uvjeta poslovanja objekta Zahvaljujemo na rezervaciji i molimo Vas da obratite pa\u017enju na sljede\u0107e uvjete poslovanja objekta: Va\u017ee\u0107a kreditna kartica je potrebna kao garancija Va\u0161e rezervacije. Cijene objekta uklju\u010duju boravi\u0161nu pristojbu i tro\u0161kove rezerviranja. Prijava u objekt, mogu\u0107a je nakon 14:00h, na dan dolaska. Odjava iz objekta mora se obaviti do 11:00h, [&hellip;]","og_url":"https:\/\/www.hotelrotondo.com\/hr\/uvjeti-poslovanja\/","og_site_name":"Hotel Rotondo","article_modified_time":"2023-06-10T10:26:50+00:00","twitter_card":"summary_large_image","twitter_misc":{"Procijenjeno vrijeme \u010ditanja":"1 minuta"},"schema":{"@context":"https:\/\/schema.org","@graph":[{"@type":"WebPage","@id":"https:\/\/www.hotelrotondo.com\/hr\/uvjeti-poslovanja\/","url":"https:\/\/www.hotelrotondo.com\/hr\/uvjeti-poslovanja\/","name":"Uvjeti poslovanja - Hotel Rotondo","isPartOf":{"@id":"https:\/\/www.hotelrotondo.com\/hr\/#website"},"datePublished":"2019-07-15T09:38:25+00:00","dateModified":"2023-06-10T10:26:50+00:00","breadcrumb":{"@id":"https:\/\/www.hotelrotondo.com\/hr\/uvjeti-poslovanja\/#breadcrumb"},"inLanguage":"hr","potentialAction":[{"@type":"ReadAction","target":["https:\/\/www.hotelrotondo.com\/hr\/uvjeti-poslovanja\/"]}]},{"@type":"BreadcrumbList","@id":"https:\/\/www.hotelrotondo.com\/hr\/uvjeti-poslovanja\/#breadcrumb","itemListElement":[{"@type":"ListItem","position":1,"name":"Po\u010detna stranica","item":"https:\/\/www.hotelrotondo.com\/hr\/"},{"@type":"ListItem","position":2,"name":"Uvjeti poslovanja"}]},{"@type":"WebSite","@id":"https:\/\/www.hotelrotondo.com\/hr\/#website","url":"https:\/\/www.hotelrotondo.com\/hr\/","name":"Hotel Rotondo","description":"Hotel Rotondo, Seget Trogir","publisher":{"@id":"https:\/\/www.hotelrotondo.com\/hr\/#organization"},"potentialAction":[{"@type":"SearchAction","target":{"@type":"EntryPoint","urlTemplate":"https:\/\/www.hotelrotondo.com\/hr\/?s={search_term_string}"},"query-input":{"@type":"PropertyValueSpecification","valueRequired":true,"valueName":"search_term_string"}}],"inLanguage":"hr"},{"@type":"Organization","@id":"https:\/\/www.hotelrotondo.com\/hr\/#organization","name":"Hotel Rotondo","url":"https:\/\/www.hotelrotondo.com\/hr\/","logo":{"@type":"ImageObject","inLanguage":"hr","@id":"https:\/\/www.hotelrotondo.com\/hr\/#\/schema\/logo\/image\/","url":"https:\/\/www.hotelrotondo.com\/wp-content\/uploads\/2019\/07\/logo-hotel.rotondo.png","contentUrl":"https:\/\/www.hotelrotondo.com\/wp-content\/uploads\/2019\/07\/logo-hotel.rotondo.png","width":480,"height":84,"caption":"Hotel Rotondo"},"image":{"@id":"https:\/\/www.hotelrotondo.com\/hr\/#\/schema\/logo\/image\/"}}]}},"_links":{"self":[{"href":"https:\/\/www.hotelrotondo.com\/hr\/wp-json\/wp\/v2\/pages\/135","targetHints":{"allow":["GET"]}}],"collection":[{"href":"https:\/\/www.hotelrotondo.com\/hr\/wp-json\/wp\/v2\/pages"}],"about":[{"href":"https:\/\/www.hotelrotondo.com\/hr\/wp-json\/wp\/v2\/types\/page"}],"author":[{"embeddable":true,"href":"https:\/\/www.hotelrotondo.com\/hr\/wp-json\/wp\/v2\/users\/1"}],"replies":[{"embeddable":true,"href":"https:\/\/www.hotelrotondo.com\/hr\/wp-json\/wp\/v2\/comments?post=135"}],"version-history":[{"count":3,"href":"https:\/\/www.hotelrotondo.com\/hr\/wp-json\/wp\/v2\/pages\/135\/revisions"}],"predecessor-version":[{"id":2997,"href":"https:\/\/www.hotelrotondo.com\/hr\/wp-json\/wp\/v2\/pages\/135\/revisions\/2997"}],"wp:attachment":[{"href":"https:\/\/www.hotelrotondo.com\/hr\/wp-json\/wp\/v2\/media?parent=135"}],"curies":[{"name":"wp","href":"https:\/\/api.w.org\/{rel}","templated":true}]}}