{"id":2056,"date":"2019-12-09T14:09:53","date_gmt":"2019-12-09T14:09:53","guid":{"rendered":"https:\/\/www.hotelrotondo.com\/?page_id=2056"},"modified":"2020-10-13T12:44:37","modified_gmt":"2020-10-13T12:44:37","slug":"superior-soba-2","status":"publish","type":"page","link":"https:\/\/www.hotelrotondo.com\/hr\/sobe-i-apartmani\/superior-soba-2\/","title":{"rendered":"Superior soba 2"},"content":{"rendered":"\t\t<div data-elementor-type=\"wp-post\" data-elementor-id=\"2056\" class=\"elementor elementor-2056\" data-elementor-post-type=\"page\">\n\t\t\t\t\t\t<section class=\"elementor-section elementor-top-section elementor-element elementor-element-7dbc0bee elementor-section-full_width elementor-section-height-default elementor-section-height-default\" data-id=\"7dbc0bee\" data-element_type=\"section\" data-e-type=\"section\" data-settings=\"{&quot;background_background&quot;:&quot;classic&quot;}\">\n\t\t\t\t\t\t<div class=\"elementor-container elementor-column-gap-no\">\n\t\t\t\t\t<div class=\"elementor-column elementor-col-100 elementor-top-column elementor-element elementor-element-36fd5d11\" data-id=\"36fd5d11\" data-element_type=\"column\" data-e-type=\"column\" data-settings=\"{&quot;background_background&quot;:&quot;classic&quot;}\">\n\t\t\t<div class=\"elementor-widget-wrap elementor-element-populated\">\n\t\t\t\t\t\t<div class=\"elementor-element elementor-element-decd981 elementor--h-position-center elementor--v-position-middle elementor-widget elementor-widget-slides\" data-id=\"decd981\" data-element_type=\"widget\" data-e-type=\"widget\" data-settings=\"{&quot;navigation&quot;:&quot;none&quot;,&quot;transition&quot;:&quot;slide&quot;,&quot;transition_speed&quot;:500}\" data-widget_type=\"slides.default\">\n\t\t\t\t\t\t\t\t\t\t<div class=\"elementor-slides-wrapper elementor-main-swiper swiper\" role=\"region\" aria-roledescription=\"carousel\" aria-label=\"Slides\" dir=\"ltr\" data-animation=\"fadeInUp\">\n\t\t\t\t<div class=\"swiper-wrapper elementor-slides\">\n\t\t\t\t\t\t\t\t\t\t<div class=\"elementor-repeater-item-6a4bd93 swiper-slide\" role=\"group\" aria-roledescription=\"slide\"><div class=\"swiper-slide-bg\" role=\"img\" aria-label=\"1-3_IMG_5462\"><\/div><a class=\"swiper-slide-inner\" href=\"https:\/\/secure.phobs.net\/booking.php?company_id=a1953f657d45a4370eadd8983bc107b3&#038;hotel=154a0bc87a2f6053dba83b2c2f184f01&#038;lang=hr\" target=\"_blank\"><div class=\"swiper-slide-contents\"><div class=\"elementor-slide-heading\">Superior soba 2<\/div><div class=\"elementor-slide-description\">cijena od 100 eur \/ no\u0107<\/div><div  class=\"elementor-button elementor-slide-button elementor-size-sm\">Rezerviraj<\/div><\/div><\/a><\/div>\t\t\t\t<\/div>\n\t\t\t\t\t\t\t<\/div>\n\t\t\t\t\t\t\t\t<\/div>\n\t\t\t\t\t<\/div>\n\t\t<\/div>\n\t\t\t\t\t<\/div>\n\t\t<\/section>\n\t\t\t\t<section class=\"elementor-section elementor-top-section elementor-element elementor-element-25bac190 elementor-section-boxed elementor-section-height-default elementor-section-height-default\" data-id=\"25bac190\" data-element_type=\"section\" data-e-type=\"section\">\n\t\t\t\t\t\t<div class=\"elementor-container elementor-column-gap-default\">\n\t\t\t\t\t<div class=\"elementor-column elementor-col-50 elementor-top-column elementor-element elementor-element-15b4167f\" data-id=\"15b4167f\" data-element_type=\"column\" data-e-type=\"column\">\n\t\t\t<div class=\"elementor-widget-wrap elementor-element-populated\">\n\t\t\t\t\t\t<div class=\"elementor-element elementor-element-a61b233 elementor-widget elementor-widget-text-editor\" data-id=\"a61b233\" data-element_type=\"widget\" data-e-type=\"widget\" data-widget_type=\"text-editor.default\">\n\t\t\t\t\t\t\t\t\t<p>Opis smje\u0161taja: klima-ure\u0111aj, su\u0161ilo za kosu, telefon, TV, priklju\u010dak za internet, mini-bar, sef, balkon. Bra\u010dni krevet mo\u017ee biti podjeljen u dva odvojena kreveta. Moderni dizajn kupaonice s WC-om, tu\u0161em i svim bitnim potrep\u0161tinama. Soba se nalazi u anexu hotela.<\/p>\t\t\t\t\t\t\t\t<\/div>\n\t\t\t\t\t<\/div>\n\t\t<\/div>\n\t\t\t\t<div class=\"elementor-column elementor-col-50 elementor-top-column elementor-element elementor-element-6a3633ef\" data-id=\"6a3633ef\" data-element_type=\"column\" data-e-type=\"column\">\n\t\t\t<div class=\"elementor-widget-wrap elementor-element-populated\">\n\t\t\t\t\t\t<div class=\"elementor-element elementor-element-54439c4 elementor-button-warning elementor-align-center elementor-widget elementor-widget-button\" data-id=\"54439c4\" data-element_type=\"widget\" data-e-type=\"widget\" data-widget_type=\"button.default\">\n\t\t\t\t\t\t\t\t\t\t<a class=\"elementor-button elementor-button-link elementor-size-lg\" href=\"https:\/\/secure.phobs.net\/booking.php?company_id=a1953f657d45a4370eadd8983bc107b3&#038;hotel=154a0bc87a2f6053dba83b2c2f184f01&#038;unit_id=27332\">\n\t\t\t\t\t\t<span class=\"elementor-button-content-wrapper\">\n\t\t\t\t\t\t\t\t\t<span class=\"elementor-button-text\">Rezerviraj<\/span>\n\t\t\t\t\t<\/span>\n\t\t\t\t\t<\/a>\n\t\t\t\t\t\t\t\t<\/div>\n\t\t\t\t\t<\/div>\n\t\t<\/div>\n\t\t\t\t\t<\/div>\n\t\t<\/section>\n\t\t\t\t<section class=\"elementor-section elementor-top-section elementor-element elementor-element-c7741b4 elementor-section-full_width elementor-section-height-default elementor-section-height-default\" data-id=\"c7741b4\" data-element_type=\"section\" data-e-type=\"section\">\n\t\t\t\t\t\t<div class=\"elementor-container elementor-column-gap-default\">\n\t\t\t\t\t<div class=\"elementor-column elementor-col-100 elementor-top-column elementor-element elementor-element-5446863\" data-id=\"5446863\" data-element_type=\"column\" data-e-type=\"column\">\n\t\t\t<div class=\"elementor-widget-wrap elementor-element-populated\">\n\t\t\t\t\t\t<div class=\"elementor-element elementor-element-62735ef uael-ins-normal elementor-widget elementor-widget-uael-image-gallery\" data-id=\"62735ef\" data-element_type=\"widget\" data-e-type=\"widget\" data-settings=\"{&quot;justified_margin&quot;:{&quot;unit&quot;:&quot;px&quot;,&quot;size&quot;:3,&quot;sizes&quot;:[]},&quot;justified_margin_tablet&quot;:{&quot;unit&quot;:&quot;px&quot;,&quot;size&quot;:&quot;&quot;,&quot;sizes&quot;:[]},&quot;justified_margin_mobile&quot;:{&quot;unit&quot;:&quot;px&quot;,&quot;size&quot;:&quot;&quot;,&quot;sizes&quot;:[]}}\" data-widget_type=\"uael-image-gallery.default\">\n\t\t\t\t<div class=\"elementor-widget-container\">\n\t\t\t\t\t<div class=\"uael-gallery-parent uael-caption- \"><div class=\"uael-img-gallery-wrap uael-img-justified-wrap uael-img-grid-masonry-wrap uael-image-lightbox-wrap\" data-filter-default=\"All\" data-rowheight=\"120\" data-lastrow=\"justify\" data-lightbox_actions=\"[&quot;close&quot;]\" data-lightbox-gallery-loop=\"\"><div class=\"uael-grid-item \"><div class=\"uael-grid-item-content\"><a class=\"uael-grid-img uael-grid-gallery-img uael-ins-hover elementor-clickable\" data-fancybox=\"uael-gallery\" href=\"https:\/\/www.hotelrotondo.com\/wp-content\/uploads\/2019\/12\/11-1_IMG_4753.jpg\" data-elementor-open-lightbox=\"no\"><div class=\"uael-grid-img-thumbnail uael-ins-target\"><img fetchpriority=\"high\" decoding=\"async\" width=\"1024\" height=\"682\" src=\"https:\/\/www.hotelrotondo.com\/wp-content\/uploads\/2019\/12\/11-1_IMG_4753.jpg\" class=\"attachment-full size-full wp-image-2110\" alt=\"\" srcset=\"https:\/\/www.hotelrotondo.com\/wp-content\/uploads\/2019\/12\/11-1_IMG_4753.jpg 1024w, https:\/\/www.hotelrotondo.com\/wp-content\/uploads\/2019\/12\/11-1_IMG_4753-300x200.jpg 300w, https:\/\/www.hotelrotondo.com\/wp-content\/uploads\/2019\/12\/11-1_IMG_4753-768x512.jpg 768w\" sizes=\"(max-width: 1024px) 100vw, 1024px\" \/><\/div><div class=\"uael-grid-img-overlay\"><\/div><\/a><\/div><\/div><div class=\"uael-grid-item \"><div class=\"uael-grid-item-content\"><a class=\"uael-grid-img uael-grid-gallery-img uael-ins-hover elementor-clickable\" data-fancybox=\"uael-gallery\" href=\"https:\/\/www.hotelrotondo.com\/wp-content\/uploads\/2019\/12\/8-1_IMG_4838.jpg\" data-elementor-open-lightbox=\"no\"><div class=\"uael-grid-img-thumbnail uael-ins-target\"><img decoding=\"async\" width=\"1024\" height=\"682\" src=\"https:\/\/www.hotelrotondo.com\/wp-content\/uploads\/2019\/12\/8-1_IMG_4838.jpg\" class=\"attachment-full size-full wp-image-2116\" alt=\"\" srcset=\"https:\/\/www.hotelrotondo.com\/wp-content\/uploads\/2019\/12\/8-1_IMG_4838.jpg 1024w, https:\/\/www.hotelrotondo.com\/wp-content\/uploads\/2019\/12\/8-1_IMG_4838-300x200.jpg 300w, https:\/\/www.hotelrotondo.com\/wp-content\/uploads\/2019\/12\/8-1_IMG_4838-768x512.jpg 768w\" sizes=\"(max-width: 1024px) 100vw, 1024px\" \/><\/div><div class=\"uael-grid-img-overlay\"><\/div><\/a><\/div><\/div><div class=\"uael-grid-item \"><div class=\"uael-grid-item-content\"><a class=\"uael-grid-img uael-grid-gallery-img uael-ins-hover elementor-clickable\" data-fancybox=\"uael-gallery\" href=\"https:\/\/www.hotelrotondo.com\/wp-content\/uploads\/2019\/12\/6-1_IMG_4993.jpg\" data-elementor-open-lightbox=\"no\"><div class=\"uael-grid-img-thumbnail uael-ins-target\"><img decoding=\"async\" width=\"1024\" height=\"682\" src=\"https:\/\/www.hotelrotondo.com\/wp-content\/uploads\/2019\/12\/6-1_IMG_4993.jpg\" class=\"attachment-full size-full wp-image-2122\" alt=\"\" srcset=\"https:\/\/www.hotelrotondo.com\/wp-content\/uploads\/2019\/12\/6-1_IMG_4993.jpg 1024w, https:\/\/www.hotelrotondo.com\/wp-content\/uploads\/2019\/12\/6-1_IMG_4993-300x200.jpg 300w, https:\/\/www.hotelrotondo.com\/wp-content\/uploads\/2019\/12\/6-1_IMG_4993-768x512.jpg 768w\" sizes=\"(max-width: 1024px) 100vw, 1024px\" \/><\/div><div class=\"uael-grid-img-overlay\"><\/div><\/a><\/div><\/div><div class=\"uael-grid-item \"><div class=\"uael-grid-item-content\"><a class=\"uael-grid-img uael-grid-gallery-img uael-ins-hover elementor-clickable\" data-fancybox=\"uael-gallery\" href=\"https:\/\/www.hotelrotondo.com\/wp-content\/uploads\/2019\/12\/3-3_IMG_5537.jpg\" data-elementor-open-lightbox=\"no\"><div class=\"uael-grid-img-thumbnail uael-ins-target\"><img loading=\"lazy\" decoding=\"async\" width=\"1024\" height=\"682\" src=\"https:\/\/www.hotelrotondo.com\/wp-content\/uploads\/2019\/12\/3-3_IMG_5537.jpg\" class=\"attachment-full size-full wp-image-2128\" alt=\"\" srcset=\"https:\/\/www.hotelrotondo.com\/wp-content\/uploads\/2019\/12\/3-3_IMG_5537.jpg 1024w, https:\/\/www.hotelrotondo.com\/wp-content\/uploads\/2019\/12\/3-3_IMG_5537-300x200.jpg 300w, https:\/\/www.hotelrotondo.com\/wp-content\/uploads\/2019\/12\/3-3_IMG_5537-768x512.jpg 768w\" sizes=\"(max-width: 1024px) 100vw, 1024px\" \/><\/div><div class=\"uael-grid-img-overlay\"><\/div><\/a><\/div><\/div><div class=\"uael-grid-item \"><div class=\"uael-grid-item-content\"><a class=\"uael-grid-img uael-grid-gallery-img uael-ins-hover elementor-clickable\" data-fancybox=\"uael-gallery\" href=\"https:\/\/www.hotelrotondo.com\/wp-content\/uploads\/2019\/12\/1-3_IMG_5462-1.jpg\" data-elementor-open-lightbox=\"no\"><div class=\"uael-grid-img-thumbnail uael-ins-target\"><img loading=\"lazy\" decoding=\"async\" width=\"1024\" height=\"682\" src=\"https:\/\/www.hotelrotondo.com\/wp-content\/uploads\/2019\/12\/1-3_IMG_5462-1.jpg\" class=\"attachment-full size-full wp-image-2134\" alt=\"\" srcset=\"https:\/\/www.hotelrotondo.com\/wp-content\/uploads\/2019\/12\/1-3_IMG_5462-1.jpg 1024w, https:\/\/www.hotelrotondo.com\/wp-content\/uploads\/2019\/12\/1-3_IMG_5462-1-300x200.jpg 300w, https:\/\/www.hotelrotondo.com\/wp-content\/uploads\/2019\/12\/1-3_IMG_5462-1-768x512.jpg 768w\" sizes=\"(max-width: 1024px) 100vw, 1024px\" \/><\/div><div class=\"uael-grid-img-overlay\"><\/div><\/a><\/div><\/div><\/div><\/div>\t\t\t\t<\/div>\n\t\t\t\t<\/div>\n\t\t\t\t\t<\/div>\n\t\t<\/div>\n\t\t\t\t\t<\/div>\n\t\t<\/section>\n\t\t\t\t<\/div>\n\t\t","protected":false},"excerpt":{"rendered":"<p>Superior soba 2cijena od 100 eur \/ no\u0107Rezerviraj Opis smje\u0161taja: klima-ure\u0111aj, su\u0161ilo za kosu, telefon, TV, priklju\u010dak za internet, mini-bar, sef, balkon. Bra\u010dni krevet mo\u017ee biti podjeljen u dva odvojena kreveta. Moderni dizajn kupaonice s WC-om, tu\u0161em i svim bitnim potrep\u0161tinama. Soba se nalazi u anexu hotela. Rezerviraj<\/p>\n","protected":false},"author":1,"featured_media":0,"parent":38,"menu_order":0,"comment_status":"closed","ping_status":"closed","template":"","meta":{"site-sidebar-layout":"no-sidebar","site-content-layout":"page-builder","ast-site-content-layout":"default","site-content-style":"default","site-sidebar-style":"default","ast-global-header-display":"","ast-banner-title-visibility":"","ast-main-header-display":"","ast-hfb-above-header-display":"","ast-hfb-below-header-display":"","ast-hfb-mobile-header-display":"","site-post-title":"disabled","ast-breadcrumbs-content":"","ast-featured-img":"disabled","footer-sml-layout":"","ast-disable-related-posts":"","theme-transparent-header-meta":"default","adv-header-id-meta":"","stick-header-meta":"","header-above-stick-meta":"","header-main-stick-meta":"","header-below-stick-meta":"","astra-migrate-meta-layouts":"default","ast-page-background-enabled":"default","ast-page-background-meta":{"desktop":{"background-color":"","background-image":"","background-repeat":"repeat","background-position":"center center","background-size":"auto","background-attachment":"scroll","background-type":"","background-media":"","overlay-type":"","overlay-color":"","overlay-opacity":"","overlay-gradient":""},"tablet":{"background-color":"","background-image":"","background-repeat":"repeat","background-position":"center center","background-size":"auto","background-attachment":"scroll","background-type":"","background-media":"","overlay-type":"","overlay-color":"","overlay-opacity":"","overlay-gradient":""},"mobile":{"background-color":"","background-image":"","background-repeat":"repeat","background-position":"center center","background-size":"auto","background-attachment":"scroll","background-type":"","background-media":"","overlay-type":"","overlay-color":"","overlay-opacity":"","overlay-gradient":""}},"ast-content-background-meta":{"desktop":{"background-color":"var(--ast-global-color-5)","background-image":"","background-repeat":"repeat","background-position":"center center","background-size":"auto","background-attachment":"scroll","background-type":"","background-media":"","overlay-type":"","overlay-color":"","overlay-opacity":"","overlay-gradient":""},"tablet":{"background-color":"var(--ast-global-color-5)","background-image":"","background-repeat":"repeat","background-position":"center center","background-size":"auto","background-attachment":"scroll","background-type":"","background-media":"","overlay-type":"","overlay-color":"","overlay-opacity":"","overlay-gradient":""},"mobile":{"background-color":"var(--ast-global-color-5)","background-image":"","background-repeat":"repeat","background-position":"center center","background-size":"auto","background-attachment":"scroll","background-type":"","background-media":"","overlay-type":"","overlay-color":"","overlay-opacity":"","overlay-gradient":""}},"footnotes":""},"class_list":["post-2056","page","type-page","status-publish","hentry"],"yoast_head":"<!-- This site is optimized with the Yoast SEO plugin v27.4 - https:\/\/yoast.com\/product\/yoast-seo-wordpress\/ -->\n<title>Superior soba 2 - Hotel Rotondo<\/title>\n<meta name=\"robots\" content=\"index, follow, max-snippet:-1, max-image-preview:large, max-video-preview:-1\" \/>\n<link rel=\"canonical\" href=\"https:\/\/www.hotelrotondo.com\/hr\/sobe-i-apartmani\/superior-soba-2\/\" \/>\n<meta property=\"og:locale\" content=\"hr_HR\" \/>\n<meta property=\"og:type\" content=\"article\" \/>\n<meta property=\"og:title\" content=\"Superior soba 2 - Hotel Rotondo\" \/>\n<meta property=\"og:description\" content=\"Superior soba 2cijena od 100 eur \/ no\u0107Rezerviraj Opis smje\u0161taja: klima-ure\u0111aj, su\u0161ilo za kosu, telefon, TV, priklju\u010dak za internet, mini-bar, sef, balkon. Bra\u010dni krevet mo\u017ee biti podjeljen u dva odvojena kreveta. Moderni dizajn kupaonice s WC-om, tu\u0161em i svim bitnim potrep\u0161tinama. Soba se nalazi u anexu hotela. Rezerviraj\" \/>\n<meta property=\"og:url\" content=\"https:\/\/www.hotelrotondo.com\/hr\/sobe-i-apartmani\/superior-soba-2\/\" \/>\n<meta property=\"og:site_name\" content=\"Hotel Rotondo\" \/>\n<meta property=\"article:modified_time\" content=\"2020-10-13T12:44:37+00:00\" \/>\n<meta property=\"og:image\" content=\"https:\/\/www.hotelrotondo.com\/wp-content\/uploads\/2019\/12\/11-1_IMG_4753.jpg\" \/>\n<meta name=\"twitter:card\" content=\"summary_large_image\" \/>\n<script type=\"application\/ld+json\" class=\"yoast-schema-graph\">{\"@context\":\"https:\\\/\\\/schema.org\",\"@graph\":[{\"@type\":\"WebPage\",\"@id\":\"https:\\\/\\\/www.hotelrotondo.com\\\/hr\\\/sobe-i-apartmani\\\/superior-soba-2\\\/\",\"url\":\"https:\\\/\\\/www.hotelrotondo.com\\\/hr\\\/sobe-i-apartmani\\\/superior-soba-2\\\/\",\"name\":\"Superior soba 2 - Hotel Rotondo\",\"isPartOf\":{\"@id\":\"https:\\\/\\\/www.hotelrotondo.com\\\/hr\\\/#website\"},\"primaryImageOfPage\":{\"@id\":\"https:\\\/\\\/www.hotelrotondo.com\\\/hr\\\/sobe-i-apartmani\\\/superior-soba-2\\\/#primaryimage\"},\"image\":{\"@id\":\"https:\\\/\\\/www.hotelrotondo.com\\\/hr\\\/sobe-i-apartmani\\\/superior-soba-2\\\/#primaryimage\"},\"thumbnailUrl\":\"https:\\\/\\\/www.hotelrotondo.com\\\/wp-content\\\/uploads\\\/2019\\\/12\\\/11-1_IMG_4753.jpg\",\"datePublished\":\"2019-12-09T14:09:53+00:00\",\"dateModified\":\"2020-10-13T12:44:37+00:00\",\"breadcrumb\":{\"@id\":\"https:\\\/\\\/www.hotelrotondo.com\\\/hr\\\/sobe-i-apartmani\\\/superior-soba-2\\\/#breadcrumb\"},\"inLanguage\":\"hr\",\"potentialAction\":[{\"@type\":\"ReadAction\",\"target\":[\"https:\\\/\\\/www.hotelrotondo.com\\\/hr\\\/sobe-i-apartmani\\\/superior-soba-2\\\/\"]}]},{\"@type\":\"ImageObject\",\"inLanguage\":\"hr\",\"@id\":\"https:\\\/\\\/www.hotelrotondo.com\\\/hr\\\/sobe-i-apartmani\\\/superior-soba-2\\\/#primaryimage\",\"url\":\"https:\\\/\\\/www.hotelrotondo.com\\\/wp-content\\\/uploads\\\/2019\\\/12\\\/11-1_IMG_4753.jpg\",\"contentUrl\":\"https:\\\/\\\/www.hotelrotondo.com\\\/wp-content\\\/uploads\\\/2019\\\/12\\\/11-1_IMG_4753.jpg\"},{\"@type\":\"BreadcrumbList\",\"@id\":\"https:\\\/\\\/www.hotelrotondo.com\\\/hr\\\/sobe-i-apartmani\\\/superior-soba-2\\\/#breadcrumb\",\"itemListElement\":[{\"@type\":\"ListItem\",\"position\":1,\"name\":\"Po\u010detna stranica\",\"item\":\"https:\\\/\\\/www.hotelrotondo.com\\\/hr\\\/\"},{\"@type\":\"ListItem\",\"position\":2,\"name\":\"Sobe i apartmani\",\"item\":\"https:\\\/\\\/www.hotelrotondo.com\\\/hr\\\/sobe-i-apartmani\\\/\"},{\"@type\":\"ListItem\",\"position\":3,\"name\":\"Superior soba 2\"}]},{\"@type\":\"WebSite\",\"@id\":\"https:\\\/\\\/www.hotelrotondo.com\\\/hr\\\/#website\",\"url\":\"https:\\\/\\\/www.hotelrotondo.com\\\/hr\\\/\",\"name\":\"Hotel Rotondo\",\"description\":\"Hotel Rotondo, Seget Trogir\",\"publisher\":{\"@id\":\"https:\\\/\\\/www.hotelrotondo.com\\\/hr\\\/#organization\"},\"potentialAction\":[{\"@type\":\"SearchAction\",\"target\":{\"@type\":\"EntryPoint\",\"urlTemplate\":\"https:\\\/\\\/www.hotelrotondo.com\\\/hr\\\/?s={search_term_string}\"},\"query-input\":{\"@type\":\"PropertyValueSpecification\",\"valueRequired\":true,\"valueName\":\"search_term_string\"}}],\"inLanguage\":\"hr\"},{\"@type\":\"Organization\",\"@id\":\"https:\\\/\\\/www.hotelrotondo.com\\\/hr\\\/#organization\",\"name\":\"Hotel Rotondo\",\"url\":\"https:\\\/\\\/www.hotelrotondo.com\\\/hr\\\/\",\"logo\":{\"@type\":\"ImageObject\",\"inLanguage\":\"hr\",\"@id\":\"https:\\\/\\\/www.hotelrotondo.com\\\/hr\\\/#\\\/schema\\\/logo\\\/image\\\/\",\"url\":\"https:\\\/\\\/www.hotelrotondo.com\\\/wp-content\\\/uploads\\\/2019\\\/07\\\/logo-hotel.rotondo.png\",\"contentUrl\":\"https:\\\/\\\/www.hotelrotondo.com\\\/wp-content\\\/uploads\\\/2019\\\/07\\\/logo-hotel.rotondo.png\",\"width\":480,\"height\":84,\"caption\":\"Hotel Rotondo\"},\"image\":{\"@id\":\"https:\\\/\\\/www.hotelrotondo.com\\\/hr\\\/#\\\/schema\\\/logo\\\/image\\\/\"}}]}<\/script>\n<!-- \/ Yoast SEO plugin. -->","yoast_head_json":{"title":"Superior soba 2 - Hotel Rotondo","robots":{"index":"index","follow":"follow","max-snippet":"max-snippet:-1","max-image-preview":"max-image-preview:large","max-video-preview":"max-video-preview:-1"},"canonical":"https:\/\/www.hotelrotondo.com\/hr\/sobe-i-apartmani\/superior-soba-2\/","og_locale":"hr_HR","og_type":"article","og_title":"Superior soba 2 - Hotel Rotondo","og_description":"Superior soba 2cijena od 100 eur \/ no\u0107Rezerviraj Opis smje\u0161taja: klima-ure\u0111aj, su\u0161ilo za kosu, telefon, TV, priklju\u010dak za internet, mini-bar, sef, balkon. Bra\u010dni krevet mo\u017ee biti podjeljen u dva odvojena kreveta. Moderni dizajn kupaonice s WC-om, tu\u0161em i svim bitnim potrep\u0161tinama. Soba se nalazi u anexu hotela. Rezerviraj","og_url":"https:\/\/www.hotelrotondo.com\/hr\/sobe-i-apartmani\/superior-soba-2\/","og_site_name":"Hotel Rotondo","article_modified_time":"2020-10-13T12:44:37+00:00","og_image":[{"url":"https:\/\/www.hotelrotondo.com\/wp-content\/uploads\/2019\/12\/11-1_IMG_4753.jpg","type":"","width":"","height":""}],"twitter_card":"summary_large_image","schema":{"@context":"https:\/\/schema.org","@graph":[{"@type":"WebPage","@id":"https:\/\/www.hotelrotondo.com\/hr\/sobe-i-apartmani\/superior-soba-2\/","url":"https:\/\/www.hotelrotondo.com\/hr\/sobe-i-apartmani\/superior-soba-2\/","name":"Superior soba 2 - Hotel Rotondo","isPartOf":{"@id":"https:\/\/www.hotelrotondo.com\/hr\/#website"},"primaryImageOfPage":{"@id":"https:\/\/www.hotelrotondo.com\/hr\/sobe-i-apartmani\/superior-soba-2\/#primaryimage"},"image":{"@id":"https:\/\/www.hotelrotondo.com\/hr\/sobe-i-apartmani\/superior-soba-2\/#primaryimage"},"thumbnailUrl":"https:\/\/www.hotelrotondo.com\/wp-content\/uploads\/2019\/12\/11-1_IMG_4753.jpg","datePublished":"2019-12-09T14:09:53+00:00","dateModified":"2020-10-13T12:44:37+00:00","breadcrumb":{"@id":"https:\/\/www.hotelrotondo.com\/hr\/sobe-i-apartmani\/superior-soba-2\/#breadcrumb"},"inLanguage":"hr","potentialAction":[{"@type":"ReadAction","target":["https:\/\/www.hotelrotondo.com\/hr\/sobe-i-apartmani\/superior-soba-2\/"]}]},{"@type":"ImageObject","inLanguage":"hr","@id":"https:\/\/www.hotelrotondo.com\/hr\/sobe-i-apartmani\/superior-soba-2\/#primaryimage","url":"https:\/\/www.hotelrotondo.com\/wp-content\/uploads\/2019\/12\/11-1_IMG_4753.jpg","contentUrl":"https:\/\/www.hotelrotondo.com\/wp-content\/uploads\/2019\/12\/11-1_IMG_4753.jpg"},{"@type":"BreadcrumbList","@id":"https:\/\/www.hotelrotondo.com\/hr\/sobe-i-apartmani\/superior-soba-2\/#breadcrumb","itemListElement":[{"@type":"ListItem","position":1,"name":"Po\u010detna stranica","item":"https:\/\/www.hotelrotondo.com\/hr\/"},{"@type":"ListItem","position":2,"name":"Sobe i apartmani","item":"https:\/\/www.hotelrotondo.com\/hr\/sobe-i-apartmani\/"},{"@type":"ListItem","position":3,"name":"Superior soba 2"}]},{"@type":"WebSite","@id":"https:\/\/www.hotelrotondo.com\/hr\/#website","url":"https:\/\/www.hotelrotondo.com\/hr\/","name":"Hotel Rotondo","description":"Hotel Rotondo, Seget Trogir","publisher":{"@id":"https:\/\/www.hotelrotondo.com\/hr\/#organization"},"potentialAction":[{"@type":"SearchAction","target":{"@type":"EntryPoint","urlTemplate":"https:\/\/www.hotelrotondo.com\/hr\/?s={search_term_string}"},"query-input":{"@type":"PropertyValueSpecification","valueRequired":true,"valueName":"search_term_string"}}],"inLanguage":"hr"},{"@type":"Organization","@id":"https:\/\/www.hotelrotondo.com\/hr\/#organization","name":"Hotel Rotondo","url":"https:\/\/www.hotelrotondo.com\/hr\/","logo":{"@type":"ImageObject","inLanguage":"hr","@id":"https:\/\/www.hotelrotondo.com\/hr\/#\/schema\/logo\/image\/","url":"https:\/\/www.hotelrotondo.com\/wp-content\/uploads\/2019\/07\/logo-hotel.rotondo.png","contentUrl":"https:\/\/www.hotelrotondo.com\/wp-content\/uploads\/2019\/07\/logo-hotel.rotondo.png","width":480,"height":84,"caption":"Hotel Rotondo"},"image":{"@id":"https:\/\/www.hotelrotondo.com\/hr\/#\/schema\/logo\/image\/"}}]}},"_links":{"self":[{"href":"https:\/\/www.hotelrotondo.com\/hr\/wp-json\/wp\/v2\/pages\/2056","targetHints":{"allow":["GET"]}}],"collection":[{"href":"https:\/\/www.hotelrotondo.com\/hr\/wp-json\/wp\/v2\/pages"}],"about":[{"href":"https:\/\/www.hotelrotondo.com\/hr\/wp-json\/wp\/v2\/types\/page"}],"author":[{"embeddable":true,"href":"https:\/\/www.hotelrotondo.com\/hr\/wp-json\/wp\/v2\/users\/1"}],"replies":[{"embeddable":true,"href":"https:\/\/www.hotelrotondo.com\/hr\/wp-json\/wp\/v2\/comments?post=2056"}],"version-history":[{"count":0,"href":"https:\/\/www.hotelrotondo.com\/hr\/wp-json\/wp\/v2\/pages\/2056\/revisions"}],"up":[{"embeddable":true,"href":"https:\/\/www.hotelrotondo.com\/hr\/wp-json\/wp\/v2\/pages\/38"}],"wp:attachment":[{"href":"https:\/\/www.hotelrotondo.com\/hr\/wp-json\/wp\/v2\/media?parent=2056"}],"curies":[{"name":"wp","href":"https:\/\/api.w.org\/{rel}","templated":true}]}}