{"id":2190,"date":"2020-06-17T15:20:05","date_gmt":"2020-06-17T15:20:05","guid":{"rendered":"https:\/\/www.hotelrotondo.com\/?page_id=2190"},"modified":"2020-06-17T15:21:10","modified_gmt":"2020-06-17T15:21:10","slug":"covid-19","status":"publish","type":"page","link":"https:\/\/www.hotelrotondo.com\/hr\/covid-19\/","title":{"rendered":"COVID-19"},"content":{"rendered":"\t\t<div data-elementor-type=\"wp-page\" data-elementor-id=\"2190\" class=\"elementor elementor-2190\" data-elementor-post-type=\"page\">\n\t\t\t\t\t\t<section class=\"elementor-section elementor-top-section elementor-element elementor-element-16201712 elementor-section-boxed elementor-section-height-default elementor-section-height-default\" data-id=\"16201712\" data-element_type=\"section\" data-e-type=\"section\">\n\t\t\t\t\t\t<div class=\"elementor-container elementor-column-gap-default\">\n\t\t\t\t\t<div class=\"elementor-column elementor-col-100 elementor-top-column elementor-element elementor-element-3ba6b1ae\" data-id=\"3ba6b1ae\" data-element_type=\"column\" data-e-type=\"column\">\n\t\t\t<div class=\"elementor-widget-wrap elementor-element-populated\">\n\t\t\t\t\t\t<div class=\"elementor-element elementor-element-161105b6 elementor-widget elementor-widget-text-editor\" data-id=\"161105b6\" data-element_type=\"widget\" data-e-type=\"widget\" data-widget_type=\"text-editor.default\">\n\t\t\t\t\t\t\t\t\t\n<p><em><img fetchpriority=\"high\" decoding=\"async\" class=\"alignnone wp-image-2193 size-full\" src=\"https:\/\/www.hotelrotondo.com\/wp-content\/uploads\/2020\/06\/version0.png\" alt=\"\" width=\"1200\" height=\"628\" srcset=\"https:\/\/www.hotelrotondo.com\/wp-content\/uploads\/2020\/06\/version0.png 1200w, https:\/\/www.hotelrotondo.com\/wp-content\/uploads\/2020\/06\/version0-300x157.png 300w, https:\/\/www.hotelrotondo.com\/wp-content\/uploads\/2020\/06\/version0-1024x536.png 1024w, https:\/\/www.hotelrotondo.com\/wp-content\/uploads\/2020\/06\/version0-768x402.png 768w\" sizes=\"(max-width: 1200px) 100vw, 1200px\" \/><\/em><\/p>\n<p><em>Dragi na\u0161i gosti,<\/em><\/p>\n\n<p><em>Va\u0161a sigurnost je na\u0161 najve\u0107i prioritet te smo se pobrinuli da bi Va\u0161 boravak bio \u0161to ugodniji i sigurniji, a u nastavku Vam prila\u017eemo mjere postupanja i rada hotela tijekom epidemije.<\/em><\/p>\n\n<p><em><strong>MJERE KOJE PODUZIMAMO SUKLADNO PREPORUKAMA ZA RAD HOTELA TIJEKOM EPIDEMIJE COVID-19<\/strong><\/em><\/p>\n\n<ul class=\"wp-block-list\">\n<li><em><strong>Fizi\u010dka udaljenost &#8211;<\/strong><\/em><em> udaljenosti od 1,5 metra.<\/em><\/li>\n<li><em><strong>Dezinficijens \u2013 <\/strong><\/em><em>dostupni dezinficijensi na ulazima u prostrije hotela.<\/em><\/li>\n<li><em><strong>Vidljive obavijesti i informiranje gostiju \u2013 <\/strong><\/em><em>na ulasku u prostore vidljivo postavljene informacije o higijenskim postupcima.<\/em><\/li>\n<li><em><strong>Maksimalan broj osoba u prostorima \u2013 <\/strong><\/em><em>sukladno <\/em><em>definiranim kriterijima fizi\u010dke udaljenosti od 1,5 metra.<\/em><\/li>\n<li><em><strong>Maske za lice &#8211; <\/strong><\/em><em>unutar zatvorenih prostora hotela preporu\u010duje se nositi medicinske maske ili maske za lice koje prekrivaju usta i nos.<\/em><\/li>\n<li><em><strong>Papirnati ru\u010dnici i jednokratni materijal \u2013 <\/strong><\/em><em>osigurali smo dostatnu koli\u010dinu.<\/em><\/li>\n<li><em><strong>Odlaganje otpada &#8211;<\/strong><\/em><em> u svim prostorijama unutar hotela nalazi se kanta za otpatke s odgovaraju\u0107im poklopcima.<\/em><\/li>\n<li><em><strong>Za\u0161titna oprema \u2013<\/strong><\/em><em> raspola\u017eemo dostatnom koli\u010dinom za\u0161titne opreme za na\u0161e zaposlenike i goste.<\/em><\/li>\n<li><em><strong>Pridr\u017eavati se svih op\u0107ih i higijenskih mjera &#8211; <\/strong><\/em><em>\u010di\u0161\u0107enje i dezinfekcija vr\u0161e se u skladu s propisanim mjerama o postupanju tijekom epidemije COVID-19.<\/em><\/li>\n<\/ul>\n\n<p><em><strong>Recepcija<\/strong><\/em><\/p>\n\n<p><em>Recepcija se redovito prozra\u010duje kao i ostale prostorije u hotelu, svaki sat vremena dezinficira se povr\u0161ina recepcije te u prostoru prijema gostiju dezinfekcija se vr\u0161i nakon svakog gosta. Na\u0161i djelatnici dobro su informirani o trenutnoj situaciji te su Vam u mogu\u0107nosti dati sve informacije koje Vas zanimaju u postupanju hotela tijekom ove epidemije.<\/em><\/p>\n\n<p><em><strong>Dizalo, zajedni\u010dki sanitarni \u010dvor i konferencijski prostor<\/strong><\/em><\/p>\n\n<p><em>Postavljene su sigurnosne upute uklju\u010duju\u0107i maksimalan broj gostiju koji je odjednom dozvoljen ispred i unutar dizala. Redovito dezinficiramo tipke ispred i unutar dizala. Kod zajedni\u010dkih sanitarnih \u010dvorova poja\u010dano \u010distimo i dezinficiramo kako bi Vam osigurali \u0161to sigurniji boravak. U konferencijski prostori dezinficiramo stolove i svu opremu nakon kori\u0161tenja.<\/em><\/p>\n\n<p><em><strong>Prostori za uslu\u017eivanje hrane i pi\u0107a rade sukladno odlukama Sto\u017eera civilne za\u0161tite!<\/strong><\/em><\/p>\n\n<p><em><strong>Hotelske sobe<\/strong><\/em><\/p>\n\n<p><em>\u010ci\u0161\u0107enje i zamjena posteljine odvija se sukladno postoje\u0107im standardima osim u slu\u010daju ako Vi \u017eelite dogovoriti druga\u010diji re\u017eim postupa se u skladu s Va\u0161im zahtjevima i \u017eeljama. Prilikom smjene gostiju posve\u0107ujemo posebnu pozornost dezinficiranju svih povr\u0161ina te posebno sanitarnog \u010dvora. \u010cista posteljina i ru\u010dnici sa\u010duvani su u zatvorenom spremniku i ne dolaze u doticaj s ve\u0107 kori\u0161tenima. Svi na\u0161i gosti raspola\u017eu informacijama o procedurama \u010di\u0161\u0107enja i zamjena posteljine.<\/em><\/p>\n\n<p><em><strong>Bazeni i sportsko-rekreacijske i ostale uslu\u017ene djelatnosti<\/strong><\/em><\/p>\n\n<p><em>U Hotelu Rotondo odvojili smo le\u017ealjke 1,5 metar te ih dezinficiramo nakon svakog kori\u0161tenja. Na\u017ealost prostor predvi\u0111en za rekreativni sport u zatvorenom i dalje ostaje van funkcije.<\/em><\/p>\n\n<p><em>Maserske usluge &#8211; <\/em><em>Upute dostupne na poveznici: <\/em><a href=\"https:\/\/www.hzjz.hr\/wp-content\/uploads\/2020\/03\/Fizioterapeuti-i-maseri.pdf\"><em>https:\/\/www.hzjz.hr\/wp-content\/uploads\/2020\/03\/Fizioterapeuti-i-maseri.pdf<\/em><\/a><\/p>\n\n<p><em>U wellnessu i saunama ograni\u010den je broj osoba.<\/em><\/p>\n\n<p><em><strong>Ostale bitne informacije<\/strong><\/em><\/p>\n\n<ul class=\"wp-block-list\">\n<li><em>Kod primanja nenajavljenih gostiju ulaze u hotel uz prethodnu provjeru o mogu\u0107im simptomima koji bi mogli upu\u0107ivati na COVID-19.<\/em><\/li>\n<li><em>Osoblje na\u0161eg hotela maksimalno je informirano i za\u0161ti\u0107eno te rade u vi\u0161e smjena.<\/em><\/li>\n<li><em>Opreme za pranje tekstila i posu\u0111a, klima ure\u0111aji, ventilacija, vodoopskrba, dozatori namje\u0161taju se te \u010diste i dezinficiraju sukladno pravilima za novonastalu situaciju.<\/em><\/li>\n<\/ul>\n\n<p><em>Va\u0161 Hotel Rotondo<\/em><\/p>\n\t\t\t\t\t\t\t\t<\/div>\n\t\t\t\t\t<\/div>\n\t\t<\/div>\n\t\t\t\t\t<\/div>\n\t\t<\/section>\n\t\t\t\t<\/div>\n\t\t","protected":false},"excerpt":{"rendered":"<p>Dragi na\u0161i gosti, Va\u0161a sigurnost je na\u0161 najve\u0107i prioritet te smo se pobrinuli da bi Va\u0161 boravak bio \u0161to ugodniji i sigurniji, a u nastavku Vam prila\u017eemo mjere postupanja i rada hotela tijekom epidemije. MJERE KOJE PODUZIMAMO SUKLADNO PREPORUKAMA ZA RAD HOTELA TIJEKOM EPIDEMIJE COVID-19 Fizi\u010dka udaljenost &#8211; udaljenosti od 1,5 metra. Dezinficijens \u2013 dostupni [&hellip;]<\/p>\n","protected":false},"author":1,"featured_media":0,"parent":0,"menu_order":0,"comment_status":"closed","ping_status":"closed","template":"elementor_header_footer","meta":{"site-sidebar-layout":"default","site-content-layout":"default","ast-site-content-layout":"default","site-content-style":"default","site-sidebar-style":"default","ast-global-header-display":"","ast-banner-title-visibility":"","ast-main-header-display":"","ast-hfb-above-header-display":"","ast-hfb-below-header-display":"","ast-hfb-mobile-header-display":"","site-post-title":"","ast-breadcrumbs-content":"","ast-featured-img":"","footer-sml-layout":"","ast-disable-related-posts":"","theme-transparent-header-meta":"default","adv-header-id-meta":"","stick-header-meta":"","header-above-stick-meta":"","header-main-stick-meta":"","header-below-stick-meta":"","astra-migrate-meta-layouts":"default","ast-page-background-enabled":"default","ast-page-background-meta":{"desktop":{"background-color":"","background-image":"","background-repeat":"repeat","background-position":"center center","background-size":"auto","background-attachment":"scroll","background-type":"","background-media":"","overlay-type":"","overlay-color":"","overlay-opacity":"","overlay-gradient":""},"tablet":{"background-color":"","background-image":"","background-repeat":"repeat","background-position":"center center","background-size":"auto","background-attachment":"scroll","background-type":"","background-media":"","overlay-type":"","overlay-color":"","overlay-opacity":"","overlay-gradient":""},"mobile":{"background-color":"","background-image":"","background-repeat":"repeat","background-position":"center center","background-size":"auto","background-attachment":"scroll","background-type":"","background-media":"","overlay-type":"","overlay-color":"","overlay-opacity":"","overlay-gradient":""}},"ast-content-background-meta":{"desktop":{"background-color":"var(--ast-global-color-5)","background-image":"","background-repeat":"repeat","background-position":"center center","background-size":"auto","background-attachment":"scroll","background-type":"","background-media":"","overlay-type":"","overlay-color":"","overlay-opacity":"","overlay-gradient":""},"tablet":{"background-color":"var(--ast-global-color-5)","background-image":"","background-repeat":"repeat","background-position":"center center","background-size":"auto","background-attachment":"scroll","background-type":"","background-media":"","overlay-type":"","overlay-color":"","overlay-opacity":"","overlay-gradient":""},"mobile":{"background-color":"var(--ast-global-color-5)","background-image":"","background-repeat":"repeat","background-position":"center center","background-size":"auto","background-attachment":"scroll","background-type":"","background-media":"","overlay-type":"","overlay-color":"","overlay-opacity":"","overlay-gradient":""}},"footnotes":""},"class_list":["post-2190","page","type-page","status-publish","hentry"],"yoast_head":"<!-- This site is optimized with the Yoast SEO plugin v27.4 - https:\/\/yoast.com\/product\/yoast-seo-wordpress\/ -->\n<title>COVID-19 - Hotel Rotondo<\/title>\n<meta name=\"robots\" content=\"index, follow, max-snippet:-1, max-image-preview:large, max-video-preview:-1\" \/>\n<link rel=\"canonical\" href=\"https:\/\/www.hotelrotondo.com\/hr\/covid-19\/\" \/>\n<meta property=\"og:locale\" content=\"hr_HR\" \/>\n<meta property=\"og:type\" content=\"article\" \/>\n<meta property=\"og:title\" content=\"COVID-19 - Hotel Rotondo\" \/>\n<meta property=\"og:description\" content=\"Dragi na\u0161i gosti, Va\u0161a sigurnost je na\u0161 najve\u0107i prioritet te smo se pobrinuli da bi Va\u0161 boravak bio \u0161to ugodniji i sigurniji, a u nastavku Vam prila\u017eemo mjere postupanja i rada hotela tijekom epidemije. MJERE KOJE PODUZIMAMO SUKLADNO PREPORUKAMA ZA RAD HOTELA TIJEKOM EPIDEMIJE COVID-19 Fizi\u010dka udaljenost &#8211; udaljenosti od 1,5 metra. Dezinficijens \u2013 dostupni [&hellip;]\" \/>\n<meta property=\"og:url\" content=\"https:\/\/www.hotelrotondo.com\/hr\/covid-19\/\" \/>\n<meta property=\"og:site_name\" content=\"Hotel Rotondo\" \/>\n<meta property=\"article:modified_time\" content=\"2020-06-17T15:21:10+00:00\" \/>\n<meta property=\"og:image\" content=\"https:\/\/www.hotelrotondo.com\/wp-content\/uploads\/2020\/06\/version0.png\" \/>\n<meta name=\"twitter:card\" content=\"summary_large_image\" \/>\n<meta name=\"twitter:label1\" content=\"Procijenjeno vrijeme \u010ditanja\" \/>\n\t<meta name=\"twitter:data1\" content=\"3 minute\" \/>\n<script type=\"application\/ld+json\" class=\"yoast-schema-graph\">{\"@context\":\"https:\\\/\\\/schema.org\",\"@graph\":[{\"@type\":\"WebPage\",\"@id\":\"https:\\\/\\\/www.hotelrotondo.com\\\/hr\\\/covid-19\\\/\",\"url\":\"https:\\\/\\\/www.hotelrotondo.com\\\/hr\\\/covid-19\\\/\",\"name\":\"COVID-19 - Hotel Rotondo\",\"isPartOf\":{\"@id\":\"https:\\\/\\\/www.hotelrotondo.com\\\/hr\\\/#website\"},\"primaryImageOfPage\":{\"@id\":\"https:\\\/\\\/www.hotelrotondo.com\\\/hr\\\/covid-19\\\/#primaryimage\"},\"image\":{\"@id\":\"https:\\\/\\\/www.hotelrotondo.com\\\/hr\\\/covid-19\\\/#primaryimage\"},\"thumbnailUrl\":\"https:\\\/\\\/www.hotelrotondo.com\\\/wp-content\\\/uploads\\\/2020\\\/06\\\/version0.png\",\"datePublished\":\"2020-06-17T15:20:05+00:00\",\"dateModified\":\"2020-06-17T15:21:10+00:00\",\"breadcrumb\":{\"@id\":\"https:\\\/\\\/www.hotelrotondo.com\\\/hr\\\/covid-19\\\/#breadcrumb\"},\"inLanguage\":\"hr\",\"potentialAction\":[{\"@type\":\"ReadAction\",\"target\":[\"https:\\\/\\\/www.hotelrotondo.com\\\/hr\\\/covid-19\\\/\"]}]},{\"@type\":\"ImageObject\",\"inLanguage\":\"hr\",\"@id\":\"https:\\\/\\\/www.hotelrotondo.com\\\/hr\\\/covid-19\\\/#primaryimage\",\"url\":\"https:\\\/\\\/www.hotelrotondo.com\\\/wp-content\\\/uploads\\\/2020\\\/06\\\/version0.png\",\"contentUrl\":\"https:\\\/\\\/www.hotelrotondo.com\\\/wp-content\\\/uploads\\\/2020\\\/06\\\/version0.png\"},{\"@type\":\"BreadcrumbList\",\"@id\":\"https:\\\/\\\/www.hotelrotondo.com\\\/hr\\\/covid-19\\\/#breadcrumb\",\"itemListElement\":[{\"@type\":\"ListItem\",\"position\":1,\"name\":\"Po\u010detna stranica\",\"item\":\"https:\\\/\\\/www.hotelrotondo.com\\\/hr\\\/\"},{\"@type\":\"ListItem\",\"position\":2,\"name\":\"COVID-19\"}]},{\"@type\":\"WebSite\",\"@id\":\"https:\\\/\\\/www.hotelrotondo.com\\\/hr\\\/#website\",\"url\":\"https:\\\/\\\/www.hotelrotondo.com\\\/hr\\\/\",\"name\":\"Hotel Rotondo\",\"description\":\"Hotel Rotondo, Seget Trogir\",\"publisher\":{\"@id\":\"https:\\\/\\\/www.hotelrotondo.com\\\/hr\\\/#organization\"},\"potentialAction\":[{\"@type\":\"SearchAction\",\"target\":{\"@type\":\"EntryPoint\",\"urlTemplate\":\"https:\\\/\\\/www.hotelrotondo.com\\\/hr\\\/?s={search_term_string}\"},\"query-input\":{\"@type\":\"PropertyValueSpecification\",\"valueRequired\":true,\"valueName\":\"search_term_string\"}}],\"inLanguage\":\"hr\"},{\"@type\":\"Organization\",\"@id\":\"https:\\\/\\\/www.hotelrotondo.com\\\/hr\\\/#organization\",\"name\":\"Hotel Rotondo\",\"url\":\"https:\\\/\\\/www.hotelrotondo.com\\\/hr\\\/\",\"logo\":{\"@type\":\"ImageObject\",\"inLanguage\":\"hr\",\"@id\":\"https:\\\/\\\/www.hotelrotondo.com\\\/hr\\\/#\\\/schema\\\/logo\\\/image\\\/\",\"url\":\"https:\\\/\\\/www.hotelrotondo.com\\\/wp-content\\\/uploads\\\/2019\\\/07\\\/logo-hotel.rotondo.png\",\"contentUrl\":\"https:\\\/\\\/www.hotelrotondo.com\\\/wp-content\\\/uploads\\\/2019\\\/07\\\/logo-hotel.rotondo.png\",\"width\":480,\"height\":84,\"caption\":\"Hotel Rotondo\"},\"image\":{\"@id\":\"https:\\\/\\\/www.hotelrotondo.com\\\/hr\\\/#\\\/schema\\\/logo\\\/image\\\/\"}}]}<\/script>\n<!-- \/ Yoast SEO plugin. -->","yoast_head_json":{"title":"COVID-19 - Hotel Rotondo","robots":{"index":"index","follow":"follow","max-snippet":"max-snippet:-1","max-image-preview":"max-image-preview:large","max-video-preview":"max-video-preview:-1"},"canonical":"https:\/\/www.hotelrotondo.com\/hr\/covid-19\/","og_locale":"hr_HR","og_type":"article","og_title":"COVID-19 - Hotel Rotondo","og_description":"Dragi na\u0161i gosti, Va\u0161a sigurnost je na\u0161 najve\u0107i prioritet te smo se pobrinuli da bi Va\u0161 boravak bio \u0161to ugodniji i sigurniji, a u nastavku Vam prila\u017eemo mjere postupanja i rada hotela tijekom epidemije. MJERE KOJE PODUZIMAMO SUKLADNO PREPORUKAMA ZA RAD HOTELA TIJEKOM EPIDEMIJE COVID-19 Fizi\u010dka udaljenost &#8211; udaljenosti od 1,5 metra. Dezinficijens \u2013 dostupni [&hellip;]","og_url":"https:\/\/www.hotelrotondo.com\/hr\/covid-19\/","og_site_name":"Hotel Rotondo","article_modified_time":"2020-06-17T15:21:10+00:00","og_image":[{"url":"https:\/\/www.hotelrotondo.com\/wp-content\/uploads\/2020\/06\/version0.png","type":"","width":"","height":""}],"twitter_card":"summary_large_image","twitter_misc":{"Procijenjeno vrijeme \u010ditanja":"3 minute"},"schema":{"@context":"https:\/\/schema.org","@graph":[{"@type":"WebPage","@id":"https:\/\/www.hotelrotondo.com\/hr\/covid-19\/","url":"https:\/\/www.hotelrotondo.com\/hr\/covid-19\/","name":"COVID-19 - Hotel Rotondo","isPartOf":{"@id":"https:\/\/www.hotelrotondo.com\/hr\/#website"},"primaryImageOfPage":{"@id":"https:\/\/www.hotelrotondo.com\/hr\/covid-19\/#primaryimage"},"image":{"@id":"https:\/\/www.hotelrotondo.com\/hr\/covid-19\/#primaryimage"},"thumbnailUrl":"https:\/\/www.hotelrotondo.com\/wp-content\/uploads\/2020\/06\/version0.png","datePublished":"2020-06-17T15:20:05+00:00","dateModified":"2020-06-17T15:21:10+00:00","breadcrumb":{"@id":"https:\/\/www.hotelrotondo.com\/hr\/covid-19\/#breadcrumb"},"inLanguage":"hr","potentialAction":[{"@type":"ReadAction","target":["https:\/\/www.hotelrotondo.com\/hr\/covid-19\/"]}]},{"@type":"ImageObject","inLanguage":"hr","@id":"https:\/\/www.hotelrotondo.com\/hr\/covid-19\/#primaryimage","url":"https:\/\/www.hotelrotondo.com\/wp-content\/uploads\/2020\/06\/version0.png","contentUrl":"https:\/\/www.hotelrotondo.com\/wp-content\/uploads\/2020\/06\/version0.png"},{"@type":"BreadcrumbList","@id":"https:\/\/www.hotelrotondo.com\/hr\/covid-19\/#breadcrumb","itemListElement":[{"@type":"ListItem","position":1,"name":"Po\u010detna stranica","item":"https:\/\/www.hotelrotondo.com\/hr\/"},{"@type":"ListItem","position":2,"name":"COVID-19"}]},{"@type":"WebSite","@id":"https:\/\/www.hotelrotondo.com\/hr\/#website","url":"https:\/\/www.hotelrotondo.com\/hr\/","name":"Hotel Rotondo","description":"Hotel Rotondo, Seget Trogir","publisher":{"@id":"https:\/\/www.hotelrotondo.com\/hr\/#organization"},"potentialAction":[{"@type":"SearchAction","target":{"@type":"EntryPoint","urlTemplate":"https:\/\/www.hotelrotondo.com\/hr\/?s={search_term_string}"},"query-input":{"@type":"PropertyValueSpecification","valueRequired":true,"valueName":"search_term_string"}}],"inLanguage":"hr"},{"@type":"Organization","@id":"https:\/\/www.hotelrotondo.com\/hr\/#organization","name":"Hotel Rotondo","url":"https:\/\/www.hotelrotondo.com\/hr\/","logo":{"@type":"ImageObject","inLanguage":"hr","@id":"https:\/\/www.hotelrotondo.com\/hr\/#\/schema\/logo\/image\/","url":"https:\/\/www.hotelrotondo.com\/wp-content\/uploads\/2019\/07\/logo-hotel.rotondo.png","contentUrl":"https:\/\/www.hotelrotondo.com\/wp-content\/uploads\/2019\/07\/logo-hotel.rotondo.png","width":480,"height":84,"caption":"Hotel Rotondo"},"image":{"@id":"https:\/\/www.hotelrotondo.com\/hr\/#\/schema\/logo\/image\/"}}]}},"_links":{"self":[{"href":"https:\/\/www.hotelrotondo.com\/hr\/wp-json\/wp\/v2\/pages\/2190","targetHints":{"allow":["GET"]}}],"collection":[{"href":"https:\/\/www.hotelrotondo.com\/hr\/wp-json\/wp\/v2\/pages"}],"about":[{"href":"https:\/\/www.hotelrotondo.com\/hr\/wp-json\/wp\/v2\/types\/page"}],"author":[{"embeddable":true,"href":"https:\/\/www.hotelrotondo.com\/hr\/wp-json\/wp\/v2\/users\/1"}],"replies":[{"embeddable":true,"href":"https:\/\/www.hotelrotondo.com\/hr\/wp-json\/wp\/v2\/comments?post=2190"}],"version-history":[{"count":0,"href":"https:\/\/www.hotelrotondo.com\/hr\/wp-json\/wp\/v2\/pages\/2190\/revisions"}],"wp:attachment":[{"href":"https:\/\/www.hotelrotondo.com\/hr\/wp-json\/wp\/v2\/media?parent=2190"}],"curies":[{"name":"wp","href":"https:\/\/api.w.org\/{rel}","templated":true}]}}