{"id":3,"date":"2019-07-02T10:07:23","date_gmt":"2019-07-02T10:07:23","guid":{"rendered":"https:\/\/upgradecms.com\/hotelrotondo\/?page_id=3"},"modified":"2019-08-08T12:11:17","modified_gmt":"2019-08-08T12:11:17","slug":"pravila-privatnosti","status":"publish","type":"page","link":"https:\/\/www.hotelrotondo.com\/hr\/pravila-privatnosti\/","title":{"rendered":"Pravila privatnosti"},"content":{"rendered":"\t\t<div data-elementor-type=\"wp-post\" data-elementor-id=\"3\" class=\"elementor elementor-3\" data-elementor-post-type=\"page\">\n\t\t\t\t\t\t<section class=\"elementor-section elementor-top-section elementor-element elementor-element-0a79725 elementor-section-boxed elementor-section-height-default elementor-section-height-default\" data-id=\"0a79725\" data-element_type=\"section\" data-e-type=\"section\">\n\t\t\t\t\t\t<div class=\"elementor-container elementor-column-gap-default\">\n\t\t\t\t\t<div class=\"elementor-column elementor-col-100 elementor-top-column elementor-element elementor-element-af4152b\" data-id=\"af4152b\" data-element_type=\"column\" data-e-type=\"column\">\n\t\t\t<div class=\"elementor-widget-wrap elementor-element-populated\">\n\t\t\t\t\t\t<div class=\"elementor-element elementor-element-89ed865 elementor-widget elementor-widget-text-editor\" data-id=\"89ed865\" data-element_type=\"widget\" data-e-type=\"widget\" data-widget_type=\"text-editor.default\">\n\t\t\t\t\t\t\t\t\t<p>Pravila privatnosti<\/p>\t\t\t\t\t\t\t\t<\/div>\n\t\t\t\t\t<\/div>\n\t\t<\/div>\n\t\t\t\t\t<\/div>\n\t\t<\/section>\n\t\t\t\t<section class=\"elementor-section elementor-top-section elementor-element elementor-element-37c85e1 elementor-section-boxed elementor-section-height-default elementor-section-height-default\" data-id=\"37c85e1\" data-element_type=\"section\" data-e-type=\"section\">\n\t\t\t\t\t\t<div class=\"elementor-container elementor-column-gap-default\">\n\t\t\t\t\t<div class=\"elementor-column elementor-col-100 elementor-top-column elementor-element elementor-element-d796d26\" data-id=\"d796d26\" data-element_type=\"column\" data-e-type=\"column\">\n\t\t\t<div class=\"elementor-widget-wrap elementor-element-populated\">\n\t\t\t\t\t\t<div class=\"elementor-element elementor-element-645a990 elementor-widget elementor-widget-text-editor\" data-id=\"645a990\" data-element_type=\"widget\" data-e-type=\"widget\" data-widget_type=\"text-editor.default\">\n\t\t\t\t\t\t\t\t\t<p><span style=\"font-size: 15px;\">Po\u0161tovani gosti, du\u017eni smo vas obavijestiti da prema Op\u0107oj uredbi o za\u0161titi podataka &#8211; GDPR, prilikom rezervacije i dolaska u na\u0161 smje\u0161tajni objekt pristajete dati na uvid va\u0161e isprave o identitetu odnosno osobne podatke (ime i prezime, vrstu i broj identifikacijske isprave, spol, dr\u017eavu i adresu prebivali\u0161ta i ro\u0111enja, dr\u017eavljanstvo i datum ro\u0111enja) u svrhu evidencije turista u informacijski sustav turisti\u010dkih zajednica RH za prijavu i odjavu turista \u2013 eVisitor (Zakon o boravi\u0161noj pristojbi NN 152\/08).\u00a0<\/span><\/p><p>Sadr\u017eaj va\u0161ih osobnih podataka prikuplja se u svrhu statisti\u010dke obrade podataka te je namijenjen isklju\u010divo turisti\u010dkim zajednicama, javnim ustanovama i ministarstvima koji svojom djelatno\u0161\u0107u doti\u010du ovaj proces (Ministarstvo turizma \u2013 Turisti\u010dka inspekcija, Ministarstvo unutarnjih poslova te Ministarstvo financija \u2013 Carinska uprava). <br \/>Svako neovla\u0161teno kori\u0161tenje , objavljivanje, prerada, obrada, reprodukcija, prikazivanje, preno\u0161enje, distribucija, snimanje ili bilo koji drugi oblik neovla\u0161tene uporabe va\u0161ih podataka je strogo zabranjeno. <br \/>Ukoliko nam iz nekog razloga ne mo\u017eete ili ne \u017eelite omogu\u0107iti uvid u svoje podatke ovla\u0161teni smo ne pru\u017eiti vam uslugu smje\u0161taja.<br \/>Hvala na razumijevanju,<br \/>Hotel Rotondo.<\/p>\t\t\t\t\t\t\t\t<\/div>\n\t\t\t\t\t<\/div>\n\t\t<\/div>\n\t\t\t\t\t<\/div>\n\t\t<\/section>\n\t\t\t\t<\/div>\n\t\t","protected":false},"excerpt":{"rendered":"<p>Pravila privatnosti Po\u0161tovani gosti, du\u017eni smo vas obavijestiti da prema Op\u0107oj uredbi o za\u0161titi podataka &#8211; GDPR, prilikom rezervacije i dolaska u na\u0161 smje\u0161tajni objekt pristajete dati na uvid va\u0161e isprave o identitetu odnosno osobne podatke (ime i prezime, vrstu i broj identifikacijske isprave, spol, dr\u017eavu i adresu prebivali\u0161ta i ro\u0111enja, dr\u017eavljanstvo i datum ro\u0111enja) [&hellip;]<\/p>\n","protected":false},"author":1,"featured_media":0,"parent":0,"menu_order":0,"comment_status":"closed","ping_status":"closed","template":"","meta":{"site-sidebar-layout":"no-sidebar","site-content-layout":"page-builder","ast-site-content-layout":"default","site-content-style":"default","site-sidebar-style":"default","ast-global-header-display":"","ast-banner-title-visibility":"","ast-main-header-display":"","ast-hfb-above-header-display":"","ast-hfb-below-header-display":"","ast-hfb-mobile-header-display":"","site-post-title":"disabled","ast-breadcrumbs-content":"","ast-featured-img":"disabled","footer-sml-layout":"","ast-disable-related-posts":"","theme-transparent-header-meta":"default","adv-header-id-meta":"","stick-header-meta":"","header-above-stick-meta":"","header-main-stick-meta":"","header-below-stick-meta":"","astra-migrate-meta-layouts":"default","ast-page-background-enabled":"default","ast-page-background-meta":{"desktop":{"background-color":"","background-image":"","background-repeat":"repeat","background-position":"center center","background-size":"auto","background-attachment":"scroll","background-type":"","background-media":"","overlay-type":"","overlay-color":"","overlay-opacity":"","overlay-gradient":""},"tablet":{"background-color":"","background-image":"","background-repeat":"repeat","background-position":"center center","background-size":"auto","background-attachment":"scroll","background-type":"","background-media":"","overlay-type":"","overlay-color":"","overlay-opacity":"","overlay-gradient":""},"mobile":{"background-color":"","background-image":"","background-repeat":"repeat","background-position":"center center","background-size":"auto","background-attachment":"scroll","background-type":"","background-media":"","overlay-type":"","overlay-color":"","overlay-opacity":"","overlay-gradient":""}},"ast-content-background-meta":{"desktop":{"background-color":"var(--ast-global-color-5)","background-image":"","background-repeat":"repeat","background-position":"center center","background-size":"auto","background-attachment":"scroll","background-type":"","background-media":"","overlay-type":"","overlay-color":"","overlay-opacity":"","overlay-gradient":""},"tablet":{"background-color":"var(--ast-global-color-5)","background-image":"","background-repeat":"repeat","background-position":"center center","background-size":"auto","background-attachment":"scroll","background-type":"","background-media":"","overlay-type":"","overlay-color":"","overlay-opacity":"","overlay-gradient":""},"mobile":{"background-color":"var(--ast-global-color-5)","background-image":"","background-repeat":"repeat","background-position":"center center","background-size":"auto","background-attachment":"scroll","background-type":"","background-media":"","overlay-type":"","overlay-color":"","overlay-opacity":"","overlay-gradient":""}},"footnotes":""},"class_list":["post-3","page","type-page","status-publish","hentry"],"yoast_head":"<!-- This site is optimized with the Yoast SEO plugin v27.4 - https:\/\/yoast.com\/product\/yoast-seo-wordpress\/ -->\n<title>Pravila privatnosti - Hotel Rotondo<\/title>\n<meta name=\"robots\" content=\"index, follow, max-snippet:-1, max-image-preview:large, max-video-preview:-1\" \/>\n<link rel=\"canonical\" href=\"https:\/\/www.hotelrotondo.com\/hr\/pravila-privatnosti\/\" \/>\n<meta property=\"og:locale\" content=\"hr_HR\" \/>\n<meta property=\"og:type\" content=\"article\" \/>\n<meta property=\"og:title\" content=\"Pravila privatnosti - Hotel Rotondo\" \/>\n<meta property=\"og:description\" content=\"Pravila privatnosti Po\u0161tovani gosti, du\u017eni smo vas obavijestiti da prema Op\u0107oj uredbi o za\u0161titi podataka &#8211; GDPR, prilikom rezervacije i dolaska u na\u0161 smje\u0161tajni objekt pristajete dati na uvid va\u0161e isprave o identitetu odnosno osobne podatke (ime i prezime, vrstu i broj identifikacijske isprave, spol, dr\u017eavu i adresu prebivali\u0161ta i ro\u0111enja, dr\u017eavljanstvo i datum ro\u0111enja) [&hellip;]\" \/>\n<meta property=\"og:url\" content=\"https:\/\/www.hotelrotondo.com\/hr\/pravila-privatnosti\/\" \/>\n<meta property=\"og:site_name\" content=\"Hotel Rotondo\" \/>\n<meta property=\"article:modified_time\" content=\"2019-08-08T12:11:17+00:00\" \/>\n<meta name=\"twitter:card\" content=\"summary_large_image\" \/>\n<meta name=\"twitter:label1\" content=\"Procijenjeno vrijeme \u010ditanja\" \/>\n\t<meta name=\"twitter:data1\" content=\"1 minuta\" \/>\n<script type=\"application\/ld+json\" class=\"yoast-schema-graph\">{\"@context\":\"https:\\\/\\\/schema.org\",\"@graph\":[{\"@type\":\"WebPage\",\"@id\":\"https:\\\/\\\/www.hotelrotondo.com\\\/hr\\\/pravila-privatnosti\\\/\",\"url\":\"https:\\\/\\\/www.hotelrotondo.com\\\/hr\\\/pravila-privatnosti\\\/\",\"name\":\"Pravila privatnosti - Hotel Rotondo\",\"isPartOf\":{\"@id\":\"https:\\\/\\\/www.hotelrotondo.com\\\/hr\\\/#website\"},\"datePublished\":\"2019-07-02T10:07:23+00:00\",\"dateModified\":\"2019-08-08T12:11:17+00:00\",\"breadcrumb\":{\"@id\":\"https:\\\/\\\/www.hotelrotondo.com\\\/hr\\\/pravila-privatnosti\\\/#breadcrumb\"},\"inLanguage\":\"hr\",\"potentialAction\":[{\"@type\":\"ReadAction\",\"target\":[\"https:\\\/\\\/www.hotelrotondo.com\\\/hr\\\/pravila-privatnosti\\\/\"]}]},{\"@type\":\"BreadcrumbList\",\"@id\":\"https:\\\/\\\/www.hotelrotondo.com\\\/hr\\\/pravila-privatnosti\\\/#breadcrumb\",\"itemListElement\":[{\"@type\":\"ListItem\",\"position\":1,\"name\":\"Po\u010detna stranica\",\"item\":\"https:\\\/\\\/www.hotelrotondo.com\\\/hr\\\/\"},{\"@type\":\"ListItem\",\"position\":2,\"name\":\"Pravila privatnosti\"}]},{\"@type\":\"WebSite\",\"@id\":\"https:\\\/\\\/www.hotelrotondo.com\\\/hr\\\/#website\",\"url\":\"https:\\\/\\\/www.hotelrotondo.com\\\/hr\\\/\",\"name\":\"Hotel Rotondo\",\"description\":\"Hotel Rotondo, Seget Trogir\",\"publisher\":{\"@id\":\"https:\\\/\\\/www.hotelrotondo.com\\\/hr\\\/#organization\"},\"potentialAction\":[{\"@type\":\"SearchAction\",\"target\":{\"@type\":\"EntryPoint\",\"urlTemplate\":\"https:\\\/\\\/www.hotelrotondo.com\\\/hr\\\/?s={search_term_string}\"},\"query-input\":{\"@type\":\"PropertyValueSpecification\",\"valueRequired\":true,\"valueName\":\"search_term_string\"}}],\"inLanguage\":\"hr\"},{\"@type\":\"Organization\",\"@id\":\"https:\\\/\\\/www.hotelrotondo.com\\\/hr\\\/#organization\",\"name\":\"Hotel Rotondo\",\"url\":\"https:\\\/\\\/www.hotelrotondo.com\\\/hr\\\/\",\"logo\":{\"@type\":\"ImageObject\",\"inLanguage\":\"hr\",\"@id\":\"https:\\\/\\\/www.hotelrotondo.com\\\/hr\\\/#\\\/schema\\\/logo\\\/image\\\/\",\"url\":\"https:\\\/\\\/www.hotelrotondo.com\\\/wp-content\\\/uploads\\\/2019\\\/07\\\/logo-hotel.rotondo.png\",\"contentUrl\":\"https:\\\/\\\/www.hotelrotondo.com\\\/wp-content\\\/uploads\\\/2019\\\/07\\\/logo-hotel.rotondo.png\",\"width\":480,\"height\":84,\"caption\":\"Hotel Rotondo\"},\"image\":{\"@id\":\"https:\\\/\\\/www.hotelrotondo.com\\\/hr\\\/#\\\/schema\\\/logo\\\/image\\\/\"}}]}<\/script>\n<!-- \/ Yoast SEO plugin. -->","yoast_head_json":{"title":"Pravila privatnosti - Hotel Rotondo","robots":{"index":"index","follow":"follow","max-snippet":"max-snippet:-1","max-image-preview":"max-image-preview:large","max-video-preview":"max-video-preview:-1"},"canonical":"https:\/\/www.hotelrotondo.com\/hr\/pravila-privatnosti\/","og_locale":"hr_HR","og_type":"article","og_title":"Pravila privatnosti - Hotel Rotondo","og_description":"Pravila privatnosti Po\u0161tovani gosti, du\u017eni smo vas obavijestiti da prema Op\u0107oj uredbi o za\u0161titi podataka &#8211; GDPR, prilikom rezervacije i dolaska u na\u0161 smje\u0161tajni objekt pristajete dati na uvid va\u0161e isprave o identitetu odnosno osobne podatke (ime i prezime, vrstu i broj identifikacijske isprave, spol, dr\u017eavu i adresu prebivali\u0161ta i ro\u0111enja, dr\u017eavljanstvo i datum ro\u0111enja) [&hellip;]","og_url":"https:\/\/www.hotelrotondo.com\/hr\/pravila-privatnosti\/","og_site_name":"Hotel Rotondo","article_modified_time":"2019-08-08T12:11:17+00:00","twitter_card":"summary_large_image","twitter_misc":{"Procijenjeno vrijeme \u010ditanja":"1 minuta"},"schema":{"@context":"https:\/\/schema.org","@graph":[{"@type":"WebPage","@id":"https:\/\/www.hotelrotondo.com\/hr\/pravila-privatnosti\/","url":"https:\/\/www.hotelrotondo.com\/hr\/pravila-privatnosti\/","name":"Pravila privatnosti - Hotel Rotondo","isPartOf":{"@id":"https:\/\/www.hotelrotondo.com\/hr\/#website"},"datePublished":"2019-07-02T10:07:23+00:00","dateModified":"2019-08-08T12:11:17+00:00","breadcrumb":{"@id":"https:\/\/www.hotelrotondo.com\/hr\/pravila-privatnosti\/#breadcrumb"},"inLanguage":"hr","potentialAction":[{"@type":"ReadAction","target":["https:\/\/www.hotelrotondo.com\/hr\/pravila-privatnosti\/"]}]},{"@type":"BreadcrumbList","@id":"https:\/\/www.hotelrotondo.com\/hr\/pravila-privatnosti\/#breadcrumb","itemListElement":[{"@type":"ListItem","position":1,"name":"Po\u010detna stranica","item":"https:\/\/www.hotelrotondo.com\/hr\/"},{"@type":"ListItem","position":2,"name":"Pravila privatnosti"}]},{"@type":"WebSite","@id":"https:\/\/www.hotelrotondo.com\/hr\/#website","url":"https:\/\/www.hotelrotondo.com\/hr\/","name":"Hotel Rotondo","description":"Hotel Rotondo, Seget Trogir","publisher":{"@id":"https:\/\/www.hotelrotondo.com\/hr\/#organization"},"potentialAction":[{"@type":"SearchAction","target":{"@type":"EntryPoint","urlTemplate":"https:\/\/www.hotelrotondo.com\/hr\/?s={search_term_string}"},"query-input":{"@type":"PropertyValueSpecification","valueRequired":true,"valueName":"search_term_string"}}],"inLanguage":"hr"},{"@type":"Organization","@id":"https:\/\/www.hotelrotondo.com\/hr\/#organization","name":"Hotel Rotondo","url":"https:\/\/www.hotelrotondo.com\/hr\/","logo":{"@type":"ImageObject","inLanguage":"hr","@id":"https:\/\/www.hotelrotondo.com\/hr\/#\/schema\/logo\/image\/","url":"https:\/\/www.hotelrotondo.com\/wp-content\/uploads\/2019\/07\/logo-hotel.rotondo.png","contentUrl":"https:\/\/www.hotelrotondo.com\/wp-content\/uploads\/2019\/07\/logo-hotel.rotondo.png","width":480,"height":84,"caption":"Hotel Rotondo"},"image":{"@id":"https:\/\/www.hotelrotondo.com\/hr\/#\/schema\/logo\/image\/"}}]}},"_links":{"self":[{"href":"https:\/\/www.hotelrotondo.com\/hr\/wp-json\/wp\/v2\/pages\/3","targetHints":{"allow":["GET"]}}],"collection":[{"href":"https:\/\/www.hotelrotondo.com\/hr\/wp-json\/wp\/v2\/pages"}],"about":[{"href":"https:\/\/www.hotelrotondo.com\/hr\/wp-json\/wp\/v2\/types\/page"}],"author":[{"embeddable":true,"href":"https:\/\/www.hotelrotondo.com\/hr\/wp-json\/wp\/v2\/users\/1"}],"replies":[{"embeddable":true,"href":"https:\/\/www.hotelrotondo.com\/hr\/wp-json\/wp\/v2\/comments?post=3"}],"version-history":[{"count":0,"href":"https:\/\/www.hotelrotondo.com\/hr\/wp-json\/wp\/v2\/pages\/3\/revisions"}],"wp:attachment":[{"href":"https:\/\/www.hotelrotondo.com\/hr\/wp-json\/wp\/v2\/media?parent=3"}],"curies":[{"name":"wp","href":"https:\/\/api.w.org\/{rel}","templated":true}]}}