{"id":1726,"date":"2019-08-20T11:31:59","date_gmt":"2019-08-20T11:31:59","guid":{"rendered":"https:\/\/www.hotelrotondo.com\/le-condizioni-commerciali\/"},"modified":"2023-06-10T10:33:27","modified_gmt":"2023-06-10T10:33:27","slug":"le-condizioni-commerciali","status":"publish","type":"page","link":"https:\/\/www.hotelrotondo.com\/it\/le-condizioni-commerciali\/","title":{"rendered":"Le condizioni commerciali"},"content":{"rendered":"\t\t<div data-elementor-type=\"wp-post\" data-elementor-id=\"1726\" class=\"elementor elementor-1726 elementor-135\" data-elementor-post-type=\"page\">\n\t\t\t\t\t\t<section class=\"elementor-section elementor-top-section elementor-element elementor-element-79821ab5 elementor-section-boxed elementor-section-height-default elementor-section-height-default\" data-id=\"79821ab5\" data-element_type=\"section\" data-e-type=\"section\">\n\t\t\t\t\t\t<div class=\"elementor-container elementor-column-gap-default\">\n\t\t\t\t\t<div class=\"elementor-column elementor-col-100 elementor-top-column elementor-element elementor-element-1d140f0f\" data-id=\"1d140f0f\" data-element_type=\"column\" data-e-type=\"column\">\n\t\t\t<div class=\"elementor-widget-wrap elementor-element-populated\">\n\t\t\t\t\t\t<div class=\"elementor-element elementor-element-7ab3ec19 elementor-widget elementor-widget-heading\" data-id=\"7ab3ec19\" data-element_type=\"widget\" data-e-type=\"widget\" data-widget_type=\"heading.default\">\n\t\t\t\t\t<h2 class=\"elementor-heading-title elementor-size-default\">Le condizioni commerciali<\/h2>\t\t\t\t<\/div>\n\t\t\t\t<div class=\"elementor-element elementor-element-6e3c3013 elementor-widget elementor-widget-text-editor\" data-id=\"6e3c3013\" data-element_type=\"widget\" data-e-type=\"widget\" data-widget_type=\"text-editor.default\">\n\t\t\t\t\t\t\t\t\t<p>Il testo delle condizioni della struttura<br \/>Vi ringraziamo per prenotazione e siete chiamati di rivolgersi alle seguenti condizioni commerciali\u05c3<br \/>\u2022 La carta di credito valida \u00e8 obbligatoria come la garanzia della Sua prenotazione.<br \/>\u2022 I prezzi includono la tassa e i costi di prenotazione.<br \/>\u2022 Check in \u00e8 possibile dopo le 14:00h\u05c3\u00a0 alla giornata d\u02cbarrivo.<br \/>\u2022 Check out deve essere fatto fino a 11:\u05c300h, alla giornata di partenza.<br \/>\u2022 La struttura prende diritto di pagarvi i supplementi per check out ritardato.<br \/>\u2022 Vi preghiamo di prendere in considerazione che i bambini all\u02cbet\u00e0 di 13 anni e pi\u00f9 pagano il prezzo pieno perch\u00e9 si considerano gli adulti. Durante la prenotazione dell\u02cballoggio siete obbligati di contare come gli adulti i bambini pi\u00f9 alti di 13 anni.<br \/>\u2022 Il calcolo finale dei servizi si fa alla reception prima della partenza.<br \/>\u2022 I prezzi indicate sono informativi.<br \/>\u2022 Se volete cambiare o cancellare la prenotazione fatta, per favore contattate il nostro servizio prenotazioni.<br \/>\u2022 Per tutte le informazioni contattate il nostro servizio prenotazioni via e-mail info@hotelrotondo.com<br \/>\u2022 La struttura ha ragione di rifiutare, cancellare o cambiare la prenotazione se si verifica un abuso di sistema di prenotazione o se \u00e8 fatta con l\u02cberrore evidente dall\u02cbutente.<br \/>\u2022 Il metodo di pagamento\u05c3 cash, carte di credito, bonifico bancario.<\/p>\t\t\t\t\t\t\t\t<\/div>\n\t\t\t\t\t<\/div>\n\t\t<\/div>\n\t\t\t\t\t<\/div>\n\t\t<\/section>\n\t\t\t\t<\/div>\n\t\t","protected":false},"excerpt":{"rendered":"<p>Le condizioni commerciali Il testo delle condizioni della strutturaVi ringraziamo per prenotazione e siete chiamati di rivolgersi alle seguenti condizioni commerciali\u05c3\u2022 La carta di credito valida \u00e8 obbligatoria come la garanzia della Sua prenotazione.\u2022 I prezzi includono la tassa e i costi di prenotazione.\u2022 Check in \u00e8 possibile dopo le 14:00h\u05c3\u00a0 alla giornata d\u02cbarrivo.\u2022 Check [&hellip;]<\/p>\n","protected":false},"author":1,"featured_media":0,"parent":0,"menu_order":0,"comment_status":"closed","ping_status":"closed","template":"","meta":{"site-sidebar-layout":"no-sidebar","site-content-layout":"page-builder","ast-site-content-layout":"default","site-content-style":"default","site-sidebar-style":"default","ast-global-header-display":"","ast-banner-title-visibility":"","ast-main-header-display":"","ast-hfb-above-header-display":"","ast-hfb-below-header-display":"","ast-hfb-mobile-header-display":"","site-post-title":"disabled","ast-breadcrumbs-content":"","ast-featured-img":"disabled","footer-sml-layout":"","ast-disable-related-posts":"","theme-transparent-header-meta":"default","adv-header-id-meta":"","stick-header-meta":"","header-above-stick-meta":"","header-main-stick-meta":"","header-below-stick-meta":"","astra-migrate-meta-layouts":"default","ast-page-background-enabled":"default","ast-page-background-meta":{"desktop":{"background-color":"","background-image":"","background-repeat":"repeat","background-position":"center center","background-size":"auto","background-attachment":"scroll","background-type":"","background-media":"","overlay-type":"","overlay-color":"","overlay-opacity":"","overlay-gradient":""},"tablet":{"background-color":"","background-image":"","background-repeat":"repeat","background-position":"center center","background-size":"auto","background-attachment":"scroll","background-type":"","background-media":"","overlay-type":"","overlay-color":"","overlay-opacity":"","overlay-gradient":""},"mobile":{"background-color":"","background-image":"","background-repeat":"repeat","background-position":"center center","background-size":"auto","background-attachment":"scroll","background-type":"","background-media":"","overlay-type":"","overlay-color":"","overlay-opacity":"","overlay-gradient":""}},"ast-content-background-meta":{"desktop":{"background-color":"var(--ast-global-color-5)","background-image":"","background-repeat":"repeat","background-position":"center center","background-size":"auto","background-attachment":"scroll","background-type":"","background-media":"","overlay-type":"","overlay-color":"","overlay-opacity":"","overlay-gradient":""},"tablet":{"background-color":"var(--ast-global-color-5)","background-image":"","background-repeat":"repeat","background-position":"center center","background-size":"auto","background-attachment":"scroll","background-type":"","background-media":"","overlay-type":"","overlay-color":"","overlay-opacity":"","overlay-gradient":""},"mobile":{"background-color":"var(--ast-global-color-5)","background-image":"","background-repeat":"repeat","background-position":"center center","background-size":"auto","background-attachment":"scroll","background-type":"","background-media":"","overlay-type":"","overlay-color":"","overlay-opacity":"","overlay-gradient":""}},"footnotes":""},"class_list":["post-1726","page","type-page","status-publish","hentry"],"yoast_head":"<!-- This site is optimized with the Yoast SEO plugin v27.4 - https:\/\/yoast.com\/product\/yoast-seo-wordpress\/ -->\n<title>Le condizioni commerciali - Hotel Rotondo<\/title>\n<meta name=\"robots\" content=\"index, follow, max-snippet:-1, max-image-preview:large, max-video-preview:-1\" \/>\n<link rel=\"canonical\" href=\"https:\/\/www.hotelrotondo.com\/it\/le-condizioni-commerciali\/\" \/>\n<meta property=\"og:locale\" content=\"it_IT\" \/>\n<meta property=\"og:type\" content=\"article\" \/>\n<meta property=\"og:title\" content=\"Le condizioni commerciali - Hotel Rotondo\" \/>\n<meta property=\"og:description\" content=\"Le condizioni commerciali Il testo delle condizioni della strutturaVi ringraziamo per prenotazione e siete chiamati di rivolgersi alle seguenti condizioni commerciali\u05c3\u2022 La carta di credito valida \u00e8 obbligatoria come la garanzia della Sua prenotazione.\u2022 I prezzi includono la tassa e i costi di prenotazione.\u2022 Check in \u00e8 possibile dopo le 14:00h\u05c3\u00a0 alla giornata d\u02cbarrivo.\u2022 Check [&hellip;]\" \/>\n<meta property=\"og:url\" content=\"https:\/\/www.hotelrotondo.com\/it\/le-condizioni-commerciali\/\" \/>\n<meta property=\"og:site_name\" content=\"Hotel Rotondo\" \/>\n<meta property=\"article:modified_time\" content=\"2023-06-10T10:33:27+00:00\" \/>\n<meta name=\"twitter:card\" content=\"summary_large_image\" \/>\n<meta name=\"twitter:label1\" content=\"Tempo di lettura stimato\" \/>\n\t<meta name=\"twitter:data1\" content=\"2 minuti\" \/>\n<script type=\"application\/ld+json\" class=\"yoast-schema-graph\">{\"@context\":\"https:\\\/\\\/schema.org\",\"@graph\":[{\"@type\":\"WebPage\",\"@id\":\"https:\\\/\\\/www.hotelrotondo.com\\\/it\\\/le-condizioni-commerciali\\\/\",\"url\":\"https:\\\/\\\/www.hotelrotondo.com\\\/it\\\/le-condizioni-commerciali\\\/\",\"name\":\"Le condizioni commerciali - Hotel Rotondo\",\"isPartOf\":{\"@id\":\"https:\\\/\\\/www.hotelrotondo.com\\\/it\\\/#website\"},\"datePublished\":\"2019-08-20T11:31:59+00:00\",\"dateModified\":\"2023-06-10T10:33:27+00:00\",\"breadcrumb\":{\"@id\":\"https:\\\/\\\/www.hotelrotondo.com\\\/it\\\/le-condizioni-commerciali\\\/#breadcrumb\"},\"inLanguage\":\"it-IT\",\"potentialAction\":[{\"@type\":\"ReadAction\",\"target\":[\"https:\\\/\\\/www.hotelrotondo.com\\\/it\\\/le-condizioni-commerciali\\\/\"]}]},{\"@type\":\"BreadcrumbList\",\"@id\":\"https:\\\/\\\/www.hotelrotondo.com\\\/it\\\/le-condizioni-commerciali\\\/#breadcrumb\",\"itemListElement\":[{\"@type\":\"ListItem\",\"position\":1,\"name\":\"Po\u010detna stranica\",\"item\":\"https:\\\/\\\/www.hotelrotondo.com\\\/it\\\/\"},{\"@type\":\"ListItem\",\"position\":2,\"name\":\"Le condizioni commerciali\"}]},{\"@type\":\"WebSite\",\"@id\":\"https:\\\/\\\/www.hotelrotondo.com\\\/it\\\/#website\",\"url\":\"https:\\\/\\\/www.hotelrotondo.com\\\/it\\\/\",\"name\":\"Hotel Rotondo\",\"description\":\"Hotel Rotondo, Seget Trogir\",\"publisher\":{\"@id\":\"https:\\\/\\\/www.hotelrotondo.com\\\/it\\\/#organization\"},\"potentialAction\":[{\"@type\":\"SearchAction\",\"target\":{\"@type\":\"EntryPoint\",\"urlTemplate\":\"https:\\\/\\\/www.hotelrotondo.com\\\/it\\\/?s={search_term_string}\"},\"query-input\":{\"@type\":\"PropertyValueSpecification\",\"valueRequired\":true,\"valueName\":\"search_term_string\"}}],\"inLanguage\":\"it-IT\"},{\"@type\":\"Organization\",\"@id\":\"https:\\\/\\\/www.hotelrotondo.com\\\/it\\\/#organization\",\"name\":\"Hotel Rotondo\",\"url\":\"https:\\\/\\\/www.hotelrotondo.com\\\/it\\\/\",\"logo\":{\"@type\":\"ImageObject\",\"inLanguage\":\"it-IT\",\"@id\":\"https:\\\/\\\/www.hotelrotondo.com\\\/it\\\/#\\\/schema\\\/logo\\\/image\\\/\",\"url\":\"https:\\\/\\\/www.hotelrotondo.com\\\/wp-content\\\/uploads\\\/2019\\\/07\\\/logo-hotel.rotondo.png\",\"contentUrl\":\"https:\\\/\\\/www.hotelrotondo.com\\\/wp-content\\\/uploads\\\/2019\\\/07\\\/logo-hotel.rotondo.png\",\"width\":480,\"height\":84,\"caption\":\"Hotel Rotondo\"},\"image\":{\"@id\":\"https:\\\/\\\/www.hotelrotondo.com\\\/it\\\/#\\\/schema\\\/logo\\\/image\\\/\"}}]}<\/script>\n<!-- \/ Yoast SEO plugin. -->","yoast_head_json":{"title":"Le condizioni commerciali - Hotel Rotondo","robots":{"index":"index","follow":"follow","max-snippet":"max-snippet:-1","max-image-preview":"max-image-preview:large","max-video-preview":"max-video-preview:-1"},"canonical":"https:\/\/www.hotelrotondo.com\/it\/le-condizioni-commerciali\/","og_locale":"it_IT","og_type":"article","og_title":"Le condizioni commerciali - Hotel Rotondo","og_description":"Le condizioni commerciali Il testo delle condizioni della strutturaVi ringraziamo per prenotazione e siete chiamati di rivolgersi alle seguenti condizioni commerciali\u05c3\u2022 La carta di credito valida \u00e8 obbligatoria come la garanzia della Sua prenotazione.\u2022 I prezzi includono la tassa e i costi di prenotazione.\u2022 Check in \u00e8 possibile dopo le 14:00h\u05c3\u00a0 alla giornata d\u02cbarrivo.\u2022 Check [&hellip;]","og_url":"https:\/\/www.hotelrotondo.com\/it\/le-condizioni-commerciali\/","og_site_name":"Hotel Rotondo","article_modified_time":"2023-06-10T10:33:27+00:00","twitter_card":"summary_large_image","twitter_misc":{"Tempo di lettura stimato":"2 minuti"},"schema":{"@context":"https:\/\/schema.org","@graph":[{"@type":"WebPage","@id":"https:\/\/www.hotelrotondo.com\/it\/le-condizioni-commerciali\/","url":"https:\/\/www.hotelrotondo.com\/it\/le-condizioni-commerciali\/","name":"Le condizioni commerciali - Hotel Rotondo","isPartOf":{"@id":"https:\/\/www.hotelrotondo.com\/it\/#website"},"datePublished":"2019-08-20T11:31:59+00:00","dateModified":"2023-06-10T10:33:27+00:00","breadcrumb":{"@id":"https:\/\/www.hotelrotondo.com\/it\/le-condizioni-commerciali\/#breadcrumb"},"inLanguage":"it-IT","potentialAction":[{"@type":"ReadAction","target":["https:\/\/www.hotelrotondo.com\/it\/le-condizioni-commerciali\/"]}]},{"@type":"BreadcrumbList","@id":"https:\/\/www.hotelrotondo.com\/it\/le-condizioni-commerciali\/#breadcrumb","itemListElement":[{"@type":"ListItem","position":1,"name":"Po\u010detna stranica","item":"https:\/\/www.hotelrotondo.com\/it\/"},{"@type":"ListItem","position":2,"name":"Le condizioni commerciali"}]},{"@type":"WebSite","@id":"https:\/\/www.hotelrotondo.com\/it\/#website","url":"https:\/\/www.hotelrotondo.com\/it\/","name":"Hotel Rotondo","description":"Hotel Rotondo, Seget Trogir","publisher":{"@id":"https:\/\/www.hotelrotondo.com\/it\/#organization"},"potentialAction":[{"@type":"SearchAction","target":{"@type":"EntryPoint","urlTemplate":"https:\/\/www.hotelrotondo.com\/it\/?s={search_term_string}"},"query-input":{"@type":"PropertyValueSpecification","valueRequired":true,"valueName":"search_term_string"}}],"inLanguage":"it-IT"},{"@type":"Organization","@id":"https:\/\/www.hotelrotondo.com\/it\/#organization","name":"Hotel Rotondo","url":"https:\/\/www.hotelrotondo.com\/it\/","logo":{"@type":"ImageObject","inLanguage":"it-IT","@id":"https:\/\/www.hotelrotondo.com\/it\/#\/schema\/logo\/image\/","url":"https:\/\/www.hotelrotondo.com\/wp-content\/uploads\/2019\/07\/logo-hotel.rotondo.png","contentUrl":"https:\/\/www.hotelrotondo.com\/wp-content\/uploads\/2019\/07\/logo-hotel.rotondo.png","width":480,"height":84,"caption":"Hotel Rotondo"},"image":{"@id":"https:\/\/www.hotelrotondo.com\/it\/#\/schema\/logo\/image\/"}}]}},"_links":{"self":[{"href":"https:\/\/www.hotelrotondo.com\/it\/wp-json\/wp\/v2\/pages\/1726","targetHints":{"allow":["GET"]}}],"collection":[{"href":"https:\/\/www.hotelrotondo.com\/it\/wp-json\/wp\/v2\/pages"}],"about":[{"href":"https:\/\/www.hotelrotondo.com\/it\/wp-json\/wp\/v2\/types\/page"}],"author":[{"embeddable":true,"href":"https:\/\/www.hotelrotondo.com\/it\/wp-json\/wp\/v2\/users\/1"}],"replies":[{"embeddable":true,"href":"https:\/\/www.hotelrotondo.com\/it\/wp-json\/wp\/v2\/comments?post=1726"}],"version-history":[{"count":3,"href":"https:\/\/www.hotelrotondo.com\/it\/wp-json\/wp\/v2\/pages\/1726\/revisions"}],"predecessor-version":[{"id":3009,"href":"https:\/\/www.hotelrotondo.com\/it\/wp-json\/wp\/v2\/pages\/1726\/revisions\/3009"}],"wp:attachment":[{"href":"https:\/\/www.hotelrotondo.com\/it\/wp-json\/wp\/v2\/media?parent=1726"}],"curies":[{"name":"wp","href":"https:\/\/api.w.org\/{rel}","templated":true}]}}